{"id":16019,"date":"2022-04-25T22:31:23","date_gmt":"2022-04-25T22:31:23","guid":{"rendered":"https:\/\/atypique.brunotarhan.fr\/index.php\/produit\/fantastique-maitre-renardroald-dahlquentin-blake-illustrateurgallimard-jeunesse\/"},"modified":"2022-04-25T22:31:23","modified_gmt":"2022-04-25T22:31:23","slug":"fantastique-maitre-renardroald-dahlquentin-blake-illustrateurgallimard-jeunesse","status":"publish","type":"product","link":"https:\/\/atypique.brunotarhan.fr\/index.php\/produit\/fantastique-maitre-renardroald-dahlquentin-blake-illustrateurgallimard-jeunesse\/","title":{"rendered":"Fantastique Ma\u00eetre Renard\nRoald Dahl\nQuentin Blake (Illustrateur)\nGallimard jeunesse"},"content":{"rendered":"<p>Dans la vall\u00e9e vivent trois riches fermiers, \u00e9leveurs de succulentes volailles. Boggis, Bunce, Bean, le gros, le petit, le maigre, laids comme des poux, sont mesquins, avares et m\u00e9chants et chacun dans le voisinage les craint &#8211; tout particuli\u00e8rement les enfants et les animaux. Or, au-dessus de la vall\u00e9e, dans le bois, une famille de renards a \u00e9tabli son terrier. Ma\u00eetre Renard, Dame Renard et leurs quatre renardeaux affam\u00e9s et malins ont trouv\u00e9 un astucieux moyen de se ravitailler : Ma\u00eetre Renard va tranquillement se servir dans les poulaillers des trois comp\u00e8res.<br \/>\nDindes dodues et tendres poulets figurent ainsi tous les soirs au menu. Mais les trois grigous m\u00e9ditent une terrible vengeance&#8230; F\u00e9roce, savoureux et dr\u00f4le : du meilleur Roald Dahl !<\/p>\n","protected":false},"excerpt":{"rendered":"<p>Dans la vall\u00e9e vivent trois riches fermiers, \u00e9leveurs de succulentes volailles. Boggis, Bunce, Bean, le gros, le petit, le maigre, laids comme des poux,\u2026<\/p>\n","protected":false},"featured_media":15765,"comment_status":"open","ping_status":"closed","template":"","meta":[],"product_cat":[93,220],"product_tag":[300,303,302,304,268,301],"class_list":["post-16019","product","type-product","status-publish","has-post-thumbnail","hentry","product_cat-librairie","product_cat-livres-enfants","product_tag-fantastique-maitre-renard","product_tag-folio-cadet","product_tag-gallimard-jeunesse","product_tag-livre-ado","product_tag-livre-enfants","product_tag-roald-dahl"],"yoast_head":"<!-- This site is optimized with the Yoast SEO plugin v18.0 - https:\/\/yoast.com\/wordpress\/plugins\/seo\/ -->\n<title>Fantastique Ma\u00eetre Renard Roald Dahl Quentin Blake (Illustrateur) Gallimard jeunesse - Atypique Concept Store<\/title>\n<meta name=\"robots\" content=\"index, follow, max-snippet:-1, max-image-preview:large, max-video-preview:-1\" \/>\n<link rel=\"canonical\" href=\"https:\/\/atypique.brunotarhan.fr\/index.php\/produit\/fantastique-maitre-renardroald-dahlquentin-blake-illustrateurgallimard-jeunesse\/\" \/>\n<meta property=\"og:locale\" content=\"fr_FR\" \/>\n<meta property=\"og:type\" content=\"article\" \/>\n<meta property=\"og:title\" content=\"Fantastique Ma\u00eetre Renard Roald Dahl Quentin Blake (Illustrateur) Gallimard jeunesse - Atypique Concept Store\" \/>\n<meta property=\"og:description\" content=\"Dans la vall\u00e9e vivent trois riches fermiers, \u00e9leveurs de succulentes volailles. Boggis, Bunce, Bean, le gros, le petit, le maigre, laids comme des poux,\u2026\" \/>\n<meta property=\"og:url\" content=\"https:\/\/atypique.brunotarhan.fr\/index.php\/produit\/fantastique-maitre-renardroald-dahlquentin-blake-illustrateurgallimard-jeunesse\/\" \/>\n<meta property=\"og:site_name\" content=\"Atypique Concept Store\" \/>\n<meta name=\"twitter:card\" content=\"summary_large_image\" \/>\n<meta name=\"twitter:label1\" content=\"Dur\u00e9e de lecture estim\u00e9e\" \/>\n\t<meta name=\"twitter:data1\" content=\"1 minute\" \/>\n<script type=\"application\/ld+json\" class=\"yoast-schema-graph\">{\"@context\":\"https:\/\/schema.org\",\"@graph\":[{\"@type\":\"WebSite\",\"@id\":\"https:\/\/atypique.brunotarhan.fr\/#website\",\"url\":\"https:\/\/atypique.brunotarhan.fr\/\",\"name\":\"Atypique Concept Store\",\"description\":\"Just another WordPress site\",\"potentialAction\":[{\"@type\":\"SearchAction\",\"target\":{\"@type\":\"EntryPoint\",\"urlTemplate\":\"https:\/\/atypique.brunotarhan.fr\/?s={search_term_string}\"},\"query-input\":\"required name=search_term_string\"}],\"inLanguage\":\"fr-FR\"},{\"@type\":\"ImageObject\",\"@id\":\"https:\/\/atypique.brunotarhan.fr\/index.php\/produit\/fantastique-maitre-renardroald-dahlquentin-blake-illustrateurgallimard-jeunesse\/#primaryimage\",\"inLanguage\":\"fr-FR\",\"url\":\"https:\/\/atypique.brunotarhan.fr\/wp-content\/uploads\/2022\/04\/fantastique-maitre-renard.webp\",\"contentUrl\":\"https:\/\/atypique.brunotarhan.fr\/wp-content\/uploads\/2022\/04\/fantastique-maitre-renard.webp\",\"width\":335,\"height\":500},{\"@type\":\"WebPage\",\"@id\":\"https:\/\/atypique.brunotarhan.fr\/index.php\/produit\/fantastique-maitre-renardroald-dahlquentin-blake-illustrateurgallimard-jeunesse\/#webpage\",\"url\":\"https:\/\/atypique.brunotarhan.fr\/index.php\/produit\/fantastique-maitre-renardroald-dahlquentin-blake-illustrateurgallimard-jeunesse\/\",\"name\":\"Fantastique Ma\u00eetre Renard Roald Dahl Quentin Blake (Illustrateur) Gallimard jeunesse - Atypique Concept Store\",\"isPartOf\":{\"@id\":\"https:\/\/atypique.brunotarhan.fr\/#website\"},\"primaryImageOfPage\":{\"@id\":\"https:\/\/atypique.brunotarhan.fr\/index.php\/produit\/fantastique-maitre-renardroald-dahlquentin-blake-illustrateurgallimard-jeunesse\/#primaryimage\"},\"datePublished\":\"2022-04-25T22:31:23+00:00\",\"dateModified\":\"2022-04-25T22:31:23+00:00\",\"breadcrumb\":{\"@id\":\"https:\/\/atypique.brunotarhan.fr\/index.php\/produit\/fantastique-maitre-renardroald-dahlquentin-blake-illustrateurgallimard-jeunesse\/#breadcrumb\"},\"inLanguage\":\"fr-FR\",\"potentialAction\":[{\"@type\":\"ReadAction\",\"target\":[\"https:\/\/atypique.brunotarhan.fr\/index.php\/produit\/fantastique-maitre-renardroald-dahlquentin-blake-illustrateurgallimard-jeunesse\/\"]}]},{\"@type\":\"BreadcrumbList\",\"@id\":\"https:\/\/atypique.brunotarhan.fr\/index.php\/produit\/fantastique-maitre-renardroald-dahlquentin-blake-illustrateurgallimard-jeunesse\/#breadcrumb\",\"itemListElement\":[{\"@type\":\"ListItem\",\"position\":1,\"name\":\"Accueil\",\"item\":\"https:\/\/atypique.brunotarhan.fr\/\"},{\"@type\":\"ListItem\",\"position\":2,\"name\":\"\"},{\"@type\":\"ListItem\",\"position\":3,\"name\":\"Fantastique Ma\u00eetre Renard Roald Dahl Quentin Blake (Illustrateur) Gallimard jeunesse\"}]}]}<\/script>\n<!-- \/ Yoast SEO plugin. -->","yoast_head_json":{"title":"Fantastique Ma\u00eetre Renard Roald Dahl Quentin Blake (Illustrateur) Gallimard jeunesse - Atypique Concept Store","robots":{"index":"index","follow":"follow","max-snippet":"max-snippet:-1","max-image-preview":"max-image-preview:large","max-video-preview":"max-video-preview:-1"},"canonical":"https:\/\/atypique.brunotarhan.fr\/index.php\/produit\/fantastique-maitre-renardroald-dahlquentin-blake-illustrateurgallimard-jeunesse\/","og_locale":"fr_FR","og_type":"article","og_title":"Fantastique Ma\u00eetre Renard Roald Dahl Quentin Blake (Illustrateur) Gallimard jeunesse - Atypique Concept Store","og_description":"Dans la vall\u00e9e vivent trois riches fermiers, \u00e9leveurs de succulentes volailles. Boggis, Bunce, Bean, le gros, le petit, le maigre, laids comme des poux,\u2026","og_url":"https:\/\/atypique.brunotarhan.fr\/index.php\/produit\/fantastique-maitre-renardroald-dahlquentin-blake-illustrateurgallimard-jeunesse\/","og_site_name":"Atypique Concept Store","twitter_card":"summary_large_image","twitter_misc":{"Dur\u00e9e de lecture estim\u00e9e":"1 minute"},"schema":{"@context":"https:\/\/schema.org","@graph":[{"@type":"WebSite","@id":"https:\/\/atypique.brunotarhan.fr\/#website","url":"https:\/\/atypique.brunotarhan.fr\/","name":"Atypique Concept Store","description":"Just another WordPress site","potentialAction":[{"@type":"SearchAction","target":{"@type":"EntryPoint","urlTemplate":"https:\/\/atypique.brunotarhan.fr\/?s={search_term_string}"},"query-input":"required name=search_term_string"}],"inLanguage":"fr-FR"},{"@type":"ImageObject","@id":"https:\/\/atypique.brunotarhan.fr\/index.php\/produit\/fantastique-maitre-renardroald-dahlquentin-blake-illustrateurgallimard-jeunesse\/#primaryimage","inLanguage":"fr-FR","url":"https:\/\/atypique.brunotarhan.fr\/wp-content\/uploads\/2022\/04\/fantastique-maitre-renard.webp","contentUrl":"https:\/\/atypique.brunotarhan.fr\/wp-content\/uploads\/2022\/04\/fantastique-maitre-renard.webp","width":335,"height":500},{"@type":"WebPage","@id":"https:\/\/atypique.brunotarhan.fr\/index.php\/produit\/fantastique-maitre-renardroald-dahlquentin-blake-illustrateurgallimard-jeunesse\/#webpage","url":"https:\/\/atypique.brunotarhan.fr\/index.php\/produit\/fantastique-maitre-renardroald-dahlquentin-blake-illustrateurgallimard-jeunesse\/","name":"Fantastique Ma\u00eetre Renard Roald Dahl Quentin Blake (Illustrateur) Gallimard jeunesse - Atypique Concept Store","isPartOf":{"@id":"https:\/\/atypique.brunotarhan.fr\/#website"},"primaryImageOfPage":{"@id":"https:\/\/atypique.brunotarhan.fr\/index.php\/produit\/fantastique-maitre-renardroald-dahlquentin-blake-illustrateurgallimard-jeunesse\/#primaryimage"},"datePublished":"2022-04-25T22:31:23+00:00","dateModified":"2022-04-25T22:31:23+00:00","breadcrumb":{"@id":"https:\/\/atypique.brunotarhan.fr\/index.php\/produit\/fantastique-maitre-renardroald-dahlquentin-blake-illustrateurgallimard-jeunesse\/#breadcrumb"},"inLanguage":"fr-FR","potentialAction":[{"@type":"ReadAction","target":["https:\/\/atypique.brunotarhan.fr\/index.php\/produit\/fantastique-maitre-renardroald-dahlquentin-blake-illustrateurgallimard-jeunesse\/"]}]},{"@type":"BreadcrumbList","@id":"https:\/\/atypique.brunotarhan.fr\/index.php\/produit\/fantastique-maitre-renardroald-dahlquentin-blake-illustrateurgallimard-jeunesse\/#breadcrumb","itemListElement":[{"@type":"ListItem","position":1,"name":"Accueil","item":"https:\/\/atypique.brunotarhan.fr\/"},{"@type":"ListItem","position":2,"name":""},{"@type":"ListItem","position":3,"name":"Fantastique Ma\u00eetre Renard Roald Dahl Quentin Blake (Illustrateur) Gallimard jeunesse"}]}]}},"_links":{"self":[{"href":"https:\/\/atypique.brunotarhan.fr\/index.php\/wp-json\/wp\/v2\/product\/16019","targetHints":{"allow":["GET"]}}],"collection":[{"href":"https:\/\/atypique.brunotarhan.fr\/index.php\/wp-json\/wp\/v2\/product"}],"about":[{"href":"https:\/\/atypique.brunotarhan.fr\/index.php\/wp-json\/wp\/v2\/types\/product"}],"replies":[{"embeddable":true,"href":"https:\/\/atypique.brunotarhan.fr\/index.php\/wp-json\/wp\/v2\/comments?post=16019"}],"wp:featuredmedia":[{"embeddable":true,"href":"https:\/\/atypique.brunotarhan.fr\/index.php\/wp-json\/wp\/v2\/media\/15765"}],"wp:attachment":[{"href":"https:\/\/atypique.brunotarhan.fr\/index.php\/wp-json\/wp\/v2\/media?parent=16019"}],"wp:term":[{"taxonomy":"product_cat","embeddable":true,"href":"https:\/\/atypique.brunotarhan.fr\/index.php\/wp-json\/wp\/v2\/product_cat?post=16019"},{"taxonomy":"product_tag","embeddable":true,"href":"https:\/\/atypique.brunotarhan.fr\/index.php\/wp-json\/wp\/v2\/product_tag?post=16019"}],"curies":[{"name":"wp","href":"https:\/\/api.w.org\/{rel}","templated":true}]}}