{"id":16018,"date":"2022-04-25T22:31:23","date_gmt":"2022-04-25T22:31:23","guid":{"rendered":"https:\/\/atypique.brunotarhan.fr\/index.php\/produit\/fait-maison-n-545-recettes-du-quotidien-rapides-faciles-special-patisseriecyril-lignaceditions-de-la-martiniere\/"},"modified":"2022-04-25T22:31:23","modified_gmt":"2022-04-25T22:31:23","slug":"fait-maison-n-545-recettes-du-quotidien-rapides-faciles-special-patisseriecyril-lignaceditions-de-la-martiniere","status":"publish","type":"product","link":"https:\/\/atypique.brunotarhan.fr\/index.php\/produit\/fait-maison-n-545-recettes-du-quotidien-rapides-faciles-special-patisseriecyril-lignaceditions-de-la-martiniere\/","title":{"rendered":"Fait maison N\u00b0 5\n45 recettes du quotidien rapides &#038; faciles &#8211; Sp\u00e9cial p\u00e2tisserie\nCyril Lignac\nEditions de La Martini\u00e8re"},"content":{"rendered":"<p>Cyril Lignac cuisine 45 recettes sucr\u00e9es pour mettre encore et toujours un peu de peps dans ton quotidien. Un sp\u00e9cial p\u00e2tisserie ! Des pancakes au chocolat, banane et chantilly, un financier \u00e0 la pistache, une \u00eele flottante \u00e0 partager, ou encore une brioche au sucre, un crumble aux pommes et aux poires&#8230; Tu vas te r\u00e9galer en toute simplicit\u00e9 ! Pour \u00e9gayer tes petits d\u00e9jeuners, go\u00fbters, d\u00e9jeuners et d\u00eeners, des recettes faciles et rapides \u00e0 d\u00e9guster en solo, \u00e0 deux, en famille ou entre amis.<br \/>\nAvec Cyril, le fait-maison, c&#8217;est facile ! Mets ton tablier et laisse-toi guider par ses pr\u00e9cieux conseils et ses recettes ultra-r\u00e9confortantes.<\/p>\n","protected":false},"excerpt":{"rendered":"<p>Cyril Lignac cuisine 45 recettes sucr\u00e9es pour mettre encore et toujours un peu de peps dans ton quotidien. Un sp\u00e9cial p\u00e2tisserie ! Des pancakes au\u2026<\/p>\n","protected":false},"featured_media":15764,"comment_status":"open","ping_status":"closed","template":"","meta":[],"product_cat":[93,294],"product_tag":[298,296,295,297,299],"class_list":["post-16018","product","type-product","status-publish","has-post-thumbnail","hentry","product_cat-librairie","product_cat-vie-pratique","product_tag-cuisine","product_tag-cyril-lignac","product_tag-fait-maison","product_tag-la-martiniere","product_tag-patisseries"],"yoast_head":"<!-- This site is optimized with the Yoast SEO plugin v18.0 - https:\/\/yoast.com\/wordpress\/plugins\/seo\/ -->\n<title>Fait maison N\u00b0 5 45 recettes du quotidien rapides &amp; faciles - Sp\u00e9cial p\u00e2tisserie Cyril Lignac Editions de La Martini\u00e8re - Atypique Concept Store<\/title>\n<meta name=\"robots\" content=\"index, follow, max-snippet:-1, max-image-preview:large, max-video-preview:-1\" \/>\n<link rel=\"canonical\" href=\"https:\/\/atypique.brunotarhan.fr\/index.php\/produit\/fait-maison-n-545-recettes-du-quotidien-rapides-faciles-special-patisseriecyril-lignaceditions-de-la-martiniere\/\" \/>\n<meta property=\"og:locale\" content=\"fr_FR\" \/>\n<meta property=\"og:type\" content=\"article\" \/>\n<meta property=\"og:title\" content=\"Fait maison N\u00b0 5 45 recettes du quotidien rapides &amp; faciles - Sp\u00e9cial p\u00e2tisserie Cyril Lignac Editions de La Martini\u00e8re - Atypique Concept Store\" \/>\n<meta property=\"og:description\" content=\"Cyril Lignac cuisine 45 recettes sucr\u00e9es pour mettre encore et toujours un peu de peps dans ton quotidien. Un sp\u00e9cial p\u00e2tisserie ! Des pancakes au\u2026\" \/>\n<meta property=\"og:url\" content=\"https:\/\/atypique.brunotarhan.fr\/index.php\/produit\/fait-maison-n-545-recettes-du-quotidien-rapides-faciles-special-patisseriecyril-lignaceditions-de-la-martiniere\/\" \/>\n<meta property=\"og:site_name\" content=\"Atypique Concept Store\" \/>\n<meta name=\"twitter:card\" content=\"summary_large_image\" \/>\n<meta name=\"twitter:label1\" content=\"Dur\u00e9e de lecture estim\u00e9e\" \/>\n\t<meta name=\"twitter:data1\" content=\"1 minute\" \/>\n<script type=\"application\/ld+json\" class=\"yoast-schema-graph\">{\"@context\":\"https:\/\/schema.org\",\"@graph\":[{\"@type\":\"WebSite\",\"@id\":\"https:\/\/atypique.brunotarhan.fr\/#website\",\"url\":\"https:\/\/atypique.brunotarhan.fr\/\",\"name\":\"Atypique Concept Store\",\"description\":\"Just another WordPress site\",\"potentialAction\":[{\"@type\":\"SearchAction\",\"target\":{\"@type\":\"EntryPoint\",\"urlTemplate\":\"https:\/\/atypique.brunotarhan.fr\/?s={search_term_string}\"},\"query-input\":\"required name=search_term_string\"}],\"inLanguage\":\"fr-FR\"},{\"@type\":\"ImageObject\",\"@id\":\"https:\/\/atypique.brunotarhan.fr\/index.php\/produit\/fait-maison-n-545-recettes-du-quotidien-rapides-faciles-special-patisseriecyril-lignaceditions-de-la-martiniere\/#primaryimage\",\"inLanguage\":\"fr-FR\",\"url\":\"https:\/\/atypique.brunotarhan.fr\/wp-content\/uploads\/2022\/04\/Fait-maison-n-5.webp\",\"contentUrl\":\"https:\/\/atypique.brunotarhan.fr\/wp-content\/uploads\/2022\/04\/Fait-maison-n-5.webp\",\"width\":357,\"height\":500},{\"@type\":\"WebPage\",\"@id\":\"https:\/\/atypique.brunotarhan.fr\/index.php\/produit\/fait-maison-n-545-recettes-du-quotidien-rapides-faciles-special-patisseriecyril-lignaceditions-de-la-martiniere\/#webpage\",\"url\":\"https:\/\/atypique.brunotarhan.fr\/index.php\/produit\/fait-maison-n-545-recettes-du-quotidien-rapides-faciles-special-patisseriecyril-lignaceditions-de-la-martiniere\/\",\"name\":\"Fait maison N\u00b0 5 45 recettes du quotidien rapides & faciles - Sp\u00e9cial p\u00e2tisserie Cyril Lignac Editions de La Martini\u00e8re - Atypique Concept Store\",\"isPartOf\":{\"@id\":\"https:\/\/atypique.brunotarhan.fr\/#website\"},\"primaryImageOfPage\":{\"@id\":\"https:\/\/atypique.brunotarhan.fr\/index.php\/produit\/fait-maison-n-545-recettes-du-quotidien-rapides-faciles-special-patisseriecyril-lignaceditions-de-la-martiniere\/#primaryimage\"},\"datePublished\":\"2022-04-25T22:31:23+00:00\",\"dateModified\":\"2022-04-25T22:31:23+00:00\",\"breadcrumb\":{\"@id\":\"https:\/\/atypique.brunotarhan.fr\/index.php\/produit\/fait-maison-n-545-recettes-du-quotidien-rapides-faciles-special-patisseriecyril-lignaceditions-de-la-martiniere\/#breadcrumb\"},\"inLanguage\":\"fr-FR\",\"potentialAction\":[{\"@type\":\"ReadAction\",\"target\":[\"https:\/\/atypique.brunotarhan.fr\/index.php\/produit\/fait-maison-n-545-recettes-du-quotidien-rapides-faciles-special-patisseriecyril-lignaceditions-de-la-martiniere\/\"]}]},{\"@type\":\"BreadcrumbList\",\"@id\":\"https:\/\/atypique.brunotarhan.fr\/index.php\/produit\/fait-maison-n-545-recettes-du-quotidien-rapides-faciles-special-patisseriecyril-lignaceditions-de-la-martiniere\/#breadcrumb\",\"itemListElement\":[{\"@type\":\"ListItem\",\"position\":1,\"name\":\"Accueil\",\"item\":\"https:\/\/atypique.brunotarhan.fr\/\"},{\"@type\":\"ListItem\",\"position\":2,\"name\":\"\"},{\"@type\":\"ListItem\",\"position\":3,\"name\":\"Fait maison N\u00b0 5 45 recettes du quotidien rapides &#038; faciles &#8211; Sp\u00e9cial p\u00e2tisserie Cyril Lignac Editions de La Martini\u00e8re\"}]}]}<\/script>\n<!-- \/ Yoast SEO plugin. -->","yoast_head_json":{"title":"Fait maison N\u00b0 5 45 recettes du quotidien rapides & faciles - Sp\u00e9cial p\u00e2tisserie Cyril Lignac Editions de La Martini\u00e8re - Atypique Concept Store","robots":{"index":"index","follow":"follow","max-snippet":"max-snippet:-1","max-image-preview":"max-image-preview:large","max-video-preview":"max-video-preview:-1"},"canonical":"https:\/\/atypique.brunotarhan.fr\/index.php\/produit\/fait-maison-n-545-recettes-du-quotidien-rapides-faciles-special-patisseriecyril-lignaceditions-de-la-martiniere\/","og_locale":"fr_FR","og_type":"article","og_title":"Fait maison N\u00b0 5 45 recettes du quotidien rapides & faciles - Sp\u00e9cial p\u00e2tisserie Cyril Lignac Editions de La Martini\u00e8re - Atypique Concept Store","og_description":"Cyril Lignac cuisine 45 recettes sucr\u00e9es pour mettre encore et toujours un peu de peps dans ton quotidien. Un sp\u00e9cial p\u00e2tisserie ! Des pancakes au\u2026","og_url":"https:\/\/atypique.brunotarhan.fr\/index.php\/produit\/fait-maison-n-545-recettes-du-quotidien-rapides-faciles-special-patisseriecyril-lignaceditions-de-la-martiniere\/","og_site_name":"Atypique Concept Store","twitter_card":"summary_large_image","twitter_misc":{"Dur\u00e9e de lecture estim\u00e9e":"1 minute"},"schema":{"@context":"https:\/\/schema.org","@graph":[{"@type":"WebSite","@id":"https:\/\/atypique.brunotarhan.fr\/#website","url":"https:\/\/atypique.brunotarhan.fr\/","name":"Atypique Concept Store","description":"Just another WordPress site","potentialAction":[{"@type":"SearchAction","target":{"@type":"EntryPoint","urlTemplate":"https:\/\/atypique.brunotarhan.fr\/?s={search_term_string}"},"query-input":"required name=search_term_string"}],"inLanguage":"fr-FR"},{"@type":"ImageObject","@id":"https:\/\/atypique.brunotarhan.fr\/index.php\/produit\/fait-maison-n-545-recettes-du-quotidien-rapides-faciles-special-patisseriecyril-lignaceditions-de-la-martiniere\/#primaryimage","inLanguage":"fr-FR","url":"https:\/\/atypique.brunotarhan.fr\/wp-content\/uploads\/2022\/04\/Fait-maison-n-5.webp","contentUrl":"https:\/\/atypique.brunotarhan.fr\/wp-content\/uploads\/2022\/04\/Fait-maison-n-5.webp","width":357,"height":500},{"@type":"WebPage","@id":"https:\/\/atypique.brunotarhan.fr\/index.php\/produit\/fait-maison-n-545-recettes-du-quotidien-rapides-faciles-special-patisseriecyril-lignaceditions-de-la-martiniere\/#webpage","url":"https:\/\/atypique.brunotarhan.fr\/index.php\/produit\/fait-maison-n-545-recettes-du-quotidien-rapides-faciles-special-patisseriecyril-lignaceditions-de-la-martiniere\/","name":"Fait maison N\u00b0 5 45 recettes du quotidien rapides & faciles - Sp\u00e9cial p\u00e2tisserie Cyril Lignac Editions de La Martini\u00e8re - Atypique Concept Store","isPartOf":{"@id":"https:\/\/atypique.brunotarhan.fr\/#website"},"primaryImageOfPage":{"@id":"https:\/\/atypique.brunotarhan.fr\/index.php\/produit\/fait-maison-n-545-recettes-du-quotidien-rapides-faciles-special-patisseriecyril-lignaceditions-de-la-martiniere\/#primaryimage"},"datePublished":"2022-04-25T22:31:23+00:00","dateModified":"2022-04-25T22:31:23+00:00","breadcrumb":{"@id":"https:\/\/atypique.brunotarhan.fr\/index.php\/produit\/fait-maison-n-545-recettes-du-quotidien-rapides-faciles-special-patisseriecyril-lignaceditions-de-la-martiniere\/#breadcrumb"},"inLanguage":"fr-FR","potentialAction":[{"@type":"ReadAction","target":["https:\/\/atypique.brunotarhan.fr\/index.php\/produit\/fait-maison-n-545-recettes-du-quotidien-rapides-faciles-special-patisseriecyril-lignaceditions-de-la-martiniere\/"]}]},{"@type":"BreadcrumbList","@id":"https:\/\/atypique.brunotarhan.fr\/index.php\/produit\/fait-maison-n-545-recettes-du-quotidien-rapides-faciles-special-patisseriecyril-lignaceditions-de-la-martiniere\/#breadcrumb","itemListElement":[{"@type":"ListItem","position":1,"name":"Accueil","item":"https:\/\/atypique.brunotarhan.fr\/"},{"@type":"ListItem","position":2,"name":""},{"@type":"ListItem","position":3,"name":"Fait maison N\u00b0 5 45 recettes du quotidien rapides &#038; faciles &#8211; Sp\u00e9cial p\u00e2tisserie Cyril Lignac Editions de La Martini\u00e8re"}]}]}},"_links":{"self":[{"href":"https:\/\/atypique.brunotarhan.fr\/index.php\/wp-json\/wp\/v2\/product\/16018","targetHints":{"allow":["GET"]}}],"collection":[{"href":"https:\/\/atypique.brunotarhan.fr\/index.php\/wp-json\/wp\/v2\/product"}],"about":[{"href":"https:\/\/atypique.brunotarhan.fr\/index.php\/wp-json\/wp\/v2\/types\/product"}],"replies":[{"embeddable":true,"href":"https:\/\/atypique.brunotarhan.fr\/index.php\/wp-json\/wp\/v2\/comments?post=16018"}],"wp:featuredmedia":[{"embeddable":true,"href":"https:\/\/atypique.brunotarhan.fr\/index.php\/wp-json\/wp\/v2\/media\/15764"}],"wp:attachment":[{"href":"https:\/\/atypique.brunotarhan.fr\/index.php\/wp-json\/wp\/v2\/media?parent=16018"}],"wp:term":[{"taxonomy":"product_cat","embeddable":true,"href":"https:\/\/atypique.brunotarhan.fr\/index.php\/wp-json\/wp\/v2\/product_cat?post=16018"},{"taxonomy":"product_tag","embeddable":true,"href":"https:\/\/atypique.brunotarhan.fr\/index.php\/wp-json\/wp\/v2\/product_tag?post=16018"}],"curies":[{"name":"wp","href":"https:\/\/api.w.org\/{rel}","templated":true}]}}