{"id":16014,"date":"2022-04-25T22:31:22","date_gmt":"2022-04-25T22:31:22","guid":{"rendered":"https:\/\/atypique.brunotarhan.fr\/index.php\/produit\/et-puis-soudain-tome-2lutterlaura-s-wildhugo-poche\/"},"modified":"2022-04-25T22:31:22","modified_gmt":"2022-04-25T22:31:22","slug":"et-puis-soudain-tome-2lutterlaura-s-wildhugo-poche","status":"publish","type":"product","link":"https:\/\/atypique.brunotarhan.fr\/index.php\/produit\/et-puis-soudain-tome-2lutterlaura-s-wildhugo-poche\/","title":{"rendered":"Et puis soudain Tome 2\nLutter\nLaura S. Wild\nHugo poche"},"content":{"rendered":"<p>Avec Robin, Lia pensait avoir trouv\u00e9 l&#8217;amour. Elle lui avait accord\u00e9 sa confiance, elle avait partag\u00e9 avec lui ses secrets les plus profonds, prenant le risque de mettre en danger ses meilleurs amis, Matt et Chris. Mais elle a d\u00e9couvert que Robin n&#8217;\u00e9tait pas l&#8217;homme qu&#8217;il pr\u00e9tendait&#8230; et cette choquante r\u00e9v\u00e9lation a fait voler leur couple en \u00e9clats, laissant Lia plus d\u00e9munie que jamais. ET PUIS SOUDAIN, ELLE DOIT LUTTER&#8230;<br \/>\nPour enfouir les sentiments qui lui restent. Pour retrouver sa confiance en elle-m\u00eame durement mise \u00e0 mal. Pour tenir \u00e0 distance Robin, qui semble bien d\u00e9cid\u00e9 \u00e0 la reconqu\u00e9rir. Elle peut pour cela compter sur ses meilleurs amis, devenus encore plus protecteurs \u00e0 son \u00e9gard, et sur sa fid\u00e8le assistante et amie Maria. Mais Lia devrait savoir que la vie r\u00e9serve toujours des surprises. Alors que le groupe d&#8217;amis tente de se relever apr\u00e8s la trahison de Robin, le destin pourrait bien venir bouleverser leurs existences \u00e0 tout jamais&#8230;<\/p>\n","protected":false},"excerpt":{"rendered":"<p>Avec Robin, Lia pensait avoir trouv\u00e9 l&#8217;amour. Elle lui avait accord\u00e9 sa confiance, elle avait partag\u00e9 avec lui ses secrets les plus profonds, prenant\u2026<\/p>\n","protected":false},"featured_media":15760,"comment_status":"open","ping_status":"closed","template":"","meta":[],"product_cat":[93,186],"product_tag":[286,193,288,287,189],"class_list":["post-16014","product","type-product","status-publish","has-post-thumbnail","hentry","product_cat-librairie","product_cat-romans","product_tag-et-puis-soudain","product_tag-hugo-poche","product_tag-laura-s-wild","product_tag-lutter","product_tag-roman"],"yoast_head":"<!-- This site is optimized with the Yoast SEO plugin v18.0 - https:\/\/yoast.com\/wordpress\/plugins\/seo\/ -->\n<title>Et puis soudain Tome 2 Lutter Laura S. Wild Hugo poche - Atypique Concept Store<\/title>\n<meta name=\"robots\" content=\"index, follow, max-snippet:-1, max-image-preview:large, max-video-preview:-1\" \/>\n<link rel=\"canonical\" href=\"https:\/\/atypique.brunotarhan.fr\/index.php\/produit\/et-puis-soudain-tome-2lutterlaura-s-wildhugo-poche\/\" \/>\n<meta property=\"og:locale\" content=\"fr_FR\" \/>\n<meta property=\"og:type\" content=\"article\" \/>\n<meta property=\"og:title\" content=\"Et puis soudain Tome 2 Lutter Laura S. Wild Hugo poche - Atypique Concept Store\" \/>\n<meta property=\"og:description\" content=\"Avec Robin, Lia pensait avoir trouv\u00e9 l&#039;amour. Elle lui avait accord\u00e9 sa confiance, elle avait partag\u00e9 avec lui ses secrets les plus profonds, prenant\u2026\" \/>\n<meta property=\"og:url\" content=\"https:\/\/atypique.brunotarhan.fr\/index.php\/produit\/et-puis-soudain-tome-2lutterlaura-s-wildhugo-poche\/\" \/>\n<meta property=\"og:site_name\" content=\"Atypique Concept Store\" \/>\n<meta name=\"twitter:card\" content=\"summary_large_image\" \/>\n<meta name=\"twitter:label1\" content=\"Dur\u00e9e de lecture estim\u00e9e\" \/>\n\t<meta name=\"twitter:data1\" content=\"1 minute\" \/>\n<script type=\"application\/ld+json\" class=\"yoast-schema-graph\">{\"@context\":\"https:\/\/schema.org\",\"@graph\":[{\"@type\":\"WebSite\",\"@id\":\"https:\/\/atypique.brunotarhan.fr\/#website\",\"url\":\"https:\/\/atypique.brunotarhan.fr\/\",\"name\":\"Atypique Concept Store\",\"description\":\"Just another WordPress site\",\"potentialAction\":[{\"@type\":\"SearchAction\",\"target\":{\"@type\":\"EntryPoint\",\"urlTemplate\":\"https:\/\/atypique.brunotarhan.fr\/?s={search_term_string}\"},\"query-input\":\"required name=search_term_string\"}],\"inLanguage\":\"fr-FR\"},{\"@type\":\"ImageObject\",\"@id\":\"https:\/\/atypique.brunotarhan.fr\/index.php\/produit\/et-puis-soudain-tome-2lutterlaura-s-wildhugo-poche\/#primaryimage\",\"inLanguage\":\"fr-FR\",\"url\":\"https:\/\/atypique.brunotarhan.fr\/wp-content\/uploads\/2022\/04\/et-puis-soudain-t2.webp\",\"contentUrl\":\"https:\/\/atypique.brunotarhan.fr\/wp-content\/uploads\/2022\/04\/et-puis-soudain-t2.webp\",\"width\":305,\"height\":500},{\"@type\":\"WebPage\",\"@id\":\"https:\/\/atypique.brunotarhan.fr\/index.php\/produit\/et-puis-soudain-tome-2lutterlaura-s-wildhugo-poche\/#webpage\",\"url\":\"https:\/\/atypique.brunotarhan.fr\/index.php\/produit\/et-puis-soudain-tome-2lutterlaura-s-wildhugo-poche\/\",\"name\":\"Et puis soudain Tome 2 Lutter Laura S. Wild Hugo poche - Atypique Concept Store\",\"isPartOf\":{\"@id\":\"https:\/\/atypique.brunotarhan.fr\/#website\"},\"primaryImageOfPage\":{\"@id\":\"https:\/\/atypique.brunotarhan.fr\/index.php\/produit\/et-puis-soudain-tome-2lutterlaura-s-wildhugo-poche\/#primaryimage\"},\"datePublished\":\"2022-04-25T22:31:22+00:00\",\"dateModified\":\"2022-04-25T22:31:22+00:00\",\"breadcrumb\":{\"@id\":\"https:\/\/atypique.brunotarhan.fr\/index.php\/produit\/et-puis-soudain-tome-2lutterlaura-s-wildhugo-poche\/#breadcrumb\"},\"inLanguage\":\"fr-FR\",\"potentialAction\":[{\"@type\":\"ReadAction\",\"target\":[\"https:\/\/atypique.brunotarhan.fr\/index.php\/produit\/et-puis-soudain-tome-2lutterlaura-s-wildhugo-poche\/\"]}]},{\"@type\":\"BreadcrumbList\",\"@id\":\"https:\/\/atypique.brunotarhan.fr\/index.php\/produit\/et-puis-soudain-tome-2lutterlaura-s-wildhugo-poche\/#breadcrumb\",\"itemListElement\":[{\"@type\":\"ListItem\",\"position\":1,\"name\":\"Accueil\",\"item\":\"https:\/\/atypique.brunotarhan.fr\/\"},{\"@type\":\"ListItem\",\"position\":2,\"name\":\"\"},{\"@type\":\"ListItem\",\"position\":3,\"name\":\"Et puis soudain Tome 2 Lutter Laura S. Wild Hugo poche\"}]}]}<\/script>\n<!-- \/ Yoast SEO plugin. -->","yoast_head_json":{"title":"Et puis soudain Tome 2 Lutter Laura S. Wild Hugo poche - Atypique Concept Store","robots":{"index":"index","follow":"follow","max-snippet":"max-snippet:-1","max-image-preview":"max-image-preview:large","max-video-preview":"max-video-preview:-1"},"canonical":"https:\/\/atypique.brunotarhan.fr\/index.php\/produit\/et-puis-soudain-tome-2lutterlaura-s-wildhugo-poche\/","og_locale":"fr_FR","og_type":"article","og_title":"Et puis soudain Tome 2 Lutter Laura S. Wild Hugo poche - Atypique Concept Store","og_description":"Avec Robin, Lia pensait avoir trouv\u00e9 l'amour. Elle lui avait accord\u00e9 sa confiance, elle avait partag\u00e9 avec lui ses secrets les plus profonds, prenant\u2026","og_url":"https:\/\/atypique.brunotarhan.fr\/index.php\/produit\/et-puis-soudain-tome-2lutterlaura-s-wildhugo-poche\/","og_site_name":"Atypique Concept Store","twitter_card":"summary_large_image","twitter_misc":{"Dur\u00e9e de lecture estim\u00e9e":"1 minute"},"schema":{"@context":"https:\/\/schema.org","@graph":[{"@type":"WebSite","@id":"https:\/\/atypique.brunotarhan.fr\/#website","url":"https:\/\/atypique.brunotarhan.fr\/","name":"Atypique Concept Store","description":"Just another WordPress site","potentialAction":[{"@type":"SearchAction","target":{"@type":"EntryPoint","urlTemplate":"https:\/\/atypique.brunotarhan.fr\/?s={search_term_string}"},"query-input":"required name=search_term_string"}],"inLanguage":"fr-FR"},{"@type":"ImageObject","@id":"https:\/\/atypique.brunotarhan.fr\/index.php\/produit\/et-puis-soudain-tome-2lutterlaura-s-wildhugo-poche\/#primaryimage","inLanguage":"fr-FR","url":"https:\/\/atypique.brunotarhan.fr\/wp-content\/uploads\/2022\/04\/et-puis-soudain-t2.webp","contentUrl":"https:\/\/atypique.brunotarhan.fr\/wp-content\/uploads\/2022\/04\/et-puis-soudain-t2.webp","width":305,"height":500},{"@type":"WebPage","@id":"https:\/\/atypique.brunotarhan.fr\/index.php\/produit\/et-puis-soudain-tome-2lutterlaura-s-wildhugo-poche\/#webpage","url":"https:\/\/atypique.brunotarhan.fr\/index.php\/produit\/et-puis-soudain-tome-2lutterlaura-s-wildhugo-poche\/","name":"Et puis soudain Tome 2 Lutter Laura S. Wild Hugo poche - Atypique Concept Store","isPartOf":{"@id":"https:\/\/atypique.brunotarhan.fr\/#website"},"primaryImageOfPage":{"@id":"https:\/\/atypique.brunotarhan.fr\/index.php\/produit\/et-puis-soudain-tome-2lutterlaura-s-wildhugo-poche\/#primaryimage"},"datePublished":"2022-04-25T22:31:22+00:00","dateModified":"2022-04-25T22:31:22+00:00","breadcrumb":{"@id":"https:\/\/atypique.brunotarhan.fr\/index.php\/produit\/et-puis-soudain-tome-2lutterlaura-s-wildhugo-poche\/#breadcrumb"},"inLanguage":"fr-FR","potentialAction":[{"@type":"ReadAction","target":["https:\/\/atypique.brunotarhan.fr\/index.php\/produit\/et-puis-soudain-tome-2lutterlaura-s-wildhugo-poche\/"]}]},{"@type":"BreadcrumbList","@id":"https:\/\/atypique.brunotarhan.fr\/index.php\/produit\/et-puis-soudain-tome-2lutterlaura-s-wildhugo-poche\/#breadcrumb","itemListElement":[{"@type":"ListItem","position":1,"name":"Accueil","item":"https:\/\/atypique.brunotarhan.fr\/"},{"@type":"ListItem","position":2,"name":""},{"@type":"ListItem","position":3,"name":"Et puis soudain Tome 2 Lutter Laura S. Wild Hugo poche"}]}]}},"_links":{"self":[{"href":"https:\/\/atypique.brunotarhan.fr\/index.php\/wp-json\/wp\/v2\/product\/16014","targetHints":{"allow":["GET"]}}],"collection":[{"href":"https:\/\/atypique.brunotarhan.fr\/index.php\/wp-json\/wp\/v2\/product"}],"about":[{"href":"https:\/\/atypique.brunotarhan.fr\/index.php\/wp-json\/wp\/v2\/types\/product"}],"replies":[{"embeddable":true,"href":"https:\/\/atypique.brunotarhan.fr\/index.php\/wp-json\/wp\/v2\/comments?post=16014"}],"wp:featuredmedia":[{"embeddable":true,"href":"https:\/\/atypique.brunotarhan.fr\/index.php\/wp-json\/wp\/v2\/media\/15760"}],"wp:attachment":[{"href":"https:\/\/atypique.brunotarhan.fr\/index.php\/wp-json\/wp\/v2\/media?parent=16014"}],"wp:term":[{"taxonomy":"product_cat","embeddable":true,"href":"https:\/\/atypique.brunotarhan.fr\/index.php\/wp-json\/wp\/v2\/product_cat?post=16014"},{"taxonomy":"product_tag","embeddable":true,"href":"https:\/\/atypique.brunotarhan.fr\/index.php\/wp-json\/wp\/v2\/product_tag?post=16014"}],"curies":[{"name":"wp","href":"https:\/\/api.w.org\/{rel}","templated":true}]}}