{"id":16013,"date":"2022-04-25T22:31:22","date_gmt":"2022-04-25T22:31:22","guid":{"rendered":"https:\/\/atypique.brunotarhan.fr\/index.php\/produit\/et-nous-danserons-sous-les-floconsclarisse-sabardcharleston\/"},"modified":"2022-04-25T22:31:22","modified_gmt":"2022-04-25T22:31:22","slug":"et-nous-danserons-sous-les-floconsclarisse-sabardcharleston","status":"publish","type":"product","link":"https:\/\/atypique.brunotarhan.fr\/index.php\/produit\/et-nous-danserons-sous-les-floconsclarisse-sabardcharleston\/","title":{"rendered":"Et nous danserons sous les flocons\nClarisse Sabard\nCharleston"},"content":{"rendered":"<p>Apr\u00e8s des ann\u00e9es d&#8217;absence, Valentine est de retour \u00e0 Vallenot, le village de son enfance qu&#8217;elle a quitt\u00e9 tr\u00e8s jeune pour se marier. Un mariage pour lequel elle a sacrifi\u00e9 ses propres aspirations, obnubil\u00e9e par l&#8217;id\u00e9e de construire une &#8221; vraie &#8221; famille, loin du sch\u00e9ma qu&#8217;elle a connu, de sa m\u00e8re et sa grand-m\u00e8re qui ont \u00e9lev\u00e9 leurs enfants seules. Mais c&#8217;est c\u00e9libataire que Valentine revient aujourd&#8217;hui, uniquement accompagn\u00e9e de son fils adolescent, car son ex-mari a pr\u00e9f\u00e9r\u00e9 continuer sa route avec une autre&#8230;<br \/>\nEn cette p\u00e9riode de f\u00eates, elle va croiser le chemin d&#8217;un Anglais r\u00e9cemment install\u00e9 au village, de R\u00e9mi, cog\u00e9rant du restaurant du coin&#8230; et d&#8217;une vieille photo repr\u00e9sentant un beau jeune homme marocain qui aurait v\u00e9cu \u00e0 Vallenot \u00e0 la fin des ann\u00e9es 1950, avant de dispara\u00eetre du jour au lendemain&#8230; &#8221; Plonger dans l&#8217;univers de Clarisse Sabard, c&#8217;est \u00eatre s\u00fbr d&#8217;en ressortir des \u00e9toiles plein les yeux.<\/p>\n","protected":false},"excerpt":{"rendered":"<p>Apr\u00e8s des ann\u00e9es d&#8217;absence, Valentine est de retour \u00e0 Vallenot, le village de son enfance qu&#8217;elle a quitt\u00e9 tr\u00e8s jeune pour se marier. Un mariage\u2026<\/p>\n","protected":false},"featured_media":15759,"comment_status":"open","ping_status":"closed","template":"","meta":[],"product_cat":[93,186],"product_tag":[285,284,283,189],"class_list":["post-16013","product","type-product","status-publish","has-post-thumbnail","hentry","product_cat-librairie","product_cat-romans","product_tag-charleston","product_tag-clarisse-sabard","product_tag-et-nous-danserons-sous-les-flocons","product_tag-roman"],"yoast_head":"<!-- This site is optimized with the Yoast SEO plugin v18.0 - https:\/\/yoast.com\/wordpress\/plugins\/seo\/ -->\n<title>Et nous danserons sous les flocons Clarisse Sabard Charleston - Atypique Concept Store<\/title>\n<meta name=\"robots\" content=\"index, follow, max-snippet:-1, max-image-preview:large, max-video-preview:-1\" \/>\n<link rel=\"canonical\" href=\"https:\/\/atypique.brunotarhan.fr\/index.php\/produit\/et-nous-danserons-sous-les-floconsclarisse-sabardcharleston\/\" \/>\n<meta property=\"og:locale\" content=\"fr_FR\" \/>\n<meta property=\"og:type\" content=\"article\" \/>\n<meta property=\"og:title\" content=\"Et nous danserons sous les flocons Clarisse Sabard Charleston - Atypique Concept Store\" \/>\n<meta property=\"og:description\" content=\"Apr\u00e8s des ann\u00e9es d&#039;absence, Valentine est de retour \u00e0 Vallenot, le village de son enfance qu&#039;elle a quitt\u00e9 tr\u00e8s jeune pour se marier. Un mariage\u2026\" \/>\n<meta property=\"og:url\" content=\"https:\/\/atypique.brunotarhan.fr\/index.php\/produit\/et-nous-danserons-sous-les-floconsclarisse-sabardcharleston\/\" \/>\n<meta property=\"og:site_name\" content=\"Atypique Concept Store\" \/>\n<meta name=\"twitter:card\" content=\"summary_large_image\" \/>\n<meta name=\"twitter:label1\" content=\"Dur\u00e9e de lecture estim\u00e9e\" \/>\n\t<meta name=\"twitter:data1\" content=\"1 minute\" \/>\n<script type=\"application\/ld+json\" class=\"yoast-schema-graph\">{\"@context\":\"https:\/\/schema.org\",\"@graph\":[{\"@type\":\"WebSite\",\"@id\":\"https:\/\/atypique.brunotarhan.fr\/#website\",\"url\":\"https:\/\/atypique.brunotarhan.fr\/\",\"name\":\"Atypique Concept Store\",\"description\":\"Just another WordPress site\",\"potentialAction\":[{\"@type\":\"SearchAction\",\"target\":{\"@type\":\"EntryPoint\",\"urlTemplate\":\"https:\/\/atypique.brunotarhan.fr\/?s={search_term_string}\"},\"query-input\":\"required name=search_term_string\"}],\"inLanguage\":\"fr-FR\"},{\"@type\":\"ImageObject\",\"@id\":\"https:\/\/atypique.brunotarhan.fr\/index.php\/produit\/et-nous-danserons-sous-les-floconsclarisse-sabardcharleston\/#primaryimage\",\"inLanguage\":\"fr-FR\",\"url\":\"https:\/\/atypique.brunotarhan.fr\/wp-content\/uploads\/2022\/04\/et-nous-danserons-sous-les-flocons.webp\",\"contentUrl\":\"https:\/\/atypique.brunotarhan.fr\/wp-content\/uploads\/2022\/04\/et-nous-danserons-sous-les-flocons.webp\",\"width\":309,\"height\":500},{\"@type\":\"WebPage\",\"@id\":\"https:\/\/atypique.brunotarhan.fr\/index.php\/produit\/et-nous-danserons-sous-les-floconsclarisse-sabardcharleston\/#webpage\",\"url\":\"https:\/\/atypique.brunotarhan.fr\/index.php\/produit\/et-nous-danserons-sous-les-floconsclarisse-sabardcharleston\/\",\"name\":\"Et nous danserons sous les flocons Clarisse Sabard Charleston - Atypique Concept Store\",\"isPartOf\":{\"@id\":\"https:\/\/atypique.brunotarhan.fr\/#website\"},\"primaryImageOfPage\":{\"@id\":\"https:\/\/atypique.brunotarhan.fr\/index.php\/produit\/et-nous-danserons-sous-les-floconsclarisse-sabardcharleston\/#primaryimage\"},\"datePublished\":\"2022-04-25T22:31:22+00:00\",\"dateModified\":\"2022-04-25T22:31:22+00:00\",\"breadcrumb\":{\"@id\":\"https:\/\/atypique.brunotarhan.fr\/index.php\/produit\/et-nous-danserons-sous-les-floconsclarisse-sabardcharleston\/#breadcrumb\"},\"inLanguage\":\"fr-FR\",\"potentialAction\":[{\"@type\":\"ReadAction\",\"target\":[\"https:\/\/atypique.brunotarhan.fr\/index.php\/produit\/et-nous-danserons-sous-les-floconsclarisse-sabardcharleston\/\"]}]},{\"@type\":\"BreadcrumbList\",\"@id\":\"https:\/\/atypique.brunotarhan.fr\/index.php\/produit\/et-nous-danserons-sous-les-floconsclarisse-sabardcharleston\/#breadcrumb\",\"itemListElement\":[{\"@type\":\"ListItem\",\"position\":1,\"name\":\"Accueil\",\"item\":\"https:\/\/atypique.brunotarhan.fr\/\"},{\"@type\":\"ListItem\",\"position\":2,\"name\":\"\"},{\"@type\":\"ListItem\",\"position\":3,\"name\":\"Et nous danserons sous les flocons Clarisse Sabard Charleston\"}]}]}<\/script>\n<!-- \/ Yoast SEO plugin. -->","yoast_head_json":{"title":"Et nous danserons sous les flocons Clarisse Sabard Charleston - Atypique Concept Store","robots":{"index":"index","follow":"follow","max-snippet":"max-snippet:-1","max-image-preview":"max-image-preview:large","max-video-preview":"max-video-preview:-1"},"canonical":"https:\/\/atypique.brunotarhan.fr\/index.php\/produit\/et-nous-danserons-sous-les-floconsclarisse-sabardcharleston\/","og_locale":"fr_FR","og_type":"article","og_title":"Et nous danserons sous les flocons Clarisse Sabard Charleston - Atypique Concept Store","og_description":"Apr\u00e8s des ann\u00e9es d'absence, Valentine est de retour \u00e0 Vallenot, le village de son enfance qu'elle a quitt\u00e9 tr\u00e8s jeune pour se marier. Un mariage\u2026","og_url":"https:\/\/atypique.brunotarhan.fr\/index.php\/produit\/et-nous-danserons-sous-les-floconsclarisse-sabardcharleston\/","og_site_name":"Atypique Concept Store","twitter_card":"summary_large_image","twitter_misc":{"Dur\u00e9e de lecture estim\u00e9e":"1 minute"},"schema":{"@context":"https:\/\/schema.org","@graph":[{"@type":"WebSite","@id":"https:\/\/atypique.brunotarhan.fr\/#website","url":"https:\/\/atypique.brunotarhan.fr\/","name":"Atypique Concept Store","description":"Just another WordPress site","potentialAction":[{"@type":"SearchAction","target":{"@type":"EntryPoint","urlTemplate":"https:\/\/atypique.brunotarhan.fr\/?s={search_term_string}"},"query-input":"required name=search_term_string"}],"inLanguage":"fr-FR"},{"@type":"ImageObject","@id":"https:\/\/atypique.brunotarhan.fr\/index.php\/produit\/et-nous-danserons-sous-les-floconsclarisse-sabardcharleston\/#primaryimage","inLanguage":"fr-FR","url":"https:\/\/atypique.brunotarhan.fr\/wp-content\/uploads\/2022\/04\/et-nous-danserons-sous-les-flocons.webp","contentUrl":"https:\/\/atypique.brunotarhan.fr\/wp-content\/uploads\/2022\/04\/et-nous-danserons-sous-les-flocons.webp","width":309,"height":500},{"@type":"WebPage","@id":"https:\/\/atypique.brunotarhan.fr\/index.php\/produit\/et-nous-danserons-sous-les-floconsclarisse-sabardcharleston\/#webpage","url":"https:\/\/atypique.brunotarhan.fr\/index.php\/produit\/et-nous-danserons-sous-les-floconsclarisse-sabardcharleston\/","name":"Et nous danserons sous les flocons Clarisse Sabard Charleston - Atypique Concept Store","isPartOf":{"@id":"https:\/\/atypique.brunotarhan.fr\/#website"},"primaryImageOfPage":{"@id":"https:\/\/atypique.brunotarhan.fr\/index.php\/produit\/et-nous-danserons-sous-les-floconsclarisse-sabardcharleston\/#primaryimage"},"datePublished":"2022-04-25T22:31:22+00:00","dateModified":"2022-04-25T22:31:22+00:00","breadcrumb":{"@id":"https:\/\/atypique.brunotarhan.fr\/index.php\/produit\/et-nous-danserons-sous-les-floconsclarisse-sabardcharleston\/#breadcrumb"},"inLanguage":"fr-FR","potentialAction":[{"@type":"ReadAction","target":["https:\/\/atypique.brunotarhan.fr\/index.php\/produit\/et-nous-danserons-sous-les-floconsclarisse-sabardcharleston\/"]}]},{"@type":"BreadcrumbList","@id":"https:\/\/atypique.brunotarhan.fr\/index.php\/produit\/et-nous-danserons-sous-les-floconsclarisse-sabardcharleston\/#breadcrumb","itemListElement":[{"@type":"ListItem","position":1,"name":"Accueil","item":"https:\/\/atypique.brunotarhan.fr\/"},{"@type":"ListItem","position":2,"name":""},{"@type":"ListItem","position":3,"name":"Et nous danserons sous les flocons Clarisse Sabard Charleston"}]}]}},"_links":{"self":[{"href":"https:\/\/atypique.brunotarhan.fr\/index.php\/wp-json\/wp\/v2\/product\/16013","targetHints":{"allow":["GET"]}}],"collection":[{"href":"https:\/\/atypique.brunotarhan.fr\/index.php\/wp-json\/wp\/v2\/product"}],"about":[{"href":"https:\/\/atypique.brunotarhan.fr\/index.php\/wp-json\/wp\/v2\/types\/product"}],"replies":[{"embeddable":true,"href":"https:\/\/atypique.brunotarhan.fr\/index.php\/wp-json\/wp\/v2\/comments?post=16013"}],"wp:featuredmedia":[{"embeddable":true,"href":"https:\/\/atypique.brunotarhan.fr\/index.php\/wp-json\/wp\/v2\/media\/15759"}],"wp:attachment":[{"href":"https:\/\/atypique.brunotarhan.fr\/index.php\/wp-json\/wp\/v2\/media?parent=16013"}],"wp:term":[{"taxonomy":"product_cat","embeddable":true,"href":"https:\/\/atypique.brunotarhan.fr\/index.php\/wp-json\/wp\/v2\/product_cat?post=16013"},{"taxonomy":"product_tag","embeddable":true,"href":"https:\/\/atypique.brunotarhan.fr\/index.php\/wp-json\/wp\/v2\/product_tag?post=16013"}],"curies":[{"name":"wp","href":"https:\/\/api.w.org\/{rel}","templated":true}]}}