{"id":16010,"date":"2022-04-25T22:31:17","date_gmt":"2022-04-25T22:31:17","guid":{"rendered":"https:\/\/atypique.brunotarhan.fr\/index.php\/produit\/le-cycle-de-dune-tome-1frank-herbertpocket\/"},"modified":"2022-04-25T22:31:17","modified_gmt":"2022-04-25T22:31:17","slug":"le-cycle-de-dune-tome-1frank-herbertpocket","status":"publish","type":"product","link":"https:\/\/atypique.brunotarhan.fr\/index.php\/produit\/le-cycle-de-dune-tome-1frank-herbertpocket\/","title":{"rendered":"Le cycle de Dune Tome 1\nFrank Herbert\nPocket"},"content":{"rendered":"<p>Dune : chef d&#8217;oeuvre incontestable et incontest\u00e9 de la science-fiction. Il n&#8217;y a pas, dans tout l&#8217;Empire, de plan\u00e8te plus inhospitali\u00e8re que Dune. Partout des sables \u00e0 perte de vue. Une seule richesse : l&#8217;\u00e9pice de longue vie, n\u00e9e du d\u00e9sert, et que tout l&#8217;univers convoite. Quand Leto Atr\u00e9ides re\u00e7oit Dune en fief, il flaire le pi\u00e8ge. Il aura besoin des guerriers Fremen qui, r\u00e9fugi\u00e9s au fond du d\u00e9sert, se sont adapt\u00e9s \u00e0 une vie tr\u00e8s dure en pr\u00e9servant leur libert\u00e9, leurs coutumes et leur foi.<br \/>\nIls r\u00eavent du proph\u00e8te qui proclamera la guerre sainte et changera le cours de l&#8217;Histoire. Cependant les R\u00e9v\u00e9rendes M\u00e8res du Bene Gesserit poursuivent leur programme mill\u00e9naire de s\u00e9lection g\u00e9n\u00e9tique : elles veulent cr\u00e9er un homme qui r\u00e9unira tous les dons latents de l&#8217;esp\u00e8ce. Le Messie des Fremen est-il d\u00e9j\u00e0 n\u00e9 dans l&#8217;Empire ?<\/p>\n","protected":false},"excerpt":{"rendered":"<p>Dune : chef d&#8217;oeuvre incontestable et incontest\u00e9 de la science-fiction. Il n&#8217;y a pas, dans tout l&#8217;Empire, de plan\u00e8te plus inhospitali\u00e8re que Dune\u2026<\/p>\n","protected":false},"featured_media":15756,"comment_status":"open","ping_status":"closed","template":"","meta":[],"product_cat":[93,230],"product_tag":[270,271,239,272],"class_list":["post-16010","product","type-product","status-publish","has-post-thumbnail","hentry","product_cat-librairie","product_cat-science-fiction","product_tag-dune","product_tag-frank-herbert","product_tag-pocket","product_tag-science-fiction-2"],"yoast_head":"<!-- This site is optimized with the Yoast SEO plugin v18.0 - https:\/\/yoast.com\/wordpress\/plugins\/seo\/ -->\n<title>Le cycle de Dune Tome 1 Frank Herbert Pocket - Atypique Concept Store<\/title>\n<meta name=\"robots\" content=\"index, follow, max-snippet:-1, max-image-preview:large, max-video-preview:-1\" \/>\n<link rel=\"canonical\" href=\"https:\/\/atypique.brunotarhan.fr\/index.php\/produit\/le-cycle-de-dune-tome-1frank-herbertpocket\/\" \/>\n<meta property=\"og:locale\" content=\"fr_FR\" \/>\n<meta property=\"og:type\" content=\"article\" \/>\n<meta property=\"og:title\" content=\"Le cycle de Dune Tome 1 Frank Herbert Pocket - Atypique Concept Store\" \/>\n<meta property=\"og:description\" content=\"Dune : chef d&#039;oeuvre incontestable et incontest\u00e9 de la science-fiction. Il n&#039;y a pas, dans tout l&#039;Empire, de plan\u00e8te plus inhospitali\u00e8re que Dune\u2026\" \/>\n<meta property=\"og:url\" content=\"https:\/\/atypique.brunotarhan.fr\/index.php\/produit\/le-cycle-de-dune-tome-1frank-herbertpocket\/\" \/>\n<meta property=\"og:site_name\" content=\"Atypique Concept Store\" \/>\n<meta name=\"twitter:card\" content=\"summary_large_image\" \/>\n<meta name=\"twitter:label1\" content=\"Dur\u00e9e de lecture estim\u00e9e\" \/>\n\t<meta name=\"twitter:data1\" content=\"1 minute\" \/>\n<script type=\"application\/ld+json\" class=\"yoast-schema-graph\">{\"@context\":\"https:\/\/schema.org\",\"@graph\":[{\"@type\":\"WebSite\",\"@id\":\"https:\/\/atypique.brunotarhan.fr\/#website\",\"url\":\"https:\/\/atypique.brunotarhan.fr\/\",\"name\":\"Atypique Concept Store\",\"description\":\"Just another WordPress site\",\"potentialAction\":[{\"@type\":\"SearchAction\",\"target\":{\"@type\":\"EntryPoint\",\"urlTemplate\":\"https:\/\/atypique.brunotarhan.fr\/?s={search_term_string}\"},\"query-input\":\"required name=search_term_string\"}],\"inLanguage\":\"fr-FR\"},{\"@type\":\"ImageObject\",\"@id\":\"https:\/\/atypique.brunotarhan.fr\/index.php\/produit\/le-cycle-de-dune-tome-1frank-herbertpocket\/#primaryimage\",\"inLanguage\":\"fr-FR\",\"url\":\"https:\/\/atypique.brunotarhan.fr\/wp-content\/uploads\/2022\/04\/dune.webp\",\"contentUrl\":\"https:\/\/atypique.brunotarhan.fr\/wp-content\/uploads\/2022\/04\/dune.webp\",\"width\":305,\"height\":500},{\"@type\":\"WebPage\",\"@id\":\"https:\/\/atypique.brunotarhan.fr\/index.php\/produit\/le-cycle-de-dune-tome-1frank-herbertpocket\/#webpage\",\"url\":\"https:\/\/atypique.brunotarhan.fr\/index.php\/produit\/le-cycle-de-dune-tome-1frank-herbertpocket\/\",\"name\":\"Le cycle de Dune Tome 1 Frank Herbert Pocket - Atypique Concept Store\",\"isPartOf\":{\"@id\":\"https:\/\/atypique.brunotarhan.fr\/#website\"},\"primaryImageOfPage\":{\"@id\":\"https:\/\/atypique.brunotarhan.fr\/index.php\/produit\/le-cycle-de-dune-tome-1frank-herbertpocket\/#primaryimage\"},\"datePublished\":\"2022-04-25T22:31:17+00:00\",\"dateModified\":\"2022-04-25T22:31:17+00:00\",\"breadcrumb\":{\"@id\":\"https:\/\/atypique.brunotarhan.fr\/index.php\/produit\/le-cycle-de-dune-tome-1frank-herbertpocket\/#breadcrumb\"},\"inLanguage\":\"fr-FR\",\"potentialAction\":[{\"@type\":\"ReadAction\",\"target\":[\"https:\/\/atypique.brunotarhan.fr\/index.php\/produit\/le-cycle-de-dune-tome-1frank-herbertpocket\/\"]}]},{\"@type\":\"BreadcrumbList\",\"@id\":\"https:\/\/atypique.brunotarhan.fr\/index.php\/produit\/le-cycle-de-dune-tome-1frank-herbertpocket\/#breadcrumb\",\"itemListElement\":[{\"@type\":\"ListItem\",\"position\":1,\"name\":\"Accueil\",\"item\":\"https:\/\/atypique.brunotarhan.fr\/\"},{\"@type\":\"ListItem\",\"position\":2,\"name\":\"\"},{\"@type\":\"ListItem\",\"position\":3,\"name\":\"Le cycle de Dune Tome 1 Frank Herbert Pocket\"}]}]}<\/script>\n<!-- \/ Yoast SEO plugin. -->","yoast_head_json":{"title":"Le cycle de Dune Tome 1 Frank Herbert Pocket - Atypique Concept Store","robots":{"index":"index","follow":"follow","max-snippet":"max-snippet:-1","max-image-preview":"max-image-preview:large","max-video-preview":"max-video-preview:-1"},"canonical":"https:\/\/atypique.brunotarhan.fr\/index.php\/produit\/le-cycle-de-dune-tome-1frank-herbertpocket\/","og_locale":"fr_FR","og_type":"article","og_title":"Le cycle de Dune Tome 1 Frank Herbert Pocket - Atypique Concept Store","og_description":"Dune : chef d'oeuvre incontestable et incontest\u00e9 de la science-fiction. Il n'y a pas, dans tout l'Empire, de plan\u00e8te plus inhospitali\u00e8re que Dune\u2026","og_url":"https:\/\/atypique.brunotarhan.fr\/index.php\/produit\/le-cycle-de-dune-tome-1frank-herbertpocket\/","og_site_name":"Atypique Concept Store","twitter_card":"summary_large_image","twitter_misc":{"Dur\u00e9e de lecture estim\u00e9e":"1 minute"},"schema":{"@context":"https:\/\/schema.org","@graph":[{"@type":"WebSite","@id":"https:\/\/atypique.brunotarhan.fr\/#website","url":"https:\/\/atypique.brunotarhan.fr\/","name":"Atypique Concept Store","description":"Just another WordPress site","potentialAction":[{"@type":"SearchAction","target":{"@type":"EntryPoint","urlTemplate":"https:\/\/atypique.brunotarhan.fr\/?s={search_term_string}"},"query-input":"required name=search_term_string"}],"inLanguage":"fr-FR"},{"@type":"ImageObject","@id":"https:\/\/atypique.brunotarhan.fr\/index.php\/produit\/le-cycle-de-dune-tome-1frank-herbertpocket\/#primaryimage","inLanguage":"fr-FR","url":"https:\/\/atypique.brunotarhan.fr\/wp-content\/uploads\/2022\/04\/dune.webp","contentUrl":"https:\/\/atypique.brunotarhan.fr\/wp-content\/uploads\/2022\/04\/dune.webp","width":305,"height":500},{"@type":"WebPage","@id":"https:\/\/atypique.brunotarhan.fr\/index.php\/produit\/le-cycle-de-dune-tome-1frank-herbertpocket\/#webpage","url":"https:\/\/atypique.brunotarhan.fr\/index.php\/produit\/le-cycle-de-dune-tome-1frank-herbertpocket\/","name":"Le cycle de Dune Tome 1 Frank Herbert Pocket - Atypique Concept Store","isPartOf":{"@id":"https:\/\/atypique.brunotarhan.fr\/#website"},"primaryImageOfPage":{"@id":"https:\/\/atypique.brunotarhan.fr\/index.php\/produit\/le-cycle-de-dune-tome-1frank-herbertpocket\/#primaryimage"},"datePublished":"2022-04-25T22:31:17+00:00","dateModified":"2022-04-25T22:31:17+00:00","breadcrumb":{"@id":"https:\/\/atypique.brunotarhan.fr\/index.php\/produit\/le-cycle-de-dune-tome-1frank-herbertpocket\/#breadcrumb"},"inLanguage":"fr-FR","potentialAction":[{"@type":"ReadAction","target":["https:\/\/atypique.brunotarhan.fr\/index.php\/produit\/le-cycle-de-dune-tome-1frank-herbertpocket\/"]}]},{"@type":"BreadcrumbList","@id":"https:\/\/atypique.brunotarhan.fr\/index.php\/produit\/le-cycle-de-dune-tome-1frank-herbertpocket\/#breadcrumb","itemListElement":[{"@type":"ListItem","position":1,"name":"Accueil","item":"https:\/\/atypique.brunotarhan.fr\/"},{"@type":"ListItem","position":2,"name":""},{"@type":"ListItem","position":3,"name":"Le cycle de Dune Tome 1 Frank Herbert Pocket"}]}]}},"_links":{"self":[{"href":"https:\/\/atypique.brunotarhan.fr\/index.php\/wp-json\/wp\/v2\/product\/16010","targetHints":{"allow":["GET"]}}],"collection":[{"href":"https:\/\/atypique.brunotarhan.fr\/index.php\/wp-json\/wp\/v2\/product"}],"about":[{"href":"https:\/\/atypique.brunotarhan.fr\/index.php\/wp-json\/wp\/v2\/types\/product"}],"replies":[{"embeddable":true,"href":"https:\/\/atypique.brunotarhan.fr\/index.php\/wp-json\/wp\/v2\/comments?post=16010"}],"wp:featuredmedia":[{"embeddable":true,"href":"https:\/\/atypique.brunotarhan.fr\/index.php\/wp-json\/wp\/v2\/media\/15756"}],"wp:attachment":[{"href":"https:\/\/atypique.brunotarhan.fr\/index.php\/wp-json\/wp\/v2\/media?parent=16010"}],"wp:term":[{"taxonomy":"product_cat","embeddable":true,"href":"https:\/\/atypique.brunotarhan.fr\/index.php\/wp-json\/wp\/v2\/product_cat?post=16010"},{"taxonomy":"product_tag","embeddable":true,"href":"https:\/\/atypique.brunotarhan.fr\/index.php\/wp-json\/wp\/v2\/product_tag?post=16010"}],"curies":[{"name":"wp","href":"https:\/\/api.w.org\/{rel}","templated":true}]}}