{"id":16009,"date":"2022-04-25T22:31:17","date_gmt":"2022-04-25T22:31:17","guid":{"rendered":"https:\/\/atypique.brunotarhan.fr\/index.php\/produit\/de-la-petite-taupe-qui-voulait-savoir-qui-lui-avait-fait-sur-la-tetewolf-erlbruch-werner-holzwarthmilan-editions\/"},"modified":"2022-04-25T22:31:17","modified_gmt":"2022-04-25T22:31:17","slug":"de-la-petite-taupe-qui-voulait-savoir-qui-lui-avait-fait-sur-la-tetewolf-erlbruch-werner-holzwarthmilan-editions","status":"publish","type":"product","link":"https:\/\/atypique.brunotarhan.fr\/index.php\/produit\/de-la-petite-taupe-qui-voulait-savoir-qui-lui-avait-fait-sur-la-tetewolf-erlbruch-werner-holzwarthmilan-editions\/","title":{"rendered":"De la petite taupe qui voulait savoir qui lui avait fait sur la t\u00eate\nWolf Erlbruch, Werner Holzwarth\nMilan (Editions)"},"content":{"rendered":"<p>Comme tous les soirs, la petite taupe sort de terre pour voir si le soleil a disparu. C&#8217;est alors qu&#8217;on ose lui faire sur la t\u00eate ! C&#8217;est rond et marron, aussi long qu&#8217;une saucisse. Mais qui a bien pu faire \u00e7a ? Un grand classique de la litt\u00e9rature jeunesse \u00e0 faire d\u00e9couvrir aux plus petits !<\/p>\n","protected":false},"excerpt":{"rendered":"<p>Comme tous les soirs, la petite taupe sort de terre pour voir si le soleil a disparu. C&#8217;est alors qu&#8217;on ose lui faire sur la t\u00eate ! C&#8217;est rond et marron,\u2026<\/p>\n","protected":false},"featured_media":15755,"comment_status":"open","ping_status":"closed","template":"","meta":[],"product_cat":[93,220],"product_tag":[265,268,269,267,266],"class_list":["post-16009","product","type-product","status-publish","has-post-thumbnail","hentry","product_cat-librairie","product_cat-livres-enfants","product_tag-de-la-petite-taupe-qui-voulait-savoir-qui-lui-avait-fait-sur-la-tete","product_tag-livre-enfants","product_tag-milan","product_tag-werner-holzwarth","product_tag-wolf-erlbruch"],"yoast_head":"<!-- This site is optimized with the Yoast SEO plugin v18.0 - https:\/\/yoast.com\/wordpress\/plugins\/seo\/ -->\n<title>De la petite taupe qui voulait savoir qui lui avait fait sur la t\u00eate Wolf Erlbruch, Werner Holzwarth Milan (Editions) - Atypique Concept Store<\/title>\n<meta name=\"robots\" content=\"index, follow, max-snippet:-1, max-image-preview:large, max-video-preview:-1\" \/>\n<link rel=\"canonical\" href=\"https:\/\/atypique.brunotarhan.fr\/index.php\/produit\/de-la-petite-taupe-qui-voulait-savoir-qui-lui-avait-fait-sur-la-tetewolf-erlbruch-werner-holzwarthmilan-editions\/\" \/>\n<meta property=\"og:locale\" content=\"fr_FR\" \/>\n<meta property=\"og:type\" content=\"article\" \/>\n<meta property=\"og:title\" content=\"De la petite taupe qui voulait savoir qui lui avait fait sur la t\u00eate Wolf Erlbruch, Werner Holzwarth Milan (Editions) - Atypique Concept Store\" \/>\n<meta property=\"og:description\" content=\"Comme tous les soirs, la petite taupe sort de terre pour voir si le soleil a disparu. C&#039;est alors qu&#039;on ose lui faire sur la t\u00eate ! C&#039;est rond et marron,\u2026\" \/>\n<meta property=\"og:url\" content=\"https:\/\/atypique.brunotarhan.fr\/index.php\/produit\/de-la-petite-taupe-qui-voulait-savoir-qui-lui-avait-fait-sur-la-tetewolf-erlbruch-werner-holzwarthmilan-editions\/\" \/>\n<meta property=\"og:site_name\" content=\"Atypique Concept Store\" \/>\n<meta name=\"twitter:card\" content=\"summary_large_image\" \/>\n<script type=\"application\/ld+json\" class=\"yoast-schema-graph\">{\"@context\":\"https:\/\/schema.org\",\"@graph\":[{\"@type\":\"WebSite\",\"@id\":\"https:\/\/atypique.brunotarhan.fr\/#website\",\"url\":\"https:\/\/atypique.brunotarhan.fr\/\",\"name\":\"Atypique Concept Store\",\"description\":\"Just another WordPress site\",\"potentialAction\":[{\"@type\":\"SearchAction\",\"target\":{\"@type\":\"EntryPoint\",\"urlTemplate\":\"https:\/\/atypique.brunotarhan.fr\/?s={search_term_string}\"},\"query-input\":\"required name=search_term_string\"}],\"inLanguage\":\"fr-FR\"},{\"@type\":\"ImageObject\",\"@id\":\"https:\/\/atypique.brunotarhan.fr\/index.php\/produit\/de-la-petite-taupe-qui-voulait-savoir-qui-lui-avait-fait-sur-la-tetewolf-erlbruch-werner-holzwarthmilan-editions\/#primaryimage\",\"inLanguage\":\"fr-FR\",\"url\":\"https:\/\/atypique.brunotarhan.fr\/wp-content\/uploads\/2022\/04\/de-la-petite-taupe.webp\",\"contentUrl\":\"https:\/\/atypique.brunotarhan.fr\/wp-content\/uploads\/2022\/04\/de-la-petite-taupe.webp\",\"width\":475,\"height\":335},{\"@type\":\"WebPage\",\"@id\":\"https:\/\/atypique.brunotarhan.fr\/index.php\/produit\/de-la-petite-taupe-qui-voulait-savoir-qui-lui-avait-fait-sur-la-tetewolf-erlbruch-werner-holzwarthmilan-editions\/#webpage\",\"url\":\"https:\/\/atypique.brunotarhan.fr\/index.php\/produit\/de-la-petite-taupe-qui-voulait-savoir-qui-lui-avait-fait-sur-la-tetewolf-erlbruch-werner-holzwarthmilan-editions\/\",\"name\":\"De la petite taupe qui voulait savoir qui lui avait fait sur la t\u00eate Wolf Erlbruch, Werner Holzwarth Milan (Editions) - Atypique Concept Store\",\"isPartOf\":{\"@id\":\"https:\/\/atypique.brunotarhan.fr\/#website\"},\"primaryImageOfPage\":{\"@id\":\"https:\/\/atypique.brunotarhan.fr\/index.php\/produit\/de-la-petite-taupe-qui-voulait-savoir-qui-lui-avait-fait-sur-la-tetewolf-erlbruch-werner-holzwarthmilan-editions\/#primaryimage\"},\"datePublished\":\"2022-04-25T22:31:17+00:00\",\"dateModified\":\"2022-04-25T22:31:17+00:00\",\"breadcrumb\":{\"@id\":\"https:\/\/atypique.brunotarhan.fr\/index.php\/produit\/de-la-petite-taupe-qui-voulait-savoir-qui-lui-avait-fait-sur-la-tetewolf-erlbruch-werner-holzwarthmilan-editions\/#breadcrumb\"},\"inLanguage\":\"fr-FR\",\"potentialAction\":[{\"@type\":\"ReadAction\",\"target\":[\"https:\/\/atypique.brunotarhan.fr\/index.php\/produit\/de-la-petite-taupe-qui-voulait-savoir-qui-lui-avait-fait-sur-la-tetewolf-erlbruch-werner-holzwarthmilan-editions\/\"]}]},{\"@type\":\"BreadcrumbList\",\"@id\":\"https:\/\/atypique.brunotarhan.fr\/index.php\/produit\/de-la-petite-taupe-qui-voulait-savoir-qui-lui-avait-fait-sur-la-tetewolf-erlbruch-werner-holzwarthmilan-editions\/#breadcrumb\",\"itemListElement\":[{\"@type\":\"ListItem\",\"position\":1,\"name\":\"Accueil\",\"item\":\"https:\/\/atypique.brunotarhan.fr\/\"},{\"@type\":\"ListItem\",\"position\":2,\"name\":\"\"},{\"@type\":\"ListItem\",\"position\":3,\"name\":\"De la petite taupe qui voulait savoir qui lui avait fait sur la t\u00eate Wolf Erlbruch, Werner Holzwarth Milan (Editions)\"}]}]}<\/script>\n<!-- \/ Yoast SEO plugin. -->","yoast_head_json":{"title":"De la petite taupe qui voulait savoir qui lui avait fait sur la t\u00eate Wolf Erlbruch, Werner Holzwarth Milan (Editions) - Atypique Concept Store","robots":{"index":"index","follow":"follow","max-snippet":"max-snippet:-1","max-image-preview":"max-image-preview:large","max-video-preview":"max-video-preview:-1"},"canonical":"https:\/\/atypique.brunotarhan.fr\/index.php\/produit\/de-la-petite-taupe-qui-voulait-savoir-qui-lui-avait-fait-sur-la-tetewolf-erlbruch-werner-holzwarthmilan-editions\/","og_locale":"fr_FR","og_type":"article","og_title":"De la petite taupe qui voulait savoir qui lui avait fait sur la t\u00eate Wolf Erlbruch, Werner Holzwarth Milan (Editions) - Atypique Concept Store","og_description":"Comme tous les soirs, la petite taupe sort de terre pour voir si le soleil a disparu. C'est alors qu'on ose lui faire sur la t\u00eate ! C'est rond et marron,\u2026","og_url":"https:\/\/atypique.brunotarhan.fr\/index.php\/produit\/de-la-petite-taupe-qui-voulait-savoir-qui-lui-avait-fait-sur-la-tetewolf-erlbruch-werner-holzwarthmilan-editions\/","og_site_name":"Atypique Concept Store","twitter_card":"summary_large_image","schema":{"@context":"https:\/\/schema.org","@graph":[{"@type":"WebSite","@id":"https:\/\/atypique.brunotarhan.fr\/#website","url":"https:\/\/atypique.brunotarhan.fr\/","name":"Atypique Concept Store","description":"Just another WordPress site","potentialAction":[{"@type":"SearchAction","target":{"@type":"EntryPoint","urlTemplate":"https:\/\/atypique.brunotarhan.fr\/?s={search_term_string}"},"query-input":"required name=search_term_string"}],"inLanguage":"fr-FR"},{"@type":"ImageObject","@id":"https:\/\/atypique.brunotarhan.fr\/index.php\/produit\/de-la-petite-taupe-qui-voulait-savoir-qui-lui-avait-fait-sur-la-tetewolf-erlbruch-werner-holzwarthmilan-editions\/#primaryimage","inLanguage":"fr-FR","url":"https:\/\/atypique.brunotarhan.fr\/wp-content\/uploads\/2022\/04\/de-la-petite-taupe.webp","contentUrl":"https:\/\/atypique.brunotarhan.fr\/wp-content\/uploads\/2022\/04\/de-la-petite-taupe.webp","width":475,"height":335},{"@type":"WebPage","@id":"https:\/\/atypique.brunotarhan.fr\/index.php\/produit\/de-la-petite-taupe-qui-voulait-savoir-qui-lui-avait-fait-sur-la-tetewolf-erlbruch-werner-holzwarthmilan-editions\/#webpage","url":"https:\/\/atypique.brunotarhan.fr\/index.php\/produit\/de-la-petite-taupe-qui-voulait-savoir-qui-lui-avait-fait-sur-la-tetewolf-erlbruch-werner-holzwarthmilan-editions\/","name":"De la petite taupe qui voulait savoir qui lui avait fait sur la t\u00eate Wolf Erlbruch, Werner Holzwarth Milan (Editions) - Atypique Concept Store","isPartOf":{"@id":"https:\/\/atypique.brunotarhan.fr\/#website"},"primaryImageOfPage":{"@id":"https:\/\/atypique.brunotarhan.fr\/index.php\/produit\/de-la-petite-taupe-qui-voulait-savoir-qui-lui-avait-fait-sur-la-tetewolf-erlbruch-werner-holzwarthmilan-editions\/#primaryimage"},"datePublished":"2022-04-25T22:31:17+00:00","dateModified":"2022-04-25T22:31:17+00:00","breadcrumb":{"@id":"https:\/\/atypique.brunotarhan.fr\/index.php\/produit\/de-la-petite-taupe-qui-voulait-savoir-qui-lui-avait-fait-sur-la-tetewolf-erlbruch-werner-holzwarthmilan-editions\/#breadcrumb"},"inLanguage":"fr-FR","potentialAction":[{"@type":"ReadAction","target":["https:\/\/atypique.brunotarhan.fr\/index.php\/produit\/de-la-petite-taupe-qui-voulait-savoir-qui-lui-avait-fait-sur-la-tetewolf-erlbruch-werner-holzwarthmilan-editions\/"]}]},{"@type":"BreadcrumbList","@id":"https:\/\/atypique.brunotarhan.fr\/index.php\/produit\/de-la-petite-taupe-qui-voulait-savoir-qui-lui-avait-fait-sur-la-tetewolf-erlbruch-werner-holzwarthmilan-editions\/#breadcrumb","itemListElement":[{"@type":"ListItem","position":1,"name":"Accueil","item":"https:\/\/atypique.brunotarhan.fr\/"},{"@type":"ListItem","position":2,"name":""},{"@type":"ListItem","position":3,"name":"De la petite taupe qui voulait savoir qui lui avait fait sur la t\u00eate Wolf Erlbruch, Werner Holzwarth Milan (Editions)"}]}]}},"_links":{"self":[{"href":"https:\/\/atypique.brunotarhan.fr\/index.php\/wp-json\/wp\/v2\/product\/16009","targetHints":{"allow":["GET"]}}],"collection":[{"href":"https:\/\/atypique.brunotarhan.fr\/index.php\/wp-json\/wp\/v2\/product"}],"about":[{"href":"https:\/\/atypique.brunotarhan.fr\/index.php\/wp-json\/wp\/v2\/types\/product"}],"replies":[{"embeddable":true,"href":"https:\/\/atypique.brunotarhan.fr\/index.php\/wp-json\/wp\/v2\/comments?post=16009"}],"wp:featuredmedia":[{"embeddable":true,"href":"https:\/\/atypique.brunotarhan.fr\/index.php\/wp-json\/wp\/v2\/media\/15755"}],"wp:attachment":[{"href":"https:\/\/atypique.brunotarhan.fr\/index.php\/wp-json\/wp\/v2\/media?parent=16009"}],"wp:term":[{"taxonomy":"product_cat","embeddable":true,"href":"https:\/\/atypique.brunotarhan.fr\/index.php\/wp-json\/wp\/v2\/product_cat?post=16009"},{"taxonomy":"product_tag","embeddable":true,"href":"https:\/\/atypique.brunotarhan.fr\/index.php\/wp-json\/wp\/v2\/product_tag?post=16009"}],"curies":[{"name":"wp","href":"https:\/\/api.w.org\/{rel}","templated":true}]}}