{"id":16008,"date":"2022-04-25T22:31:16","date_gmt":"2022-04-25T22:31:16","guid":{"rendered":"https:\/\/atypique.brunotarhan.fr\/index.php\/produit\/dans-la-gueule-de-loursjames-a-mclaughlinjai-lu\/"},"modified":"2022-04-25T22:31:16","modified_gmt":"2022-04-25T22:31:16","slug":"dans-la-gueule-de-loursjames-a-mclaughlinjai-lu","status":"publish","type":"product","link":"https:\/\/atypique.brunotarhan.fr\/index.php\/produit\/dans-la-gueule-de-loursjames-a-mclaughlinjai-lu\/","title":{"rendered":"Dans la gueule de l&#8217;ours\nJames A. McLaughlin\nJ&#8217;ai lu"},"content":{"rendered":"<p>Pour se faire oublier d&#8217;un puissant cartel de drogue mexicain qu&#8217;il a trahi, Rice Moore trouve refuge dans une r\u00e9serve des Appalaches au fin fond de la Virginie, o\u00f9 il est employ\u00e9 comme garde forestier. Mais la d\u00e9couverte de la carcasse d&#8217;un ours abattu vient chambouler son quotidien : s&#8217;agit-il d&#8217;un acte isol\u00e9 ou d&#8217;un braconnage organis\u00e9 ? L&#8217;affaire prend une tout autre tournure quand d&#8217;autres ours sont retrouv\u00e9s morts.<br \/>\nRice d\u00e9cide de faire \u00e9quipe avec Sara Birkeland, une scientifique qui a occup\u00e9 le poste de garde avant lui, pour pi\u00e9ger les coupables. Un plan qui risque fort d&#8217;exposer son pass\u00e9&#8230; Un premier roman \u00e9poustouflant, m\u00ealant action, suspense et d\u00e9fense de l&#8217;environnement.<\/p>\n","protected":false},"excerpt":{"rendered":"<p>Pour se faire oublier d&#8217;un puissant cartel de drogue mexicain qu&#8217;il a trahi, Rice Moore trouve refuge dans une r\u00e9serve des Appalaches au fin fond de\u2026<\/p>\n","protected":false},"featured_media":15754,"comment_status":"open","ping_status":"closed","template":"","meta":[],"product_cat":[93,204],"product_tag":[261,249,262,263,264],"class_list":["post-16008","product","type-product","status-publish","has-post-thumbnail","hentry","product_cat-librairie","product_cat-polars-thrillers","product_tag-dans-la-gueule-de-lours","product_tag-jai-lu","product_tag-james-a-mclaughlin","product_tag-polar","product_tag-policier"],"yoast_head":"<!-- This site is optimized with the Yoast SEO plugin v18.0 - https:\/\/yoast.com\/wordpress\/plugins\/seo\/ -->\n<title>Dans la gueule de l&#039;ours James A. McLaughlin J&#039;ai lu - Atypique Concept Store<\/title>\n<meta name=\"robots\" content=\"index, follow, max-snippet:-1, max-image-preview:large, max-video-preview:-1\" \/>\n<link rel=\"canonical\" href=\"https:\/\/atypique.brunotarhan.fr\/index.php\/produit\/dans-la-gueule-de-loursjames-a-mclaughlinjai-lu\/\" \/>\n<meta property=\"og:locale\" content=\"fr_FR\" \/>\n<meta property=\"og:type\" content=\"article\" \/>\n<meta property=\"og:title\" content=\"Dans la gueule de l&#039;ours James A. McLaughlin J&#039;ai lu - Atypique Concept Store\" \/>\n<meta property=\"og:description\" content=\"Pour se faire oublier d&#039;un puissant cartel de drogue mexicain qu&#039;il a trahi, Rice Moore trouve refuge dans une r\u00e9serve des Appalaches au fin fond de\u2026\" \/>\n<meta property=\"og:url\" content=\"https:\/\/atypique.brunotarhan.fr\/index.php\/produit\/dans-la-gueule-de-loursjames-a-mclaughlinjai-lu\/\" \/>\n<meta property=\"og:site_name\" content=\"Atypique Concept Store\" \/>\n<meta name=\"twitter:card\" content=\"summary_large_image\" \/>\n<meta name=\"twitter:label1\" content=\"Dur\u00e9e de lecture estim\u00e9e\" \/>\n\t<meta name=\"twitter:data1\" content=\"1 minute\" \/>\n<script type=\"application\/ld+json\" class=\"yoast-schema-graph\">{\"@context\":\"https:\/\/schema.org\",\"@graph\":[{\"@type\":\"WebSite\",\"@id\":\"https:\/\/atypique.brunotarhan.fr\/#website\",\"url\":\"https:\/\/atypique.brunotarhan.fr\/\",\"name\":\"Atypique Concept Store\",\"description\":\"Just another WordPress site\",\"potentialAction\":[{\"@type\":\"SearchAction\",\"target\":{\"@type\":\"EntryPoint\",\"urlTemplate\":\"https:\/\/atypique.brunotarhan.fr\/?s={search_term_string}\"},\"query-input\":\"required name=search_term_string\"}],\"inLanguage\":\"fr-FR\"},{\"@type\":\"ImageObject\",\"@id\":\"https:\/\/atypique.brunotarhan.fr\/index.php\/produit\/dans-la-gueule-de-loursjames-a-mclaughlinjai-lu\/#primaryimage\",\"inLanguage\":\"fr-FR\",\"url\":\"https:\/\/atypique.brunotarhan.fr\/wp-content\/uploads\/2022\/04\/dans-la-gueule-de-l-ours.webp\",\"contentUrl\":\"https:\/\/atypique.brunotarhan.fr\/wp-content\/uploads\/2022\/04\/dans-la-gueule-de-l-ours.webp\",\"width\":309,\"height\":500},{\"@type\":\"WebPage\",\"@id\":\"https:\/\/atypique.brunotarhan.fr\/index.php\/produit\/dans-la-gueule-de-loursjames-a-mclaughlinjai-lu\/#webpage\",\"url\":\"https:\/\/atypique.brunotarhan.fr\/index.php\/produit\/dans-la-gueule-de-loursjames-a-mclaughlinjai-lu\/\",\"name\":\"Dans la gueule de l'ours James A. McLaughlin J'ai lu - Atypique Concept Store\",\"isPartOf\":{\"@id\":\"https:\/\/atypique.brunotarhan.fr\/#website\"},\"primaryImageOfPage\":{\"@id\":\"https:\/\/atypique.brunotarhan.fr\/index.php\/produit\/dans-la-gueule-de-loursjames-a-mclaughlinjai-lu\/#primaryimage\"},\"datePublished\":\"2022-04-25T22:31:16+00:00\",\"dateModified\":\"2022-04-25T22:31:16+00:00\",\"breadcrumb\":{\"@id\":\"https:\/\/atypique.brunotarhan.fr\/index.php\/produit\/dans-la-gueule-de-loursjames-a-mclaughlinjai-lu\/#breadcrumb\"},\"inLanguage\":\"fr-FR\",\"potentialAction\":[{\"@type\":\"ReadAction\",\"target\":[\"https:\/\/atypique.brunotarhan.fr\/index.php\/produit\/dans-la-gueule-de-loursjames-a-mclaughlinjai-lu\/\"]}]},{\"@type\":\"BreadcrumbList\",\"@id\":\"https:\/\/atypique.brunotarhan.fr\/index.php\/produit\/dans-la-gueule-de-loursjames-a-mclaughlinjai-lu\/#breadcrumb\",\"itemListElement\":[{\"@type\":\"ListItem\",\"position\":1,\"name\":\"Accueil\",\"item\":\"https:\/\/atypique.brunotarhan.fr\/\"},{\"@type\":\"ListItem\",\"position\":2,\"name\":\"\"},{\"@type\":\"ListItem\",\"position\":3,\"name\":\"Dans la gueule de l&#8217;ours James A. McLaughlin J&#8217;ai lu\"}]}]}<\/script>\n<!-- \/ Yoast SEO plugin. -->","yoast_head_json":{"title":"Dans la gueule de l'ours James A. McLaughlin J'ai lu - Atypique Concept Store","robots":{"index":"index","follow":"follow","max-snippet":"max-snippet:-1","max-image-preview":"max-image-preview:large","max-video-preview":"max-video-preview:-1"},"canonical":"https:\/\/atypique.brunotarhan.fr\/index.php\/produit\/dans-la-gueule-de-loursjames-a-mclaughlinjai-lu\/","og_locale":"fr_FR","og_type":"article","og_title":"Dans la gueule de l'ours James A. McLaughlin J'ai lu - Atypique Concept Store","og_description":"Pour se faire oublier d'un puissant cartel de drogue mexicain qu'il a trahi, Rice Moore trouve refuge dans une r\u00e9serve des Appalaches au fin fond de\u2026","og_url":"https:\/\/atypique.brunotarhan.fr\/index.php\/produit\/dans-la-gueule-de-loursjames-a-mclaughlinjai-lu\/","og_site_name":"Atypique Concept Store","twitter_card":"summary_large_image","twitter_misc":{"Dur\u00e9e de lecture estim\u00e9e":"1 minute"},"schema":{"@context":"https:\/\/schema.org","@graph":[{"@type":"WebSite","@id":"https:\/\/atypique.brunotarhan.fr\/#website","url":"https:\/\/atypique.brunotarhan.fr\/","name":"Atypique Concept Store","description":"Just another WordPress site","potentialAction":[{"@type":"SearchAction","target":{"@type":"EntryPoint","urlTemplate":"https:\/\/atypique.brunotarhan.fr\/?s={search_term_string}"},"query-input":"required name=search_term_string"}],"inLanguage":"fr-FR"},{"@type":"ImageObject","@id":"https:\/\/atypique.brunotarhan.fr\/index.php\/produit\/dans-la-gueule-de-loursjames-a-mclaughlinjai-lu\/#primaryimage","inLanguage":"fr-FR","url":"https:\/\/atypique.brunotarhan.fr\/wp-content\/uploads\/2022\/04\/dans-la-gueule-de-l-ours.webp","contentUrl":"https:\/\/atypique.brunotarhan.fr\/wp-content\/uploads\/2022\/04\/dans-la-gueule-de-l-ours.webp","width":309,"height":500},{"@type":"WebPage","@id":"https:\/\/atypique.brunotarhan.fr\/index.php\/produit\/dans-la-gueule-de-loursjames-a-mclaughlinjai-lu\/#webpage","url":"https:\/\/atypique.brunotarhan.fr\/index.php\/produit\/dans-la-gueule-de-loursjames-a-mclaughlinjai-lu\/","name":"Dans la gueule de l'ours James A. McLaughlin J'ai lu - Atypique Concept Store","isPartOf":{"@id":"https:\/\/atypique.brunotarhan.fr\/#website"},"primaryImageOfPage":{"@id":"https:\/\/atypique.brunotarhan.fr\/index.php\/produit\/dans-la-gueule-de-loursjames-a-mclaughlinjai-lu\/#primaryimage"},"datePublished":"2022-04-25T22:31:16+00:00","dateModified":"2022-04-25T22:31:16+00:00","breadcrumb":{"@id":"https:\/\/atypique.brunotarhan.fr\/index.php\/produit\/dans-la-gueule-de-loursjames-a-mclaughlinjai-lu\/#breadcrumb"},"inLanguage":"fr-FR","potentialAction":[{"@type":"ReadAction","target":["https:\/\/atypique.brunotarhan.fr\/index.php\/produit\/dans-la-gueule-de-loursjames-a-mclaughlinjai-lu\/"]}]},{"@type":"BreadcrumbList","@id":"https:\/\/atypique.brunotarhan.fr\/index.php\/produit\/dans-la-gueule-de-loursjames-a-mclaughlinjai-lu\/#breadcrumb","itemListElement":[{"@type":"ListItem","position":1,"name":"Accueil","item":"https:\/\/atypique.brunotarhan.fr\/"},{"@type":"ListItem","position":2,"name":""},{"@type":"ListItem","position":3,"name":"Dans la gueule de l&#8217;ours James A. McLaughlin J&#8217;ai lu"}]}]}},"_links":{"self":[{"href":"https:\/\/atypique.brunotarhan.fr\/index.php\/wp-json\/wp\/v2\/product\/16008","targetHints":{"allow":["GET"]}}],"collection":[{"href":"https:\/\/atypique.brunotarhan.fr\/index.php\/wp-json\/wp\/v2\/product"}],"about":[{"href":"https:\/\/atypique.brunotarhan.fr\/index.php\/wp-json\/wp\/v2\/types\/product"}],"replies":[{"embeddable":true,"href":"https:\/\/atypique.brunotarhan.fr\/index.php\/wp-json\/wp\/v2\/comments?post=16008"}],"wp:featuredmedia":[{"embeddable":true,"href":"https:\/\/atypique.brunotarhan.fr\/index.php\/wp-json\/wp\/v2\/media\/15754"}],"wp:attachment":[{"href":"https:\/\/atypique.brunotarhan.fr\/index.php\/wp-json\/wp\/v2\/media?parent=16008"}],"wp:term":[{"taxonomy":"product_cat","embeddable":true,"href":"https:\/\/atypique.brunotarhan.fr\/index.php\/wp-json\/wp\/v2\/product_cat?post=16008"},{"taxonomy":"product_tag","embeddable":true,"href":"https:\/\/atypique.brunotarhan.fr\/index.php\/wp-json\/wp\/v2\/product_tag?post=16008"}],"curies":[{"name":"wp","href":"https:\/\/api.w.org\/{rel}","templated":true}]}}