{"id":16005,"date":"2022-04-25T22:31:16","date_gmt":"2022-04-25T22:31:16","guid":{"rendered":"https:\/\/atypique.brunotarhan.fr\/index.php\/produit\/connemaranicolas-mathieuactes-sud\/"},"modified":"2022-04-25T22:31:16","modified_gmt":"2022-04-25T22:31:16","slug":"connemaranicolas-mathieuactes-sud","status":"publish","type":"product","link":"https:\/\/atypique.brunotarhan.fr\/index.php\/produit\/connemaranicolas-mathieuactes-sud\/","title":{"rendered":"Connemara\nNicolas Mathieu\nActes sud"},"content":{"rendered":"<p>H\u00e9l\u00e8ne a bient\u00f4t 40 ans. Elle a fait de belles \u00e9tudes, une carri\u00e8re. Elle a r\u00e9alis\u00e9 le programme des magazines et le r\u00eave de son adolescence : se tirer, changer de milieu, r\u00e9ussir. Et pourtant, le sentiment de g\u00e2chis est l\u00e0, les ann\u00e9es ont pass\u00e9, tout a d\u00e9\u00e7u. Christophe, lui, n&#8217;a jamais quitt\u00e9 ce bled o\u00f9 ils ont grandi avec H\u00e9l\u00e8ne. Il n&#8217;est plus si beau. Il a fait sa vie \u00e0 petits pas, privil\u00e9giant les copains, la teuf, remettant au lendemain les grandes d\u00e9cisions, l&#8217;\u00e2ge des choix.<br \/>\nOn pourrait croire qu&#8217;il a tout rat\u00e9. Et pourtant, il croit dur comme fer que tout est encore possible. Connemara c&#8217;est l&#8217;histoire d&#8217;un retour au pays, d&#8217;une tentative \u00e0 deux, le r\u00e9cit d&#8217;une autre chance et d&#8217;un amour qui se cherche par del\u00e0 les distances dans un pays qui chante Sardou et va voter contre soi.<\/p>\n","protected":false},"excerpt":{"rendered":"<p>H\u00e9l\u00e8ne a bient\u00f4t 40 ans. Elle a fait de belles \u00e9tudes, une carri\u00e8re. Elle a r\u00e9alis\u00e9 le programme des magazines et le r\u00eave de son adolescence :..<\/p>\n","protected":false},"featured_media":15751,"comment_status":"open","ping_status":"closed","template":"","meta":[],"product_cat":[93,186],"product_tag":[257,255,256,189],"class_list":["post-16005","product","type-product","status-publish","has-post-thumbnail","hentry","product_cat-librairie","product_cat-romans","product_tag-actes-sud","product_tag-connemara","product_tag-nicolas-mathieu","product_tag-roman"],"yoast_head":"<!-- This site is optimized with the Yoast SEO plugin v18.0 - https:\/\/yoast.com\/wordpress\/plugins\/seo\/ -->\n<title>Connemara Nicolas Mathieu Actes sud - Atypique Concept Store<\/title>\n<meta name=\"robots\" content=\"index, follow, max-snippet:-1, max-image-preview:large, max-video-preview:-1\" \/>\n<link rel=\"canonical\" href=\"https:\/\/atypique.brunotarhan.fr\/index.php\/produit\/connemaranicolas-mathieuactes-sud\/\" \/>\n<meta property=\"og:locale\" content=\"fr_FR\" \/>\n<meta property=\"og:type\" content=\"article\" \/>\n<meta property=\"og:title\" content=\"Connemara Nicolas Mathieu Actes sud - Atypique Concept Store\" \/>\n<meta property=\"og:description\" content=\"H\u00e9l\u00e8ne a bient\u00f4t 40 ans. Elle a fait de belles \u00e9tudes, une carri\u00e8re. Elle a r\u00e9alis\u00e9 le programme des magazines et le r\u00eave de son adolescence :..\" \/>\n<meta property=\"og:url\" content=\"https:\/\/atypique.brunotarhan.fr\/index.php\/produit\/connemaranicolas-mathieuactes-sud\/\" \/>\n<meta property=\"og:site_name\" content=\"Atypique Concept Store\" \/>\n<meta name=\"twitter:card\" content=\"summary_large_image\" \/>\n<meta name=\"twitter:label1\" content=\"Dur\u00e9e de lecture estim\u00e9e\" \/>\n\t<meta name=\"twitter:data1\" content=\"1 minute\" \/>\n<script type=\"application\/ld+json\" class=\"yoast-schema-graph\">{\"@context\":\"https:\/\/schema.org\",\"@graph\":[{\"@type\":\"WebSite\",\"@id\":\"https:\/\/atypique.brunotarhan.fr\/#website\",\"url\":\"https:\/\/atypique.brunotarhan.fr\/\",\"name\":\"Atypique Concept Store\",\"description\":\"Just another WordPress site\",\"potentialAction\":[{\"@type\":\"SearchAction\",\"target\":{\"@type\":\"EntryPoint\",\"urlTemplate\":\"https:\/\/atypique.brunotarhan.fr\/?s={search_term_string}\"},\"query-input\":\"required name=search_term_string\"}],\"inLanguage\":\"fr-FR\"},{\"@type\":\"ImageObject\",\"@id\":\"https:\/\/atypique.brunotarhan.fr\/index.php\/produit\/connemaranicolas-mathieuactes-sud\/#primaryimage\",\"inLanguage\":\"fr-FR\",\"url\":\"https:\/\/atypique.brunotarhan.fr\/wp-content\/uploads\/2022\/04\/connemara.webp\",\"contentUrl\":\"https:\/\/atypique.brunotarhan.fr\/wp-content\/uploads\/2022\/04\/connemara.webp\",\"width\":302,\"height\":500},{\"@type\":\"WebPage\",\"@id\":\"https:\/\/atypique.brunotarhan.fr\/index.php\/produit\/connemaranicolas-mathieuactes-sud\/#webpage\",\"url\":\"https:\/\/atypique.brunotarhan.fr\/index.php\/produit\/connemaranicolas-mathieuactes-sud\/\",\"name\":\"Connemara Nicolas Mathieu Actes sud - Atypique Concept Store\",\"isPartOf\":{\"@id\":\"https:\/\/atypique.brunotarhan.fr\/#website\"},\"primaryImageOfPage\":{\"@id\":\"https:\/\/atypique.brunotarhan.fr\/index.php\/produit\/connemaranicolas-mathieuactes-sud\/#primaryimage\"},\"datePublished\":\"2022-04-25T22:31:16+00:00\",\"dateModified\":\"2022-04-25T22:31:16+00:00\",\"breadcrumb\":{\"@id\":\"https:\/\/atypique.brunotarhan.fr\/index.php\/produit\/connemaranicolas-mathieuactes-sud\/#breadcrumb\"},\"inLanguage\":\"fr-FR\",\"potentialAction\":[{\"@type\":\"ReadAction\",\"target\":[\"https:\/\/atypique.brunotarhan.fr\/index.php\/produit\/connemaranicolas-mathieuactes-sud\/\"]}]},{\"@type\":\"BreadcrumbList\",\"@id\":\"https:\/\/atypique.brunotarhan.fr\/index.php\/produit\/connemaranicolas-mathieuactes-sud\/#breadcrumb\",\"itemListElement\":[{\"@type\":\"ListItem\",\"position\":1,\"name\":\"Accueil\",\"item\":\"https:\/\/atypique.brunotarhan.fr\/\"},{\"@type\":\"ListItem\",\"position\":2,\"name\":\"\"},{\"@type\":\"ListItem\",\"position\":3,\"name\":\"Connemara Nicolas Mathieu Actes sud\"}]}]}<\/script>\n<!-- \/ Yoast SEO plugin. -->","yoast_head_json":{"title":"Connemara Nicolas Mathieu Actes sud - Atypique Concept Store","robots":{"index":"index","follow":"follow","max-snippet":"max-snippet:-1","max-image-preview":"max-image-preview:large","max-video-preview":"max-video-preview:-1"},"canonical":"https:\/\/atypique.brunotarhan.fr\/index.php\/produit\/connemaranicolas-mathieuactes-sud\/","og_locale":"fr_FR","og_type":"article","og_title":"Connemara Nicolas Mathieu Actes sud - Atypique Concept Store","og_description":"H\u00e9l\u00e8ne a bient\u00f4t 40 ans. Elle a fait de belles \u00e9tudes, une carri\u00e8re. Elle a r\u00e9alis\u00e9 le programme des magazines et le r\u00eave de son adolescence :..","og_url":"https:\/\/atypique.brunotarhan.fr\/index.php\/produit\/connemaranicolas-mathieuactes-sud\/","og_site_name":"Atypique Concept Store","twitter_card":"summary_large_image","twitter_misc":{"Dur\u00e9e de lecture estim\u00e9e":"1 minute"},"schema":{"@context":"https:\/\/schema.org","@graph":[{"@type":"WebSite","@id":"https:\/\/atypique.brunotarhan.fr\/#website","url":"https:\/\/atypique.brunotarhan.fr\/","name":"Atypique Concept Store","description":"Just another WordPress site","potentialAction":[{"@type":"SearchAction","target":{"@type":"EntryPoint","urlTemplate":"https:\/\/atypique.brunotarhan.fr\/?s={search_term_string}"},"query-input":"required name=search_term_string"}],"inLanguage":"fr-FR"},{"@type":"ImageObject","@id":"https:\/\/atypique.brunotarhan.fr\/index.php\/produit\/connemaranicolas-mathieuactes-sud\/#primaryimage","inLanguage":"fr-FR","url":"https:\/\/atypique.brunotarhan.fr\/wp-content\/uploads\/2022\/04\/connemara.webp","contentUrl":"https:\/\/atypique.brunotarhan.fr\/wp-content\/uploads\/2022\/04\/connemara.webp","width":302,"height":500},{"@type":"WebPage","@id":"https:\/\/atypique.brunotarhan.fr\/index.php\/produit\/connemaranicolas-mathieuactes-sud\/#webpage","url":"https:\/\/atypique.brunotarhan.fr\/index.php\/produit\/connemaranicolas-mathieuactes-sud\/","name":"Connemara Nicolas Mathieu Actes sud - Atypique Concept Store","isPartOf":{"@id":"https:\/\/atypique.brunotarhan.fr\/#website"},"primaryImageOfPage":{"@id":"https:\/\/atypique.brunotarhan.fr\/index.php\/produit\/connemaranicolas-mathieuactes-sud\/#primaryimage"},"datePublished":"2022-04-25T22:31:16+00:00","dateModified":"2022-04-25T22:31:16+00:00","breadcrumb":{"@id":"https:\/\/atypique.brunotarhan.fr\/index.php\/produit\/connemaranicolas-mathieuactes-sud\/#breadcrumb"},"inLanguage":"fr-FR","potentialAction":[{"@type":"ReadAction","target":["https:\/\/atypique.brunotarhan.fr\/index.php\/produit\/connemaranicolas-mathieuactes-sud\/"]}]},{"@type":"BreadcrumbList","@id":"https:\/\/atypique.brunotarhan.fr\/index.php\/produit\/connemaranicolas-mathieuactes-sud\/#breadcrumb","itemListElement":[{"@type":"ListItem","position":1,"name":"Accueil","item":"https:\/\/atypique.brunotarhan.fr\/"},{"@type":"ListItem","position":2,"name":""},{"@type":"ListItem","position":3,"name":"Connemara Nicolas Mathieu Actes sud"}]}]}},"_links":{"self":[{"href":"https:\/\/atypique.brunotarhan.fr\/index.php\/wp-json\/wp\/v2\/product\/16005","targetHints":{"allow":["GET"]}}],"collection":[{"href":"https:\/\/atypique.brunotarhan.fr\/index.php\/wp-json\/wp\/v2\/product"}],"about":[{"href":"https:\/\/atypique.brunotarhan.fr\/index.php\/wp-json\/wp\/v2\/types\/product"}],"replies":[{"embeddable":true,"href":"https:\/\/atypique.brunotarhan.fr\/index.php\/wp-json\/wp\/v2\/comments?post=16005"}],"wp:featuredmedia":[{"embeddable":true,"href":"https:\/\/atypique.brunotarhan.fr\/index.php\/wp-json\/wp\/v2\/media\/15751"}],"wp:attachment":[{"href":"https:\/\/atypique.brunotarhan.fr\/index.php\/wp-json\/wp\/v2\/media?parent=16005"}],"wp:term":[{"taxonomy":"product_cat","embeddable":true,"href":"https:\/\/atypique.brunotarhan.fr\/index.php\/wp-json\/wp\/v2\/product_cat?post=16005"},{"taxonomy":"product_tag","embeddable":true,"href":"https:\/\/atypique.brunotarhan.fr\/index.php\/wp-json\/wp\/v2\/product_tag?post=16005"}],"curies":[{"name":"wp","href":"https:\/\/api.w.org\/{rel}","templated":true}]}}