{"id":16004,"date":"2022-04-25T22:31:15","date_gmt":"2022-04-25T22:31:15","guid":{"rendered":"https:\/\/atypique.brunotarhan.fr\/index.php\/produit\/comme-un-empire-dans-un-empirealice-zeniterjai-lu\/"},"modified":"2022-04-25T22:31:15","modified_gmt":"2022-04-25T22:31:15","slug":"comme-un-empire-dans-un-empirealice-zeniterjai-lu","status":"publish","type":"product","link":"https:\/\/atypique.brunotarhan.fr\/index.php\/produit\/comme-un-empire-dans-un-empirealice-zeniterjai-lu\/","title":{"rendered":"Comme un empire dans un empire\nAlice Zeniter\nJ&#8217;ai lu"},"content":{"rendered":"<p>Il s&#8217;appelle Antoine. Elle se fait appeler L. Il est assistant parlementaire, elle est hackeuse. Ils ont tous les deux choisi de consacrer leur vie \u00e0 un engagement politique, officiellement ou clandestinement, et vont se rencontrer autour d&#8217;une question : comment continuer le combat quand l&#8217;ennemi semble trop puissant pour \u00eatre d\u00e9fait ? Dans ce grand roman de l&#8217;engagement, Alice Zeniter met en sc\u00e8ne une g\u00e9n\u00e9ration face \u00e0 un monde violent, qui cherche, avec une contagieuse obstination, \u00e0 en redessiner les contours, et s&#8217;empare audacieusement de nos existences ultracontemporaines pour interroger ce que signifie, aujourd&#8217;hui, faire de la politique.<\/p>\n","protected":false},"excerpt":{"rendered":"<p>Il s&#8217;appelle Antoine. Elle se fait appeler L. Il est assistant parlementaire, elle est hackeuse. Ils ont tous les deux choisi de consacrer leur vie \u00e0\u2026<\/p>\n","protected":false},"featured_media":15750,"comment_status":"open","ping_status":"closed","template":"","meta":[],"product_cat":[93,186],"product_tag":[254,253,249,189],"class_list":["post-16004","product","type-product","status-publish","has-post-thumbnail","hentry","product_cat-librairie","product_cat-romans","product_tag-alice-zeniter","product_tag-cmme-un-empire-dans-un-empire","product_tag-jai-lu","product_tag-roman"],"yoast_head":"<!-- This site is optimized with the Yoast SEO plugin v18.0 - https:\/\/yoast.com\/wordpress\/plugins\/seo\/ -->\n<title>Comme un empire dans un empire Alice Zeniter J&#039;ai lu - Atypique Concept Store<\/title>\n<meta name=\"robots\" content=\"index, follow, max-snippet:-1, max-image-preview:large, max-video-preview:-1\" \/>\n<link rel=\"canonical\" href=\"https:\/\/atypique.brunotarhan.fr\/index.php\/produit\/comme-un-empire-dans-un-empirealice-zeniterjai-lu\/\" \/>\n<meta property=\"og:locale\" content=\"fr_FR\" \/>\n<meta property=\"og:type\" content=\"article\" \/>\n<meta property=\"og:title\" content=\"Comme un empire dans un empire Alice Zeniter J&#039;ai lu - Atypique Concept Store\" \/>\n<meta property=\"og:description\" content=\"Il s&#039;appelle Antoine. Elle se fait appeler L. Il est assistant parlementaire, elle est hackeuse. Ils ont tous les deux choisi de consacrer leur vie \u00e0\u2026\" \/>\n<meta property=\"og:url\" content=\"https:\/\/atypique.brunotarhan.fr\/index.php\/produit\/comme-un-empire-dans-un-empirealice-zeniterjai-lu\/\" \/>\n<meta property=\"og:site_name\" content=\"Atypique Concept Store\" \/>\n<meta name=\"twitter:card\" content=\"summary_large_image\" \/>\n<script type=\"application\/ld+json\" class=\"yoast-schema-graph\">{\"@context\":\"https:\/\/schema.org\",\"@graph\":[{\"@type\":\"WebSite\",\"@id\":\"https:\/\/atypique.brunotarhan.fr\/#website\",\"url\":\"https:\/\/atypique.brunotarhan.fr\/\",\"name\":\"Atypique Concept Store\",\"description\":\"Just another WordPress site\",\"potentialAction\":[{\"@type\":\"SearchAction\",\"target\":{\"@type\":\"EntryPoint\",\"urlTemplate\":\"https:\/\/atypique.brunotarhan.fr\/?s={search_term_string}\"},\"query-input\":\"required name=search_term_string\"}],\"inLanguage\":\"fr-FR\"},{\"@type\":\"ImageObject\",\"@id\":\"https:\/\/atypique.brunotarhan.fr\/index.php\/produit\/comme-un-empire-dans-un-empirealice-zeniterjai-lu\/#primaryimage\",\"inLanguage\":\"fr-FR\",\"url\":\"https:\/\/atypique.brunotarhan.fr\/wp-content\/uploads\/2022\/04\/comme-un-empire.webp\",\"contentUrl\":\"https:\/\/atypique.brunotarhan.fr\/wp-content\/uploads\/2022\/04\/comme-un-empire.webp\",\"width\":309,\"height\":500},{\"@type\":\"WebPage\",\"@id\":\"https:\/\/atypique.brunotarhan.fr\/index.php\/produit\/comme-un-empire-dans-un-empirealice-zeniterjai-lu\/#webpage\",\"url\":\"https:\/\/atypique.brunotarhan.fr\/index.php\/produit\/comme-un-empire-dans-un-empirealice-zeniterjai-lu\/\",\"name\":\"Comme un empire dans un empire Alice Zeniter J'ai lu - Atypique Concept Store\",\"isPartOf\":{\"@id\":\"https:\/\/atypique.brunotarhan.fr\/#website\"},\"primaryImageOfPage\":{\"@id\":\"https:\/\/atypique.brunotarhan.fr\/index.php\/produit\/comme-un-empire-dans-un-empirealice-zeniterjai-lu\/#primaryimage\"},\"datePublished\":\"2022-04-25T22:31:15+00:00\",\"dateModified\":\"2022-04-25T22:31:15+00:00\",\"breadcrumb\":{\"@id\":\"https:\/\/atypique.brunotarhan.fr\/index.php\/produit\/comme-un-empire-dans-un-empirealice-zeniterjai-lu\/#breadcrumb\"},\"inLanguage\":\"fr-FR\",\"potentialAction\":[{\"@type\":\"ReadAction\",\"target\":[\"https:\/\/atypique.brunotarhan.fr\/index.php\/produit\/comme-un-empire-dans-un-empirealice-zeniterjai-lu\/\"]}]},{\"@type\":\"BreadcrumbList\",\"@id\":\"https:\/\/atypique.brunotarhan.fr\/index.php\/produit\/comme-un-empire-dans-un-empirealice-zeniterjai-lu\/#breadcrumb\",\"itemListElement\":[{\"@type\":\"ListItem\",\"position\":1,\"name\":\"Accueil\",\"item\":\"https:\/\/atypique.brunotarhan.fr\/\"},{\"@type\":\"ListItem\",\"position\":2,\"name\":\"\"},{\"@type\":\"ListItem\",\"position\":3,\"name\":\"Comme un empire dans un empire Alice Zeniter J&#8217;ai lu\"}]}]}<\/script>\n<!-- \/ Yoast SEO plugin. -->","yoast_head_json":{"title":"Comme un empire dans un empire Alice Zeniter J'ai lu - Atypique Concept Store","robots":{"index":"index","follow":"follow","max-snippet":"max-snippet:-1","max-image-preview":"max-image-preview:large","max-video-preview":"max-video-preview:-1"},"canonical":"https:\/\/atypique.brunotarhan.fr\/index.php\/produit\/comme-un-empire-dans-un-empirealice-zeniterjai-lu\/","og_locale":"fr_FR","og_type":"article","og_title":"Comme un empire dans un empire Alice Zeniter J'ai lu - Atypique Concept Store","og_description":"Il s'appelle Antoine. Elle se fait appeler L. Il est assistant parlementaire, elle est hackeuse. Ils ont tous les deux choisi de consacrer leur vie \u00e0\u2026","og_url":"https:\/\/atypique.brunotarhan.fr\/index.php\/produit\/comme-un-empire-dans-un-empirealice-zeniterjai-lu\/","og_site_name":"Atypique Concept Store","twitter_card":"summary_large_image","schema":{"@context":"https:\/\/schema.org","@graph":[{"@type":"WebSite","@id":"https:\/\/atypique.brunotarhan.fr\/#website","url":"https:\/\/atypique.brunotarhan.fr\/","name":"Atypique Concept Store","description":"Just another WordPress site","potentialAction":[{"@type":"SearchAction","target":{"@type":"EntryPoint","urlTemplate":"https:\/\/atypique.brunotarhan.fr\/?s={search_term_string}"},"query-input":"required name=search_term_string"}],"inLanguage":"fr-FR"},{"@type":"ImageObject","@id":"https:\/\/atypique.brunotarhan.fr\/index.php\/produit\/comme-un-empire-dans-un-empirealice-zeniterjai-lu\/#primaryimage","inLanguage":"fr-FR","url":"https:\/\/atypique.brunotarhan.fr\/wp-content\/uploads\/2022\/04\/comme-un-empire.webp","contentUrl":"https:\/\/atypique.brunotarhan.fr\/wp-content\/uploads\/2022\/04\/comme-un-empire.webp","width":309,"height":500},{"@type":"WebPage","@id":"https:\/\/atypique.brunotarhan.fr\/index.php\/produit\/comme-un-empire-dans-un-empirealice-zeniterjai-lu\/#webpage","url":"https:\/\/atypique.brunotarhan.fr\/index.php\/produit\/comme-un-empire-dans-un-empirealice-zeniterjai-lu\/","name":"Comme un empire dans un empire Alice Zeniter J'ai lu - Atypique Concept Store","isPartOf":{"@id":"https:\/\/atypique.brunotarhan.fr\/#website"},"primaryImageOfPage":{"@id":"https:\/\/atypique.brunotarhan.fr\/index.php\/produit\/comme-un-empire-dans-un-empirealice-zeniterjai-lu\/#primaryimage"},"datePublished":"2022-04-25T22:31:15+00:00","dateModified":"2022-04-25T22:31:15+00:00","breadcrumb":{"@id":"https:\/\/atypique.brunotarhan.fr\/index.php\/produit\/comme-un-empire-dans-un-empirealice-zeniterjai-lu\/#breadcrumb"},"inLanguage":"fr-FR","potentialAction":[{"@type":"ReadAction","target":["https:\/\/atypique.brunotarhan.fr\/index.php\/produit\/comme-un-empire-dans-un-empirealice-zeniterjai-lu\/"]}]},{"@type":"BreadcrumbList","@id":"https:\/\/atypique.brunotarhan.fr\/index.php\/produit\/comme-un-empire-dans-un-empirealice-zeniterjai-lu\/#breadcrumb","itemListElement":[{"@type":"ListItem","position":1,"name":"Accueil","item":"https:\/\/atypique.brunotarhan.fr\/"},{"@type":"ListItem","position":2,"name":""},{"@type":"ListItem","position":3,"name":"Comme un empire dans un empire Alice Zeniter J&#8217;ai lu"}]}]}},"_links":{"self":[{"href":"https:\/\/atypique.brunotarhan.fr\/index.php\/wp-json\/wp\/v2\/product\/16004","targetHints":{"allow":["GET"]}}],"collection":[{"href":"https:\/\/atypique.brunotarhan.fr\/index.php\/wp-json\/wp\/v2\/product"}],"about":[{"href":"https:\/\/atypique.brunotarhan.fr\/index.php\/wp-json\/wp\/v2\/types\/product"}],"replies":[{"embeddable":true,"href":"https:\/\/atypique.brunotarhan.fr\/index.php\/wp-json\/wp\/v2\/comments?post=16004"}],"wp:featuredmedia":[{"embeddable":true,"href":"https:\/\/atypique.brunotarhan.fr\/index.php\/wp-json\/wp\/v2\/media\/15750"}],"wp:attachment":[{"href":"https:\/\/atypique.brunotarhan.fr\/index.php\/wp-json\/wp\/v2\/media?parent=16004"}],"wp:term":[{"taxonomy":"product_cat","embeddable":true,"href":"https:\/\/atypique.brunotarhan.fr\/index.php\/wp-json\/wp\/v2\/product_cat?post=16004"},{"taxonomy":"product_tag","embeddable":true,"href":"https:\/\/atypique.brunotarhan.fr\/index.php\/wp-json\/wp\/v2\/product_tag?post=16004"}],"curies":[{"name":"wp","href":"https:\/\/api.w.org\/{rel}","templated":true}]}}