{"id":16003,"date":"2022-04-25T22:31:15","date_gmt":"2022-04-25T22:31:15","guid":{"rendered":"https:\/\/atypique.brunotarhan.fr\/index.php\/produit\/code-612-qui-a-tue-le-petit-prince-michel-bussiles-presses-de-la-cite\/"},"modified":"2022-04-25T22:31:15","modified_gmt":"2022-04-25T22:31:15","slug":"code-612-qui-a-tue-le-petit-prince-michel-bussiles-presses-de-la-cite","status":"publish","type":"product","link":"https:\/\/atypique.brunotarhan.fr\/index.php\/produit\/code-612-qui-a-tue-le-petit-prince-michel-bussiles-presses-de-la-cite\/","title":{"rendered":"Code 612 &#8211; Qui a tu\u00e9 le Petit Prince ?\nMichel Bussi\nLes presses de la cit\u00e9"},"content":{"rendered":"<p>Qui mieux que Michel Bussi pour imaginer une enqu\u00eate passionnante sur le myst\u00e8re et les ombres du Petit Prince et de son cr\u00e9ateur Saint-Exup\u00e9ry ? Roman \u00e0 cl\u00e9, jeu de piste, hommage, Code 612 Qui a tu\u00e9 le Petit Prince ? c\u00e9l\u00e8bre les 75 ans du Petit Prince. Un livre indispensable pour les amoureux du conte et de son auteur. Avec la signature Bussi : ludique, po\u00e9tique, surprenante. Il est le livre le plus traduit au monde, apr\u00e8s la Bible, et l&#8217;un des plus vendus, conte \u00e9trange et fascinant.<br \/>\nIl est l&#8217;incarnation universelle de l&#8217;enfance, petit gar\u00e7on blond, mordu mortellement par un serpent&#8230; Mais la v\u00e9rit\u00e9 est-elle aussi simple ? S&#8217;est-on vraiment d\u00e9j\u00e0 pos\u00e9 la question : &#8221; Qui a tu\u00e9 le Petit Prince ? &#8221; Saint-Exup\u00e9ry n&#8217;aurait-il pas dissimul\u00e9 l&#8217;identit\u00e9 de l&#8217;assassin dans son roman, lui dont la mort, quelques mois apr\u00e8s la parution de son livre, reste tout aussi myst\u00e9rieuse ? Code 612.<br \/>\nQui a tu\u00e9 le Petit Prince ? passe en revue hypoth\u00e8ses, coupables et mobiles, pour enfin r\u00e9v\u00e9ler la v\u00e9rit\u00e9 stup\u00e9fiante sur le secret de Saint-Exup\u00e9ry, et de son double de papier. Si vous d\u00e9cidez de la croire&#8230;<\/p>\n","protected":false},"excerpt":{"rendered":"<p>Qui mieux que Michel Bussi pour imaginer une enqu\u00eate passionnante sur le myst\u00e8re et les ombres du Petit Prince et de son cr\u00e9ateur Saint-Exup\u00e9ry ?&#8230;<\/p>\n","protected":false},"featured_media":15749,"comment_status":"open","ping_status":"closed","template":"","meta":[],"product_cat":[93,186],"product_tag":[250,252,251,189],"class_list":["post-16003","product","type-product","status-publish","has-post-thumbnail","hentry","product_cat-librairie","product_cat-romans","product_tag-code-612","product_tag-les-presses-de-la-cite","product_tag-michel-bussi","product_tag-roman"],"yoast_head":"<!-- This site is optimized with the Yoast SEO plugin v18.0 - https:\/\/yoast.com\/wordpress\/plugins\/seo\/ -->\n<title>Code 612 - Qui a tu\u00e9 le Petit Prince ? Michel Bussi Les presses de la cit\u00e9 - Atypique Concept Store<\/title>\n<meta name=\"robots\" content=\"index, follow, max-snippet:-1, max-image-preview:large, max-video-preview:-1\" \/>\n<link rel=\"canonical\" href=\"https:\/\/atypique.brunotarhan.fr\/index.php\/produit\/code-612-qui-a-tue-le-petit-prince-michel-bussiles-presses-de-la-cite\/\" \/>\n<meta property=\"og:locale\" content=\"fr_FR\" \/>\n<meta property=\"og:type\" content=\"article\" \/>\n<meta property=\"og:title\" content=\"Code 612 - Qui a tu\u00e9 le Petit Prince ? Michel Bussi Les presses de la cit\u00e9 - Atypique Concept Store\" \/>\n<meta property=\"og:description\" content=\"Qui mieux que Michel Bussi pour imaginer une enqu\u00eate passionnante sur le myst\u00e8re et les ombres du Petit Prince et de son cr\u00e9ateur Saint-Exup\u00e9ry ?...\" \/>\n<meta property=\"og:url\" content=\"https:\/\/atypique.brunotarhan.fr\/index.php\/produit\/code-612-qui-a-tue-le-petit-prince-michel-bussiles-presses-de-la-cite\/\" \/>\n<meta property=\"og:site_name\" content=\"Atypique Concept Store\" \/>\n<meta name=\"twitter:card\" content=\"summary_large_image\" \/>\n<meta name=\"twitter:label1\" content=\"Dur\u00e9e de lecture estim\u00e9e\" \/>\n\t<meta name=\"twitter:data1\" content=\"1 minute\" \/>\n<script type=\"application\/ld+json\" class=\"yoast-schema-graph\">{\"@context\":\"https:\/\/schema.org\",\"@graph\":[{\"@type\":\"WebSite\",\"@id\":\"https:\/\/atypique.brunotarhan.fr\/#website\",\"url\":\"https:\/\/atypique.brunotarhan.fr\/\",\"name\":\"Atypique Concept Store\",\"description\":\"Just another WordPress site\",\"potentialAction\":[{\"@type\":\"SearchAction\",\"target\":{\"@type\":\"EntryPoint\",\"urlTemplate\":\"https:\/\/atypique.brunotarhan.fr\/?s={search_term_string}\"},\"query-input\":\"required name=search_term_string\"}],\"inLanguage\":\"fr-FR\"},{\"@type\":\"ImageObject\",\"@id\":\"https:\/\/atypique.brunotarhan.fr\/index.php\/produit\/code-612-qui-a-tue-le-petit-prince-michel-bussiles-presses-de-la-cite\/#primaryimage\",\"inLanguage\":\"fr-FR\",\"url\":\"https:\/\/atypique.brunotarhan.fr\/wp-content\/uploads\/2022\/04\/code-612.webp\",\"contentUrl\":\"https:\/\/atypique.brunotarhan.fr\/wp-content\/uploads\/2022\/04\/code-612.webp\",\"width\":325,\"height\":500},{\"@type\":\"WebPage\",\"@id\":\"https:\/\/atypique.brunotarhan.fr\/index.php\/produit\/code-612-qui-a-tue-le-petit-prince-michel-bussiles-presses-de-la-cite\/#webpage\",\"url\":\"https:\/\/atypique.brunotarhan.fr\/index.php\/produit\/code-612-qui-a-tue-le-petit-prince-michel-bussiles-presses-de-la-cite\/\",\"name\":\"Code 612 - Qui a tu\u00e9 le Petit Prince ? Michel Bussi Les presses de la cit\u00e9 - Atypique Concept Store\",\"isPartOf\":{\"@id\":\"https:\/\/atypique.brunotarhan.fr\/#website\"},\"primaryImageOfPage\":{\"@id\":\"https:\/\/atypique.brunotarhan.fr\/index.php\/produit\/code-612-qui-a-tue-le-petit-prince-michel-bussiles-presses-de-la-cite\/#primaryimage\"},\"datePublished\":\"2022-04-25T22:31:15+00:00\",\"dateModified\":\"2022-04-25T22:31:15+00:00\",\"breadcrumb\":{\"@id\":\"https:\/\/atypique.brunotarhan.fr\/index.php\/produit\/code-612-qui-a-tue-le-petit-prince-michel-bussiles-presses-de-la-cite\/#breadcrumb\"},\"inLanguage\":\"fr-FR\",\"potentialAction\":[{\"@type\":\"ReadAction\",\"target\":[\"https:\/\/atypique.brunotarhan.fr\/index.php\/produit\/code-612-qui-a-tue-le-petit-prince-michel-bussiles-presses-de-la-cite\/\"]}]},{\"@type\":\"BreadcrumbList\",\"@id\":\"https:\/\/atypique.brunotarhan.fr\/index.php\/produit\/code-612-qui-a-tue-le-petit-prince-michel-bussiles-presses-de-la-cite\/#breadcrumb\",\"itemListElement\":[{\"@type\":\"ListItem\",\"position\":1,\"name\":\"Accueil\",\"item\":\"https:\/\/atypique.brunotarhan.fr\/\"},{\"@type\":\"ListItem\",\"position\":2,\"name\":\"\"},{\"@type\":\"ListItem\",\"position\":3,\"name\":\"Code 612 &#8211; Qui a tu\u00e9 le Petit Prince ? Michel Bussi Les presses de la cit\u00e9\"}]}]}<\/script>\n<!-- \/ Yoast SEO plugin. -->","yoast_head_json":{"title":"Code 612 - Qui a tu\u00e9 le Petit Prince ? Michel Bussi Les presses de la cit\u00e9 - Atypique Concept Store","robots":{"index":"index","follow":"follow","max-snippet":"max-snippet:-1","max-image-preview":"max-image-preview:large","max-video-preview":"max-video-preview:-1"},"canonical":"https:\/\/atypique.brunotarhan.fr\/index.php\/produit\/code-612-qui-a-tue-le-petit-prince-michel-bussiles-presses-de-la-cite\/","og_locale":"fr_FR","og_type":"article","og_title":"Code 612 - Qui a tu\u00e9 le Petit Prince ? Michel Bussi Les presses de la cit\u00e9 - Atypique Concept Store","og_description":"Qui mieux que Michel Bussi pour imaginer une enqu\u00eate passionnante sur le myst\u00e8re et les ombres du Petit Prince et de son cr\u00e9ateur Saint-Exup\u00e9ry ?...","og_url":"https:\/\/atypique.brunotarhan.fr\/index.php\/produit\/code-612-qui-a-tue-le-petit-prince-michel-bussiles-presses-de-la-cite\/","og_site_name":"Atypique Concept Store","twitter_card":"summary_large_image","twitter_misc":{"Dur\u00e9e de lecture estim\u00e9e":"1 minute"},"schema":{"@context":"https:\/\/schema.org","@graph":[{"@type":"WebSite","@id":"https:\/\/atypique.brunotarhan.fr\/#website","url":"https:\/\/atypique.brunotarhan.fr\/","name":"Atypique Concept Store","description":"Just another WordPress site","potentialAction":[{"@type":"SearchAction","target":{"@type":"EntryPoint","urlTemplate":"https:\/\/atypique.brunotarhan.fr\/?s={search_term_string}"},"query-input":"required name=search_term_string"}],"inLanguage":"fr-FR"},{"@type":"ImageObject","@id":"https:\/\/atypique.brunotarhan.fr\/index.php\/produit\/code-612-qui-a-tue-le-petit-prince-michel-bussiles-presses-de-la-cite\/#primaryimage","inLanguage":"fr-FR","url":"https:\/\/atypique.brunotarhan.fr\/wp-content\/uploads\/2022\/04\/code-612.webp","contentUrl":"https:\/\/atypique.brunotarhan.fr\/wp-content\/uploads\/2022\/04\/code-612.webp","width":325,"height":500},{"@type":"WebPage","@id":"https:\/\/atypique.brunotarhan.fr\/index.php\/produit\/code-612-qui-a-tue-le-petit-prince-michel-bussiles-presses-de-la-cite\/#webpage","url":"https:\/\/atypique.brunotarhan.fr\/index.php\/produit\/code-612-qui-a-tue-le-petit-prince-michel-bussiles-presses-de-la-cite\/","name":"Code 612 - Qui a tu\u00e9 le Petit Prince ? Michel Bussi Les presses de la cit\u00e9 - Atypique Concept Store","isPartOf":{"@id":"https:\/\/atypique.brunotarhan.fr\/#website"},"primaryImageOfPage":{"@id":"https:\/\/atypique.brunotarhan.fr\/index.php\/produit\/code-612-qui-a-tue-le-petit-prince-michel-bussiles-presses-de-la-cite\/#primaryimage"},"datePublished":"2022-04-25T22:31:15+00:00","dateModified":"2022-04-25T22:31:15+00:00","breadcrumb":{"@id":"https:\/\/atypique.brunotarhan.fr\/index.php\/produit\/code-612-qui-a-tue-le-petit-prince-michel-bussiles-presses-de-la-cite\/#breadcrumb"},"inLanguage":"fr-FR","potentialAction":[{"@type":"ReadAction","target":["https:\/\/atypique.brunotarhan.fr\/index.php\/produit\/code-612-qui-a-tue-le-petit-prince-michel-bussiles-presses-de-la-cite\/"]}]},{"@type":"BreadcrumbList","@id":"https:\/\/atypique.brunotarhan.fr\/index.php\/produit\/code-612-qui-a-tue-le-petit-prince-michel-bussiles-presses-de-la-cite\/#breadcrumb","itemListElement":[{"@type":"ListItem","position":1,"name":"Accueil","item":"https:\/\/atypique.brunotarhan.fr\/"},{"@type":"ListItem","position":2,"name":""},{"@type":"ListItem","position":3,"name":"Code 612 &#8211; Qui a tu\u00e9 le Petit Prince ? Michel Bussi Les presses de la cit\u00e9"}]}]}},"_links":{"self":[{"href":"https:\/\/atypique.brunotarhan.fr\/index.php\/wp-json\/wp\/v2\/product\/16003","targetHints":{"allow":["GET"]}}],"collection":[{"href":"https:\/\/atypique.brunotarhan.fr\/index.php\/wp-json\/wp\/v2\/product"}],"about":[{"href":"https:\/\/atypique.brunotarhan.fr\/index.php\/wp-json\/wp\/v2\/types\/product"}],"replies":[{"embeddable":true,"href":"https:\/\/atypique.brunotarhan.fr\/index.php\/wp-json\/wp\/v2\/comments?post=16003"}],"wp:featuredmedia":[{"embeddable":true,"href":"https:\/\/atypique.brunotarhan.fr\/index.php\/wp-json\/wp\/v2\/media\/15749"}],"wp:attachment":[{"href":"https:\/\/atypique.brunotarhan.fr\/index.php\/wp-json\/wp\/v2\/media?parent=16003"}],"wp:term":[{"taxonomy":"product_cat","embeddable":true,"href":"https:\/\/atypique.brunotarhan.fr\/index.php\/wp-json\/wp\/v2\/product_cat?post=16003"},{"taxonomy":"product_tag","embeddable":true,"href":"https:\/\/atypique.brunotarhan.fr\/index.php\/wp-json\/wp\/v2\/product_tag?post=16003"}],"curies":[{"name":"wp","href":"https:\/\/api.w.org\/{rel}","templated":true}]}}