{"id":16002,"date":"2022-04-25T22:31:15","date_gmt":"2022-04-25T22:31:15","guid":{"rendered":"https:\/\/atypique.brunotarhan.fr\/index.php\/produit\/chien-loupserge-joncourjai-lu\/"},"modified":"2022-04-25T22:31:15","modified_gmt":"2022-04-25T22:31:15","slug":"chien-loupserge-joncourjai-lu","status":"publish","type":"product","link":"https:\/\/atypique.brunotarhan.fr\/index.php\/produit\/chien-loupserge-joncourjai-lu\/","title":{"rendered":"Chien-Loup\nSerge Joncour\nJ&#8217;ai lu"},"content":{"rendered":"<p>Franck et Lise avaient d\u00e9cid\u00e9 de passer l&#8217;\u00e9t\u00e9 au calme, dans une maison perdue dans le Lot. Ils ignoraient qu&#8217;elle avait abrit\u00e9 un dompteur allemand et ses fauves pendant la Premi\u00e8re Guerre mondiale, et qu&#8217;une b\u00eate, entre chien et loup, les y attendait. Franck croyait encore que la nature n&#8217;avait plus rien de sauvage ; il pensait que les guerres du pass\u00e9, o\u00f9 les hommes s&#8217;entretuaient, avaient c\u00e9d\u00e9 la place \u00e0 des guerres plus insidieuses, moins meurtri\u00e8res.<br \/>\nCa, c&#8217;\u00e9tait en arrivant. Serge Joncour d\u00e9terre un pass\u00e9 peupl\u00e9 de b\u00eates et an\u00e9anti par la guerre, comme pour mieux \u00e9clairer notre monde contemporain o\u00f9 la sauvagerie est toujours pr\u00eate \u00e0 surgir au coeur de nos existences civilis\u00e9es, tel un chien-loup. Prix Landerneau des Lecteurs 2018.<\/p>\n","protected":false},"excerpt":{"rendered":"<p>Franck et Lise avaient d\u00e9cid\u00e9 de passer l&#8217;\u00e9t\u00e9 au calme, dans une maison perdue dans le Lot. Ils ignoraient qu&#8217;elle avait abrit\u00e9 un dompteur allemand\u2026<\/p>\n","protected":false},"featured_media":15748,"comment_status":"open","ping_status":"closed","template":"","meta":[],"product_cat":[93,186],"product_tag":[247,249,189,248],"class_list":["post-16002","product","type-product","status-publish","has-post-thumbnail","hentry","product_cat-librairie","product_cat-romans","product_tag-chien-loup","product_tag-jai-lu","product_tag-roman","product_tag-serge-joncour"],"yoast_head":"<!-- This site is optimized with the Yoast SEO plugin v18.0 - https:\/\/yoast.com\/wordpress\/plugins\/seo\/ -->\n<title>Chien-Loup Serge Joncour J&#039;ai lu - Atypique Concept Store<\/title>\n<meta name=\"robots\" content=\"index, follow, max-snippet:-1, max-image-preview:large, max-video-preview:-1\" \/>\n<link rel=\"canonical\" href=\"https:\/\/atypique.brunotarhan.fr\/index.php\/produit\/chien-loupserge-joncourjai-lu\/\" \/>\n<meta property=\"og:locale\" content=\"fr_FR\" \/>\n<meta property=\"og:type\" content=\"article\" \/>\n<meta property=\"og:title\" content=\"Chien-Loup Serge Joncour J&#039;ai lu - Atypique Concept Store\" \/>\n<meta property=\"og:description\" content=\"Franck et Lise avaient d\u00e9cid\u00e9 de passer l&#039;\u00e9t\u00e9 au calme, dans une maison perdue dans le Lot. Ils ignoraient qu&#039;elle avait abrit\u00e9 un dompteur allemand\u2026\" \/>\n<meta property=\"og:url\" content=\"https:\/\/atypique.brunotarhan.fr\/index.php\/produit\/chien-loupserge-joncourjai-lu\/\" \/>\n<meta property=\"og:site_name\" content=\"Atypique Concept Store\" \/>\n<meta name=\"twitter:card\" content=\"summary_large_image\" \/>\n<meta name=\"twitter:label1\" content=\"Dur\u00e9e de lecture estim\u00e9e\" \/>\n\t<meta name=\"twitter:data1\" content=\"1 minute\" \/>\n<script type=\"application\/ld+json\" class=\"yoast-schema-graph\">{\"@context\":\"https:\/\/schema.org\",\"@graph\":[{\"@type\":\"WebSite\",\"@id\":\"https:\/\/atypique.brunotarhan.fr\/#website\",\"url\":\"https:\/\/atypique.brunotarhan.fr\/\",\"name\":\"Atypique Concept Store\",\"description\":\"Just another WordPress site\",\"potentialAction\":[{\"@type\":\"SearchAction\",\"target\":{\"@type\":\"EntryPoint\",\"urlTemplate\":\"https:\/\/atypique.brunotarhan.fr\/?s={search_term_string}\"},\"query-input\":\"required name=search_term_string\"}],\"inLanguage\":\"fr-FR\"},{\"@type\":\"ImageObject\",\"@id\":\"https:\/\/atypique.brunotarhan.fr\/index.php\/produit\/chien-loupserge-joncourjai-lu\/#primaryimage\",\"inLanguage\":\"fr-FR\",\"url\":\"https:\/\/atypique.brunotarhan.fr\/wp-content\/uploads\/2022\/04\/chien-loup.webp\",\"contentUrl\":\"https:\/\/atypique.brunotarhan.fr\/wp-content\/uploads\/2022\/04\/chien-loup.webp\",\"width\":309,\"height\":500},{\"@type\":\"WebPage\",\"@id\":\"https:\/\/atypique.brunotarhan.fr\/index.php\/produit\/chien-loupserge-joncourjai-lu\/#webpage\",\"url\":\"https:\/\/atypique.brunotarhan.fr\/index.php\/produit\/chien-loupserge-joncourjai-lu\/\",\"name\":\"Chien-Loup Serge Joncour J'ai lu - Atypique Concept Store\",\"isPartOf\":{\"@id\":\"https:\/\/atypique.brunotarhan.fr\/#website\"},\"primaryImageOfPage\":{\"@id\":\"https:\/\/atypique.brunotarhan.fr\/index.php\/produit\/chien-loupserge-joncourjai-lu\/#primaryimage\"},\"datePublished\":\"2022-04-25T22:31:15+00:00\",\"dateModified\":\"2022-04-25T22:31:15+00:00\",\"breadcrumb\":{\"@id\":\"https:\/\/atypique.brunotarhan.fr\/index.php\/produit\/chien-loupserge-joncourjai-lu\/#breadcrumb\"},\"inLanguage\":\"fr-FR\",\"potentialAction\":[{\"@type\":\"ReadAction\",\"target\":[\"https:\/\/atypique.brunotarhan.fr\/index.php\/produit\/chien-loupserge-joncourjai-lu\/\"]}]},{\"@type\":\"BreadcrumbList\",\"@id\":\"https:\/\/atypique.brunotarhan.fr\/index.php\/produit\/chien-loupserge-joncourjai-lu\/#breadcrumb\",\"itemListElement\":[{\"@type\":\"ListItem\",\"position\":1,\"name\":\"Accueil\",\"item\":\"https:\/\/atypique.brunotarhan.fr\/\"},{\"@type\":\"ListItem\",\"position\":2,\"name\":\"\"},{\"@type\":\"ListItem\",\"position\":3,\"name\":\"Chien-Loup Serge Joncour J&#8217;ai lu\"}]}]}<\/script>\n<!-- \/ Yoast SEO plugin. -->","yoast_head_json":{"title":"Chien-Loup Serge Joncour J'ai lu - Atypique Concept Store","robots":{"index":"index","follow":"follow","max-snippet":"max-snippet:-1","max-image-preview":"max-image-preview:large","max-video-preview":"max-video-preview:-1"},"canonical":"https:\/\/atypique.brunotarhan.fr\/index.php\/produit\/chien-loupserge-joncourjai-lu\/","og_locale":"fr_FR","og_type":"article","og_title":"Chien-Loup Serge Joncour J'ai lu - Atypique Concept Store","og_description":"Franck et Lise avaient d\u00e9cid\u00e9 de passer l'\u00e9t\u00e9 au calme, dans une maison perdue dans le Lot. Ils ignoraient qu'elle avait abrit\u00e9 un dompteur allemand\u2026","og_url":"https:\/\/atypique.brunotarhan.fr\/index.php\/produit\/chien-loupserge-joncourjai-lu\/","og_site_name":"Atypique Concept Store","twitter_card":"summary_large_image","twitter_misc":{"Dur\u00e9e de lecture estim\u00e9e":"1 minute"},"schema":{"@context":"https:\/\/schema.org","@graph":[{"@type":"WebSite","@id":"https:\/\/atypique.brunotarhan.fr\/#website","url":"https:\/\/atypique.brunotarhan.fr\/","name":"Atypique Concept Store","description":"Just another WordPress site","potentialAction":[{"@type":"SearchAction","target":{"@type":"EntryPoint","urlTemplate":"https:\/\/atypique.brunotarhan.fr\/?s={search_term_string}"},"query-input":"required name=search_term_string"}],"inLanguage":"fr-FR"},{"@type":"ImageObject","@id":"https:\/\/atypique.brunotarhan.fr\/index.php\/produit\/chien-loupserge-joncourjai-lu\/#primaryimage","inLanguage":"fr-FR","url":"https:\/\/atypique.brunotarhan.fr\/wp-content\/uploads\/2022\/04\/chien-loup.webp","contentUrl":"https:\/\/atypique.brunotarhan.fr\/wp-content\/uploads\/2022\/04\/chien-loup.webp","width":309,"height":500},{"@type":"WebPage","@id":"https:\/\/atypique.brunotarhan.fr\/index.php\/produit\/chien-loupserge-joncourjai-lu\/#webpage","url":"https:\/\/atypique.brunotarhan.fr\/index.php\/produit\/chien-loupserge-joncourjai-lu\/","name":"Chien-Loup Serge Joncour J'ai lu - Atypique Concept Store","isPartOf":{"@id":"https:\/\/atypique.brunotarhan.fr\/#website"},"primaryImageOfPage":{"@id":"https:\/\/atypique.brunotarhan.fr\/index.php\/produit\/chien-loupserge-joncourjai-lu\/#primaryimage"},"datePublished":"2022-04-25T22:31:15+00:00","dateModified":"2022-04-25T22:31:15+00:00","breadcrumb":{"@id":"https:\/\/atypique.brunotarhan.fr\/index.php\/produit\/chien-loupserge-joncourjai-lu\/#breadcrumb"},"inLanguage":"fr-FR","potentialAction":[{"@type":"ReadAction","target":["https:\/\/atypique.brunotarhan.fr\/index.php\/produit\/chien-loupserge-joncourjai-lu\/"]}]},{"@type":"BreadcrumbList","@id":"https:\/\/atypique.brunotarhan.fr\/index.php\/produit\/chien-loupserge-joncourjai-lu\/#breadcrumb","itemListElement":[{"@type":"ListItem","position":1,"name":"Accueil","item":"https:\/\/atypique.brunotarhan.fr\/"},{"@type":"ListItem","position":2,"name":""},{"@type":"ListItem","position":3,"name":"Chien-Loup Serge Joncour J&#8217;ai lu"}]}]}},"_links":{"self":[{"href":"https:\/\/atypique.brunotarhan.fr\/index.php\/wp-json\/wp\/v2\/product\/16002","targetHints":{"allow":["GET"]}}],"collection":[{"href":"https:\/\/atypique.brunotarhan.fr\/index.php\/wp-json\/wp\/v2\/product"}],"about":[{"href":"https:\/\/atypique.brunotarhan.fr\/index.php\/wp-json\/wp\/v2\/types\/product"}],"replies":[{"embeddable":true,"href":"https:\/\/atypique.brunotarhan.fr\/index.php\/wp-json\/wp\/v2\/comments?post=16002"}],"wp:featuredmedia":[{"embeddable":true,"href":"https:\/\/atypique.brunotarhan.fr\/index.php\/wp-json\/wp\/v2\/media\/15748"}],"wp:attachment":[{"href":"https:\/\/atypique.brunotarhan.fr\/index.php\/wp-json\/wp\/v2\/media?parent=16002"}],"wp:term":[{"taxonomy":"product_cat","embeddable":true,"href":"https:\/\/atypique.brunotarhan.fr\/index.php\/wp-json\/wp\/v2\/product_cat?post=16002"},{"taxonomy":"product_tag","embeddable":true,"href":"https:\/\/atypique.brunotarhan.fr\/index.php\/wp-json\/wp\/v2\/product_tag?post=16002"}],"curies":[{"name":"wp","href":"https:\/\/api.w.org\/{rel}","templated":true}]}}