{"id":16001,"date":"2022-04-25T22:31:15","date_gmt":"2022-04-25T22:31:15","guid":{"rendered":"https:\/\/atypique.brunotarhan.fr\/index.php\/produit\/chere-mamie-au-pays-du-confinementvirginie-grimadilivre-de-poche\/"},"modified":"2022-04-25T22:31:15","modified_gmt":"2022-04-25T22:31:15","slug":"chere-mamie-au-pays-du-confinementvirginie-grimadilivre-de-poche","status":"publish","type":"product","link":"https:\/\/atypique.brunotarhan.fr\/index.php\/produit\/chere-mamie-au-pays-du-confinementvirginie-grimadilivre-de-poche\/","title":{"rendered":"Ch\u00e8re Mamie au pays du confinement\nVirginie Grimadi\nLivre de poche"},"content":{"rendered":"<p>Ch\u00e8re mamie, J&#8217;esp\u00e8re que tu vas bien et que papy aussi. Pendant 55 jours, pour se prot\u00e9ger du Covid-19, nous avons d\u00fb rester confin\u00e9s chez nous. J&#8217;avais besoin de conjurer l&#8217;angoisse, alors chaque jour je t&#8217;ai \u00e9crit. La vie se chargeait de me fournir l&#8217;inspiration, et je ne manquais pas de grossir le trait, pour te distraire, pour me distraire. Aujourd&#8217;hui, je vais partager ces lettres avec tout le monde.<br \/>\nC&#8217;est tr\u00e8s \u00e9mouvant de penser que l&#8217;on a tous v\u00e9cu la m\u00eame chose au m\u00eame moment. Il faut que je te pr\u00e9vienne : tous les b\u00e9n\u00e9fices seront revers\u00e9s \u00e0 la Fondation H\u00f4pitaux de Paris-H\u00f4pitaux de France, qui soutient ceux qui ont port\u00e9 le pays \u00e0 bout de bras pendant deux mois. C&#8217;est un moyen de se sentir un peu utile, apr\u00e8s s&#8217;\u00eatre trouv\u00e9 bien impuissant. Gros bisous \u00e0 toi et \u00e0 papy, Ginie Depuis 1989, la Fondation H\u00f4pitaux de Paris-H\u00f4pitaux de France oeuvre pour am\u00e9liorer le quotidien des personnes \u00e0 l&#8217;h\u00f4pital.<\/p>\n","protected":false},"excerpt":{"rendered":"<p>Ch\u00e8re mamie, J&#8217;esp\u00e8re que tu vas bien et que papy aussi. Pendant 55 jours, pour se prot\u00e9ger du Covid-19, nous avons d\u00fb rester confin\u00e9s chez nous\u2026<\/p>\n","protected":false},"featured_media":15747,"comment_status":"open","ping_status":"closed","template":"","meta":[],"product_cat":[93,186],"product_tag":[245,242,189,246],"class_list":["post-16001","product","type-product","status-publish","has-post-thumbnail","hentry","product_cat-librairie","product_cat-romans","product_tag-chere-mamie","product_tag-livre-de-poche","product_tag-roman","product_tag-virginie-grimaldi"],"yoast_head":"<!-- This site is optimized with the Yoast SEO plugin v18.0 - https:\/\/yoast.com\/wordpress\/plugins\/seo\/ -->\n<title>Ch\u00e8re Mamie au pays du confinement Virginie Grimadi Livre de poche - Atypique Concept Store<\/title>\n<meta name=\"robots\" content=\"index, follow, max-snippet:-1, max-image-preview:large, max-video-preview:-1\" \/>\n<link rel=\"canonical\" href=\"https:\/\/atypique.brunotarhan.fr\/index.php\/produit\/chere-mamie-au-pays-du-confinementvirginie-grimadilivre-de-poche\/\" \/>\n<meta property=\"og:locale\" content=\"fr_FR\" \/>\n<meta property=\"og:type\" content=\"article\" \/>\n<meta property=\"og:title\" content=\"Ch\u00e8re Mamie au pays du confinement Virginie Grimadi Livre de poche - Atypique Concept Store\" \/>\n<meta property=\"og:description\" content=\"Ch\u00e8re mamie, J&#039;esp\u00e8re que tu vas bien et que papy aussi. Pendant 55 jours, pour se prot\u00e9ger du Covid-19, nous avons d\u00fb rester confin\u00e9s chez nous\u2026\" \/>\n<meta property=\"og:url\" content=\"https:\/\/atypique.brunotarhan.fr\/index.php\/produit\/chere-mamie-au-pays-du-confinementvirginie-grimadilivre-de-poche\/\" \/>\n<meta property=\"og:site_name\" content=\"Atypique Concept Store\" \/>\n<meta name=\"twitter:card\" content=\"summary_large_image\" \/>\n<meta name=\"twitter:label1\" content=\"Dur\u00e9e de lecture estim\u00e9e\" \/>\n\t<meta name=\"twitter:data1\" content=\"1 minute\" \/>\n<script type=\"application\/ld+json\" class=\"yoast-schema-graph\">{\"@context\":\"https:\/\/schema.org\",\"@graph\":[{\"@type\":\"WebSite\",\"@id\":\"https:\/\/atypique.brunotarhan.fr\/#website\",\"url\":\"https:\/\/atypique.brunotarhan.fr\/\",\"name\":\"Atypique Concept Store\",\"description\":\"Just another WordPress site\",\"potentialAction\":[{\"@type\":\"SearchAction\",\"target\":{\"@type\":\"EntryPoint\",\"urlTemplate\":\"https:\/\/atypique.brunotarhan.fr\/?s={search_term_string}\"},\"query-input\":\"required name=search_term_string\"}],\"inLanguage\":\"fr-FR\"},{\"@type\":\"ImageObject\",\"@id\":\"https:\/\/atypique.brunotarhan.fr\/index.php\/produit\/chere-mamie-au-pays-du-confinementvirginie-grimadilivre-de-poche\/#primaryimage\",\"inLanguage\":\"fr-FR\",\"url\":\"https:\/\/atypique.brunotarhan.fr\/wp-content\/uploads\/2022\/04\/chere-mamie-au-pays-du-confinement.webp\",\"contentUrl\":\"https:\/\/atypique.brunotarhan.fr\/wp-content\/uploads\/2022\/04\/chere-mamie-au-pays-du-confinement.webp\",\"width\":309,\"height\":500},{\"@type\":\"WebPage\",\"@id\":\"https:\/\/atypique.brunotarhan.fr\/index.php\/produit\/chere-mamie-au-pays-du-confinementvirginie-grimadilivre-de-poche\/#webpage\",\"url\":\"https:\/\/atypique.brunotarhan.fr\/index.php\/produit\/chere-mamie-au-pays-du-confinementvirginie-grimadilivre-de-poche\/\",\"name\":\"Ch\u00e8re Mamie au pays du confinement Virginie Grimadi Livre de poche - Atypique Concept Store\",\"isPartOf\":{\"@id\":\"https:\/\/atypique.brunotarhan.fr\/#website\"},\"primaryImageOfPage\":{\"@id\":\"https:\/\/atypique.brunotarhan.fr\/index.php\/produit\/chere-mamie-au-pays-du-confinementvirginie-grimadilivre-de-poche\/#primaryimage\"},\"datePublished\":\"2022-04-25T22:31:15+00:00\",\"dateModified\":\"2022-04-25T22:31:15+00:00\",\"breadcrumb\":{\"@id\":\"https:\/\/atypique.brunotarhan.fr\/index.php\/produit\/chere-mamie-au-pays-du-confinementvirginie-grimadilivre-de-poche\/#breadcrumb\"},\"inLanguage\":\"fr-FR\",\"potentialAction\":[{\"@type\":\"ReadAction\",\"target\":[\"https:\/\/atypique.brunotarhan.fr\/index.php\/produit\/chere-mamie-au-pays-du-confinementvirginie-grimadilivre-de-poche\/\"]}]},{\"@type\":\"BreadcrumbList\",\"@id\":\"https:\/\/atypique.brunotarhan.fr\/index.php\/produit\/chere-mamie-au-pays-du-confinementvirginie-grimadilivre-de-poche\/#breadcrumb\",\"itemListElement\":[{\"@type\":\"ListItem\",\"position\":1,\"name\":\"Accueil\",\"item\":\"https:\/\/atypique.brunotarhan.fr\/\"},{\"@type\":\"ListItem\",\"position\":2,\"name\":\"\"},{\"@type\":\"ListItem\",\"position\":3,\"name\":\"Ch\u00e8re Mamie au pays du confinement Virginie Grimadi Livre de poche\"}]}]}<\/script>\n<!-- \/ Yoast SEO plugin. -->","yoast_head_json":{"title":"Ch\u00e8re Mamie au pays du confinement Virginie Grimadi Livre de poche - Atypique Concept Store","robots":{"index":"index","follow":"follow","max-snippet":"max-snippet:-1","max-image-preview":"max-image-preview:large","max-video-preview":"max-video-preview:-1"},"canonical":"https:\/\/atypique.brunotarhan.fr\/index.php\/produit\/chere-mamie-au-pays-du-confinementvirginie-grimadilivre-de-poche\/","og_locale":"fr_FR","og_type":"article","og_title":"Ch\u00e8re Mamie au pays du confinement Virginie Grimadi Livre de poche - Atypique Concept Store","og_description":"Ch\u00e8re mamie, J'esp\u00e8re que tu vas bien et que papy aussi. Pendant 55 jours, pour se prot\u00e9ger du Covid-19, nous avons d\u00fb rester confin\u00e9s chez nous\u2026","og_url":"https:\/\/atypique.brunotarhan.fr\/index.php\/produit\/chere-mamie-au-pays-du-confinementvirginie-grimadilivre-de-poche\/","og_site_name":"Atypique Concept Store","twitter_card":"summary_large_image","twitter_misc":{"Dur\u00e9e de lecture estim\u00e9e":"1 minute"},"schema":{"@context":"https:\/\/schema.org","@graph":[{"@type":"WebSite","@id":"https:\/\/atypique.brunotarhan.fr\/#website","url":"https:\/\/atypique.brunotarhan.fr\/","name":"Atypique Concept Store","description":"Just another WordPress site","potentialAction":[{"@type":"SearchAction","target":{"@type":"EntryPoint","urlTemplate":"https:\/\/atypique.brunotarhan.fr\/?s={search_term_string}"},"query-input":"required name=search_term_string"}],"inLanguage":"fr-FR"},{"@type":"ImageObject","@id":"https:\/\/atypique.brunotarhan.fr\/index.php\/produit\/chere-mamie-au-pays-du-confinementvirginie-grimadilivre-de-poche\/#primaryimage","inLanguage":"fr-FR","url":"https:\/\/atypique.brunotarhan.fr\/wp-content\/uploads\/2022\/04\/chere-mamie-au-pays-du-confinement.webp","contentUrl":"https:\/\/atypique.brunotarhan.fr\/wp-content\/uploads\/2022\/04\/chere-mamie-au-pays-du-confinement.webp","width":309,"height":500},{"@type":"WebPage","@id":"https:\/\/atypique.brunotarhan.fr\/index.php\/produit\/chere-mamie-au-pays-du-confinementvirginie-grimadilivre-de-poche\/#webpage","url":"https:\/\/atypique.brunotarhan.fr\/index.php\/produit\/chere-mamie-au-pays-du-confinementvirginie-grimadilivre-de-poche\/","name":"Ch\u00e8re Mamie au pays du confinement Virginie Grimadi Livre de poche - Atypique Concept Store","isPartOf":{"@id":"https:\/\/atypique.brunotarhan.fr\/#website"},"primaryImageOfPage":{"@id":"https:\/\/atypique.brunotarhan.fr\/index.php\/produit\/chere-mamie-au-pays-du-confinementvirginie-grimadilivre-de-poche\/#primaryimage"},"datePublished":"2022-04-25T22:31:15+00:00","dateModified":"2022-04-25T22:31:15+00:00","breadcrumb":{"@id":"https:\/\/atypique.brunotarhan.fr\/index.php\/produit\/chere-mamie-au-pays-du-confinementvirginie-grimadilivre-de-poche\/#breadcrumb"},"inLanguage":"fr-FR","potentialAction":[{"@type":"ReadAction","target":["https:\/\/atypique.brunotarhan.fr\/index.php\/produit\/chere-mamie-au-pays-du-confinementvirginie-grimadilivre-de-poche\/"]}]},{"@type":"BreadcrumbList","@id":"https:\/\/atypique.brunotarhan.fr\/index.php\/produit\/chere-mamie-au-pays-du-confinementvirginie-grimadilivre-de-poche\/#breadcrumb","itemListElement":[{"@type":"ListItem","position":1,"name":"Accueil","item":"https:\/\/atypique.brunotarhan.fr\/"},{"@type":"ListItem","position":2,"name":""},{"@type":"ListItem","position":3,"name":"Ch\u00e8re Mamie au pays du confinement Virginie Grimadi Livre de poche"}]}]}},"_links":{"self":[{"href":"https:\/\/atypique.brunotarhan.fr\/index.php\/wp-json\/wp\/v2\/product\/16001","targetHints":{"allow":["GET"]}}],"collection":[{"href":"https:\/\/atypique.brunotarhan.fr\/index.php\/wp-json\/wp\/v2\/product"}],"about":[{"href":"https:\/\/atypique.brunotarhan.fr\/index.php\/wp-json\/wp\/v2\/types\/product"}],"replies":[{"embeddable":true,"href":"https:\/\/atypique.brunotarhan.fr\/index.php\/wp-json\/wp\/v2\/comments?post=16001"}],"wp:featuredmedia":[{"embeddable":true,"href":"https:\/\/atypique.brunotarhan.fr\/index.php\/wp-json\/wp\/v2\/media\/15747"}],"wp:attachment":[{"href":"https:\/\/atypique.brunotarhan.fr\/index.php\/wp-json\/wp\/v2\/media?parent=16001"}],"wp:term":[{"taxonomy":"product_cat","embeddable":true,"href":"https:\/\/atypique.brunotarhan.fr\/index.php\/wp-json\/wp\/v2\/product_cat?post=16001"},{"taxonomy":"product_tag","embeddable":true,"href":"https:\/\/atypique.brunotarhan.fr\/index.php\/wp-json\/wp\/v2\/product_tag?post=16001"}],"curies":[{"name":"wp","href":"https:\/\/api.w.org\/{rel}","templated":true}]}}