{"id":15999,"date":"2022-04-25T22:31:14","date_gmt":"2022-04-25T22:31:14","guid":{"rendered":"https:\/\/atypique.brunotarhan.fr\/index.php\/produit\/ce-que-tu-as-fait-de-moikarine-giebelpocket\/"},"modified":"2022-04-25T22:31:14","modified_gmt":"2022-04-25T22:31:14","slug":"ce-que-tu-as-fait-de-moikarine-giebelpocket","status":"publish","type":"product","link":"https:\/\/atypique.brunotarhan.fr\/index.php\/produit\/ce-que-tu-as-fait-de-moikarine-giebelpocket\/","title":{"rendered":"Ce que tu as fait de moi\nKarine Giebel\nPocket"},"content":{"rendered":"<p>Personne n&#8217;est assez fort pour la vivre. Personne n&#8217;est pr\u00e9par\u00e9 \u00e0 l&#8217;affronter, m\u00eame si chacun la d\u00e9sire plus que tout. La passion, la vraie&#8230; Extr\u00eame. Sans limites. Sans r\u00e8gles. Cette nuit, c&#8217;est le commandant Richard M\u00e9nainville qui doit r\u00e9pondre de ses actes dans une salle d&#8217;interrogatoire. Que s&#8217;est-il r\u00e9ellement pass\u00e9 entre lui et son lieutenant La\u00ebtitia Graminsky ? Comment un coup de foudre a-t-il pu d\u00e9clencher une telle trag\u00e9die ? Interrog\u00e9e au m\u00eame moment dans la salle voisine, La\u00ebtitia se livre.<br \/>\nElle dira tout de ce qu&#8217;elle a v\u00e9cu avec cet homme. Leurs versions des faits seront-elles identiques ?<\/p>\n","protected":false},"excerpt":{"rendered":"<p>Personne n&#8217;est assez fort pour la vivre. Personne n&#8217;est pr\u00e9par\u00e9 \u00e0 l&#8217;affronter, m\u00eame si chacun la d\u00e9sire plus que tout. La passion, la vraie&#8230; Extr\u00eame&#8230;.<\/p>\n","protected":false},"featured_media":15745,"comment_status":"open","ping_status":"closed","template":"","meta":[],"product_cat":[93,204],"product_tag":[237,238,239],"class_list":["post-15999","product","type-product","status-publish","has-post-thumbnail","hentry","product_cat-librairie","product_cat-polars-thrillers","product_tag-ce-que-tu-as-fait-de-moi","product_tag-karine-giebel","product_tag-pocket"],"yoast_head":"<!-- This site is optimized with the Yoast SEO plugin v18.0 - https:\/\/yoast.com\/wordpress\/plugins\/seo\/ -->\n<title>Ce que tu as fait de moi Karine Giebel Pocket - Atypique Concept Store<\/title>\n<meta name=\"robots\" content=\"index, follow, max-snippet:-1, max-image-preview:large, max-video-preview:-1\" \/>\n<link rel=\"canonical\" href=\"https:\/\/atypique.brunotarhan.fr\/index.php\/produit\/ce-que-tu-as-fait-de-moikarine-giebelpocket\/\" \/>\n<meta property=\"og:locale\" content=\"fr_FR\" \/>\n<meta property=\"og:type\" content=\"article\" \/>\n<meta property=\"og:title\" content=\"Ce que tu as fait de moi Karine Giebel Pocket - Atypique Concept Store\" \/>\n<meta property=\"og:description\" content=\"Personne n&#039;est assez fort pour la vivre. Personne n&#039;est pr\u00e9par\u00e9 \u00e0 l&#039;affronter, m\u00eame si chacun la d\u00e9sire plus que tout. La passion, la vraie... Extr\u00eame....\" \/>\n<meta property=\"og:url\" content=\"https:\/\/atypique.brunotarhan.fr\/index.php\/produit\/ce-que-tu-as-fait-de-moikarine-giebelpocket\/\" \/>\n<meta property=\"og:site_name\" content=\"Atypique Concept Store\" \/>\n<meta name=\"twitter:card\" content=\"summary_large_image\" \/>\n<meta name=\"twitter:label1\" content=\"Dur\u00e9e de lecture estim\u00e9e\" \/>\n\t<meta name=\"twitter:data1\" content=\"1 minute\" \/>\n<script type=\"application\/ld+json\" class=\"yoast-schema-graph\">{\"@context\":\"https:\/\/schema.org\",\"@graph\":[{\"@type\":\"WebSite\",\"@id\":\"https:\/\/atypique.brunotarhan.fr\/#website\",\"url\":\"https:\/\/atypique.brunotarhan.fr\/\",\"name\":\"Atypique Concept Store\",\"description\":\"Just another WordPress site\",\"potentialAction\":[{\"@type\":\"SearchAction\",\"target\":{\"@type\":\"EntryPoint\",\"urlTemplate\":\"https:\/\/atypique.brunotarhan.fr\/?s={search_term_string}\"},\"query-input\":\"required name=search_term_string\"}],\"inLanguage\":\"fr-FR\"},{\"@type\":\"ImageObject\",\"@id\":\"https:\/\/atypique.brunotarhan.fr\/index.php\/produit\/ce-que-tu-as-fait-de-moikarine-giebelpocket\/#primaryimage\",\"inLanguage\":\"fr-FR\",\"url\":\"https:\/\/atypique.brunotarhan.fr\/wp-content\/uploads\/2022\/04\/ce-que-tu-as-fait-de-moi.webp\",\"contentUrl\":\"https:\/\/atypique.brunotarhan.fr\/wp-content\/uploads\/2022\/04\/ce-que-tu-as-fait-de-moi.webp\",\"width\":305,\"height\":500},{\"@type\":\"WebPage\",\"@id\":\"https:\/\/atypique.brunotarhan.fr\/index.php\/produit\/ce-que-tu-as-fait-de-moikarine-giebelpocket\/#webpage\",\"url\":\"https:\/\/atypique.brunotarhan.fr\/index.php\/produit\/ce-que-tu-as-fait-de-moikarine-giebelpocket\/\",\"name\":\"Ce que tu as fait de moi Karine Giebel Pocket - Atypique Concept Store\",\"isPartOf\":{\"@id\":\"https:\/\/atypique.brunotarhan.fr\/#website\"},\"primaryImageOfPage\":{\"@id\":\"https:\/\/atypique.brunotarhan.fr\/index.php\/produit\/ce-que-tu-as-fait-de-moikarine-giebelpocket\/#primaryimage\"},\"datePublished\":\"2022-04-25T22:31:14+00:00\",\"dateModified\":\"2022-04-25T22:31:14+00:00\",\"breadcrumb\":{\"@id\":\"https:\/\/atypique.brunotarhan.fr\/index.php\/produit\/ce-que-tu-as-fait-de-moikarine-giebelpocket\/#breadcrumb\"},\"inLanguage\":\"fr-FR\",\"potentialAction\":[{\"@type\":\"ReadAction\",\"target\":[\"https:\/\/atypique.brunotarhan.fr\/index.php\/produit\/ce-que-tu-as-fait-de-moikarine-giebelpocket\/\"]}]},{\"@type\":\"BreadcrumbList\",\"@id\":\"https:\/\/atypique.brunotarhan.fr\/index.php\/produit\/ce-que-tu-as-fait-de-moikarine-giebelpocket\/#breadcrumb\",\"itemListElement\":[{\"@type\":\"ListItem\",\"position\":1,\"name\":\"Accueil\",\"item\":\"https:\/\/atypique.brunotarhan.fr\/\"},{\"@type\":\"ListItem\",\"position\":2,\"name\":\"\"},{\"@type\":\"ListItem\",\"position\":3,\"name\":\"Ce que tu as fait de moi Karine Giebel Pocket\"}]}]}<\/script>\n<!-- \/ Yoast SEO plugin. -->","yoast_head_json":{"title":"Ce que tu as fait de moi Karine Giebel Pocket - Atypique Concept Store","robots":{"index":"index","follow":"follow","max-snippet":"max-snippet:-1","max-image-preview":"max-image-preview:large","max-video-preview":"max-video-preview:-1"},"canonical":"https:\/\/atypique.brunotarhan.fr\/index.php\/produit\/ce-que-tu-as-fait-de-moikarine-giebelpocket\/","og_locale":"fr_FR","og_type":"article","og_title":"Ce que tu as fait de moi Karine Giebel Pocket - Atypique Concept Store","og_description":"Personne n'est assez fort pour la vivre. Personne n'est pr\u00e9par\u00e9 \u00e0 l'affronter, m\u00eame si chacun la d\u00e9sire plus que tout. La passion, la vraie... Extr\u00eame....","og_url":"https:\/\/atypique.brunotarhan.fr\/index.php\/produit\/ce-que-tu-as-fait-de-moikarine-giebelpocket\/","og_site_name":"Atypique Concept Store","twitter_card":"summary_large_image","twitter_misc":{"Dur\u00e9e de lecture estim\u00e9e":"1 minute"},"schema":{"@context":"https:\/\/schema.org","@graph":[{"@type":"WebSite","@id":"https:\/\/atypique.brunotarhan.fr\/#website","url":"https:\/\/atypique.brunotarhan.fr\/","name":"Atypique Concept Store","description":"Just another WordPress site","potentialAction":[{"@type":"SearchAction","target":{"@type":"EntryPoint","urlTemplate":"https:\/\/atypique.brunotarhan.fr\/?s={search_term_string}"},"query-input":"required name=search_term_string"}],"inLanguage":"fr-FR"},{"@type":"ImageObject","@id":"https:\/\/atypique.brunotarhan.fr\/index.php\/produit\/ce-que-tu-as-fait-de-moikarine-giebelpocket\/#primaryimage","inLanguage":"fr-FR","url":"https:\/\/atypique.brunotarhan.fr\/wp-content\/uploads\/2022\/04\/ce-que-tu-as-fait-de-moi.webp","contentUrl":"https:\/\/atypique.brunotarhan.fr\/wp-content\/uploads\/2022\/04\/ce-que-tu-as-fait-de-moi.webp","width":305,"height":500},{"@type":"WebPage","@id":"https:\/\/atypique.brunotarhan.fr\/index.php\/produit\/ce-que-tu-as-fait-de-moikarine-giebelpocket\/#webpage","url":"https:\/\/atypique.brunotarhan.fr\/index.php\/produit\/ce-que-tu-as-fait-de-moikarine-giebelpocket\/","name":"Ce que tu as fait de moi Karine Giebel Pocket - Atypique Concept Store","isPartOf":{"@id":"https:\/\/atypique.brunotarhan.fr\/#website"},"primaryImageOfPage":{"@id":"https:\/\/atypique.brunotarhan.fr\/index.php\/produit\/ce-que-tu-as-fait-de-moikarine-giebelpocket\/#primaryimage"},"datePublished":"2022-04-25T22:31:14+00:00","dateModified":"2022-04-25T22:31:14+00:00","breadcrumb":{"@id":"https:\/\/atypique.brunotarhan.fr\/index.php\/produit\/ce-que-tu-as-fait-de-moikarine-giebelpocket\/#breadcrumb"},"inLanguage":"fr-FR","potentialAction":[{"@type":"ReadAction","target":["https:\/\/atypique.brunotarhan.fr\/index.php\/produit\/ce-que-tu-as-fait-de-moikarine-giebelpocket\/"]}]},{"@type":"BreadcrumbList","@id":"https:\/\/atypique.brunotarhan.fr\/index.php\/produit\/ce-que-tu-as-fait-de-moikarine-giebelpocket\/#breadcrumb","itemListElement":[{"@type":"ListItem","position":1,"name":"Accueil","item":"https:\/\/atypique.brunotarhan.fr\/"},{"@type":"ListItem","position":2,"name":""},{"@type":"ListItem","position":3,"name":"Ce que tu as fait de moi Karine Giebel Pocket"}]}]}},"_links":{"self":[{"href":"https:\/\/atypique.brunotarhan.fr\/index.php\/wp-json\/wp\/v2\/product\/15999","targetHints":{"allow":["GET"]}}],"collection":[{"href":"https:\/\/atypique.brunotarhan.fr\/index.php\/wp-json\/wp\/v2\/product"}],"about":[{"href":"https:\/\/atypique.brunotarhan.fr\/index.php\/wp-json\/wp\/v2\/types\/product"}],"replies":[{"embeddable":true,"href":"https:\/\/atypique.brunotarhan.fr\/index.php\/wp-json\/wp\/v2\/comments?post=15999"}],"wp:featuredmedia":[{"embeddable":true,"href":"https:\/\/atypique.brunotarhan.fr\/index.php\/wp-json\/wp\/v2\/media\/15745"}],"wp:attachment":[{"href":"https:\/\/atypique.brunotarhan.fr\/index.php\/wp-json\/wp\/v2\/media?parent=15999"}],"wp:term":[{"taxonomy":"product_cat","embeddable":true,"href":"https:\/\/atypique.brunotarhan.fr\/index.php\/wp-json\/wp\/v2\/product_cat?post=15999"},{"taxonomy":"product_tag","embeddable":true,"href":"https:\/\/atypique.brunotarhan.fr\/index.php\/wp-json\/wp\/v2\/product_tag?post=15999"}],"curies":[{"name":"wp","href":"https:\/\/api.w.org\/{rel}","templated":true}]}}