{"id":15997,"date":"2022-04-25T22:31:14","date_gmt":"2022-04-25T22:31:14","guid":{"rendered":"https:\/\/atypique.brunotarhan.fr\/index.php\/produit\/boule-de-foudrecixin-liubabel\/"},"modified":"2022-04-25T22:31:14","modified_gmt":"2022-04-25T22:31:14","slug":"boule-de-foudrecixin-liubabel","status":"publish","type":"product","link":"https:\/\/atypique.brunotarhan.fr\/index.php\/produit\/boule-de-foudrecixin-liubabel\/","title":{"rendered":"Boule de foudre\nCixin Liu\nBabel"},"content":{"rendered":"<p>Lorsque les parents de Chen sont r\u00e9duits en cendres devant ses yeux, le soir de son quatorzi\u00e8me anniversaire, par une boule de foudre, il jure de consacrer sa vie \u00e0 l&#8217;\u00e9lucidation de ce ph\u00e9nom\u00e8ne naturel rest\u00e9 myst\u00e9rieux pour la science. Sa qu\u00eate le m\u00e8nera \u00e0 la compr\u00e9hension d&#8217;une manifestation m\u00e9t\u00e9orologique fascinante qui pourrait bien devenir l&#8217;arme ultime si les humains parvenaient \u00e0 la ma\u00eetriser&#8230;<br \/>\nComme dans la magistrale trilogie du Probl\u00e8me \u00e0 trois corps, Liu Cixin excelle \u00e0 donner une forme romanesque aux concepts les plus abscons de la physique. Boule de foudre est un page-turner d&#8217;exception.<\/p>\n","protected":false},"excerpt":{"rendered":"<p>Lorsque les parents de Chen sont r\u00e9duits en cendres devant ses yeux, le soir de son quatorzi\u00e8me anniversaire, par une boule de foudre, il jure de consacrer\u2026<\/p>\n","protected":false},"featured_media":15742,"comment_status":"open","ping_status":"closed","template":"","meta":[],"product_cat":[93,230],"product_tag":[231,232,233],"class_list":["post-15997","product","type-product","status-publish","has-post-thumbnail","hentry","product_cat-librairie","product_cat-science-fiction","product_tag-boule-de-foudre","product_tag-cixin-liu","product_tag-science-fiction"],"yoast_head":"<!-- This site is optimized with the Yoast SEO plugin v18.0 - https:\/\/yoast.com\/wordpress\/plugins\/seo\/ -->\n<title>Boule de foudre Cixin Liu Babel - Atypique Concept Store<\/title>\n<meta name=\"robots\" content=\"index, follow, max-snippet:-1, max-image-preview:large, max-video-preview:-1\" \/>\n<link rel=\"canonical\" href=\"https:\/\/atypique.brunotarhan.fr\/index.php\/produit\/boule-de-foudrecixin-liubabel\/\" \/>\n<meta property=\"og:locale\" content=\"fr_FR\" \/>\n<meta property=\"og:type\" content=\"article\" \/>\n<meta property=\"og:title\" content=\"Boule de foudre Cixin Liu Babel - Atypique Concept Store\" \/>\n<meta property=\"og:description\" content=\"Lorsque les parents de Chen sont r\u00e9duits en cendres devant ses yeux, le soir de son quatorzi\u00e8me anniversaire, par une boule de foudre, il jure de consacrer\u2026\" \/>\n<meta property=\"og:url\" content=\"https:\/\/atypique.brunotarhan.fr\/index.php\/produit\/boule-de-foudrecixin-liubabel\/\" \/>\n<meta property=\"og:site_name\" content=\"Atypique Concept Store\" \/>\n<meta name=\"twitter:card\" content=\"summary_large_image\" \/>\n<meta name=\"twitter:label1\" content=\"Dur\u00e9e de lecture estim\u00e9e\" \/>\n\t<meta name=\"twitter:data1\" content=\"1 minute\" \/>\n<script type=\"application\/ld+json\" class=\"yoast-schema-graph\">{\"@context\":\"https:\/\/schema.org\",\"@graph\":[{\"@type\":\"WebSite\",\"@id\":\"https:\/\/atypique.brunotarhan.fr\/#website\",\"url\":\"https:\/\/atypique.brunotarhan.fr\/\",\"name\":\"Atypique Concept Store\",\"description\":\"Just another WordPress site\",\"potentialAction\":[{\"@type\":\"SearchAction\",\"target\":{\"@type\":\"EntryPoint\",\"urlTemplate\":\"https:\/\/atypique.brunotarhan.fr\/?s={search_term_string}\"},\"query-input\":\"required name=search_term_string\"}],\"inLanguage\":\"fr-FR\"},{\"@type\":\"ImageObject\",\"@id\":\"https:\/\/atypique.brunotarhan.fr\/index.php\/produit\/boule-de-foudrecixin-liubabel\/#primaryimage\",\"inLanguage\":\"fr-FR\",\"url\":\"https:\/\/atypique.brunotarhan.fr\/wp-content\/uploads\/2022\/04\/boule-de-foudre.webp\",\"contentUrl\":\"https:\/\/atypique.brunotarhan.fr\/wp-content\/uploads\/2022\/04\/boule-de-foudre.webp\",\"width\":284,\"height\":500},{\"@type\":\"WebPage\",\"@id\":\"https:\/\/atypique.brunotarhan.fr\/index.php\/produit\/boule-de-foudrecixin-liubabel\/#webpage\",\"url\":\"https:\/\/atypique.brunotarhan.fr\/index.php\/produit\/boule-de-foudrecixin-liubabel\/\",\"name\":\"Boule de foudre Cixin Liu Babel - Atypique Concept Store\",\"isPartOf\":{\"@id\":\"https:\/\/atypique.brunotarhan.fr\/#website\"},\"primaryImageOfPage\":{\"@id\":\"https:\/\/atypique.brunotarhan.fr\/index.php\/produit\/boule-de-foudrecixin-liubabel\/#primaryimage\"},\"datePublished\":\"2022-04-25T22:31:14+00:00\",\"dateModified\":\"2022-04-25T22:31:14+00:00\",\"breadcrumb\":{\"@id\":\"https:\/\/atypique.brunotarhan.fr\/index.php\/produit\/boule-de-foudrecixin-liubabel\/#breadcrumb\"},\"inLanguage\":\"fr-FR\",\"potentialAction\":[{\"@type\":\"ReadAction\",\"target\":[\"https:\/\/atypique.brunotarhan.fr\/index.php\/produit\/boule-de-foudrecixin-liubabel\/\"]}]},{\"@type\":\"BreadcrumbList\",\"@id\":\"https:\/\/atypique.brunotarhan.fr\/index.php\/produit\/boule-de-foudrecixin-liubabel\/#breadcrumb\",\"itemListElement\":[{\"@type\":\"ListItem\",\"position\":1,\"name\":\"Accueil\",\"item\":\"https:\/\/atypique.brunotarhan.fr\/\"},{\"@type\":\"ListItem\",\"position\":2,\"name\":\"\"},{\"@type\":\"ListItem\",\"position\":3,\"name\":\"Boule de foudre Cixin Liu Babel\"}]}]}<\/script>\n<!-- \/ Yoast SEO plugin. -->","yoast_head_json":{"title":"Boule de foudre Cixin Liu Babel - Atypique Concept Store","robots":{"index":"index","follow":"follow","max-snippet":"max-snippet:-1","max-image-preview":"max-image-preview:large","max-video-preview":"max-video-preview:-1"},"canonical":"https:\/\/atypique.brunotarhan.fr\/index.php\/produit\/boule-de-foudrecixin-liubabel\/","og_locale":"fr_FR","og_type":"article","og_title":"Boule de foudre Cixin Liu Babel - Atypique Concept Store","og_description":"Lorsque les parents de Chen sont r\u00e9duits en cendres devant ses yeux, le soir de son quatorzi\u00e8me anniversaire, par une boule de foudre, il jure de consacrer\u2026","og_url":"https:\/\/atypique.brunotarhan.fr\/index.php\/produit\/boule-de-foudrecixin-liubabel\/","og_site_name":"Atypique Concept Store","twitter_card":"summary_large_image","twitter_misc":{"Dur\u00e9e de lecture estim\u00e9e":"1 minute"},"schema":{"@context":"https:\/\/schema.org","@graph":[{"@type":"WebSite","@id":"https:\/\/atypique.brunotarhan.fr\/#website","url":"https:\/\/atypique.brunotarhan.fr\/","name":"Atypique Concept Store","description":"Just another WordPress site","potentialAction":[{"@type":"SearchAction","target":{"@type":"EntryPoint","urlTemplate":"https:\/\/atypique.brunotarhan.fr\/?s={search_term_string}"},"query-input":"required name=search_term_string"}],"inLanguage":"fr-FR"},{"@type":"ImageObject","@id":"https:\/\/atypique.brunotarhan.fr\/index.php\/produit\/boule-de-foudrecixin-liubabel\/#primaryimage","inLanguage":"fr-FR","url":"https:\/\/atypique.brunotarhan.fr\/wp-content\/uploads\/2022\/04\/boule-de-foudre.webp","contentUrl":"https:\/\/atypique.brunotarhan.fr\/wp-content\/uploads\/2022\/04\/boule-de-foudre.webp","width":284,"height":500},{"@type":"WebPage","@id":"https:\/\/atypique.brunotarhan.fr\/index.php\/produit\/boule-de-foudrecixin-liubabel\/#webpage","url":"https:\/\/atypique.brunotarhan.fr\/index.php\/produit\/boule-de-foudrecixin-liubabel\/","name":"Boule de foudre Cixin Liu Babel - Atypique Concept Store","isPartOf":{"@id":"https:\/\/atypique.brunotarhan.fr\/#website"},"primaryImageOfPage":{"@id":"https:\/\/atypique.brunotarhan.fr\/index.php\/produit\/boule-de-foudrecixin-liubabel\/#primaryimage"},"datePublished":"2022-04-25T22:31:14+00:00","dateModified":"2022-04-25T22:31:14+00:00","breadcrumb":{"@id":"https:\/\/atypique.brunotarhan.fr\/index.php\/produit\/boule-de-foudrecixin-liubabel\/#breadcrumb"},"inLanguage":"fr-FR","potentialAction":[{"@type":"ReadAction","target":["https:\/\/atypique.brunotarhan.fr\/index.php\/produit\/boule-de-foudrecixin-liubabel\/"]}]},{"@type":"BreadcrumbList","@id":"https:\/\/atypique.brunotarhan.fr\/index.php\/produit\/boule-de-foudrecixin-liubabel\/#breadcrumb","itemListElement":[{"@type":"ListItem","position":1,"name":"Accueil","item":"https:\/\/atypique.brunotarhan.fr\/"},{"@type":"ListItem","position":2,"name":""},{"@type":"ListItem","position":3,"name":"Boule de foudre Cixin Liu Babel"}]}]}},"_links":{"self":[{"href":"https:\/\/atypique.brunotarhan.fr\/index.php\/wp-json\/wp\/v2\/product\/15997","targetHints":{"allow":["GET"]}}],"collection":[{"href":"https:\/\/atypique.brunotarhan.fr\/index.php\/wp-json\/wp\/v2\/product"}],"about":[{"href":"https:\/\/atypique.brunotarhan.fr\/index.php\/wp-json\/wp\/v2\/types\/product"}],"replies":[{"embeddable":true,"href":"https:\/\/atypique.brunotarhan.fr\/index.php\/wp-json\/wp\/v2\/comments?post=15997"}],"wp:featuredmedia":[{"embeddable":true,"href":"https:\/\/atypique.brunotarhan.fr\/index.php\/wp-json\/wp\/v2\/media\/15742"}],"wp:attachment":[{"href":"https:\/\/atypique.brunotarhan.fr\/index.php\/wp-json\/wp\/v2\/media?parent=15997"}],"wp:term":[{"taxonomy":"product_cat","embeddable":true,"href":"https:\/\/atypique.brunotarhan.fr\/index.php\/wp-json\/wp\/v2\/product_cat?post=15997"},{"taxonomy":"product_tag","embeddable":true,"href":"https:\/\/atypique.brunotarhan.fr\/index.php\/wp-json\/wp\/v2\/product_tag?post=15997"}],"curies":[{"name":"wp","href":"https:\/\/api.w.org\/{rel}","templated":true}]}}