{"id":15995,"date":"2022-04-25T22:31:14","date_gmt":"2022-04-25T22:31:14","guid":{"rendered":"https:\/\/atypique.brunotarhan.fr\/index.php\/produit\/les-aventures-de-blake-et-mortimer-tome-28le-dernier-espadonjean-van-hamme-teun-berserik-peter-van-dongen\/"},"modified":"2022-04-25T22:31:14","modified_gmt":"2022-04-25T22:31:14","slug":"les-aventures-de-blake-et-mortimer-tome-28le-dernier-espadonjean-van-hamme-teun-berserik-peter-van-dongen","status":"publish","type":"product","link":"https:\/\/atypique.brunotarhan.fr\/index.php\/produit\/les-aventures-de-blake-et-mortimer-tome-28le-dernier-espadonjean-van-hamme-teun-berserik-peter-van-dongen\/","title":{"rendered":"Les aventures de Blake et Mortimer Tome 28\nLe Dernier Espadon\nJean Van Hamme, Teun Berserik, Peter Van Dongen"},"content":{"rendered":"<p>Sur une route d&#8217;Angleterre, une voiture roule en direction de l&#8217;a\u00e9roport militaire de Hasley. A son bord, le major Rupert Humbletweed, charg\u00e9 d&#8217;une mission secr\u00e8te pour le gouvernement britannique. Au Centaur Club, \u00e0 Londres, le capitaine Francis Blake d\u00eene d&#8217;un roastbeef trop cuit avec son ami, le professeur Philip Mortimer. Il lui confie une op\u00e9ration de la plus haute importance : se rendre au Pakistan pour modifier le code d&#8217;activation des Espadons stock\u00e9s dans la base de Makran, afin de permettre leur transfert jusqu&#8217;\u00e0 Scaw-Fell, en Angleterre.<br \/>\nBlake, qui vient de prendre la direction du MI 5, doit ensuite partir pour l&#8217;Ulster : d&#8217;apr\u00e8s l&#8217;un de ses agents, l&#8217;IRA pr\u00e9parerait un complot d&#8217;envergure contre l&#8217;Angleterre&#8230; Premier sc\u00e9nariste \u00e0 avoir repris les aventures de Blake et Mortimer, avec L&#8217;Affaire Francis Blake, Jean Van Hamme imagine une suite \u00e0 l&#8217;album inaugural de la s\u00e9rie, Le Secret de l&#8217;Espadon, qu&#8217;il avait d\u00e9couvert lors de sa parution dans Tintin.<br \/>\nVibrant hommage \u00e0 Edgard P. Jacobs, ce Dernier Espadon est servi par le graphisme tr\u00e8s &#8221; jacobsien &#8221; de Teun Berserik et Peter van Dongen, les dessinateurs de La Vall\u00e9e des Immortels.<\/p>\n","protected":false},"excerpt":{"rendered":"<p>Sur une route d&#8217;Angleterre, une voiture roule en direction de l&#8217;a\u00e9roport militaire de Hasley. A son bord, le major Rupert Humbletweed, charg\u00e9 d&#8217;une&#8230;<\/p>\n","protected":false},"featured_media":15740,"comment_status":"open","ping_status":"closed","template":"","meta":[],"product_cat":[212,93],"product_tag":[214,228],"class_list":["post-15995","product","type-product","status-publish","has-post-thumbnail","hentry","product_cat-bandes-dessinees","product_cat-librairie","product_tag-bandes-dessinees","product_tag-blake-et-mortimer"],"yoast_head":"<!-- This site is optimized with the Yoast SEO plugin v18.0 - https:\/\/yoast.com\/wordpress\/plugins\/seo\/ -->\n<title>Les aventures de Blake et Mortimer Tome 28 Le Dernier Espadon Jean Van Hamme, Teun Berserik, Peter Van Dongen - Atypique Concept Store<\/title>\n<meta name=\"robots\" content=\"index, follow, max-snippet:-1, max-image-preview:large, max-video-preview:-1\" \/>\n<link rel=\"canonical\" href=\"https:\/\/atypique.brunotarhan.fr\/index.php\/produit\/les-aventures-de-blake-et-mortimer-tome-28le-dernier-espadonjean-van-hamme-teun-berserik-peter-van-dongen\/\" \/>\n<meta property=\"og:locale\" content=\"fr_FR\" \/>\n<meta property=\"og:type\" content=\"article\" \/>\n<meta property=\"og:title\" content=\"Les aventures de Blake et Mortimer Tome 28 Le Dernier Espadon Jean Van Hamme, Teun Berserik, Peter Van Dongen - Atypique Concept Store\" \/>\n<meta property=\"og:description\" content=\"Sur une route d&#039;Angleterre, une voiture roule en direction de l&#039;a\u00e9roport militaire de Hasley. A son bord, le major Rupert Humbletweed, charg\u00e9 d&#039;une...\" \/>\n<meta property=\"og:url\" content=\"https:\/\/atypique.brunotarhan.fr\/index.php\/produit\/les-aventures-de-blake-et-mortimer-tome-28le-dernier-espadonjean-van-hamme-teun-berserik-peter-van-dongen\/\" \/>\n<meta property=\"og:site_name\" content=\"Atypique Concept Store\" \/>\n<meta name=\"twitter:card\" content=\"summary_large_image\" \/>\n<meta name=\"twitter:label1\" content=\"Dur\u00e9e de lecture estim\u00e9e\" \/>\n\t<meta name=\"twitter:data1\" content=\"1 minute\" \/>\n<script type=\"application\/ld+json\" class=\"yoast-schema-graph\">{\"@context\":\"https:\/\/schema.org\",\"@graph\":[{\"@type\":\"WebSite\",\"@id\":\"https:\/\/atypique.brunotarhan.fr\/#website\",\"url\":\"https:\/\/atypique.brunotarhan.fr\/\",\"name\":\"Atypique Concept Store\",\"description\":\"Just another WordPress site\",\"potentialAction\":[{\"@type\":\"SearchAction\",\"target\":{\"@type\":\"EntryPoint\",\"urlTemplate\":\"https:\/\/atypique.brunotarhan.fr\/?s={search_term_string}\"},\"query-input\":\"required name=search_term_string\"}],\"inLanguage\":\"fr-FR\"},{\"@type\":\"ImageObject\",\"@id\":\"https:\/\/atypique.brunotarhan.fr\/index.php\/produit\/les-aventures-de-blake-et-mortimer-tome-28le-dernier-espadonjean-van-hamme-teun-berserik-peter-van-dongen\/#primaryimage\",\"inLanguage\":\"fr-FR\",\"url\":\"https:\/\/atypique.brunotarhan.fr\/wp-content\/uploads\/2022\/04\/blake-et-mortimer-t28.webp\",\"contentUrl\":\"https:\/\/atypique.brunotarhan.fr\/wp-content\/uploads\/2022\/04\/blake-et-mortimer-t28.webp\",\"width\":382,\"height\":500},{\"@type\":\"WebPage\",\"@id\":\"https:\/\/atypique.brunotarhan.fr\/index.php\/produit\/les-aventures-de-blake-et-mortimer-tome-28le-dernier-espadonjean-van-hamme-teun-berserik-peter-van-dongen\/#webpage\",\"url\":\"https:\/\/atypique.brunotarhan.fr\/index.php\/produit\/les-aventures-de-blake-et-mortimer-tome-28le-dernier-espadonjean-van-hamme-teun-berserik-peter-van-dongen\/\",\"name\":\"Les aventures de Blake et Mortimer Tome 28 Le Dernier Espadon Jean Van Hamme, Teun Berserik, Peter Van Dongen - Atypique Concept Store\",\"isPartOf\":{\"@id\":\"https:\/\/atypique.brunotarhan.fr\/#website\"},\"primaryImageOfPage\":{\"@id\":\"https:\/\/atypique.brunotarhan.fr\/index.php\/produit\/les-aventures-de-blake-et-mortimer-tome-28le-dernier-espadonjean-van-hamme-teun-berserik-peter-van-dongen\/#primaryimage\"},\"datePublished\":\"2022-04-25T22:31:14+00:00\",\"dateModified\":\"2022-04-25T22:31:14+00:00\",\"breadcrumb\":{\"@id\":\"https:\/\/atypique.brunotarhan.fr\/index.php\/produit\/les-aventures-de-blake-et-mortimer-tome-28le-dernier-espadonjean-van-hamme-teun-berserik-peter-van-dongen\/#breadcrumb\"},\"inLanguage\":\"fr-FR\",\"potentialAction\":[{\"@type\":\"ReadAction\",\"target\":[\"https:\/\/atypique.brunotarhan.fr\/index.php\/produit\/les-aventures-de-blake-et-mortimer-tome-28le-dernier-espadonjean-van-hamme-teun-berserik-peter-van-dongen\/\"]}]},{\"@type\":\"BreadcrumbList\",\"@id\":\"https:\/\/atypique.brunotarhan.fr\/index.php\/produit\/les-aventures-de-blake-et-mortimer-tome-28le-dernier-espadonjean-van-hamme-teun-berserik-peter-van-dongen\/#breadcrumb\",\"itemListElement\":[{\"@type\":\"ListItem\",\"position\":1,\"name\":\"Accueil\",\"item\":\"https:\/\/atypique.brunotarhan.fr\/\"},{\"@type\":\"ListItem\",\"position\":2,\"name\":\"\"},{\"@type\":\"ListItem\",\"position\":3,\"name\":\"Les aventures de Blake et Mortimer Tome 28 Le Dernier Espadon Jean Van Hamme, Teun Berserik, Peter Van Dongen\"}]}]}<\/script>\n<!-- \/ Yoast SEO plugin. -->","yoast_head_json":{"title":"Les aventures de Blake et Mortimer Tome 28 Le Dernier Espadon Jean Van Hamme, Teun Berserik, Peter Van Dongen - Atypique Concept Store","robots":{"index":"index","follow":"follow","max-snippet":"max-snippet:-1","max-image-preview":"max-image-preview:large","max-video-preview":"max-video-preview:-1"},"canonical":"https:\/\/atypique.brunotarhan.fr\/index.php\/produit\/les-aventures-de-blake-et-mortimer-tome-28le-dernier-espadonjean-van-hamme-teun-berserik-peter-van-dongen\/","og_locale":"fr_FR","og_type":"article","og_title":"Les aventures de Blake et Mortimer Tome 28 Le Dernier Espadon Jean Van Hamme, Teun Berserik, Peter Van Dongen - Atypique Concept Store","og_description":"Sur une route d'Angleterre, une voiture roule en direction de l'a\u00e9roport militaire de Hasley. A son bord, le major Rupert Humbletweed, charg\u00e9 d'une...","og_url":"https:\/\/atypique.brunotarhan.fr\/index.php\/produit\/les-aventures-de-blake-et-mortimer-tome-28le-dernier-espadonjean-van-hamme-teun-berserik-peter-van-dongen\/","og_site_name":"Atypique Concept Store","twitter_card":"summary_large_image","twitter_misc":{"Dur\u00e9e de lecture estim\u00e9e":"1 minute"},"schema":{"@context":"https:\/\/schema.org","@graph":[{"@type":"WebSite","@id":"https:\/\/atypique.brunotarhan.fr\/#website","url":"https:\/\/atypique.brunotarhan.fr\/","name":"Atypique Concept Store","description":"Just another WordPress site","potentialAction":[{"@type":"SearchAction","target":{"@type":"EntryPoint","urlTemplate":"https:\/\/atypique.brunotarhan.fr\/?s={search_term_string}"},"query-input":"required name=search_term_string"}],"inLanguage":"fr-FR"},{"@type":"ImageObject","@id":"https:\/\/atypique.brunotarhan.fr\/index.php\/produit\/les-aventures-de-blake-et-mortimer-tome-28le-dernier-espadonjean-van-hamme-teun-berserik-peter-van-dongen\/#primaryimage","inLanguage":"fr-FR","url":"https:\/\/atypique.brunotarhan.fr\/wp-content\/uploads\/2022\/04\/blake-et-mortimer-t28.webp","contentUrl":"https:\/\/atypique.brunotarhan.fr\/wp-content\/uploads\/2022\/04\/blake-et-mortimer-t28.webp","width":382,"height":500},{"@type":"WebPage","@id":"https:\/\/atypique.brunotarhan.fr\/index.php\/produit\/les-aventures-de-blake-et-mortimer-tome-28le-dernier-espadonjean-van-hamme-teun-berserik-peter-van-dongen\/#webpage","url":"https:\/\/atypique.brunotarhan.fr\/index.php\/produit\/les-aventures-de-blake-et-mortimer-tome-28le-dernier-espadonjean-van-hamme-teun-berserik-peter-van-dongen\/","name":"Les aventures de Blake et Mortimer Tome 28 Le Dernier Espadon Jean Van Hamme, Teun Berserik, Peter Van Dongen - Atypique Concept Store","isPartOf":{"@id":"https:\/\/atypique.brunotarhan.fr\/#website"},"primaryImageOfPage":{"@id":"https:\/\/atypique.brunotarhan.fr\/index.php\/produit\/les-aventures-de-blake-et-mortimer-tome-28le-dernier-espadonjean-van-hamme-teun-berserik-peter-van-dongen\/#primaryimage"},"datePublished":"2022-04-25T22:31:14+00:00","dateModified":"2022-04-25T22:31:14+00:00","breadcrumb":{"@id":"https:\/\/atypique.brunotarhan.fr\/index.php\/produit\/les-aventures-de-blake-et-mortimer-tome-28le-dernier-espadonjean-van-hamme-teun-berserik-peter-van-dongen\/#breadcrumb"},"inLanguage":"fr-FR","potentialAction":[{"@type":"ReadAction","target":["https:\/\/atypique.brunotarhan.fr\/index.php\/produit\/les-aventures-de-blake-et-mortimer-tome-28le-dernier-espadonjean-van-hamme-teun-berserik-peter-van-dongen\/"]}]},{"@type":"BreadcrumbList","@id":"https:\/\/atypique.brunotarhan.fr\/index.php\/produit\/les-aventures-de-blake-et-mortimer-tome-28le-dernier-espadonjean-van-hamme-teun-berserik-peter-van-dongen\/#breadcrumb","itemListElement":[{"@type":"ListItem","position":1,"name":"Accueil","item":"https:\/\/atypique.brunotarhan.fr\/"},{"@type":"ListItem","position":2,"name":""},{"@type":"ListItem","position":3,"name":"Les aventures de Blake et Mortimer Tome 28 Le Dernier Espadon Jean Van Hamme, Teun Berserik, Peter Van Dongen"}]}]}},"_links":{"self":[{"href":"https:\/\/atypique.brunotarhan.fr\/index.php\/wp-json\/wp\/v2\/product\/15995","targetHints":{"allow":["GET"]}}],"collection":[{"href":"https:\/\/atypique.brunotarhan.fr\/index.php\/wp-json\/wp\/v2\/product"}],"about":[{"href":"https:\/\/atypique.brunotarhan.fr\/index.php\/wp-json\/wp\/v2\/types\/product"}],"replies":[{"embeddable":true,"href":"https:\/\/atypique.brunotarhan.fr\/index.php\/wp-json\/wp\/v2\/comments?post=15995"}],"wp:featuredmedia":[{"embeddable":true,"href":"https:\/\/atypique.brunotarhan.fr\/index.php\/wp-json\/wp\/v2\/media\/15740"}],"wp:attachment":[{"href":"https:\/\/atypique.brunotarhan.fr\/index.php\/wp-json\/wp\/v2\/media?parent=15995"}],"wp:term":[{"taxonomy":"product_cat","embeddable":true,"href":"https:\/\/atypique.brunotarhan.fr\/index.php\/wp-json\/wp\/v2\/product_cat?post=15995"},{"taxonomy":"product_tag","embeddable":true,"href":"https:\/\/atypique.brunotarhan.fr\/index.php\/wp-json\/wp\/v2\/product_tag?post=15995"}],"curies":[{"name":"wp","href":"https:\/\/api.w.org\/{rel}","templated":true}]}}