{"id":15991,"date":"2022-04-25T22:31:13","date_gmt":"2022-04-25T22:31:13","guid":{"rendered":"https:\/\/atypique.brunotarhan.fr\/index.php\/produit\/azincourt-par-temps-de-pluiejean-teulemialet-barrault\/"},"modified":"2022-04-25T22:31:13","modified_gmt":"2022-04-25T22:31:13","slug":"azincourt-par-temps-de-pluiejean-teulemialet-barrault","status":"publish","type":"product","link":"https:\/\/atypique.brunotarhan.fr\/index.php\/produit\/azincourt-par-temps-de-pluiejean-teulemialet-barrault\/","title":{"rendered":"Azincourt par temps de pluie\nJean Teul\u00e9\nMialet Barrault"},"content":{"rendered":"<p>Azincourt, un joli nom de village, le vague souvenir d&#8217;une bataille perdue. Ce 25 octobre 1415, il pleut dru sur l&#8217;Artois. Quelques milliers de soldats anglais qui ne songent qu&#8217;\u00e0 rentrer chez eux se retrouvent pris au pi\u00e8ge par des Fran\u00e7ais en surnombre. Bott\u00e9s, casqu\u00e9s, cuirass\u00e9s, arm\u00e9s jusqu&#8217;aux dents, brandissant fi\u00e8rement leurs \u00e9tendards, tous les aristocrates de la cour de France se pr\u00e9cipitent pour participer \u00e0 la cur\u00e9e.<br \/>\nIls ont bien l&#8217;intention de se couvrir de gloire, dans la grande tradition de la chevalerie fran\u00e7aise. Aucun n&#8217;en reviendra vivant. Toutes les arm\u00e9es du monde ont, un jour ou l&#8217;autre, pris la p\u00e2t\u00e9e, mais pour un d\u00e9sastre de cette ampleur, un seul mot s&#8217;impose : grandiose ! Avec la verve qu&#8217;on lui conna\u00eet et son sens du d\u00e9tail qui tue, Jean Teul\u00e9 nous raconte ces trois jours dantesques o\u00f9, sous une pluie battante, des milliers d&#8217;hommes se sont massacr\u00e9s dans un affrontement sanglant d&#8217;autant plus d\u00e9sastreux que cette bataille \u00e9tait parfaitement inutile.<\/p>\n","protected":false},"excerpt":{"rendered":"<p>Azincourt, un joli nom de village, le vague souvenir d&#8217;une bataille perdue. Ce 25 octobre 1415, il pleut dru sur l&#8217;Artois. Quelques milliers de soldats\u2026<\/p>\n","protected":false},"featured_media":15737,"comment_status":"open","ping_status":"closed","template":"","meta":[],"product_cat":[93,186],"product_tag":[216,217,219,218],"class_list":["post-15991","product","type-product","status-publish","has-post-thumbnail","hentry","product_cat-librairie","product_cat-romans","product_tag-azincourt-par-temps-de-pluie","product_tag-jean-teule","product_tag-mialet-barrault","product_tag-roman-historique"],"yoast_head":"<!-- This site is optimized with the Yoast SEO plugin v18.0 - https:\/\/yoast.com\/wordpress\/plugins\/seo\/ -->\n<title>Azincourt par temps de pluie Jean Teul\u00e9 Mialet Barrault - Atypique Concept Store<\/title>\n<meta name=\"robots\" content=\"index, follow, max-snippet:-1, max-image-preview:large, max-video-preview:-1\" \/>\n<link rel=\"canonical\" href=\"https:\/\/atypique.brunotarhan.fr\/index.php\/produit\/azincourt-par-temps-de-pluiejean-teulemialet-barrault\/\" \/>\n<meta property=\"og:locale\" content=\"fr_FR\" \/>\n<meta property=\"og:type\" content=\"article\" \/>\n<meta property=\"og:title\" content=\"Azincourt par temps de pluie Jean Teul\u00e9 Mialet Barrault - Atypique Concept Store\" \/>\n<meta property=\"og:description\" content=\"Azincourt, un joli nom de village, le vague souvenir d&#039;une bataille perdue. Ce 25 octobre 1415, il pleut dru sur l&#039;Artois. Quelques milliers de soldats\u2026\" \/>\n<meta property=\"og:url\" content=\"https:\/\/atypique.brunotarhan.fr\/index.php\/produit\/azincourt-par-temps-de-pluiejean-teulemialet-barrault\/\" \/>\n<meta property=\"og:site_name\" content=\"Atypique Concept Store\" \/>\n<meta name=\"twitter:card\" content=\"summary_large_image\" \/>\n<meta name=\"twitter:label1\" content=\"Dur\u00e9e de lecture estim\u00e9e\" \/>\n\t<meta name=\"twitter:data1\" content=\"1 minute\" \/>\n<script type=\"application\/ld+json\" class=\"yoast-schema-graph\">{\"@context\":\"https:\/\/schema.org\",\"@graph\":[{\"@type\":\"WebSite\",\"@id\":\"https:\/\/atypique.brunotarhan.fr\/#website\",\"url\":\"https:\/\/atypique.brunotarhan.fr\/\",\"name\":\"Atypique Concept Store\",\"description\":\"Just another WordPress site\",\"potentialAction\":[{\"@type\":\"SearchAction\",\"target\":{\"@type\":\"EntryPoint\",\"urlTemplate\":\"https:\/\/atypique.brunotarhan.fr\/?s={search_term_string}\"},\"query-input\":\"required name=search_term_string\"}],\"inLanguage\":\"fr-FR\"},{\"@type\":\"ImageObject\",\"@id\":\"https:\/\/atypique.brunotarhan.fr\/index.php\/produit\/azincourt-par-temps-de-pluiejean-teulemialet-barrault\/#primaryimage\",\"inLanguage\":\"fr-FR\",\"url\":\"https:\/\/atypique.brunotarhan.fr\/wp-content\/uploads\/2022\/04\/azincourt-par-temps-de-pluie.webp\",\"contentUrl\":\"https:\/\/atypique.brunotarhan.fr\/wp-content\/uploads\/2022\/04\/azincourt-par-temps-de-pluie.webp\",\"width\":317,\"height\":500},{\"@type\":\"WebPage\",\"@id\":\"https:\/\/atypique.brunotarhan.fr\/index.php\/produit\/azincourt-par-temps-de-pluiejean-teulemialet-barrault\/#webpage\",\"url\":\"https:\/\/atypique.brunotarhan.fr\/index.php\/produit\/azincourt-par-temps-de-pluiejean-teulemialet-barrault\/\",\"name\":\"Azincourt par temps de pluie Jean Teul\u00e9 Mialet Barrault - Atypique Concept Store\",\"isPartOf\":{\"@id\":\"https:\/\/atypique.brunotarhan.fr\/#website\"},\"primaryImageOfPage\":{\"@id\":\"https:\/\/atypique.brunotarhan.fr\/index.php\/produit\/azincourt-par-temps-de-pluiejean-teulemialet-barrault\/#primaryimage\"},\"datePublished\":\"2022-04-25T22:31:13+00:00\",\"dateModified\":\"2022-04-25T22:31:13+00:00\",\"breadcrumb\":{\"@id\":\"https:\/\/atypique.brunotarhan.fr\/index.php\/produit\/azincourt-par-temps-de-pluiejean-teulemialet-barrault\/#breadcrumb\"},\"inLanguage\":\"fr-FR\",\"potentialAction\":[{\"@type\":\"ReadAction\",\"target\":[\"https:\/\/atypique.brunotarhan.fr\/index.php\/produit\/azincourt-par-temps-de-pluiejean-teulemialet-barrault\/\"]}]},{\"@type\":\"BreadcrumbList\",\"@id\":\"https:\/\/atypique.brunotarhan.fr\/index.php\/produit\/azincourt-par-temps-de-pluiejean-teulemialet-barrault\/#breadcrumb\",\"itemListElement\":[{\"@type\":\"ListItem\",\"position\":1,\"name\":\"Accueil\",\"item\":\"https:\/\/atypique.brunotarhan.fr\/\"},{\"@type\":\"ListItem\",\"position\":2,\"name\":\"\"},{\"@type\":\"ListItem\",\"position\":3,\"name\":\"Azincourt par temps de pluie Jean Teul\u00e9 Mialet Barrault\"}]}]}<\/script>\n<!-- \/ Yoast SEO plugin. -->","yoast_head_json":{"title":"Azincourt par temps de pluie Jean Teul\u00e9 Mialet Barrault - Atypique Concept Store","robots":{"index":"index","follow":"follow","max-snippet":"max-snippet:-1","max-image-preview":"max-image-preview:large","max-video-preview":"max-video-preview:-1"},"canonical":"https:\/\/atypique.brunotarhan.fr\/index.php\/produit\/azincourt-par-temps-de-pluiejean-teulemialet-barrault\/","og_locale":"fr_FR","og_type":"article","og_title":"Azincourt par temps de pluie Jean Teul\u00e9 Mialet Barrault - Atypique Concept Store","og_description":"Azincourt, un joli nom de village, le vague souvenir d'une bataille perdue. Ce 25 octobre 1415, il pleut dru sur l'Artois. Quelques milliers de soldats\u2026","og_url":"https:\/\/atypique.brunotarhan.fr\/index.php\/produit\/azincourt-par-temps-de-pluiejean-teulemialet-barrault\/","og_site_name":"Atypique Concept Store","twitter_card":"summary_large_image","twitter_misc":{"Dur\u00e9e de lecture estim\u00e9e":"1 minute"},"schema":{"@context":"https:\/\/schema.org","@graph":[{"@type":"WebSite","@id":"https:\/\/atypique.brunotarhan.fr\/#website","url":"https:\/\/atypique.brunotarhan.fr\/","name":"Atypique Concept Store","description":"Just another WordPress site","potentialAction":[{"@type":"SearchAction","target":{"@type":"EntryPoint","urlTemplate":"https:\/\/atypique.brunotarhan.fr\/?s={search_term_string}"},"query-input":"required name=search_term_string"}],"inLanguage":"fr-FR"},{"@type":"ImageObject","@id":"https:\/\/atypique.brunotarhan.fr\/index.php\/produit\/azincourt-par-temps-de-pluiejean-teulemialet-barrault\/#primaryimage","inLanguage":"fr-FR","url":"https:\/\/atypique.brunotarhan.fr\/wp-content\/uploads\/2022\/04\/azincourt-par-temps-de-pluie.webp","contentUrl":"https:\/\/atypique.brunotarhan.fr\/wp-content\/uploads\/2022\/04\/azincourt-par-temps-de-pluie.webp","width":317,"height":500},{"@type":"WebPage","@id":"https:\/\/atypique.brunotarhan.fr\/index.php\/produit\/azincourt-par-temps-de-pluiejean-teulemialet-barrault\/#webpage","url":"https:\/\/atypique.brunotarhan.fr\/index.php\/produit\/azincourt-par-temps-de-pluiejean-teulemialet-barrault\/","name":"Azincourt par temps de pluie Jean Teul\u00e9 Mialet Barrault - Atypique Concept Store","isPartOf":{"@id":"https:\/\/atypique.brunotarhan.fr\/#website"},"primaryImageOfPage":{"@id":"https:\/\/atypique.brunotarhan.fr\/index.php\/produit\/azincourt-par-temps-de-pluiejean-teulemialet-barrault\/#primaryimage"},"datePublished":"2022-04-25T22:31:13+00:00","dateModified":"2022-04-25T22:31:13+00:00","breadcrumb":{"@id":"https:\/\/atypique.brunotarhan.fr\/index.php\/produit\/azincourt-par-temps-de-pluiejean-teulemialet-barrault\/#breadcrumb"},"inLanguage":"fr-FR","potentialAction":[{"@type":"ReadAction","target":["https:\/\/atypique.brunotarhan.fr\/index.php\/produit\/azincourt-par-temps-de-pluiejean-teulemialet-barrault\/"]}]},{"@type":"BreadcrumbList","@id":"https:\/\/atypique.brunotarhan.fr\/index.php\/produit\/azincourt-par-temps-de-pluiejean-teulemialet-barrault\/#breadcrumb","itemListElement":[{"@type":"ListItem","position":1,"name":"Accueil","item":"https:\/\/atypique.brunotarhan.fr\/"},{"@type":"ListItem","position":2,"name":""},{"@type":"ListItem","position":3,"name":"Azincourt par temps de pluie Jean Teul\u00e9 Mialet Barrault"}]}]}},"_links":{"self":[{"href":"https:\/\/atypique.brunotarhan.fr\/index.php\/wp-json\/wp\/v2\/product\/15991","targetHints":{"allow":["GET"]}}],"collection":[{"href":"https:\/\/atypique.brunotarhan.fr\/index.php\/wp-json\/wp\/v2\/product"}],"about":[{"href":"https:\/\/atypique.brunotarhan.fr\/index.php\/wp-json\/wp\/v2\/types\/product"}],"replies":[{"embeddable":true,"href":"https:\/\/atypique.brunotarhan.fr\/index.php\/wp-json\/wp\/v2\/comments?post=15991"}],"wp:featuredmedia":[{"embeddable":true,"href":"https:\/\/atypique.brunotarhan.fr\/index.php\/wp-json\/wp\/v2\/media\/15737"}],"wp:attachment":[{"href":"https:\/\/atypique.brunotarhan.fr\/index.php\/wp-json\/wp\/v2\/media?parent=15991"}],"wp:term":[{"taxonomy":"product_cat","embeddable":true,"href":"https:\/\/atypique.brunotarhan.fr\/index.php\/wp-json\/wp\/v2\/product_cat?post=15991"},{"taxonomy":"product_tag","embeddable":true,"href":"https:\/\/atypique.brunotarhan.fr\/index.php\/wp-json\/wp\/v2\/product_tag?post=15991"}],"curies":[{"name":"wp","href":"https:\/\/api.w.org\/{rel}","templated":true}]}}