{"id":15989,"date":"2022-04-25T22:31:12","date_gmt":"2022-04-25T22:31:12","guid":{"rendered":"https:\/\/atypique.brunotarhan.fr\/index.php\/produit\/ariol-tome-6chat-mechantemmanuel-guibert-marc-boutavantbd-kids\/"},"modified":"2022-04-25T22:31:12","modified_gmt":"2022-04-25T22:31:12","slug":"ariol-tome-6chat-mechantemmanuel-guibert-marc-boutavantbd-kids","status":"publish","type":"product","link":"https:\/\/atypique.brunotarhan.fr\/index.php\/produit\/ariol-tome-6chat-mechantemmanuel-guibert-marc-boutavantbd-kids\/","title":{"rendered":"Ariol Tome 6\nChat m\u00e9chant\nEmmanuel Guibert, Marc Boutavant\nBD Kids"},"content":{"rendered":"<p>Tiburge, c&#8217;est le meilleur ennemi d&#8217;Ariol. Un chat mal l\u00e9ch\u00e9 qui cherche toujours des crosses, qui se moque de tout, de tous et m\u00eame du chevalier cheval. Et vous savez le pire ? C&#8217;est qu&#8217;il pla\u00eet bien \u00e0 P\u00e9tula, cet affreux marlou ! Comme la classe serait tranquille, sans lui&#8230;<\/p>\n","protected":false},"excerpt":{"rendered":"<p>Tiburge, c&#8217;est le meilleur ennemi d&#8217;Ariol. Un chat mal l\u00e9ch\u00e9 qui cherche toujours des crosses, qui se moque de tout, de tous et m\u00eame du chevalier cheval\u2026<\/p>\n","protected":false},"featured_media":15736,"comment_status":"open","ping_status":"closed","template":"","meta":[],"product_cat":[212,93],"product_tag":[213,214,215],"class_list":["post-15989","product","type-product","status-publish","has-post-thumbnail","hentry","product_cat-bandes-dessinees","product_cat-librairie","product_tag-ariol","product_tag-bandes-dessinees","product_tag-bd-enfants"],"yoast_head":"<!-- This site is optimized with the Yoast SEO plugin v18.0 - https:\/\/yoast.com\/wordpress\/plugins\/seo\/ -->\n<title>Ariol Tome 6 Chat m\u00e9chant Emmanuel Guibert, Marc Boutavant BD Kids - Atypique Concept Store<\/title>\n<meta name=\"robots\" content=\"index, follow, max-snippet:-1, max-image-preview:large, max-video-preview:-1\" \/>\n<link rel=\"canonical\" href=\"https:\/\/atypique.brunotarhan.fr\/index.php\/produit\/ariol-tome-6chat-mechantemmanuel-guibert-marc-boutavantbd-kids\/\" \/>\n<meta property=\"og:locale\" content=\"fr_FR\" \/>\n<meta property=\"og:type\" content=\"article\" \/>\n<meta property=\"og:title\" content=\"Ariol Tome 6 Chat m\u00e9chant Emmanuel Guibert, Marc Boutavant BD Kids - Atypique Concept Store\" \/>\n<meta property=\"og:description\" content=\"Tiburge, c&#039;est le meilleur ennemi d&#039;Ariol. Un chat mal l\u00e9ch\u00e9 qui cherche toujours des crosses, qui se moque de tout, de tous et m\u00eame du chevalier cheval\u2026\" \/>\n<meta property=\"og:url\" content=\"https:\/\/atypique.brunotarhan.fr\/index.php\/produit\/ariol-tome-6chat-mechantemmanuel-guibert-marc-boutavantbd-kids\/\" \/>\n<meta property=\"og:site_name\" content=\"Atypique Concept Store\" \/>\n<meta name=\"twitter:card\" content=\"summary_large_image\" \/>\n<script type=\"application\/ld+json\" class=\"yoast-schema-graph\">{\"@context\":\"https:\/\/schema.org\",\"@graph\":[{\"@type\":\"WebSite\",\"@id\":\"https:\/\/atypique.brunotarhan.fr\/#website\",\"url\":\"https:\/\/atypique.brunotarhan.fr\/\",\"name\":\"Atypique Concept Store\",\"description\":\"Just another WordPress site\",\"potentialAction\":[{\"@type\":\"SearchAction\",\"target\":{\"@type\":\"EntryPoint\",\"urlTemplate\":\"https:\/\/atypique.brunotarhan.fr\/?s={search_term_string}\"},\"query-input\":\"required name=search_term_string\"}],\"inLanguage\":\"fr-FR\"},{\"@type\":\"ImageObject\",\"@id\":\"https:\/\/atypique.brunotarhan.fr\/index.php\/produit\/ariol-tome-6chat-mechantemmanuel-guibert-marc-boutavantbd-kids\/#primaryimage\",\"inLanguage\":\"fr-FR\",\"url\":\"https:\/\/atypique.brunotarhan.fr\/wp-content\/uploads\/2022\/04\/Ariol-t6.webp\",\"contentUrl\":\"https:\/\/atypique.brunotarhan.fr\/wp-content\/uploads\/2022\/04\/Ariol-t6.webp\",\"width\":396,\"height\":500},{\"@type\":\"WebPage\",\"@id\":\"https:\/\/atypique.brunotarhan.fr\/index.php\/produit\/ariol-tome-6chat-mechantemmanuel-guibert-marc-boutavantbd-kids\/#webpage\",\"url\":\"https:\/\/atypique.brunotarhan.fr\/index.php\/produit\/ariol-tome-6chat-mechantemmanuel-guibert-marc-boutavantbd-kids\/\",\"name\":\"Ariol Tome 6 Chat m\u00e9chant Emmanuel Guibert, Marc Boutavant BD Kids - Atypique Concept Store\",\"isPartOf\":{\"@id\":\"https:\/\/atypique.brunotarhan.fr\/#website\"},\"primaryImageOfPage\":{\"@id\":\"https:\/\/atypique.brunotarhan.fr\/index.php\/produit\/ariol-tome-6chat-mechantemmanuel-guibert-marc-boutavantbd-kids\/#primaryimage\"},\"datePublished\":\"2022-04-25T22:31:12+00:00\",\"dateModified\":\"2022-04-25T22:31:12+00:00\",\"breadcrumb\":{\"@id\":\"https:\/\/atypique.brunotarhan.fr\/index.php\/produit\/ariol-tome-6chat-mechantemmanuel-guibert-marc-boutavantbd-kids\/#breadcrumb\"},\"inLanguage\":\"fr-FR\",\"potentialAction\":[{\"@type\":\"ReadAction\",\"target\":[\"https:\/\/atypique.brunotarhan.fr\/index.php\/produit\/ariol-tome-6chat-mechantemmanuel-guibert-marc-boutavantbd-kids\/\"]}]},{\"@type\":\"BreadcrumbList\",\"@id\":\"https:\/\/atypique.brunotarhan.fr\/index.php\/produit\/ariol-tome-6chat-mechantemmanuel-guibert-marc-boutavantbd-kids\/#breadcrumb\",\"itemListElement\":[{\"@type\":\"ListItem\",\"position\":1,\"name\":\"Accueil\",\"item\":\"https:\/\/atypique.brunotarhan.fr\/\"},{\"@type\":\"ListItem\",\"position\":2,\"name\":\"\"},{\"@type\":\"ListItem\",\"position\":3,\"name\":\"Ariol Tome 6 Chat m\u00e9chant Emmanuel Guibert, Marc Boutavant BD Kids\"}]}]}<\/script>\n<!-- \/ Yoast SEO plugin. -->","yoast_head_json":{"title":"Ariol Tome 6 Chat m\u00e9chant Emmanuel Guibert, Marc Boutavant BD Kids - Atypique Concept Store","robots":{"index":"index","follow":"follow","max-snippet":"max-snippet:-1","max-image-preview":"max-image-preview:large","max-video-preview":"max-video-preview:-1"},"canonical":"https:\/\/atypique.brunotarhan.fr\/index.php\/produit\/ariol-tome-6chat-mechantemmanuel-guibert-marc-boutavantbd-kids\/","og_locale":"fr_FR","og_type":"article","og_title":"Ariol Tome 6 Chat m\u00e9chant Emmanuel Guibert, Marc Boutavant BD Kids - Atypique Concept Store","og_description":"Tiburge, c'est le meilleur ennemi d'Ariol. Un chat mal l\u00e9ch\u00e9 qui cherche toujours des crosses, qui se moque de tout, de tous et m\u00eame du chevalier cheval\u2026","og_url":"https:\/\/atypique.brunotarhan.fr\/index.php\/produit\/ariol-tome-6chat-mechantemmanuel-guibert-marc-boutavantbd-kids\/","og_site_name":"Atypique Concept Store","twitter_card":"summary_large_image","schema":{"@context":"https:\/\/schema.org","@graph":[{"@type":"WebSite","@id":"https:\/\/atypique.brunotarhan.fr\/#website","url":"https:\/\/atypique.brunotarhan.fr\/","name":"Atypique Concept Store","description":"Just another WordPress site","potentialAction":[{"@type":"SearchAction","target":{"@type":"EntryPoint","urlTemplate":"https:\/\/atypique.brunotarhan.fr\/?s={search_term_string}"},"query-input":"required name=search_term_string"}],"inLanguage":"fr-FR"},{"@type":"ImageObject","@id":"https:\/\/atypique.brunotarhan.fr\/index.php\/produit\/ariol-tome-6chat-mechantemmanuel-guibert-marc-boutavantbd-kids\/#primaryimage","inLanguage":"fr-FR","url":"https:\/\/atypique.brunotarhan.fr\/wp-content\/uploads\/2022\/04\/Ariol-t6.webp","contentUrl":"https:\/\/atypique.brunotarhan.fr\/wp-content\/uploads\/2022\/04\/Ariol-t6.webp","width":396,"height":500},{"@type":"WebPage","@id":"https:\/\/atypique.brunotarhan.fr\/index.php\/produit\/ariol-tome-6chat-mechantemmanuel-guibert-marc-boutavantbd-kids\/#webpage","url":"https:\/\/atypique.brunotarhan.fr\/index.php\/produit\/ariol-tome-6chat-mechantemmanuel-guibert-marc-boutavantbd-kids\/","name":"Ariol Tome 6 Chat m\u00e9chant Emmanuel Guibert, Marc Boutavant BD Kids - Atypique Concept Store","isPartOf":{"@id":"https:\/\/atypique.brunotarhan.fr\/#website"},"primaryImageOfPage":{"@id":"https:\/\/atypique.brunotarhan.fr\/index.php\/produit\/ariol-tome-6chat-mechantemmanuel-guibert-marc-boutavantbd-kids\/#primaryimage"},"datePublished":"2022-04-25T22:31:12+00:00","dateModified":"2022-04-25T22:31:12+00:00","breadcrumb":{"@id":"https:\/\/atypique.brunotarhan.fr\/index.php\/produit\/ariol-tome-6chat-mechantemmanuel-guibert-marc-boutavantbd-kids\/#breadcrumb"},"inLanguage":"fr-FR","potentialAction":[{"@type":"ReadAction","target":["https:\/\/atypique.brunotarhan.fr\/index.php\/produit\/ariol-tome-6chat-mechantemmanuel-guibert-marc-boutavantbd-kids\/"]}]},{"@type":"BreadcrumbList","@id":"https:\/\/atypique.brunotarhan.fr\/index.php\/produit\/ariol-tome-6chat-mechantemmanuel-guibert-marc-boutavantbd-kids\/#breadcrumb","itemListElement":[{"@type":"ListItem","position":1,"name":"Accueil","item":"https:\/\/atypique.brunotarhan.fr\/"},{"@type":"ListItem","position":2,"name":""},{"@type":"ListItem","position":3,"name":"Ariol Tome 6 Chat m\u00e9chant Emmanuel Guibert, Marc Boutavant BD Kids"}]}]}},"_links":{"self":[{"href":"https:\/\/atypique.brunotarhan.fr\/index.php\/wp-json\/wp\/v2\/product\/15989","targetHints":{"allow":["GET"]}}],"collection":[{"href":"https:\/\/atypique.brunotarhan.fr\/index.php\/wp-json\/wp\/v2\/product"}],"about":[{"href":"https:\/\/atypique.brunotarhan.fr\/index.php\/wp-json\/wp\/v2\/types\/product"}],"replies":[{"embeddable":true,"href":"https:\/\/atypique.brunotarhan.fr\/index.php\/wp-json\/wp\/v2\/comments?post=15989"}],"wp:featuredmedia":[{"embeddable":true,"href":"https:\/\/atypique.brunotarhan.fr\/index.php\/wp-json\/wp\/v2\/media\/15736"}],"wp:attachment":[{"href":"https:\/\/atypique.brunotarhan.fr\/index.php\/wp-json\/wp\/v2\/media?parent=15989"}],"wp:term":[{"taxonomy":"product_cat","embeddable":true,"href":"https:\/\/atypique.brunotarhan.fr\/index.php\/wp-json\/wp\/v2\/product_cat?post=15989"},{"taxonomy":"product_tag","embeddable":true,"href":"https:\/\/atypique.brunotarhan.fr\/index.php\/wp-json\/wp\/v2\/product_tag?post=15989"}],"curies":[{"name":"wp","href":"https:\/\/api.w.org\/{rel}","templated":true}]}}