{"id":15988,"date":"2022-04-25T22:31:12","date_gmt":"2022-04-25T22:31:12","guid":{"rendered":"https:\/\/atypique.brunotarhan.fr\/index.php\/produit\/agatha-raisin-enquete-tome-30bonnet-danemc-beatonalbin-michel\/"},"modified":"2022-04-25T22:31:12","modified_gmt":"2022-04-25T22:31:12","slug":"agatha-raisin-enquete-tome-30bonnet-danemc-beatonalbin-michel","status":"publish","type":"product","link":"https:\/\/atypique.brunotarhan.fr\/index.php\/produit\/agatha-raisin-enquete-tome-30bonnet-danemc-beatonalbin-michel\/","title":{"rendered":"Agatha Raisin enqu\u00eate Tome 30\nBonnet d&#8217;\u00e2ne\nMC Beaton\nAlbin Michel"},"content":{"rendered":"<p>Agatha est engag\u00e9e pour enqu\u00eater sur une affaire d&#8217;espionnage industriel dans une usine o\u00f9 de dr\u00f4les de choses se trament&#8230; Le myst\u00e8re de l&#8217;usine se transforme bient\u00f4t en enqu\u00eate pour meurtre et un \u00e2ne de mauvais poil fait d&#8217;Agatha une c\u00e9l\u00e9brit\u00e9, la couvrant de honte et de ridicule. Pour ajouter \u00e0 ses malheurs, Agatha se retrouve en proie \u00e0 des sentiments croissants envers son ami et amant occasionnel, Sir Charles Fraith.<br \/>\nAlors que le meurtre de l&#8217;usine semble enfin d\u00e9voiler ses secrets, la propre vie d&#8217;Agatha est mise en danger de mort. Parviendra-t-elle \u00e0 arr\u00eater le tueur avant qu&#8217;il ne s&#8217;en prenne \u00e0 elle ?<\/p>\n","protected":false},"excerpt":{"rendered":"<p>Agatha est engag\u00e9e pour enqu\u00eater sur une affaire d&#8217;espionnage industriel dans une usine o\u00f9 de dr\u00f4les de choses se trament&#8230; Le myst\u00e8re de l&#8217;usine.<\/p>\n","protected":false},"featured_media":15741,"comment_status":"open","ping_status":"closed","template":"","meta":[],"product_cat":[93,204],"product_tag":[209,207,210,211],"class_list":["post-15988","product","type-product","status-publish","has-post-thumbnail","hentry","product_cat-librairie","product_cat-polars-thrillers","product_tag-agatha-raisin","product_tag-albin-michel","product_tag-m-c-beaton","product_tag-roman-policier"],"yoast_head":"<!-- This site is optimized with the Yoast SEO plugin v18.0 - https:\/\/yoast.com\/wordpress\/plugins\/seo\/ -->\n<title>Agatha Raisin enqu\u00eate Tome 30 Bonnet d&#039;\u00e2ne MC Beaton Albin Michel - Atypique Concept Store<\/title>\n<meta name=\"robots\" content=\"index, follow, max-snippet:-1, max-image-preview:large, max-video-preview:-1\" \/>\n<link rel=\"canonical\" href=\"https:\/\/atypique.brunotarhan.fr\/index.php\/produit\/agatha-raisin-enquete-tome-30bonnet-danemc-beatonalbin-michel\/\" \/>\n<meta property=\"og:locale\" content=\"fr_FR\" \/>\n<meta property=\"og:type\" content=\"article\" \/>\n<meta property=\"og:title\" content=\"Agatha Raisin enqu\u00eate Tome 30 Bonnet d&#039;\u00e2ne MC Beaton Albin Michel - Atypique Concept Store\" \/>\n<meta property=\"og:description\" content=\"Agatha est engag\u00e9e pour enqu\u00eater sur une affaire d&#039;espionnage industriel dans une usine o\u00f9 de dr\u00f4les de choses se trament... Le myst\u00e8re de l&#039;usine.\" \/>\n<meta property=\"og:url\" content=\"https:\/\/atypique.brunotarhan.fr\/index.php\/produit\/agatha-raisin-enquete-tome-30bonnet-danemc-beatonalbin-michel\/\" \/>\n<meta property=\"og:site_name\" content=\"Atypique Concept Store\" \/>\n<meta name=\"twitter:card\" content=\"summary_large_image\" \/>\n<meta name=\"twitter:label1\" content=\"Dur\u00e9e de lecture estim\u00e9e\" \/>\n\t<meta name=\"twitter:data1\" content=\"1 minute\" \/>\n<script type=\"application\/ld+json\" class=\"yoast-schema-graph\">{\"@context\":\"https:\/\/schema.org\",\"@graph\":[{\"@type\":\"WebSite\",\"@id\":\"https:\/\/atypique.brunotarhan.fr\/#website\",\"url\":\"https:\/\/atypique.brunotarhan.fr\/\",\"name\":\"Atypique Concept Store\",\"description\":\"Just another WordPress site\",\"potentialAction\":[{\"@type\":\"SearchAction\",\"target\":{\"@type\":\"EntryPoint\",\"urlTemplate\":\"https:\/\/atypique.brunotarhan.fr\/?s={search_term_string}\"},\"query-input\":\"required name=search_term_string\"}],\"inLanguage\":\"fr-FR\"},{\"@type\":\"ImageObject\",\"@id\":\"https:\/\/atypique.brunotarhan.fr\/index.php\/produit\/agatha-raisin-enquete-tome-30bonnet-danemc-beatonalbin-michel\/#primaryimage\",\"inLanguage\":\"fr-FR\",\"url\":\"https:\/\/atypique.brunotarhan.fr\/wp-content\/uploads\/2022\/04\/bonnet-d-ane.webp\",\"contentUrl\":\"https:\/\/atypique.brunotarhan.fr\/wp-content\/uploads\/2022\/04\/bonnet-d-ane.webp\",\"width\":342,\"height\":500},{\"@type\":\"WebPage\",\"@id\":\"https:\/\/atypique.brunotarhan.fr\/index.php\/produit\/agatha-raisin-enquete-tome-30bonnet-danemc-beatonalbin-michel\/#webpage\",\"url\":\"https:\/\/atypique.brunotarhan.fr\/index.php\/produit\/agatha-raisin-enquete-tome-30bonnet-danemc-beatonalbin-michel\/\",\"name\":\"Agatha Raisin enqu\u00eate Tome 30 Bonnet d'\u00e2ne MC Beaton Albin Michel - Atypique Concept Store\",\"isPartOf\":{\"@id\":\"https:\/\/atypique.brunotarhan.fr\/#website\"},\"primaryImageOfPage\":{\"@id\":\"https:\/\/atypique.brunotarhan.fr\/index.php\/produit\/agatha-raisin-enquete-tome-30bonnet-danemc-beatonalbin-michel\/#primaryimage\"},\"datePublished\":\"2022-04-25T22:31:12+00:00\",\"dateModified\":\"2022-04-25T22:31:12+00:00\",\"breadcrumb\":{\"@id\":\"https:\/\/atypique.brunotarhan.fr\/index.php\/produit\/agatha-raisin-enquete-tome-30bonnet-danemc-beatonalbin-michel\/#breadcrumb\"},\"inLanguage\":\"fr-FR\",\"potentialAction\":[{\"@type\":\"ReadAction\",\"target\":[\"https:\/\/atypique.brunotarhan.fr\/index.php\/produit\/agatha-raisin-enquete-tome-30bonnet-danemc-beatonalbin-michel\/\"]}]},{\"@type\":\"BreadcrumbList\",\"@id\":\"https:\/\/atypique.brunotarhan.fr\/index.php\/produit\/agatha-raisin-enquete-tome-30bonnet-danemc-beatonalbin-michel\/#breadcrumb\",\"itemListElement\":[{\"@type\":\"ListItem\",\"position\":1,\"name\":\"Accueil\",\"item\":\"https:\/\/atypique.brunotarhan.fr\/\"},{\"@type\":\"ListItem\",\"position\":2,\"name\":\"\"},{\"@type\":\"ListItem\",\"position\":3,\"name\":\"Agatha Raisin enqu\u00eate Tome 30 Bonnet d&#8217;\u00e2ne MC Beaton Albin Michel\"}]}]}<\/script>\n<!-- \/ Yoast SEO plugin. -->","yoast_head_json":{"title":"Agatha Raisin enqu\u00eate Tome 30 Bonnet d'\u00e2ne MC Beaton Albin Michel - Atypique Concept Store","robots":{"index":"index","follow":"follow","max-snippet":"max-snippet:-1","max-image-preview":"max-image-preview:large","max-video-preview":"max-video-preview:-1"},"canonical":"https:\/\/atypique.brunotarhan.fr\/index.php\/produit\/agatha-raisin-enquete-tome-30bonnet-danemc-beatonalbin-michel\/","og_locale":"fr_FR","og_type":"article","og_title":"Agatha Raisin enqu\u00eate Tome 30 Bonnet d'\u00e2ne MC Beaton Albin Michel - Atypique Concept Store","og_description":"Agatha est engag\u00e9e pour enqu\u00eater sur une affaire d'espionnage industriel dans une usine o\u00f9 de dr\u00f4les de choses se trament... Le myst\u00e8re de l'usine.","og_url":"https:\/\/atypique.brunotarhan.fr\/index.php\/produit\/agatha-raisin-enquete-tome-30bonnet-danemc-beatonalbin-michel\/","og_site_name":"Atypique Concept Store","twitter_card":"summary_large_image","twitter_misc":{"Dur\u00e9e de lecture estim\u00e9e":"1 minute"},"schema":{"@context":"https:\/\/schema.org","@graph":[{"@type":"WebSite","@id":"https:\/\/atypique.brunotarhan.fr\/#website","url":"https:\/\/atypique.brunotarhan.fr\/","name":"Atypique Concept Store","description":"Just another WordPress site","potentialAction":[{"@type":"SearchAction","target":{"@type":"EntryPoint","urlTemplate":"https:\/\/atypique.brunotarhan.fr\/?s={search_term_string}"},"query-input":"required name=search_term_string"}],"inLanguage":"fr-FR"},{"@type":"ImageObject","@id":"https:\/\/atypique.brunotarhan.fr\/index.php\/produit\/agatha-raisin-enquete-tome-30bonnet-danemc-beatonalbin-michel\/#primaryimage","inLanguage":"fr-FR","url":"https:\/\/atypique.brunotarhan.fr\/wp-content\/uploads\/2022\/04\/bonnet-d-ane.webp","contentUrl":"https:\/\/atypique.brunotarhan.fr\/wp-content\/uploads\/2022\/04\/bonnet-d-ane.webp","width":342,"height":500},{"@type":"WebPage","@id":"https:\/\/atypique.brunotarhan.fr\/index.php\/produit\/agatha-raisin-enquete-tome-30bonnet-danemc-beatonalbin-michel\/#webpage","url":"https:\/\/atypique.brunotarhan.fr\/index.php\/produit\/agatha-raisin-enquete-tome-30bonnet-danemc-beatonalbin-michel\/","name":"Agatha Raisin enqu\u00eate Tome 30 Bonnet d'\u00e2ne MC Beaton Albin Michel - Atypique Concept Store","isPartOf":{"@id":"https:\/\/atypique.brunotarhan.fr\/#website"},"primaryImageOfPage":{"@id":"https:\/\/atypique.brunotarhan.fr\/index.php\/produit\/agatha-raisin-enquete-tome-30bonnet-danemc-beatonalbin-michel\/#primaryimage"},"datePublished":"2022-04-25T22:31:12+00:00","dateModified":"2022-04-25T22:31:12+00:00","breadcrumb":{"@id":"https:\/\/atypique.brunotarhan.fr\/index.php\/produit\/agatha-raisin-enquete-tome-30bonnet-danemc-beatonalbin-michel\/#breadcrumb"},"inLanguage":"fr-FR","potentialAction":[{"@type":"ReadAction","target":["https:\/\/atypique.brunotarhan.fr\/index.php\/produit\/agatha-raisin-enquete-tome-30bonnet-danemc-beatonalbin-michel\/"]}]},{"@type":"BreadcrumbList","@id":"https:\/\/atypique.brunotarhan.fr\/index.php\/produit\/agatha-raisin-enquete-tome-30bonnet-danemc-beatonalbin-michel\/#breadcrumb","itemListElement":[{"@type":"ListItem","position":1,"name":"Accueil","item":"https:\/\/atypique.brunotarhan.fr\/"},{"@type":"ListItem","position":2,"name":""},{"@type":"ListItem","position":3,"name":"Agatha Raisin enqu\u00eate Tome 30 Bonnet d&#8217;\u00e2ne MC Beaton Albin Michel"}]}]}},"_links":{"self":[{"href":"https:\/\/atypique.brunotarhan.fr\/index.php\/wp-json\/wp\/v2\/product\/15988","targetHints":{"allow":["GET"]}}],"collection":[{"href":"https:\/\/atypique.brunotarhan.fr\/index.php\/wp-json\/wp\/v2\/product"}],"about":[{"href":"https:\/\/atypique.brunotarhan.fr\/index.php\/wp-json\/wp\/v2\/types\/product"}],"replies":[{"embeddable":true,"href":"https:\/\/atypique.brunotarhan.fr\/index.php\/wp-json\/wp\/v2\/comments?post=15988"}],"wp:featuredmedia":[{"embeddable":true,"href":"https:\/\/atypique.brunotarhan.fr\/index.php\/wp-json\/wp\/v2\/media\/15741"}],"wp:attachment":[{"href":"https:\/\/atypique.brunotarhan.fr\/index.php\/wp-json\/wp\/v2\/media?parent=15988"}],"wp:term":[{"taxonomy":"product_cat","embeddable":true,"href":"https:\/\/atypique.brunotarhan.fr\/index.php\/wp-json\/wp\/v2\/product_cat?post=15988"},{"taxonomy":"product_tag","embeddable":true,"href":"https:\/\/atypique.brunotarhan.fr\/index.php\/wp-json\/wp\/v2\/product_tag?post=15988"}],"curies":[{"name":"wp","href":"https:\/\/api.w.org\/{rel}","templated":true}]}}