{"id":15987,"date":"2022-04-25T22:31:12","date_gmt":"2022-04-25T22:31:12","guid":{"rendered":"https:\/\/atypique.brunotarhan.fr\/index.php\/produit\/anne-de-greenlucy-maud-montgomerypoints\/"},"modified":"2022-04-25T22:31:12","modified_gmt":"2022-04-25T22:31:12","slug":"anne-de-greenlucy-maud-montgomerypoints","status":"publish","type":"product","link":"https:\/\/atypique.brunotarhan.fr\/index.php\/produit\/anne-de-greenlucy-maud-montgomerypoints\/","title":{"rendered":"Anne de Green\nLucy Maud Montgomery\nPoints"},"content":{"rendered":"<p>A Avonlea, Marilla, une vieille fille un peu acari\u00e2tre, et son fr\u00e8re, Matthew Cuthbert, d\u00e9cident d&#8217;adopter un orphelin pour les aider dans les travaux de la ferme. Le gar\u00e7on attendu se pr\u00e9sente sous les traits d&#8217;une fillette de 11 ans \u00e0 la chevelure flamboyante, Anne Shirley. Une petite fille curieuse, pleine d&#8217;\u00e9nergie, souvent perdue dans ses pens\u00e9es, oscillant entre une joyeuse exub\u00e9rance et parfois une gravit\u00e9 solennelle.<br \/>\nDifficile de r\u00e9sister \u00e0 ce petit bout d&#8217;humanit\u00e9 de onze ans parfaitement imparfaite, emplie d&#8217;une joie de vivre contagieuse, et qui parvient \u00e0 se faire aimer de tous.<\/p>\n","protected":false},"excerpt":{"rendered":"<p>A Avonlea, Marilla, une vieille fille un peu acari\u00e2tre, et son fr\u00e8re, Matthew Cuthbert, d\u00e9cident d&#8217;adopter un orphelin pour les aider dans les travaux\u2026<\/p>\n","protected":false},"featured_media":15733,"comment_status":"open","ping_status":"closed","template":"","meta":[],"product_cat":[93,186],"product_tag":[202,203],"class_list":["post-15987","product","type-product","status-publish","has-post-thumbnail","hentry","product_cat-librairie","product_cat-romans","product_tag-anne-de-green","product_tag-lucy-maud"],"yoast_head":"<!-- This site is optimized with the Yoast SEO plugin v18.0 - https:\/\/yoast.com\/wordpress\/plugins\/seo\/ -->\n<title>Anne de Green Lucy Maud Montgomery Points - Atypique Concept Store<\/title>\n<meta name=\"robots\" content=\"index, follow, max-snippet:-1, max-image-preview:large, max-video-preview:-1\" \/>\n<link rel=\"canonical\" href=\"https:\/\/atypique.brunotarhan.fr\/index.php\/produit\/anne-de-greenlucy-maud-montgomerypoints\/\" \/>\n<meta property=\"og:locale\" content=\"fr_FR\" \/>\n<meta property=\"og:type\" content=\"article\" \/>\n<meta property=\"og:title\" content=\"Anne de Green Lucy Maud Montgomery Points - Atypique Concept Store\" \/>\n<meta property=\"og:description\" content=\"A Avonlea, Marilla, une vieille fille un peu acari\u00e2tre, et son fr\u00e8re, Matthew Cuthbert, d\u00e9cident d&#039;adopter un orphelin pour les aider dans les travaux\u2026\" \/>\n<meta property=\"og:url\" content=\"https:\/\/atypique.brunotarhan.fr\/index.php\/produit\/anne-de-greenlucy-maud-montgomerypoints\/\" \/>\n<meta property=\"og:site_name\" content=\"Atypique Concept Store\" \/>\n<meta name=\"twitter:card\" content=\"summary_large_image\" \/>\n<meta name=\"twitter:label1\" content=\"Dur\u00e9e de lecture estim\u00e9e\" \/>\n\t<meta name=\"twitter:data1\" content=\"1 minute\" \/>\n<script type=\"application\/ld+json\" class=\"yoast-schema-graph\">{\"@context\":\"https:\/\/schema.org\",\"@graph\":[{\"@type\":\"WebSite\",\"@id\":\"https:\/\/atypique.brunotarhan.fr\/#website\",\"url\":\"https:\/\/atypique.brunotarhan.fr\/\",\"name\":\"Atypique Concept Store\",\"description\":\"Just another WordPress site\",\"potentialAction\":[{\"@type\":\"SearchAction\",\"target\":{\"@type\":\"EntryPoint\",\"urlTemplate\":\"https:\/\/atypique.brunotarhan.fr\/?s={search_term_string}\"},\"query-input\":\"required name=search_term_string\"}],\"inLanguage\":\"fr-FR\"},{\"@type\":\"ImageObject\",\"@id\":\"https:\/\/atypique.brunotarhan.fr\/index.php\/produit\/anne-de-greenlucy-maud-montgomerypoints\/#primaryimage\",\"inLanguage\":\"fr-FR\",\"url\":\"https:\/\/atypique.brunotarhan.fr\/wp-content\/uploads\/2022\/04\/anne-de-green.webp\",\"contentUrl\":\"https:\/\/atypique.brunotarhan.fr\/wp-content\/uploads\/2022\/04\/anne-de-green.webp\",\"width\":304,\"height\":500},{\"@type\":\"WebPage\",\"@id\":\"https:\/\/atypique.brunotarhan.fr\/index.php\/produit\/anne-de-greenlucy-maud-montgomerypoints\/#webpage\",\"url\":\"https:\/\/atypique.brunotarhan.fr\/index.php\/produit\/anne-de-greenlucy-maud-montgomerypoints\/\",\"name\":\"Anne de Green Lucy Maud Montgomery Points - Atypique Concept Store\",\"isPartOf\":{\"@id\":\"https:\/\/atypique.brunotarhan.fr\/#website\"},\"primaryImageOfPage\":{\"@id\":\"https:\/\/atypique.brunotarhan.fr\/index.php\/produit\/anne-de-greenlucy-maud-montgomerypoints\/#primaryimage\"},\"datePublished\":\"2022-04-25T22:31:12+00:00\",\"dateModified\":\"2022-04-25T22:31:12+00:00\",\"breadcrumb\":{\"@id\":\"https:\/\/atypique.brunotarhan.fr\/index.php\/produit\/anne-de-greenlucy-maud-montgomerypoints\/#breadcrumb\"},\"inLanguage\":\"fr-FR\",\"potentialAction\":[{\"@type\":\"ReadAction\",\"target\":[\"https:\/\/atypique.brunotarhan.fr\/index.php\/produit\/anne-de-greenlucy-maud-montgomerypoints\/\"]}]},{\"@type\":\"BreadcrumbList\",\"@id\":\"https:\/\/atypique.brunotarhan.fr\/index.php\/produit\/anne-de-greenlucy-maud-montgomerypoints\/#breadcrumb\",\"itemListElement\":[{\"@type\":\"ListItem\",\"position\":1,\"name\":\"Accueil\",\"item\":\"https:\/\/atypique.brunotarhan.fr\/\"},{\"@type\":\"ListItem\",\"position\":2,\"name\":\"\"},{\"@type\":\"ListItem\",\"position\":3,\"name\":\"Anne de Green Lucy Maud Montgomery Points\"}]}]}<\/script>\n<!-- \/ Yoast SEO plugin. -->","yoast_head_json":{"title":"Anne de Green Lucy Maud Montgomery Points - Atypique Concept Store","robots":{"index":"index","follow":"follow","max-snippet":"max-snippet:-1","max-image-preview":"max-image-preview:large","max-video-preview":"max-video-preview:-1"},"canonical":"https:\/\/atypique.brunotarhan.fr\/index.php\/produit\/anne-de-greenlucy-maud-montgomerypoints\/","og_locale":"fr_FR","og_type":"article","og_title":"Anne de Green Lucy Maud Montgomery Points - Atypique Concept Store","og_description":"A Avonlea, Marilla, une vieille fille un peu acari\u00e2tre, et son fr\u00e8re, Matthew Cuthbert, d\u00e9cident d'adopter un orphelin pour les aider dans les travaux\u2026","og_url":"https:\/\/atypique.brunotarhan.fr\/index.php\/produit\/anne-de-greenlucy-maud-montgomerypoints\/","og_site_name":"Atypique Concept Store","twitter_card":"summary_large_image","twitter_misc":{"Dur\u00e9e de lecture estim\u00e9e":"1 minute"},"schema":{"@context":"https:\/\/schema.org","@graph":[{"@type":"WebSite","@id":"https:\/\/atypique.brunotarhan.fr\/#website","url":"https:\/\/atypique.brunotarhan.fr\/","name":"Atypique Concept Store","description":"Just another WordPress site","potentialAction":[{"@type":"SearchAction","target":{"@type":"EntryPoint","urlTemplate":"https:\/\/atypique.brunotarhan.fr\/?s={search_term_string}"},"query-input":"required name=search_term_string"}],"inLanguage":"fr-FR"},{"@type":"ImageObject","@id":"https:\/\/atypique.brunotarhan.fr\/index.php\/produit\/anne-de-greenlucy-maud-montgomerypoints\/#primaryimage","inLanguage":"fr-FR","url":"https:\/\/atypique.brunotarhan.fr\/wp-content\/uploads\/2022\/04\/anne-de-green.webp","contentUrl":"https:\/\/atypique.brunotarhan.fr\/wp-content\/uploads\/2022\/04\/anne-de-green.webp","width":304,"height":500},{"@type":"WebPage","@id":"https:\/\/atypique.brunotarhan.fr\/index.php\/produit\/anne-de-greenlucy-maud-montgomerypoints\/#webpage","url":"https:\/\/atypique.brunotarhan.fr\/index.php\/produit\/anne-de-greenlucy-maud-montgomerypoints\/","name":"Anne de Green Lucy Maud Montgomery Points - Atypique Concept Store","isPartOf":{"@id":"https:\/\/atypique.brunotarhan.fr\/#website"},"primaryImageOfPage":{"@id":"https:\/\/atypique.brunotarhan.fr\/index.php\/produit\/anne-de-greenlucy-maud-montgomerypoints\/#primaryimage"},"datePublished":"2022-04-25T22:31:12+00:00","dateModified":"2022-04-25T22:31:12+00:00","breadcrumb":{"@id":"https:\/\/atypique.brunotarhan.fr\/index.php\/produit\/anne-de-greenlucy-maud-montgomerypoints\/#breadcrumb"},"inLanguage":"fr-FR","potentialAction":[{"@type":"ReadAction","target":["https:\/\/atypique.brunotarhan.fr\/index.php\/produit\/anne-de-greenlucy-maud-montgomerypoints\/"]}]},{"@type":"BreadcrumbList","@id":"https:\/\/atypique.brunotarhan.fr\/index.php\/produit\/anne-de-greenlucy-maud-montgomerypoints\/#breadcrumb","itemListElement":[{"@type":"ListItem","position":1,"name":"Accueil","item":"https:\/\/atypique.brunotarhan.fr\/"},{"@type":"ListItem","position":2,"name":""},{"@type":"ListItem","position":3,"name":"Anne de Green Lucy Maud Montgomery Points"}]}]}},"_links":{"self":[{"href":"https:\/\/atypique.brunotarhan.fr\/index.php\/wp-json\/wp\/v2\/product\/15987","targetHints":{"allow":["GET"]}}],"collection":[{"href":"https:\/\/atypique.brunotarhan.fr\/index.php\/wp-json\/wp\/v2\/product"}],"about":[{"href":"https:\/\/atypique.brunotarhan.fr\/index.php\/wp-json\/wp\/v2\/types\/product"}],"replies":[{"embeddable":true,"href":"https:\/\/atypique.brunotarhan.fr\/index.php\/wp-json\/wp\/v2\/comments?post=15987"}],"wp:featuredmedia":[{"embeddable":true,"href":"https:\/\/atypique.brunotarhan.fr\/index.php\/wp-json\/wp\/v2\/media\/15733"}],"wp:attachment":[{"href":"https:\/\/atypique.brunotarhan.fr\/index.php\/wp-json\/wp\/v2\/media?parent=15987"}],"wp:term":[{"taxonomy":"product_cat","embeddable":true,"href":"https:\/\/atypique.brunotarhan.fr\/index.php\/wp-json\/wp\/v2\/product_cat?post=15987"},{"taxonomy":"product_tag","embeddable":true,"href":"https:\/\/atypique.brunotarhan.fr\/index.php\/wp-json\/wp\/v2\/product_tag?post=15987"}],"curies":[{"name":"wp","href":"https:\/\/api.w.org\/{rel}","templated":true}]}}