{"id":15986,"date":"2022-04-25T22:31:11","date_gmt":"2022-04-25T22:31:11","guid":{"rendered":"https:\/\/atypique.brunotarhan.fr\/index.php\/produit\/adopted-love-tome-1gaia-alexiahugo-poche\/"},"modified":"2022-04-25T22:31:11","modified_gmt":"2022-04-25T22:31:11","slug":"adopted-love-tome-1gaia-alexiahugo-poche","status":"publish","type":"product","link":"https:\/\/atypique.brunotarhan.fr\/index.php\/produit\/adopted-love-tome-1gaia-alexiahugo-poche\/","title":{"rendered":"Adopted love &#8211; Tome 1\nGa\u00efa Alexia\nHugo poche"},"content":{"rendered":"<p>Orphelin, Teagan erre depuis son plus jeune \u00e2ge de foyers en familles d&#8217;accueil. Bad boy \u00e9corch\u00e9 par la vie, la justice le rattrape \u00e0 l&#8217;aube de ses 18 ans. La sentence ? Un an de conditionnelle durant lequel il devra se tenir \u00e0 carreau s&#8217;il ne veut pas finir en prison. Il ne lui reste qu&#8217;une chance de se remettre dans le droit chemin et c&#8217;est dans une ultime famille d&#8217;accueil qu&#8217;elle va se jouer. Mais la rencontre avec Elena, la fille a\u00een\u00e9e de la famille risque de compliquer les choses.<br \/>\nAvec plus de 1,5 millions de lectures, d\u00e9couvrez la New Romance qui a conquis les plateformes d&#8217;\u00e9criture en ligne en France.<\/p>\n","protected":false},"excerpt":{"rendered":"<p>Orphelin, Teagan erre depuis son plus jeune \u00e2ge de foyers en familles d&#8217;accueil. Bad boy \u00e9corch\u00e9 par la vie, la justice le rattrape \u00e0 l&#8217;aube de ses\u2026<\/p>\n","protected":false},"featured_media":15731,"comment_status":"open","ping_status":"closed","template":"","meta":[],"product_cat":[93,186],"product_tag":[195,193,194],"class_list":["post-15986","product","type-product","status-publish","has-post-thumbnail","hentry","product_cat-librairie","product_cat-romans","product_tag-adopted-love","product_tag-hugo-poche","product_tag-new-romance"],"yoast_head":"<!-- This site is optimized with the Yoast SEO plugin v18.0 - https:\/\/yoast.com\/wordpress\/plugins\/seo\/ -->\n<title>Adopted love - Tome 1 Ga\u00efa Alexia Hugo poche - Atypique Concept Store<\/title>\n<meta name=\"robots\" content=\"index, follow, max-snippet:-1, max-image-preview:large, max-video-preview:-1\" \/>\n<link rel=\"canonical\" href=\"https:\/\/atypique.brunotarhan.fr\/index.php\/produit\/adopted-love-tome-1gaia-alexiahugo-poche\/\" \/>\n<meta property=\"og:locale\" content=\"fr_FR\" \/>\n<meta property=\"og:type\" content=\"article\" \/>\n<meta property=\"og:title\" content=\"Adopted love - Tome 1 Ga\u00efa Alexia Hugo poche - Atypique Concept Store\" \/>\n<meta property=\"og:description\" content=\"Orphelin, Teagan erre depuis son plus jeune \u00e2ge de foyers en familles d&#039;accueil. Bad boy \u00e9corch\u00e9 par la vie, la justice le rattrape \u00e0 l&#039;aube de ses\u2026\" \/>\n<meta property=\"og:url\" content=\"https:\/\/atypique.brunotarhan.fr\/index.php\/produit\/adopted-love-tome-1gaia-alexiahugo-poche\/\" \/>\n<meta property=\"og:site_name\" content=\"Atypique Concept Store\" \/>\n<meta name=\"twitter:card\" content=\"summary_large_image\" \/>\n<meta name=\"twitter:label1\" content=\"Dur\u00e9e de lecture estim\u00e9e\" \/>\n\t<meta name=\"twitter:data1\" content=\"1 minute\" \/>\n<script type=\"application\/ld+json\" class=\"yoast-schema-graph\">{\"@context\":\"https:\/\/schema.org\",\"@graph\":[{\"@type\":\"WebSite\",\"@id\":\"https:\/\/atypique.brunotarhan.fr\/#website\",\"url\":\"https:\/\/atypique.brunotarhan.fr\/\",\"name\":\"Atypique Concept Store\",\"description\":\"Just another WordPress site\",\"potentialAction\":[{\"@type\":\"SearchAction\",\"target\":{\"@type\":\"EntryPoint\",\"urlTemplate\":\"https:\/\/atypique.brunotarhan.fr\/?s={search_term_string}\"},\"query-input\":\"required name=search_term_string\"}],\"inLanguage\":\"fr-FR\"},{\"@type\":\"ImageObject\",\"@id\":\"https:\/\/atypique.brunotarhan.fr\/index.php\/produit\/adopted-love-tome-1gaia-alexiahugo-poche\/#primaryimage\",\"inLanguage\":\"fr-FR\",\"url\":\"https:\/\/atypique.brunotarhan.fr\/wp-content\/uploads\/2022\/04\/adopted-love-T1.webp\",\"contentUrl\":\"https:\/\/atypique.brunotarhan.fr\/wp-content\/uploads\/2022\/04\/adopted-love-T1.webp\",\"width\":306,\"height\":500},{\"@type\":\"WebPage\",\"@id\":\"https:\/\/atypique.brunotarhan.fr\/index.php\/produit\/adopted-love-tome-1gaia-alexiahugo-poche\/#webpage\",\"url\":\"https:\/\/atypique.brunotarhan.fr\/index.php\/produit\/adopted-love-tome-1gaia-alexiahugo-poche\/\",\"name\":\"Adopted love - Tome 1 Ga\u00efa Alexia Hugo poche - Atypique Concept Store\",\"isPartOf\":{\"@id\":\"https:\/\/atypique.brunotarhan.fr\/#website\"},\"primaryImageOfPage\":{\"@id\":\"https:\/\/atypique.brunotarhan.fr\/index.php\/produit\/adopted-love-tome-1gaia-alexiahugo-poche\/#primaryimage\"},\"datePublished\":\"2022-04-25T22:31:11+00:00\",\"dateModified\":\"2022-04-25T22:31:11+00:00\",\"breadcrumb\":{\"@id\":\"https:\/\/atypique.brunotarhan.fr\/index.php\/produit\/adopted-love-tome-1gaia-alexiahugo-poche\/#breadcrumb\"},\"inLanguage\":\"fr-FR\",\"potentialAction\":[{\"@type\":\"ReadAction\",\"target\":[\"https:\/\/atypique.brunotarhan.fr\/index.php\/produit\/adopted-love-tome-1gaia-alexiahugo-poche\/\"]}]},{\"@type\":\"BreadcrumbList\",\"@id\":\"https:\/\/atypique.brunotarhan.fr\/index.php\/produit\/adopted-love-tome-1gaia-alexiahugo-poche\/#breadcrumb\",\"itemListElement\":[{\"@type\":\"ListItem\",\"position\":1,\"name\":\"Accueil\",\"item\":\"https:\/\/atypique.brunotarhan.fr\/\"},{\"@type\":\"ListItem\",\"position\":2,\"name\":\"\"},{\"@type\":\"ListItem\",\"position\":3,\"name\":\"Adopted love &#8211; Tome 1 Ga\u00efa Alexia Hugo poche\"}]}]}<\/script>\n<!-- \/ Yoast SEO plugin. -->","yoast_head_json":{"title":"Adopted love - Tome 1 Ga\u00efa Alexia Hugo poche - Atypique Concept Store","robots":{"index":"index","follow":"follow","max-snippet":"max-snippet:-1","max-image-preview":"max-image-preview:large","max-video-preview":"max-video-preview:-1"},"canonical":"https:\/\/atypique.brunotarhan.fr\/index.php\/produit\/adopted-love-tome-1gaia-alexiahugo-poche\/","og_locale":"fr_FR","og_type":"article","og_title":"Adopted love - Tome 1 Ga\u00efa Alexia Hugo poche - Atypique Concept Store","og_description":"Orphelin, Teagan erre depuis son plus jeune \u00e2ge de foyers en familles d'accueil. Bad boy \u00e9corch\u00e9 par la vie, la justice le rattrape \u00e0 l'aube de ses\u2026","og_url":"https:\/\/atypique.brunotarhan.fr\/index.php\/produit\/adopted-love-tome-1gaia-alexiahugo-poche\/","og_site_name":"Atypique Concept Store","twitter_card":"summary_large_image","twitter_misc":{"Dur\u00e9e de lecture estim\u00e9e":"1 minute"},"schema":{"@context":"https:\/\/schema.org","@graph":[{"@type":"WebSite","@id":"https:\/\/atypique.brunotarhan.fr\/#website","url":"https:\/\/atypique.brunotarhan.fr\/","name":"Atypique Concept Store","description":"Just another WordPress site","potentialAction":[{"@type":"SearchAction","target":{"@type":"EntryPoint","urlTemplate":"https:\/\/atypique.brunotarhan.fr\/?s={search_term_string}"},"query-input":"required name=search_term_string"}],"inLanguage":"fr-FR"},{"@type":"ImageObject","@id":"https:\/\/atypique.brunotarhan.fr\/index.php\/produit\/adopted-love-tome-1gaia-alexiahugo-poche\/#primaryimage","inLanguage":"fr-FR","url":"https:\/\/atypique.brunotarhan.fr\/wp-content\/uploads\/2022\/04\/adopted-love-T1.webp","contentUrl":"https:\/\/atypique.brunotarhan.fr\/wp-content\/uploads\/2022\/04\/adopted-love-T1.webp","width":306,"height":500},{"@type":"WebPage","@id":"https:\/\/atypique.brunotarhan.fr\/index.php\/produit\/adopted-love-tome-1gaia-alexiahugo-poche\/#webpage","url":"https:\/\/atypique.brunotarhan.fr\/index.php\/produit\/adopted-love-tome-1gaia-alexiahugo-poche\/","name":"Adopted love - Tome 1 Ga\u00efa Alexia Hugo poche - Atypique Concept Store","isPartOf":{"@id":"https:\/\/atypique.brunotarhan.fr\/#website"},"primaryImageOfPage":{"@id":"https:\/\/atypique.brunotarhan.fr\/index.php\/produit\/adopted-love-tome-1gaia-alexiahugo-poche\/#primaryimage"},"datePublished":"2022-04-25T22:31:11+00:00","dateModified":"2022-04-25T22:31:11+00:00","breadcrumb":{"@id":"https:\/\/atypique.brunotarhan.fr\/index.php\/produit\/adopted-love-tome-1gaia-alexiahugo-poche\/#breadcrumb"},"inLanguage":"fr-FR","potentialAction":[{"@type":"ReadAction","target":["https:\/\/atypique.brunotarhan.fr\/index.php\/produit\/adopted-love-tome-1gaia-alexiahugo-poche\/"]}]},{"@type":"BreadcrumbList","@id":"https:\/\/atypique.brunotarhan.fr\/index.php\/produit\/adopted-love-tome-1gaia-alexiahugo-poche\/#breadcrumb","itemListElement":[{"@type":"ListItem","position":1,"name":"Accueil","item":"https:\/\/atypique.brunotarhan.fr\/"},{"@type":"ListItem","position":2,"name":""},{"@type":"ListItem","position":3,"name":"Adopted love &#8211; Tome 1 Ga\u00efa Alexia Hugo poche"}]}]}},"_links":{"self":[{"href":"https:\/\/atypique.brunotarhan.fr\/index.php\/wp-json\/wp\/v2\/product\/15986","targetHints":{"allow":["GET"]}}],"collection":[{"href":"https:\/\/atypique.brunotarhan.fr\/index.php\/wp-json\/wp\/v2\/product"}],"about":[{"href":"https:\/\/atypique.brunotarhan.fr\/index.php\/wp-json\/wp\/v2\/types\/product"}],"replies":[{"embeddable":true,"href":"https:\/\/atypique.brunotarhan.fr\/index.php\/wp-json\/wp\/v2\/comments?post=15986"}],"wp:featuredmedia":[{"embeddable":true,"href":"https:\/\/atypique.brunotarhan.fr\/index.php\/wp-json\/wp\/v2\/media\/15731"}],"wp:attachment":[{"href":"https:\/\/atypique.brunotarhan.fr\/index.php\/wp-json\/wp\/v2\/media?parent=15986"}],"wp:term":[{"taxonomy":"product_cat","embeddable":true,"href":"https:\/\/atypique.brunotarhan.fr\/index.php\/wp-json\/wp\/v2\/product_cat?post=15986"},{"taxonomy":"product_tag","embeddable":true,"href":"https:\/\/atypique.brunotarhan.fr\/index.php\/wp-json\/wp\/v2\/product_tag?post=15986"}],"curies":[{"name":"wp","href":"https:\/\/api.w.org\/{rel}","templated":true}]}}