{"id":15985,"date":"2022-04-25T22:31:11","date_gmt":"2022-04-25T22:31:11","guid":{"rendered":"https:\/\/atypique.brunotarhan.fr\/index.php\/produit\/33-ans-avec-vous-pochejean-pierre-pernaud\/"},"modified":"2022-04-25T22:31:11","modified_gmt":"2022-04-25T22:31:11","slug":"33-ans-avec-vous-pochejean-pierre-pernaud","status":"publish","type":"product","link":"https:\/\/atypique.brunotarhan.fr\/index.php\/produit\/33-ans-avec-vous-pochejean-pierre-pernaud\/","title":{"rendered":"33 ans avec vous &#8211; Poche\nJean-Pierre Pernaud"},"content":{"rendered":"<p>Ce n&#8217;est pas sans un \u00e9norme pincement au coeur qu&#8217;on quitte la pr\u00e9sentation d&#8217;un journal t\u00e9l\u00e9vis\u00e9 comme &#8221; Le 13 heures &#8220;. Aujourd&#8217;hui, j&#8217;\u00e9prouve de la fiert\u00e9 mais aussi ce curieux sentiment d&#8217;abandonner ceux avec qui j&#8217;ai d\u00e9jeun\u00e9 chaque jour durant toutes ces ann\u00e9es \u00e0 12 h 58 tr\u00e8s exactement, au point que j&#8217;avais l&#8217;impression de faire partie de leur vie&#8230;<br \/>\nMaintenant que j&#8217;ai d\u00e9cid\u00e9 de tourner la page, avec la faiblesse de croire que mon &#8221; 13 heures &#8221; n&#8217;\u00e9tait pas un JT comme les autres, je veux raconter la passion que j&#8217;ai mise dans ce m\u00e9tier qui me l&#8217;a rendu au centuple.<br \/>\nUne fa\u00e7on de vous faire partager mon bonheur d&#8217;avoir pass\u00e9 33 ans avec vous.<\/p>\n","protected":false},"excerpt":{"rendered":"<p>Ce n&#8217;est pas sans un \u00e9norme pincement au coeur qu&#8217;on quitte la pr\u00e9sentation d&#8217;un journal t\u00e9l\u00e9vis\u00e9 comme &#8221; Le 13 heures &#8220;.<\/p>\n","protected":false},"featured_media":15729,"comment_status":"open","ping_status":"closed","template":"","meta":[],"product_cat":[93,182],"product_tag":[185,184,183],"class_list":["post-15985","product","type-product","status-publish","has-post-thumbnail","hentry","product_cat-librairie","product_cat-livres-de-poches","product_tag-autobiographie","product_tag-pernaud","product_tag-poche"],"yoast_head":"<!-- This site is optimized with the Yoast SEO plugin v18.0 - https:\/\/yoast.com\/wordpress\/plugins\/seo\/ -->\n<title>33 ans avec vous - Poche Jean-Pierre Pernaud - Atypique Concept Store<\/title>\n<meta name=\"robots\" content=\"index, follow, max-snippet:-1, max-image-preview:large, max-video-preview:-1\" \/>\n<link rel=\"canonical\" href=\"https:\/\/atypique.brunotarhan.fr\/index.php\/produit\/33-ans-avec-vous-pochejean-pierre-pernaud\/\" \/>\n<meta property=\"og:locale\" content=\"fr_FR\" \/>\n<meta property=\"og:type\" content=\"article\" \/>\n<meta property=\"og:title\" content=\"33 ans avec vous - Poche Jean-Pierre Pernaud - Atypique Concept Store\" \/>\n<meta property=\"og:description\" content=\"Ce n&#039;est pas sans un \u00e9norme pincement au coeur qu&#039;on quitte la pr\u00e9sentation d&#039;un journal t\u00e9l\u00e9vis\u00e9 comme &quot; Le 13 heures &quot;.\" \/>\n<meta property=\"og:url\" content=\"https:\/\/atypique.brunotarhan.fr\/index.php\/produit\/33-ans-avec-vous-pochejean-pierre-pernaud\/\" \/>\n<meta property=\"og:site_name\" content=\"Atypique Concept Store\" \/>\n<meta name=\"twitter:card\" content=\"summary_large_image\" \/>\n<meta name=\"twitter:label1\" content=\"Dur\u00e9e de lecture estim\u00e9e\" \/>\n\t<meta name=\"twitter:data1\" content=\"1 minute\" \/>\n<script type=\"application\/ld+json\" class=\"yoast-schema-graph\">{\"@context\":\"https:\/\/schema.org\",\"@graph\":[{\"@type\":\"WebSite\",\"@id\":\"https:\/\/atypique.brunotarhan.fr\/#website\",\"url\":\"https:\/\/atypique.brunotarhan.fr\/\",\"name\":\"Atypique Concept Store\",\"description\":\"Just another WordPress site\",\"potentialAction\":[{\"@type\":\"SearchAction\",\"target\":{\"@type\":\"EntryPoint\",\"urlTemplate\":\"https:\/\/atypique.brunotarhan.fr\/?s={search_term_string}\"},\"query-input\":\"required name=search_term_string\"}],\"inLanguage\":\"fr-FR\"},{\"@type\":\"ImageObject\",\"@id\":\"https:\/\/atypique.brunotarhan.fr\/index.php\/produit\/33-ans-avec-vous-pochejean-pierre-pernaud\/#primaryimage\",\"inLanguage\":\"fr-FR\",\"url\":\"https:\/\/atypique.brunotarhan.fr\/wp-content\/uploads\/2022\/04\/33-ans-avec-vous.webp\",\"contentUrl\":\"https:\/\/atypique.brunotarhan.fr\/wp-content\/uploads\/2022\/04\/33-ans-avec-vous.webp\",\"width\":301,\"height\":500},{\"@type\":\"WebPage\",\"@id\":\"https:\/\/atypique.brunotarhan.fr\/index.php\/produit\/33-ans-avec-vous-pochejean-pierre-pernaud\/#webpage\",\"url\":\"https:\/\/atypique.brunotarhan.fr\/index.php\/produit\/33-ans-avec-vous-pochejean-pierre-pernaud\/\",\"name\":\"33 ans avec vous - Poche Jean-Pierre Pernaud - Atypique Concept Store\",\"isPartOf\":{\"@id\":\"https:\/\/atypique.brunotarhan.fr\/#website\"},\"primaryImageOfPage\":{\"@id\":\"https:\/\/atypique.brunotarhan.fr\/index.php\/produit\/33-ans-avec-vous-pochejean-pierre-pernaud\/#primaryimage\"},\"datePublished\":\"2022-04-25T22:31:11+00:00\",\"dateModified\":\"2022-04-25T22:31:11+00:00\",\"breadcrumb\":{\"@id\":\"https:\/\/atypique.brunotarhan.fr\/index.php\/produit\/33-ans-avec-vous-pochejean-pierre-pernaud\/#breadcrumb\"},\"inLanguage\":\"fr-FR\",\"potentialAction\":[{\"@type\":\"ReadAction\",\"target\":[\"https:\/\/atypique.brunotarhan.fr\/index.php\/produit\/33-ans-avec-vous-pochejean-pierre-pernaud\/\"]}]},{\"@type\":\"BreadcrumbList\",\"@id\":\"https:\/\/atypique.brunotarhan.fr\/index.php\/produit\/33-ans-avec-vous-pochejean-pierre-pernaud\/#breadcrumb\",\"itemListElement\":[{\"@type\":\"ListItem\",\"position\":1,\"name\":\"Accueil\",\"item\":\"https:\/\/atypique.brunotarhan.fr\/\"},{\"@type\":\"ListItem\",\"position\":2,\"name\":\"\"},{\"@type\":\"ListItem\",\"position\":3,\"name\":\"33 ans avec vous &#8211; Poche Jean-Pierre Pernaud\"}]}]}<\/script>\n<!-- \/ Yoast SEO plugin. -->","yoast_head_json":{"title":"33 ans avec vous - Poche Jean-Pierre Pernaud - Atypique Concept Store","robots":{"index":"index","follow":"follow","max-snippet":"max-snippet:-1","max-image-preview":"max-image-preview:large","max-video-preview":"max-video-preview:-1"},"canonical":"https:\/\/atypique.brunotarhan.fr\/index.php\/produit\/33-ans-avec-vous-pochejean-pierre-pernaud\/","og_locale":"fr_FR","og_type":"article","og_title":"33 ans avec vous - Poche Jean-Pierre Pernaud - Atypique Concept Store","og_description":"Ce n'est pas sans un \u00e9norme pincement au coeur qu'on quitte la pr\u00e9sentation d'un journal t\u00e9l\u00e9vis\u00e9 comme \" Le 13 heures \".","og_url":"https:\/\/atypique.brunotarhan.fr\/index.php\/produit\/33-ans-avec-vous-pochejean-pierre-pernaud\/","og_site_name":"Atypique Concept Store","twitter_card":"summary_large_image","twitter_misc":{"Dur\u00e9e de lecture estim\u00e9e":"1 minute"},"schema":{"@context":"https:\/\/schema.org","@graph":[{"@type":"WebSite","@id":"https:\/\/atypique.brunotarhan.fr\/#website","url":"https:\/\/atypique.brunotarhan.fr\/","name":"Atypique Concept Store","description":"Just another WordPress site","potentialAction":[{"@type":"SearchAction","target":{"@type":"EntryPoint","urlTemplate":"https:\/\/atypique.brunotarhan.fr\/?s={search_term_string}"},"query-input":"required name=search_term_string"}],"inLanguage":"fr-FR"},{"@type":"ImageObject","@id":"https:\/\/atypique.brunotarhan.fr\/index.php\/produit\/33-ans-avec-vous-pochejean-pierre-pernaud\/#primaryimage","inLanguage":"fr-FR","url":"https:\/\/atypique.brunotarhan.fr\/wp-content\/uploads\/2022\/04\/33-ans-avec-vous.webp","contentUrl":"https:\/\/atypique.brunotarhan.fr\/wp-content\/uploads\/2022\/04\/33-ans-avec-vous.webp","width":301,"height":500},{"@type":"WebPage","@id":"https:\/\/atypique.brunotarhan.fr\/index.php\/produit\/33-ans-avec-vous-pochejean-pierre-pernaud\/#webpage","url":"https:\/\/atypique.brunotarhan.fr\/index.php\/produit\/33-ans-avec-vous-pochejean-pierre-pernaud\/","name":"33 ans avec vous - Poche Jean-Pierre Pernaud - Atypique Concept Store","isPartOf":{"@id":"https:\/\/atypique.brunotarhan.fr\/#website"},"primaryImageOfPage":{"@id":"https:\/\/atypique.brunotarhan.fr\/index.php\/produit\/33-ans-avec-vous-pochejean-pierre-pernaud\/#primaryimage"},"datePublished":"2022-04-25T22:31:11+00:00","dateModified":"2022-04-25T22:31:11+00:00","breadcrumb":{"@id":"https:\/\/atypique.brunotarhan.fr\/index.php\/produit\/33-ans-avec-vous-pochejean-pierre-pernaud\/#breadcrumb"},"inLanguage":"fr-FR","potentialAction":[{"@type":"ReadAction","target":["https:\/\/atypique.brunotarhan.fr\/index.php\/produit\/33-ans-avec-vous-pochejean-pierre-pernaud\/"]}]},{"@type":"BreadcrumbList","@id":"https:\/\/atypique.brunotarhan.fr\/index.php\/produit\/33-ans-avec-vous-pochejean-pierre-pernaud\/#breadcrumb","itemListElement":[{"@type":"ListItem","position":1,"name":"Accueil","item":"https:\/\/atypique.brunotarhan.fr\/"},{"@type":"ListItem","position":2,"name":""},{"@type":"ListItem","position":3,"name":"33 ans avec vous &#8211; Poche Jean-Pierre Pernaud"}]}]}},"_links":{"self":[{"href":"https:\/\/atypique.brunotarhan.fr\/index.php\/wp-json\/wp\/v2\/product\/15985","targetHints":{"allow":["GET"]}}],"collection":[{"href":"https:\/\/atypique.brunotarhan.fr\/index.php\/wp-json\/wp\/v2\/product"}],"about":[{"href":"https:\/\/atypique.brunotarhan.fr\/index.php\/wp-json\/wp\/v2\/types\/product"}],"replies":[{"embeddable":true,"href":"https:\/\/atypique.brunotarhan.fr\/index.php\/wp-json\/wp\/v2\/comments?post=15985"}],"wp:featuredmedia":[{"embeddable":true,"href":"https:\/\/atypique.brunotarhan.fr\/index.php\/wp-json\/wp\/v2\/media\/15729"}],"wp:attachment":[{"href":"https:\/\/atypique.brunotarhan.fr\/index.php\/wp-json\/wp\/v2\/media?parent=15985"}],"wp:term":[{"taxonomy":"product_cat","embeddable":true,"href":"https:\/\/atypique.brunotarhan.fr\/index.php\/wp-json\/wp\/v2\/product_cat?post=15985"},{"taxonomy":"product_tag","embeddable":true,"href":"https:\/\/atypique.brunotarhan.fr\/index.php\/wp-json\/wp\/v2\/product_tag?post=15985"}],"curies":[{"name":"wp","href":"https:\/\/api.w.org\/{rel}","templated":true}]}}