{"id":15684,"date":"2022-04-18T15:22:35","date_gmt":"2022-04-18T15:22:35","guid":{"rendered":"https:\/\/atypique.brunotarhan.fr\/?post_type=product&#038;p=15684"},"modified":"2022-04-18T15:22:42","modified_gmt":"2022-04-18T15:22:42","slug":"amnesia-indoor","status":"publish","type":"product","link":"https:\/\/atypique.brunotarhan.fr\/index.php\/produit\/amnesia-indoor\/","title":{"rendered":"Amnesia \u2013 INDOOR"},"content":{"rendered":"<p>La fleur de senteur de CBD AMNESIA est cultiv\u00e9e en int\u00e9rieur, ce qui lui donne  une structure compacte avec des fibres tr\u00e8s l\u00e9g\u00e8res. D\u00e8s l\u2019ouverture, vous pourrez sentir une odeur particuli\u00e8rement puissante, m\u00e9lange d\u2019\u00e9pices avec un fond bois\u00e9 !  Cette fleur saura vous surprendre par son odeur, ses terp\u00e8nes naturels sauront vous marquer par leur profondeur. Aucun doute, vous ne pourrez pas vous tromper son odeur est unique ! L\u2019 AMNESIA fait parti des produits phares de notre gamme.<\/p>\n<p>Pour trouver la meilleure Amnesia cb\u2019d\u00e9 a parcouru l\u2019Europe afin de vous proposer une qualit\u00e9 premium.<\/p>\n<p>Cb\u2019d\u00e9 est sensibles aux techniques de culture et de production, ils sont avant tout passionn\u00e9s, et pour s&#8217;assurer de travailler avec des fournisseurs respectant les bonnes m\u00e9thodes, ils les on rencontr\u00e9s en personne pour s\u2019assurer qu\u2019aucun ajout de produit synth\u00e9tique ne soit fait pendant et apr\u00e8s la culture, pour vous faire profiter de fleurs de CBD 100% naturelles.<\/p>\n<p>Ce produit contient moins de 0,3% de THC, il est donc conforme aux normes europ\u00e9ennes. Nos fleurs de CBD ne d\u00e9passent pas les 15% de CBD pour sensibiliser les consommateurs sur l\u2019aspect naturel de nos produits (pas d\u2019ajout d\u2019isolat, ni de cristaux de CBD afin de gonfler nos taux de CBD). <\/p>\n<p>Nous poss\u00e9dons diff\u00e9rentes vari\u00e9t\u00e9s de fleurs de CBD, elles ont chacune leurs particularit\u00e9s gr\u00e2ce \u00e0 leur trichomes (composant v\u00e9g\u00e9tal contenant les terp\u00e8nes et les diff\u00e9rents cannabino\u00efdes de la plante), ce qui apporte une odeur puissante et un go\u00fbt relev\u00e9 \u00e0 nos fleurs de Cannabis Sativa L.<\/p>\n<p>Les fleurs de CBD de la marque cb\u2019d\u00e9 ne doivent pas \u00eatre fum\u00e9es, inhal\u00e9es, ing\u00e9r\u00e9es. Ces produits sont des fleurs de Cannabis Sativa L. pour usage pot pourri. Par cons\u00e9quent toute utilisation telle que l\u2019encens ou la combustion\u2026 ne pourrait tenir pour responsable la marque cb\u2019d\u00e9 d\u2019une mauvaise utilisation de ses produits.<\/p>\n<p>\u00c0 conserver au frais, au sec et \u00e0 l\u2019abri de l\u2019obscurit\u00e9.<\/p>\n<p>L\u2019Amnesia, on vous explique tout !<\/p>\n<p>L\u2019Amnesia est une vari\u00e9t\u00e9 de cannabis bien particuli\u00e8re. En effet, d\u00e9couvert dans les ann\u00e9es 90, l\u2019amnesia a rapidement gagn\u00e9e une r\u00e9putation d\u2019excellente fleur de cannabis tant gr\u00e2ce \u00e0 son apparence qu\u2019\u00e0 son go\u00fbt et ses effets. Au milieu des ann\u00e9es 90 et au d\u00e9but des ann\u00e9es 2000, elle s\u00e9duisait tous les connaisseurs de cannabis, son odeur et son go\u00fbt tr\u00e8s puissant lui ont permis de devenir l\u2019une des vari\u00e9t\u00e9s de cannabis les plus consomm\u00e9e au monde.<\/p>\n<p>C\u2019est quoi l\u2019Amnesia ?<\/p>\n<p>Comme expliqu\u00e9 plus haut, \u00ab l\u2019amnesia \u00bb est une vari\u00e9t\u00e9 de cannabis, c\u2019est-\u00e0-dire que c\u2019est le r\u00e9sultat de diff\u00e9rents croisements de diff\u00e9rents ph\u00e9notypes de cannabis qui ont donn\u00e9 naissance \u00e0 une vari\u00e9t\u00e9 en particulier que l\u2019on a nomm\u00e9 Amnesia.<br \/>\nMais pourquoi aujourd\u2019hui tout le monde conna\u00eet l\u2019amnesia ? Et pourquoi est-elle si particuli\u00e8re ? Tout simplement par ce que cette vari\u00e9t\u00e9 est le r\u00e9sultat de croisements de plants de cannabis avec des g\u00e9n\u00e9tiques anciennes tr\u00e8s qualitatives et fiables. En effet, crois\u00e9e avec des g\u00e9n\u00e9tiques Indica, l\u2019amnesia est l\u2019une des vari\u00e9t\u00e9s poss\u00e9dant l\u2019un des taux de THC les plus \u00e9lev\u00e9 du secteur allant jusqu\u2019\u00e0 plus de 25%. En effet, bien qu\u2019ayant des g\u00e9n\u00e9tiques Indica, l\u2019amnesia a une dominante Sativa ce qui lui donne sa sp\u00e9cificit\u00e9 et sa puissance si particuli\u00e8re et reconnaissable.<br \/>\nMais n\u2019oubliez pas qu\u2019ici, on parle bien de CBD et donc, le taux de THC de notre amnesia est inf\u00e9rieur \u00e0 0,2% afin de respecter la loi fran\u00e7aise.<\/p>\n<p>Quelle est la meilleure Amnesia ?<\/p>\n<p>Vous allez trouver beaucoup de vari\u00e9t\u00e9s d\u2019amnesia diff\u00e9rentes puisqu\u2019elle est devenue l\u2019une des vari\u00e9t\u00e9s les plus populaire au monde. C\u2019est pour cela qu\u2019il est compliqu\u00e9 de d\u00e9terminer quelle amnesia est la meilleure. Beaucoup de facteurs vont rentrer en jeu, comment elle a \u00e9t\u00e9 cultiv\u00e9e (en int\u00e9rieur, sous serre ou en ext\u00e9rieur), avec quels engrais mais aussi dans quelles conditions (entretien, arrosage\u2026)<br \/>\nEt ce n\u2019est pas tout, les diff\u00e9rentes vari\u00e9t\u00e9s d\u2019amnesia qui existent (autant dire des milliers) ne viennent pas toutes des m\u00eames croisements g\u00e9n\u00e9tiques et des m\u00eames graines. Il va donc \u00eatre \u00ab impossible \u00bb de retracer r\u00e9ellement la vari\u00e9t\u00e9 qui provient des bons croisements et qui dispose de la g\u00e9n\u00e9tique n\u00e9cessaire permettant de faire d\u2019elle une r\u00e9elle amnesia !<br \/>\nChacun \u00e0 sa d\u00e9finition de la meilleure amnesia, pour nous, c\u2019est une fleur de CBD puissante avec une odeur particuli\u00e8rement puissante, comme un m\u00e9lange d\u2019\u00e9pices avec un fond bois\u00e9, il ne vous reste plus qu\u2019\u00e0 toutes les essayer pour choisir votre pr\u00e9f\u00e9r\u00e9e !<\/p>\n<p>O\u00f9 acheter de l\u2019Amnesia ?<\/p>\n<p>Vous vous demandez o\u00f9 acheter de l\u2019amnesia ? Beaucoup de site commercialisant du CBD vont proposer une vari\u00e9t\u00e9 de fleur qu\u2019ils ont nomm\u00e9e \u00ab amnesia \u00bb, mais beaucoup d\u2019entre eux auront aussi simplement nomm\u00e9 une certaine vari\u00e9t\u00e9 de la sorte, sans r\u00e9ellement savoir si elle provient bien de croisement et de graines lui permettant d\u2019\u00eatre appel\u00e9e ainsi.<br \/>\nIl est compliqu\u00e9 et m\u00eame impossible de savoir s\u2019il s\u2019agit bien de telle ou telle vari\u00e9t\u00e9 \u00e0 travers un site internet, c\u2019est pourquoi il est important de se renseigner via la fiche produit de la fleur mais aussi, des retours des consommateurs.<br \/>\nVous pouvez donc trouver de l\u2019amnesia sur pratiquement l\u2019ensemble des sites de produits \u00e0 base de CBD ainsi que dans des boutiques sp\u00e9cialis\u00e9es. Essayez de vous renseigner sur la provenance de la vari\u00e9t\u00e9 en question ainsi que sur ses sp\u00e9cificit\u00e9s afin d\u2019\u00eatre certain d\u2019acheter de l\u2019amnesia.<\/p>\n<p>Qui a cr\u00e9\u00e9 l\u2019Amnesia ?<\/p>\n<p>La fameuse question d\u2019o\u00f9 provient telle ou telle vari\u00e9t\u00e9, qui l\u2019a cr\u00e9\u00e9e et comment ? Vous vous doutez bien qu\u2019il est difficile de v\u00e9rifier et de documenter r\u00e9ellement ces informations. Cependant, \u00ab la l\u00e9gende \u00bb dit que l\u2019amnesia provient d\u2019un croisement de ph\u00e9notypes Hawa\u00efens, Afghans, Tha\u00eflandais et Jama\u00efcains. En effet, le paysan David Paul Watson aurait crois\u00e9 ces diff\u00e9rentes vari\u00e9t\u00e9s dans les ann\u00e9es 90, ce qui aurait donn\u00e9 naissance \u00e0 la premi\u00e8re souche d\u2019amnesia que nous connaissons aujourd\u2019hui.<br \/>\nLa vari\u00e9t\u00e9 aura r\u00e9ellement fait parler d\u2019elle dans les ann\u00e9es 2000 lorsqu\u2019elle aura atteint les rues d\u2019Amsterdam en Hollande o\u00f9 elle a fini d\u2019\u00eatre travaill\u00e9e et crois\u00e9e par diff\u00e9rentes personnes donnant naissance aux vari\u00e9t\u00e9s de cette souche que nous pouvons trouver aujourd\u2019hui<\/p>\n","protected":false},"excerpt":{"rendered":"<p>D\u00e9couvrez vite notre AMNESIA, son odeur \u00e9pic\u00e9e avec dominance citronn\u00e9e saura vous convaincre pour placer ce produit premium dans le top de votre collection.<\/p>\n","protected":false},"featured_media":14836,"comment_status":"open","ping_status":"closed","template":"","meta":[],"product_cat":[59,60],"product_tag":[79,75,70,77,68,78,76],"class_list":["post-15684","product","type-product","status-publish","has-post-thumbnail","hentry","product_cat-cbd","product_cat-fleurs","product_tag-amnesia","product_tag-cannabidiol","product_tag-cbd","product_tag-chanvre","product_tag-fleurs","product_tag-huiles","product_tag-terpenes","berocket_brand-cbde"],"yoast_head":"<!-- This site is optimized with the Yoast SEO plugin v18.0 - https:\/\/yoast.com\/wordpress\/plugins\/seo\/ -->\n<title>Amnesia \u2013 INDOOR - Atypique Concept Store<\/title>\n<meta name=\"robots\" content=\"index, follow, max-snippet:-1, max-image-preview:large, max-video-preview:-1\" \/>\n<link rel=\"canonical\" href=\"https:\/\/atypique.brunotarhan.fr\/index.php\/produit\/amnesia-indoor\/\" \/>\n<meta property=\"og:locale\" content=\"fr_FR\" \/>\n<meta property=\"og:type\" content=\"article\" \/>\n<meta property=\"og:title\" content=\"Amnesia \u2013 INDOOR - Atypique Concept Store\" \/>\n<meta property=\"og:description\" content=\"D\u00e9couvrez vite notre AMNESIA, son odeur \u00e9pic\u00e9e avec dominance citronn\u00e9e saura vous convaincre pour placer ce produit premium dans le top de votre collection.\" \/>\n<meta property=\"og:url\" content=\"https:\/\/atypique.brunotarhan.fr\/index.php\/produit\/amnesia-indoor\/\" \/>\n<meta property=\"og:site_name\" content=\"Atypique Concept Store\" \/>\n<meta property=\"article:modified_time\" content=\"2022-04-18T15:22:42+00:00\" \/>\n<meta name=\"twitter:card\" content=\"summary_large_image\" \/>\n<meta name=\"twitter:label1\" content=\"Dur\u00e9e de lecture estim\u00e9e\" \/>\n\t<meta name=\"twitter:data1\" content=\"6 minutes\" \/>\n<script type=\"application\/ld+json\" class=\"yoast-schema-graph\">{\"@context\":\"https:\/\/schema.org\",\"@graph\":[{\"@type\":\"WebSite\",\"@id\":\"https:\/\/atypique.brunotarhan.fr\/#website\",\"url\":\"https:\/\/atypique.brunotarhan.fr\/\",\"name\":\"Atypique Concept Store\",\"description\":\"Just another WordPress site\",\"potentialAction\":[{\"@type\":\"SearchAction\",\"target\":{\"@type\":\"EntryPoint\",\"urlTemplate\":\"https:\/\/atypique.brunotarhan.fr\/?s={search_term_string}\"},\"query-input\":\"required name=search_term_string\"}],\"inLanguage\":\"fr-FR\"},{\"@type\":\"ImageObject\",\"@id\":\"https:\/\/atypique.brunotarhan.fr\/index.php\/produit\/amnesia-indoor\/#primaryimage\",\"inLanguage\":\"fr-FR\",\"url\":\"https:\/\/atypique.brunotarhan.fr\/wp-content\/uploads\/2022\/04\/New-Amnesia-Full-gamme.png\",\"contentUrl\":\"https:\/\/atypique.brunotarhan.fr\/wp-content\/uploads\/2022\/04\/New-Amnesia-Full-gamme.png\",\"width\":1200,\"height\":1200},{\"@type\":\"WebPage\",\"@id\":\"https:\/\/atypique.brunotarhan.fr\/index.php\/produit\/amnesia-indoor\/#webpage\",\"url\":\"https:\/\/atypique.brunotarhan.fr\/index.php\/produit\/amnesia-indoor\/\",\"name\":\"Amnesia \u2013 INDOOR - Atypique Concept Store\",\"isPartOf\":{\"@id\":\"https:\/\/atypique.brunotarhan.fr\/#website\"},\"primaryImageOfPage\":{\"@id\":\"https:\/\/atypique.brunotarhan.fr\/index.php\/produit\/amnesia-indoor\/#primaryimage\"},\"datePublished\":\"2022-04-18T15:22:35+00:00\",\"dateModified\":\"2022-04-18T15:22:42+00:00\",\"breadcrumb\":{\"@id\":\"https:\/\/atypique.brunotarhan.fr\/index.php\/produit\/amnesia-indoor\/#breadcrumb\"},\"inLanguage\":\"fr-FR\",\"potentialAction\":[{\"@type\":\"ReadAction\",\"target\":[\"https:\/\/atypique.brunotarhan.fr\/index.php\/produit\/amnesia-indoor\/\"]}]},{\"@type\":\"BreadcrumbList\",\"@id\":\"https:\/\/atypique.brunotarhan.fr\/index.php\/produit\/amnesia-indoor\/#breadcrumb\",\"itemListElement\":[{\"@type\":\"ListItem\",\"position\":1,\"name\":\"Accueil\",\"item\":\"https:\/\/atypique.brunotarhan.fr\/\"},{\"@type\":\"ListItem\",\"position\":2,\"name\":\"\"},{\"@type\":\"ListItem\",\"position\":3,\"name\":\"Amnesia \u2013 INDOOR\"}]}]}<\/script>\n<!-- \/ Yoast SEO plugin. -->","yoast_head_json":{"title":"Amnesia \u2013 INDOOR - Atypique Concept Store","robots":{"index":"index","follow":"follow","max-snippet":"max-snippet:-1","max-image-preview":"max-image-preview:large","max-video-preview":"max-video-preview:-1"},"canonical":"https:\/\/atypique.brunotarhan.fr\/index.php\/produit\/amnesia-indoor\/","og_locale":"fr_FR","og_type":"article","og_title":"Amnesia \u2013 INDOOR - Atypique Concept Store","og_description":"D\u00e9couvrez vite notre AMNESIA, son odeur \u00e9pic\u00e9e avec dominance citronn\u00e9e saura vous convaincre pour placer ce produit premium dans le top de votre collection.","og_url":"https:\/\/atypique.brunotarhan.fr\/index.php\/produit\/amnesia-indoor\/","og_site_name":"Atypique Concept Store","article_modified_time":"2022-04-18T15:22:42+00:00","twitter_card":"summary_large_image","twitter_misc":{"Dur\u00e9e de lecture estim\u00e9e":"6 minutes"},"schema":{"@context":"https:\/\/schema.org","@graph":[{"@type":"WebSite","@id":"https:\/\/atypique.brunotarhan.fr\/#website","url":"https:\/\/atypique.brunotarhan.fr\/","name":"Atypique Concept Store","description":"Just another WordPress site","potentialAction":[{"@type":"SearchAction","target":{"@type":"EntryPoint","urlTemplate":"https:\/\/atypique.brunotarhan.fr\/?s={search_term_string}"},"query-input":"required name=search_term_string"}],"inLanguage":"fr-FR"},{"@type":"ImageObject","@id":"https:\/\/atypique.brunotarhan.fr\/index.php\/produit\/amnesia-indoor\/#primaryimage","inLanguage":"fr-FR","url":"https:\/\/atypique.brunotarhan.fr\/wp-content\/uploads\/2022\/04\/New-Amnesia-Full-gamme.png","contentUrl":"https:\/\/atypique.brunotarhan.fr\/wp-content\/uploads\/2022\/04\/New-Amnesia-Full-gamme.png","width":1200,"height":1200},{"@type":"WebPage","@id":"https:\/\/atypique.brunotarhan.fr\/index.php\/produit\/amnesia-indoor\/#webpage","url":"https:\/\/atypique.brunotarhan.fr\/index.php\/produit\/amnesia-indoor\/","name":"Amnesia \u2013 INDOOR - Atypique Concept Store","isPartOf":{"@id":"https:\/\/atypique.brunotarhan.fr\/#website"},"primaryImageOfPage":{"@id":"https:\/\/atypique.brunotarhan.fr\/index.php\/produit\/amnesia-indoor\/#primaryimage"},"datePublished":"2022-04-18T15:22:35+00:00","dateModified":"2022-04-18T15:22:42+00:00","breadcrumb":{"@id":"https:\/\/atypique.brunotarhan.fr\/index.php\/produit\/amnesia-indoor\/#breadcrumb"},"inLanguage":"fr-FR","potentialAction":[{"@type":"ReadAction","target":["https:\/\/atypique.brunotarhan.fr\/index.php\/produit\/amnesia-indoor\/"]}]},{"@type":"BreadcrumbList","@id":"https:\/\/atypique.brunotarhan.fr\/index.php\/produit\/amnesia-indoor\/#breadcrumb","itemListElement":[{"@type":"ListItem","position":1,"name":"Accueil","item":"https:\/\/atypique.brunotarhan.fr\/"},{"@type":"ListItem","position":2,"name":""},{"@type":"ListItem","position":3,"name":"Amnesia \u2013 INDOOR"}]}]}},"_links":{"self":[{"href":"https:\/\/atypique.brunotarhan.fr\/index.php\/wp-json\/wp\/v2\/product\/15684","targetHints":{"allow":["GET"]}}],"collection":[{"href":"https:\/\/atypique.brunotarhan.fr\/index.php\/wp-json\/wp\/v2\/product"}],"about":[{"href":"https:\/\/atypique.brunotarhan.fr\/index.php\/wp-json\/wp\/v2\/types\/product"}],"replies":[{"embeddable":true,"href":"https:\/\/atypique.brunotarhan.fr\/index.php\/wp-json\/wp\/v2\/comments?post=15684"}],"wp:featuredmedia":[{"embeddable":true,"href":"https:\/\/atypique.brunotarhan.fr\/index.php\/wp-json\/wp\/v2\/media\/14836"}],"wp:attachment":[{"href":"https:\/\/atypique.brunotarhan.fr\/index.php\/wp-json\/wp\/v2\/media?parent=15684"}],"wp:term":[{"taxonomy":"product_cat","embeddable":true,"href":"https:\/\/atypique.brunotarhan.fr\/index.php\/wp-json\/wp\/v2\/product_cat?post=15684"},{"taxonomy":"product_tag","embeddable":true,"href":"https:\/\/atypique.brunotarhan.fr\/index.php\/wp-json\/wp\/v2\/product_tag?post=15684"}],"curies":[{"name":"wp","href":"https:\/\/api.w.org\/{rel}","templated":true}]}}