{"id":15675,"date":"2022-04-18T15:13:21","date_gmt":"2022-04-18T15:13:21","guid":{"rendered":"https:\/\/atypique.brunotarhan.fr\/?post_type=product&#038;p=15675"},"modified":"2022-04-18T15:14:58","modified_gmt":"2022-04-18T15:14:58","slug":"trim-royale-cbd-mix-de-miettes","status":"publish","type":"product","link":"https:\/\/atypique.brunotarhan.fr\/index.php\/produit\/trim-royale-cbd-mix-de-miettes\/","title":{"rendered":"Trim royale CBD \u2013 Mix de miettes"},"content":{"rendered":"<p>Pour vos fleurs de CBD, cb\u2019d\u00e9 a parcouru l\u2019Europe afin de vous proposer une qualit\u00e9 premium.<\/p>\n<p>Nous sommes sensibles aux techniques de culture et de production, nous sommes avant tout passionn\u00e9s, et pour nous assurer de travailler avec des fournisseurs respectant les bonnes m\u00e9thodes, nous les avons rencontr\u00e9s en personne pour s\u2019assurer qu\u2019aucun ajout de produit synth\u00e9tique ne soit fait pendant et apr\u00e8s la culture, pour vous faire profiter de fleurs de CBD 100% naturelles. <\/p>\n<p>Ce produit contient moins de 0,2% de THC, il est donc conforme aux normes europ\u00e9ennes. Nos fleurs de CBD ne d\u00e9passent pas les 10% de CBD pour sensibiliser les consommateurs sur l\u2019aspect naturel de nos produits (pas d\u2019ajout d\u2019isolat, ni de cristaux de CBD afin de gonfler nos taux de CBD) <\/p>\n<p>La trim, qu\u2019est ce que c\u2019est ? <\/p>\n<p>Lorsque nous vous proposons nos vari\u00e9t\u00e9s, nous prenons soin de s\u00e9lectionner des fleurs de chanvre de qualit\u00e9 avec des buds bien form\u00e9es et manucur\u00e9es. En effet, lorsque nous pr\u00e9parons vos fleurs, tout un travail est r\u00e9alis\u00e9 en amont (s\u00e9lection, manucure\u2026) afin de vous proposer uniquement des fleurs visuellement parfaites. Les fleurs de CBD sont fragiles et tout \u00e9l\u00e9ment qui serait amen\u00e9 \u00e0 se d\u00e9tacher (feuilles..) ainsi que les fleurs cass\u00e9es sont mis de c\u00f4t\u00e9 afin de vous proposer ce produit. A cela vient s\u2019ajouter de toutes petites fleurs r\u00e9colt\u00e9es sur les m\u00eames plants que nos fleurs vendues sur le shop mais de tailles trop petites pour \u00eatre vendues avec nos fleurs de tailles normales. <\/p>\n<p>A savoir que ce mix miettes CBD est compos\u00e9 dans son int\u00e9gralit\u00e9 de fleurs de CBD, il est donc 100% naturel. De plus, ces miettes et petites fleurs proviennent uniquement de nos vari\u00e9t\u00e9s, vous retrouverez donc des odeurs et des go\u00fbts familier. Notre trim est rigoureusement conserv\u00e9e, au m\u00eame titre que nos fleurs de CBD dans nos boites de conservation Cvault afin de conserver la meilleure qualit\u00e9 possible. <\/p>\n<p>Quels avantages pour vous ? Acheter du CBD pas cher ! <\/p>\n<p>Vous l\u2019aurez compris, nous avons d\u00e9j\u00e0 des prix tr\u00e8s attractifs sur nos fleurs, mais la trim c\u2019est tout autre chose ! En effet, ce produit vous permet d\u2019acheter du CBD au meilleur rapport qualit\u00e9\/prix. Bien que visuellement diff\u00e9rent, ce mix miettes \u00e9tant compos\u00e9 de nos vari\u00e9t\u00e9s, il n\u2019en reste donc pas moins excellent en termes de go\u00fbt et d\u2019odeur.<\/p>\n<p>La Trim royale CBD \u2013 Mix miettes de la marque cb\u2019d\u00e9 ne doit pas \u00eatre fum\u00e9e, inhal\u00e9e, ing\u00e9r\u00e9e. Ces produits sont des fleurs de Cannabis Sativa L. pour usage pot pourri. Par cons\u00e9quent toute utilisation telle que l\u2019encens ou la combustion\u2026 ne pourrait tenir pour responsable la marque cb\u2019d\u00e9 d\u2019une mauvaise utilisation de ces produits.<\/p>\n<p>\u00c0 conserver au frais, au sec et \u00e0 l\u2019abri de l\u2019obscurit\u00e9.<\/p>\n","protected":false},"excerpt":{"rendered":"<p>Retrouvez notre trim CBD premium compos\u00e9e uniquement de nos meilleures vari\u00e9t\u00e9s. Vous retrouverez un mix miettes-fleurs de qualit\u00e9 pour un prix d\u00e9fiant toute concurrence. Produit id\u00e9al pour les petits budgets souhaitant tout de m\u00eame un produit qualitatif.<\/p>\n","protected":false},"featured_media":14853,"comment_status":"open","ping_status":"closed","template":"","meta":[],"product_cat":[59,60],"product_tag":[171,75,70,77,78,170,165,164,76,173],"class_list":["post-15675","product","type-product","status-publish","has-post-thumbnail","hentry","product_cat-cbd","product_cat-fleurs","product_tag-bonbon","product_tag-cannabidiol","product_tag-cbd","product_tag-chanvre","product_tag-huiles","product_tag-pastilles","product_tag-resine","product_tag-solide","product_tag-terpenes","product_tag-tisanes","berocket_brand-cbde"],"yoast_head":"<!-- This site is optimized with the Yoast SEO plugin v18.0 - https:\/\/yoast.com\/wordpress\/plugins\/seo\/ -->\n<title>Trim royale CBD \u2013 Mix de miettes - Atypique Concept Store<\/title>\n<meta name=\"robots\" content=\"index, follow, max-snippet:-1, max-image-preview:large, max-video-preview:-1\" \/>\n<link rel=\"canonical\" href=\"https:\/\/atypique.brunotarhan.fr\/index.php\/produit\/trim-royale-cbd-mix-de-miettes\/\" \/>\n<meta property=\"og:locale\" content=\"fr_FR\" \/>\n<meta property=\"og:type\" content=\"article\" \/>\n<meta property=\"og:title\" content=\"Trim royale CBD \u2013 Mix de miettes - Atypique Concept Store\" \/>\n<meta property=\"og:description\" content=\"Retrouvez notre trim CBD premium compos\u00e9e uniquement de nos meilleures vari\u00e9t\u00e9s. Vous retrouverez un mix miettes-fleurs de qualit\u00e9 pour un prix d\u00e9fiant toute concurrence. Produit id\u00e9al pour les petits budgets souhaitant tout de m\u00eame un produit qualitatif.\" \/>\n<meta property=\"og:url\" content=\"https:\/\/atypique.brunotarhan.fr\/index.php\/produit\/trim-royale-cbd-mix-de-miettes\/\" \/>\n<meta property=\"og:site_name\" content=\"Atypique Concept Store\" \/>\n<meta property=\"article:modified_time\" content=\"2022-04-18T15:14:58+00:00\" \/>\n<meta name=\"twitter:card\" content=\"summary_large_image\" \/>\n<meta name=\"twitter:label1\" content=\"Dur\u00e9e de lecture estim\u00e9e\" \/>\n\t<meta name=\"twitter:data1\" content=\"3 minutes\" \/>\n<script type=\"application\/ld+json\" class=\"yoast-schema-graph\">{\"@context\":\"https:\/\/schema.org\",\"@graph\":[{\"@type\":\"WebSite\",\"@id\":\"https:\/\/atypique.brunotarhan.fr\/#website\",\"url\":\"https:\/\/atypique.brunotarhan.fr\/\",\"name\":\"Atypique Concept Store\",\"description\":\"Just another WordPress site\",\"potentialAction\":[{\"@type\":\"SearchAction\",\"target\":{\"@type\":\"EntryPoint\",\"urlTemplate\":\"https:\/\/atypique.brunotarhan.fr\/?s={search_term_string}\"},\"query-input\":\"required name=search_term_string\"}],\"inLanguage\":\"fr-FR\"},{\"@type\":\"ImageObject\",\"@id\":\"https:\/\/atypique.brunotarhan.fr\/index.php\/produit\/trim-royale-cbd-mix-de-miettes\/#primaryimage\",\"inLanguage\":\"fr-FR\",\"url\":\"https:\/\/atypique.brunotarhan.fr\/wp-content\/uploads\/2022\/04\/New-Trim-Royale.png\",\"contentUrl\":\"https:\/\/atypique.brunotarhan.fr\/wp-content\/uploads\/2022\/04\/New-Trim-Royale.png\",\"width\":1200,\"height\":1200},{\"@type\":\"WebPage\",\"@id\":\"https:\/\/atypique.brunotarhan.fr\/index.php\/produit\/trim-royale-cbd-mix-de-miettes\/#webpage\",\"url\":\"https:\/\/atypique.brunotarhan.fr\/index.php\/produit\/trim-royale-cbd-mix-de-miettes\/\",\"name\":\"Trim royale CBD \u2013 Mix de miettes - Atypique Concept Store\",\"isPartOf\":{\"@id\":\"https:\/\/atypique.brunotarhan.fr\/#website\"},\"primaryImageOfPage\":{\"@id\":\"https:\/\/atypique.brunotarhan.fr\/index.php\/produit\/trim-royale-cbd-mix-de-miettes\/#primaryimage\"},\"datePublished\":\"2022-04-18T15:13:21+00:00\",\"dateModified\":\"2022-04-18T15:14:58+00:00\",\"breadcrumb\":{\"@id\":\"https:\/\/atypique.brunotarhan.fr\/index.php\/produit\/trim-royale-cbd-mix-de-miettes\/#breadcrumb\"},\"inLanguage\":\"fr-FR\",\"potentialAction\":[{\"@type\":\"ReadAction\",\"target\":[\"https:\/\/atypique.brunotarhan.fr\/index.php\/produit\/trim-royale-cbd-mix-de-miettes\/\"]}]},{\"@type\":\"BreadcrumbList\",\"@id\":\"https:\/\/atypique.brunotarhan.fr\/index.php\/produit\/trim-royale-cbd-mix-de-miettes\/#breadcrumb\",\"itemListElement\":[{\"@type\":\"ListItem\",\"position\":1,\"name\":\"Accueil\",\"item\":\"https:\/\/atypique.brunotarhan.fr\/\"},{\"@type\":\"ListItem\",\"position\":2,\"name\":\"\"},{\"@type\":\"ListItem\",\"position\":3,\"name\":\"Trim royale CBD \u2013 Mix de miettes\"}]}]}<\/script>\n<!-- \/ Yoast SEO plugin. -->","yoast_head_json":{"title":"Trim royale CBD \u2013 Mix de miettes - Atypique Concept Store","robots":{"index":"index","follow":"follow","max-snippet":"max-snippet:-1","max-image-preview":"max-image-preview:large","max-video-preview":"max-video-preview:-1"},"canonical":"https:\/\/atypique.brunotarhan.fr\/index.php\/produit\/trim-royale-cbd-mix-de-miettes\/","og_locale":"fr_FR","og_type":"article","og_title":"Trim royale CBD \u2013 Mix de miettes - Atypique Concept Store","og_description":"Retrouvez notre trim CBD premium compos\u00e9e uniquement de nos meilleures vari\u00e9t\u00e9s. Vous retrouverez un mix miettes-fleurs de qualit\u00e9 pour un prix d\u00e9fiant toute concurrence. Produit id\u00e9al pour les petits budgets souhaitant tout de m\u00eame un produit qualitatif.","og_url":"https:\/\/atypique.brunotarhan.fr\/index.php\/produit\/trim-royale-cbd-mix-de-miettes\/","og_site_name":"Atypique Concept Store","article_modified_time":"2022-04-18T15:14:58+00:00","twitter_card":"summary_large_image","twitter_misc":{"Dur\u00e9e de lecture estim\u00e9e":"3 minutes"},"schema":{"@context":"https:\/\/schema.org","@graph":[{"@type":"WebSite","@id":"https:\/\/atypique.brunotarhan.fr\/#website","url":"https:\/\/atypique.brunotarhan.fr\/","name":"Atypique Concept Store","description":"Just another WordPress site","potentialAction":[{"@type":"SearchAction","target":{"@type":"EntryPoint","urlTemplate":"https:\/\/atypique.brunotarhan.fr\/?s={search_term_string}"},"query-input":"required name=search_term_string"}],"inLanguage":"fr-FR"},{"@type":"ImageObject","@id":"https:\/\/atypique.brunotarhan.fr\/index.php\/produit\/trim-royale-cbd-mix-de-miettes\/#primaryimage","inLanguage":"fr-FR","url":"https:\/\/atypique.brunotarhan.fr\/wp-content\/uploads\/2022\/04\/New-Trim-Royale.png","contentUrl":"https:\/\/atypique.brunotarhan.fr\/wp-content\/uploads\/2022\/04\/New-Trim-Royale.png","width":1200,"height":1200},{"@type":"WebPage","@id":"https:\/\/atypique.brunotarhan.fr\/index.php\/produit\/trim-royale-cbd-mix-de-miettes\/#webpage","url":"https:\/\/atypique.brunotarhan.fr\/index.php\/produit\/trim-royale-cbd-mix-de-miettes\/","name":"Trim royale CBD \u2013 Mix de miettes - Atypique Concept Store","isPartOf":{"@id":"https:\/\/atypique.brunotarhan.fr\/#website"},"primaryImageOfPage":{"@id":"https:\/\/atypique.brunotarhan.fr\/index.php\/produit\/trim-royale-cbd-mix-de-miettes\/#primaryimage"},"datePublished":"2022-04-18T15:13:21+00:00","dateModified":"2022-04-18T15:14:58+00:00","breadcrumb":{"@id":"https:\/\/atypique.brunotarhan.fr\/index.php\/produit\/trim-royale-cbd-mix-de-miettes\/#breadcrumb"},"inLanguage":"fr-FR","potentialAction":[{"@type":"ReadAction","target":["https:\/\/atypique.brunotarhan.fr\/index.php\/produit\/trim-royale-cbd-mix-de-miettes\/"]}]},{"@type":"BreadcrumbList","@id":"https:\/\/atypique.brunotarhan.fr\/index.php\/produit\/trim-royale-cbd-mix-de-miettes\/#breadcrumb","itemListElement":[{"@type":"ListItem","position":1,"name":"Accueil","item":"https:\/\/atypique.brunotarhan.fr\/"},{"@type":"ListItem","position":2,"name":""},{"@type":"ListItem","position":3,"name":"Trim royale CBD \u2013 Mix de miettes"}]}]}},"_links":{"self":[{"href":"https:\/\/atypique.brunotarhan.fr\/index.php\/wp-json\/wp\/v2\/product\/15675","targetHints":{"allow":["GET"]}}],"collection":[{"href":"https:\/\/atypique.brunotarhan.fr\/index.php\/wp-json\/wp\/v2\/product"}],"about":[{"href":"https:\/\/atypique.brunotarhan.fr\/index.php\/wp-json\/wp\/v2\/types\/product"}],"replies":[{"embeddable":true,"href":"https:\/\/atypique.brunotarhan.fr\/index.php\/wp-json\/wp\/v2\/comments?post=15675"}],"wp:featuredmedia":[{"embeddable":true,"href":"https:\/\/atypique.brunotarhan.fr\/index.php\/wp-json\/wp\/v2\/media\/14853"}],"wp:attachment":[{"href":"https:\/\/atypique.brunotarhan.fr\/index.php\/wp-json\/wp\/v2\/media?parent=15675"}],"wp:term":[{"taxonomy":"product_cat","embeddable":true,"href":"https:\/\/atypique.brunotarhan.fr\/index.php\/wp-json\/wp\/v2\/product_cat?post=15675"},{"taxonomy":"product_tag","embeddable":true,"href":"https:\/\/atypique.brunotarhan.fr\/index.php\/wp-json\/wp\/v2\/product_tag?post=15675"}],"curies":[{"name":"wp","href":"https:\/\/api.w.org\/{rel}","templated":true}]}}