{"id":15672,"date":"2022-04-18T15:13:12","date_gmt":"2022-04-18T15:13:12","guid":{"rendered":"https:\/\/atypique.brunotarhan.fr\/?post_type=product&#038;p=15672"},"modified":"2022-04-18T15:14:46","modified_gmt":"2022-04-18T15:14:46","slug":"tisane-cbd-nature-de-laube","status":"publish","type":"product","link":"https:\/\/atypique.brunotarhan.fr\/index.php\/produit\/tisane-cbd-nature-de-laube\/","title":{"rendered":"Tisane CBD \u2013 Nature de l\u2019Aube"},"content":{"rendered":"<p>Nos tisanes au CBD sont issues de longues ann\u00e9es de recherche et d\u00e9veloppement \u00e0 partir de diff\u00e9rents ingr\u00e9dients naturels afin d\u2019obtenir les meilleurs m\u00e9langes de saveurs.<br \/>\nMais ce n\u2019est pas tout, nos tisanes CBD ont surtout \u00e9t\u00e9 confectionn\u00e9es de mani\u00e8re \u00e0 vous apporter un accompagnement journalier de par les diff\u00e9rentes plantes pr\u00e9sentes. En effet, chaque tisane a \u00e9t\u00e9 soigneusement concoct\u00e9e en prenant en compte les bienfaits et apports de chaque ingr\u00e9dient la composant.<\/p>\n<p>Il \u00e9tait tr\u00e8s important pour nous de vous proposer un produit 100% naturel mais aussi, certifi\u00e9 Agriculture Biologique (FR-BIO-10). Toutes les plantes ainsi que le chanvre pr\u00e9sent dans nos m\u00e9langes sont 100% BIO afin de vous assurer les saveurs les plus pures et naturelles ainsi que les meilleurs bienfaits.<\/p>\n<p>La Nature de l\u2019Aube, quoi de mieux que de se r\u00e9veiller avec de belles notes fruit\u00e9es vous permettant de vous r\u00e9veiller en douceur ou m\u00eame, de vous coucher d\u00e9tendu ? Cette tisane CBD va vous accompagner tout au long de la journ\u00e9e et qui sait, elle vous manquera m\u00eame peut-\u00eatre si vous oubliez de l\u2019emmener !<\/p>\n<p>Vous retrouverez dans ce m\u00e9lange :<\/p>\n<p>Chanvre (30%) : Le chanvre va venir compl\u00e9ter les propri\u00e9t\u00e9s des autres plantes pr\u00e9sentes en vous accompagnant dans votre journ\u00e9e.<br \/>\nHibiscus (30%) : L\u2019hibiscus est connu pour ses bienfaits antioxydants comme la diminutions du cholest\u00e9rol ou encore, son action de pr\u00e9vention sur les calculs r\u00e9naux.<br \/>\nMatricaire (10%) : Elle est connue pour ses vertus apaisantes et sa capacit\u00e9 \u00e0 r\u00e9duire le stress, mais elle joue aussi un r\u00f4le anti-inflammatoire important.<br \/>\nCynorhodon (19%) : Le cynorrhodon est la plante parfaite pour un apport de vitamines C et B, elle apporte aussi d\u2019autres antioxydants comme la rutine ainsi que diff\u00e9rents min\u00e9raux.<br \/>\nCassis (17%) : En dehors de son go\u00fbt exquis, le cassis poss\u00e8de des propri\u00e9t\u00e9s anti-inflammatoire et diur\u00e9tiques. Cette plante viendra soutenir vos d\u00e9fenses immunitaires et aidera dans diff\u00e9rentes douleurs (maux de gorge, douleurs articulaires\u2026)<br \/>\nThym (4%) : Le thym est une plante anti-infectieuse et antispasmodique, elle viendra donc pr\u00e9venir les spasmes de l\u2019appareil digestif.<\/p>\n<p>Cette tisane CBD est id\u00e9ale pour vous r\u00e9veiller en toute douceur, elle vous apportera tous les bienfaits n\u00e9cessaires \u00e0 un r\u00e9veil de qualit\u00e9 et vous permettra d\u2019attaquer votre journ\u00e9e dans de bonnes conditions.<br \/>\nEn dehors de ses bienfaits apaisants, notre tisane \u201cNature de l\u2019Aube\u201d viendra vous apporter diff\u00e9rents bienfaits notamment au niveau de votre syst\u00e8me digestif ou de votre apport en vitamines.<\/p>\n<p>Comment consommer notre tisane CBD ?<\/p>\n<p>Environs une cuill\u00e8re \u00e0 caf\u00e9 pour une tasse<br \/>\nFaire bouillir de l\u2019eau \u00e0 100\u00b0C<br \/>\nLaisser infuser 5 \u00e0 10 minutes selon vos go\u00fbts<\/p>\n<p>Pour que vous ayez une meilleure biodisponibilit\u00e9 du cannabidiol contenu dans votre tisane CBD, nous vous recommandons d\u2019ajouter un corps gras avant de la consommer (beurre, lait\u2026). En effet, le CBD sera mieux ing\u00e9r\u00e9 par le corps s\u2019il est assimil\u00e9 \u00e0 des corps gras.<\/p>\n<p>Il ne vous reste plus qu\u2019\u00e0 appr\u00e9cier votre tisane !<\/p>\n","protected":false},"excerpt":{"rendered":"<p>Une petite tisane au CBD pour vous r\u00e9veiller ? Nature de l\u2019Aube saura vous \u00e9merveiller de bon matin !<\/p>\n","protected":false},"featured_media":14782,"comment_status":"open","ping_status":"closed","template":"","meta":[],"product_cat":[59,172],"product_tag":[171,75,70,77,78,170,165,164,76,173],"class_list":["post-15672","product","type-product","status-publish","has-post-thumbnail","hentry","product_cat-cbd","product_cat-tisanes","product_tag-bonbon","product_tag-cannabidiol","product_tag-cbd","product_tag-chanvre","product_tag-huiles","product_tag-pastilles","product_tag-resine","product_tag-solide","product_tag-terpenes","product_tag-tisanes","berocket_brand-cbde"],"yoast_head":"<!-- This site is optimized with the Yoast SEO plugin v18.0 - https:\/\/yoast.com\/wordpress\/plugins\/seo\/ -->\n<title>Tisane CBD \u2013 Nature de l\u2019Aube - Atypique Concept Store<\/title>\n<meta name=\"robots\" content=\"index, follow, max-snippet:-1, max-image-preview:large, max-video-preview:-1\" \/>\n<link rel=\"canonical\" href=\"https:\/\/atypique.brunotarhan.fr\/index.php\/produit\/tisane-cbd-nature-de-laube\/\" \/>\n<meta property=\"og:locale\" content=\"fr_FR\" \/>\n<meta property=\"og:type\" content=\"article\" \/>\n<meta property=\"og:title\" content=\"Tisane CBD \u2013 Nature de l\u2019Aube - Atypique Concept Store\" \/>\n<meta property=\"og:description\" content=\"Une petite tisane au CBD pour vous r\u00e9veiller ? Nature de l\u2019Aube saura vous \u00e9merveiller de bon matin !\" \/>\n<meta property=\"og:url\" content=\"https:\/\/atypique.brunotarhan.fr\/index.php\/produit\/tisane-cbd-nature-de-laube\/\" \/>\n<meta property=\"og:site_name\" content=\"Atypique Concept Store\" \/>\n<meta property=\"article:modified_time\" content=\"2022-04-18T15:14:46+00:00\" \/>\n<meta name=\"twitter:card\" content=\"summary_large_image\" \/>\n<meta name=\"twitter:label1\" content=\"Dur\u00e9e de lecture estim\u00e9e\" \/>\n\t<meta name=\"twitter:data1\" content=\"3 minutes\" \/>\n<script type=\"application\/ld+json\" class=\"yoast-schema-graph\">{\"@context\":\"https:\/\/schema.org\",\"@graph\":[{\"@type\":\"WebSite\",\"@id\":\"https:\/\/atypique.brunotarhan.fr\/#website\",\"url\":\"https:\/\/atypique.brunotarhan.fr\/\",\"name\":\"Atypique Concept Store\",\"description\":\"Just another WordPress site\",\"potentialAction\":[{\"@type\":\"SearchAction\",\"target\":{\"@type\":\"EntryPoint\",\"urlTemplate\":\"https:\/\/atypique.brunotarhan.fr\/?s={search_term_string}\"},\"query-input\":\"required name=search_term_string\"}],\"inLanguage\":\"fr-FR\"},{\"@type\":\"ImageObject\",\"@id\":\"https:\/\/atypique.brunotarhan.fr\/index.php\/produit\/tisane-cbd-nature-de-laube\/#primaryimage\",\"inLanguage\":\"fr-FR\",\"url\":\"https:\/\/atypique.brunotarhan.fr\/wp-content\/uploads\/2022\/04\/Tisane-CBD-Nature-de-lAube.jpeg\",\"contentUrl\":\"https:\/\/atypique.brunotarhan.fr\/wp-content\/uploads\/2022\/04\/Tisane-CBD-Nature-de-lAube.jpeg\",\"width\":1400,\"height\":1400},{\"@type\":\"WebPage\",\"@id\":\"https:\/\/atypique.brunotarhan.fr\/index.php\/produit\/tisane-cbd-nature-de-laube\/#webpage\",\"url\":\"https:\/\/atypique.brunotarhan.fr\/index.php\/produit\/tisane-cbd-nature-de-laube\/\",\"name\":\"Tisane CBD \u2013 Nature de l\u2019Aube - Atypique Concept Store\",\"isPartOf\":{\"@id\":\"https:\/\/atypique.brunotarhan.fr\/#website\"},\"primaryImageOfPage\":{\"@id\":\"https:\/\/atypique.brunotarhan.fr\/index.php\/produit\/tisane-cbd-nature-de-laube\/#primaryimage\"},\"datePublished\":\"2022-04-18T15:13:12+00:00\",\"dateModified\":\"2022-04-18T15:14:46+00:00\",\"breadcrumb\":{\"@id\":\"https:\/\/atypique.brunotarhan.fr\/index.php\/produit\/tisane-cbd-nature-de-laube\/#breadcrumb\"},\"inLanguage\":\"fr-FR\",\"potentialAction\":[{\"@type\":\"ReadAction\",\"target\":[\"https:\/\/atypique.brunotarhan.fr\/index.php\/produit\/tisane-cbd-nature-de-laube\/\"]}]},{\"@type\":\"BreadcrumbList\",\"@id\":\"https:\/\/atypique.brunotarhan.fr\/index.php\/produit\/tisane-cbd-nature-de-laube\/#breadcrumb\",\"itemListElement\":[{\"@type\":\"ListItem\",\"position\":1,\"name\":\"Accueil\",\"item\":\"https:\/\/atypique.brunotarhan.fr\/\"},{\"@type\":\"ListItem\",\"position\":2,\"name\":\"\"},{\"@type\":\"ListItem\",\"position\":3,\"name\":\"Tisane CBD \u2013 Nature de l\u2019Aube\"}]}]}<\/script>\n<!-- \/ Yoast SEO plugin. -->","yoast_head_json":{"title":"Tisane CBD \u2013 Nature de l\u2019Aube - Atypique Concept Store","robots":{"index":"index","follow":"follow","max-snippet":"max-snippet:-1","max-image-preview":"max-image-preview:large","max-video-preview":"max-video-preview:-1"},"canonical":"https:\/\/atypique.brunotarhan.fr\/index.php\/produit\/tisane-cbd-nature-de-laube\/","og_locale":"fr_FR","og_type":"article","og_title":"Tisane CBD \u2013 Nature de l\u2019Aube - Atypique Concept Store","og_description":"Une petite tisane au CBD pour vous r\u00e9veiller ? Nature de l\u2019Aube saura vous \u00e9merveiller de bon matin !","og_url":"https:\/\/atypique.brunotarhan.fr\/index.php\/produit\/tisane-cbd-nature-de-laube\/","og_site_name":"Atypique Concept Store","article_modified_time":"2022-04-18T15:14:46+00:00","twitter_card":"summary_large_image","twitter_misc":{"Dur\u00e9e de lecture estim\u00e9e":"3 minutes"},"schema":{"@context":"https:\/\/schema.org","@graph":[{"@type":"WebSite","@id":"https:\/\/atypique.brunotarhan.fr\/#website","url":"https:\/\/atypique.brunotarhan.fr\/","name":"Atypique Concept Store","description":"Just another WordPress site","potentialAction":[{"@type":"SearchAction","target":{"@type":"EntryPoint","urlTemplate":"https:\/\/atypique.brunotarhan.fr\/?s={search_term_string}"},"query-input":"required name=search_term_string"}],"inLanguage":"fr-FR"},{"@type":"ImageObject","@id":"https:\/\/atypique.brunotarhan.fr\/index.php\/produit\/tisane-cbd-nature-de-laube\/#primaryimage","inLanguage":"fr-FR","url":"https:\/\/atypique.brunotarhan.fr\/wp-content\/uploads\/2022\/04\/Tisane-CBD-Nature-de-lAube.jpeg","contentUrl":"https:\/\/atypique.brunotarhan.fr\/wp-content\/uploads\/2022\/04\/Tisane-CBD-Nature-de-lAube.jpeg","width":1400,"height":1400},{"@type":"WebPage","@id":"https:\/\/atypique.brunotarhan.fr\/index.php\/produit\/tisane-cbd-nature-de-laube\/#webpage","url":"https:\/\/atypique.brunotarhan.fr\/index.php\/produit\/tisane-cbd-nature-de-laube\/","name":"Tisane CBD \u2013 Nature de l\u2019Aube - Atypique Concept Store","isPartOf":{"@id":"https:\/\/atypique.brunotarhan.fr\/#website"},"primaryImageOfPage":{"@id":"https:\/\/atypique.brunotarhan.fr\/index.php\/produit\/tisane-cbd-nature-de-laube\/#primaryimage"},"datePublished":"2022-04-18T15:13:12+00:00","dateModified":"2022-04-18T15:14:46+00:00","breadcrumb":{"@id":"https:\/\/atypique.brunotarhan.fr\/index.php\/produit\/tisane-cbd-nature-de-laube\/#breadcrumb"},"inLanguage":"fr-FR","potentialAction":[{"@type":"ReadAction","target":["https:\/\/atypique.brunotarhan.fr\/index.php\/produit\/tisane-cbd-nature-de-laube\/"]}]},{"@type":"BreadcrumbList","@id":"https:\/\/atypique.brunotarhan.fr\/index.php\/produit\/tisane-cbd-nature-de-laube\/#breadcrumb","itemListElement":[{"@type":"ListItem","position":1,"name":"Accueil","item":"https:\/\/atypique.brunotarhan.fr\/"},{"@type":"ListItem","position":2,"name":""},{"@type":"ListItem","position":3,"name":"Tisane CBD \u2013 Nature de l\u2019Aube"}]}]}},"_links":{"self":[{"href":"https:\/\/atypique.brunotarhan.fr\/index.php\/wp-json\/wp\/v2\/product\/15672","targetHints":{"allow":["GET"]}}],"collection":[{"href":"https:\/\/atypique.brunotarhan.fr\/index.php\/wp-json\/wp\/v2\/product"}],"about":[{"href":"https:\/\/atypique.brunotarhan.fr\/index.php\/wp-json\/wp\/v2\/types\/product"}],"replies":[{"embeddable":true,"href":"https:\/\/atypique.brunotarhan.fr\/index.php\/wp-json\/wp\/v2\/comments?post=15672"}],"wp:featuredmedia":[{"embeddable":true,"href":"https:\/\/atypique.brunotarhan.fr\/index.php\/wp-json\/wp\/v2\/media\/14782"}],"wp:attachment":[{"href":"https:\/\/atypique.brunotarhan.fr\/index.php\/wp-json\/wp\/v2\/media?parent=15672"}],"wp:term":[{"taxonomy":"product_cat","embeddable":true,"href":"https:\/\/atypique.brunotarhan.fr\/index.php\/wp-json\/wp\/v2\/product_cat?post=15672"},{"taxonomy":"product_tag","embeddable":true,"href":"https:\/\/atypique.brunotarhan.fr\/index.php\/wp-json\/wp\/v2\/product_tag?post=15672"}],"curies":[{"name":"wp","href":"https:\/\/api.w.org\/{rel}","templated":true}]}}