{"id":15671,"date":"2022-04-18T15:13:07","date_gmt":"2022-04-18T15:13:07","guid":{"rendered":"https:\/\/atypique.brunotarhan.fr\/?post_type=product&#038;p=15671"},"modified":"2022-04-18T15:14:42","modified_gmt":"2022-04-18T15:14:42","slug":"tisane-cbd-marchand-de-sable","status":"publish","type":"product","link":"https:\/\/atypique.brunotarhan.fr\/index.php\/produit\/tisane-cbd-marchand-de-sable\/","title":{"rendered":"Tisane CBD \u2013 Marchand de Sable"},"content":{"rendered":"<p>Nos tisanes au CBD sont issues de longues ann\u00e9es de recherche et d\u00e9veloppement \u00e0 partir de diff\u00e9rents ingr\u00e9dients naturels afin d\u2019obtenir les meilleurs m\u00e9langes de saveurs.<br \/>\nMais ce n\u2019est pas tout, nos tisanes CBD ont surtout \u00e9t\u00e9 confectionn\u00e9es de mani\u00e8re \u00e0 vous apporter un accompagnement journalier de par les diff\u00e9rentes plantes pr\u00e9sentes. En effet, chaque tisane a \u00e9t\u00e9 soigneusement concoct\u00e9e en prenant en compte les bienfaits et apports de chaque ingr\u00e9dient la composant.<\/p>\n<p>Il \u00e9tait tr\u00e8s important pour nous de vous proposer un produit 100% naturel mais aussi, certifi\u00e9 Agriculture Biologique (FR-BIO-10). Toutes les plantes ainsi que le chanvre pr\u00e9sent dans nos m\u00e9langes sont 100% BIO afin de vous assurer les saveurs les plus pures et naturelles ainsi que les meilleurs bienfaits.<\/p>\n<p>Le Marchand de Sable, ce fabuleux personnage qui laisse tomber du sable sur vos yeux \u00e0 la tomb\u00e9e de la nuit\u2026 il se pourrait que notre tisane \u201cMarchand de Sable\u201d vous fasse passer d\u2019excellentes nuits accompagn\u00e9es de r\u00eaves en tout genre, et qui sait, peut-\u00eatre l\u2019apercevrez-vous au milieu de votre sommeil profond ?<\/p>\n<p>Vous retrouverez dans ce m\u00e9lange :<\/p>\n<p>Chanvre (30%) : Le chanvre va venir compl\u00e9ter les propri\u00e9t\u00e9s des autres plantes pr\u00e9sentes en vous accompagnant dans votre sommeil.<br \/>\nTilleul (30%) : Le tilleul n\u2019est plus \u00e0 pr\u00e9sent\u00e9 lorsque l\u2019on parle des plantes favorisant le sommeil et l\u2019apaisement, il saura vous accompagner au quotidien.<br \/>\nMatricaire (10%) : Elle est connue pour ses vertus apaisantes et sa capacit\u00e9 \u00e0 r\u00e9duire le stress, mais elle joue aussi un r\u00f4le anti-inflammatoire important.<br \/>\nM\u00e9lisse (8%) : La m\u00e9lisse soulage les ballonnements ou douleurs digestives, mais elle permet aussi d\u2019accompagner les probl\u00e8mes cutan\u00e9s lorsqu\u2019elle est sous forme de pommade par exemple.<br \/>\nVerveine (7%) : Tr\u00e8s connue aussi, elle permet de soulager les douleurs digestives notamment li\u00e9es \u00e0 des crampes ou spasmes. Son effet anti-inflammatoire est li\u00e9 \u00e0 la pr\u00e9sence d\u2019irido\u00efdes et de flavono\u00efdes comme l\u2019apig\u00e9nine par exemple.<br \/>\nPomme (7%) : La pomme et son pouvoir antioxydant joue un grand r\u00f4le sur la protection des cellules et leur r\u00e9paration.<br \/>\nVanille bourbon (2%) : En dehors de son excellent go\u00fbt, la vanille poss\u00e8de des propri\u00e9t\u00e9s stimulantes pour le syst\u00e8me digestif.<\/p>\n<p>Nous vous recommandons cette tisane pour am\u00e9liorer votre sommeil, nous vous conseillerons donc de plus la boire en fin d\u2019apr\u00e8s-midi ou le soir, avant de vous coucher.<br \/>\nEn dehors de ses bienfaits apaisants et favorisant le sommeil, notre tisane CBD \u201cMarchand de Sable\u201d prendra soin de votre syst\u00e8me digestif et accompagnera votre corps au quotidien pour vous sentir mieux dans votre vie de tous les jours.<\/p>\n<p>Comment consommer notre tisane CBD ?<\/p>\n<p>Environs une cuill\u00e8re \u00e0 caf\u00e9 pour une tasse<br \/>\nFaire bouillir de l\u2019eau \u00e0 100\u00b0C<br \/>\nLaisser infuser 5 \u00e0 10 minutes selon vos go\u00fbts<\/p>\n<p>Pour que vous ayez une meilleure biodisponibilit\u00e9 du cannabidiol contenu dans votre tisane CBD, nous vous recommandons d\u2019ajouter un corps gras avant de la consommer (beurre, lait\u2026). En effet, le CBD sera mieux ing\u00e9r\u00e9 par le corps s\u2019il est assimil\u00e9 \u00e0 des corps gras.<\/p>\n<p>Il ne vous reste plus qu\u2019\u00e0 appr\u00e9cier votre tisane !<\/p>\n","protected":false},"excerpt":{"rendered":"<p>Quoi de mieux qu\u2019une tisane au CBD pour finir une longue journ\u00e9e ? Marchand de Sable vous accompagnera pour vous relaxer.<\/p>\n","protected":false},"featured_media":14781,"comment_status":"open","ping_status":"closed","template":"","meta":[],"product_cat":[59,172],"product_tag":[171,75,70,77,78,170,165,164,76,173],"class_list":["post-15671","product","type-product","status-publish","has-post-thumbnail","hentry","product_cat-cbd","product_cat-tisanes","product_tag-bonbon","product_tag-cannabidiol","product_tag-cbd","product_tag-chanvre","product_tag-huiles","product_tag-pastilles","product_tag-resine","product_tag-solide","product_tag-terpenes","product_tag-tisanes","berocket_brand-cbde"],"yoast_head":"<!-- This site is optimized with the Yoast SEO plugin v18.0 - https:\/\/yoast.com\/wordpress\/plugins\/seo\/ -->\n<title>Tisane CBD \u2013 Marchand de Sable - Atypique Concept Store<\/title>\n<meta name=\"robots\" content=\"index, follow, max-snippet:-1, max-image-preview:large, max-video-preview:-1\" \/>\n<link rel=\"canonical\" href=\"https:\/\/atypique.brunotarhan.fr\/index.php\/produit\/tisane-cbd-marchand-de-sable\/\" \/>\n<meta property=\"og:locale\" content=\"fr_FR\" \/>\n<meta property=\"og:type\" content=\"article\" \/>\n<meta property=\"og:title\" content=\"Tisane CBD \u2013 Marchand de Sable - Atypique Concept Store\" \/>\n<meta property=\"og:description\" content=\"Quoi de mieux qu\u2019une tisane au CBD pour finir une longue journ\u00e9e ? Marchand de Sable vous accompagnera pour vous relaxer.\" \/>\n<meta property=\"og:url\" content=\"https:\/\/atypique.brunotarhan.fr\/index.php\/produit\/tisane-cbd-marchand-de-sable\/\" \/>\n<meta property=\"og:site_name\" content=\"Atypique Concept Store\" \/>\n<meta property=\"article:modified_time\" content=\"2022-04-18T15:14:42+00:00\" \/>\n<meta name=\"twitter:card\" content=\"summary_large_image\" \/>\n<meta name=\"twitter:label1\" content=\"Dur\u00e9e de lecture estim\u00e9e\" \/>\n\t<meta name=\"twitter:data1\" content=\"3 minutes\" \/>\n<script type=\"application\/ld+json\" class=\"yoast-schema-graph\">{\"@context\":\"https:\/\/schema.org\",\"@graph\":[{\"@type\":\"WebSite\",\"@id\":\"https:\/\/atypique.brunotarhan.fr\/#website\",\"url\":\"https:\/\/atypique.brunotarhan.fr\/\",\"name\":\"Atypique Concept Store\",\"description\":\"Just another WordPress site\",\"potentialAction\":[{\"@type\":\"SearchAction\",\"target\":{\"@type\":\"EntryPoint\",\"urlTemplate\":\"https:\/\/atypique.brunotarhan.fr\/?s={search_term_string}\"},\"query-input\":\"required name=search_term_string\"}],\"inLanguage\":\"fr-FR\"},{\"@type\":\"ImageObject\",\"@id\":\"https:\/\/atypique.brunotarhan.fr\/index.php\/produit\/tisane-cbd-marchand-de-sable\/#primaryimage\",\"inLanguage\":\"fr-FR\",\"url\":\"https:\/\/atypique.brunotarhan.fr\/wp-content\/uploads\/2022\/04\/Tisane-CBD-Marchand-de-Sable.jpeg\",\"contentUrl\":\"https:\/\/atypique.brunotarhan.fr\/wp-content\/uploads\/2022\/04\/Tisane-CBD-Marchand-de-Sable.jpeg\",\"width\":1400,\"height\":1400},{\"@type\":\"WebPage\",\"@id\":\"https:\/\/atypique.brunotarhan.fr\/index.php\/produit\/tisane-cbd-marchand-de-sable\/#webpage\",\"url\":\"https:\/\/atypique.brunotarhan.fr\/index.php\/produit\/tisane-cbd-marchand-de-sable\/\",\"name\":\"Tisane CBD \u2013 Marchand de Sable - Atypique Concept Store\",\"isPartOf\":{\"@id\":\"https:\/\/atypique.brunotarhan.fr\/#website\"},\"primaryImageOfPage\":{\"@id\":\"https:\/\/atypique.brunotarhan.fr\/index.php\/produit\/tisane-cbd-marchand-de-sable\/#primaryimage\"},\"datePublished\":\"2022-04-18T15:13:07+00:00\",\"dateModified\":\"2022-04-18T15:14:42+00:00\",\"breadcrumb\":{\"@id\":\"https:\/\/atypique.brunotarhan.fr\/index.php\/produit\/tisane-cbd-marchand-de-sable\/#breadcrumb\"},\"inLanguage\":\"fr-FR\",\"potentialAction\":[{\"@type\":\"ReadAction\",\"target\":[\"https:\/\/atypique.brunotarhan.fr\/index.php\/produit\/tisane-cbd-marchand-de-sable\/\"]}]},{\"@type\":\"BreadcrumbList\",\"@id\":\"https:\/\/atypique.brunotarhan.fr\/index.php\/produit\/tisane-cbd-marchand-de-sable\/#breadcrumb\",\"itemListElement\":[{\"@type\":\"ListItem\",\"position\":1,\"name\":\"Accueil\",\"item\":\"https:\/\/atypique.brunotarhan.fr\/\"},{\"@type\":\"ListItem\",\"position\":2,\"name\":\"\"},{\"@type\":\"ListItem\",\"position\":3,\"name\":\"Tisane CBD \u2013 Marchand de Sable\"}]}]}<\/script>\n<!-- \/ Yoast SEO plugin. -->","yoast_head_json":{"title":"Tisane CBD \u2013 Marchand de Sable - Atypique Concept Store","robots":{"index":"index","follow":"follow","max-snippet":"max-snippet:-1","max-image-preview":"max-image-preview:large","max-video-preview":"max-video-preview:-1"},"canonical":"https:\/\/atypique.brunotarhan.fr\/index.php\/produit\/tisane-cbd-marchand-de-sable\/","og_locale":"fr_FR","og_type":"article","og_title":"Tisane CBD \u2013 Marchand de Sable - Atypique Concept Store","og_description":"Quoi de mieux qu\u2019une tisane au CBD pour finir une longue journ\u00e9e ? Marchand de Sable vous accompagnera pour vous relaxer.","og_url":"https:\/\/atypique.brunotarhan.fr\/index.php\/produit\/tisane-cbd-marchand-de-sable\/","og_site_name":"Atypique Concept Store","article_modified_time":"2022-04-18T15:14:42+00:00","twitter_card":"summary_large_image","twitter_misc":{"Dur\u00e9e de lecture estim\u00e9e":"3 minutes"},"schema":{"@context":"https:\/\/schema.org","@graph":[{"@type":"WebSite","@id":"https:\/\/atypique.brunotarhan.fr\/#website","url":"https:\/\/atypique.brunotarhan.fr\/","name":"Atypique Concept Store","description":"Just another WordPress site","potentialAction":[{"@type":"SearchAction","target":{"@type":"EntryPoint","urlTemplate":"https:\/\/atypique.brunotarhan.fr\/?s={search_term_string}"},"query-input":"required name=search_term_string"}],"inLanguage":"fr-FR"},{"@type":"ImageObject","@id":"https:\/\/atypique.brunotarhan.fr\/index.php\/produit\/tisane-cbd-marchand-de-sable\/#primaryimage","inLanguage":"fr-FR","url":"https:\/\/atypique.brunotarhan.fr\/wp-content\/uploads\/2022\/04\/Tisane-CBD-Marchand-de-Sable.jpeg","contentUrl":"https:\/\/atypique.brunotarhan.fr\/wp-content\/uploads\/2022\/04\/Tisane-CBD-Marchand-de-Sable.jpeg","width":1400,"height":1400},{"@type":"WebPage","@id":"https:\/\/atypique.brunotarhan.fr\/index.php\/produit\/tisane-cbd-marchand-de-sable\/#webpage","url":"https:\/\/atypique.brunotarhan.fr\/index.php\/produit\/tisane-cbd-marchand-de-sable\/","name":"Tisane CBD \u2013 Marchand de Sable - Atypique Concept Store","isPartOf":{"@id":"https:\/\/atypique.brunotarhan.fr\/#website"},"primaryImageOfPage":{"@id":"https:\/\/atypique.brunotarhan.fr\/index.php\/produit\/tisane-cbd-marchand-de-sable\/#primaryimage"},"datePublished":"2022-04-18T15:13:07+00:00","dateModified":"2022-04-18T15:14:42+00:00","breadcrumb":{"@id":"https:\/\/atypique.brunotarhan.fr\/index.php\/produit\/tisane-cbd-marchand-de-sable\/#breadcrumb"},"inLanguage":"fr-FR","potentialAction":[{"@type":"ReadAction","target":["https:\/\/atypique.brunotarhan.fr\/index.php\/produit\/tisane-cbd-marchand-de-sable\/"]}]},{"@type":"BreadcrumbList","@id":"https:\/\/atypique.brunotarhan.fr\/index.php\/produit\/tisane-cbd-marchand-de-sable\/#breadcrumb","itemListElement":[{"@type":"ListItem","position":1,"name":"Accueil","item":"https:\/\/atypique.brunotarhan.fr\/"},{"@type":"ListItem","position":2,"name":""},{"@type":"ListItem","position":3,"name":"Tisane CBD \u2013 Marchand de Sable"}]}]}},"_links":{"self":[{"href":"https:\/\/atypique.brunotarhan.fr\/index.php\/wp-json\/wp\/v2\/product\/15671","targetHints":{"allow":["GET"]}}],"collection":[{"href":"https:\/\/atypique.brunotarhan.fr\/index.php\/wp-json\/wp\/v2\/product"}],"about":[{"href":"https:\/\/atypique.brunotarhan.fr\/index.php\/wp-json\/wp\/v2\/types\/product"}],"replies":[{"embeddable":true,"href":"https:\/\/atypique.brunotarhan.fr\/index.php\/wp-json\/wp\/v2\/comments?post=15671"}],"wp:featuredmedia":[{"embeddable":true,"href":"https:\/\/atypique.brunotarhan.fr\/index.php\/wp-json\/wp\/v2\/media\/14781"}],"wp:attachment":[{"href":"https:\/\/atypique.brunotarhan.fr\/index.php\/wp-json\/wp\/v2\/media?parent=15671"}],"wp:term":[{"taxonomy":"product_cat","embeddable":true,"href":"https:\/\/atypique.brunotarhan.fr\/index.php\/wp-json\/wp\/v2\/product_cat?post=15671"},{"taxonomy":"product_tag","embeddable":true,"href":"https:\/\/atypique.brunotarhan.fr\/index.php\/wp-json\/wp\/v2\/product_tag?post=15671"}],"curies":[{"name":"wp","href":"https:\/\/api.w.org\/{rel}","templated":true}]}}