{"id":15669,"date":"2022-04-18T15:13:04","date_gmt":"2022-04-18T15:13:04","guid":{"rendered":"https:\/\/atypique.brunotarhan.fr\/?post_type=product&#038;p=15669"},"modified":"2022-04-18T15:14:39","modified_gmt":"2022-04-18T15:14:39","slug":"tisane-cbd-feuillages-dores","status":"publish","type":"product","link":"https:\/\/atypique.brunotarhan.fr\/index.php\/produit\/tisane-cbd-feuillages-dores\/","title":{"rendered":"Tisane CBD \u2013 Feuillages Dor\u00e9s"},"content":{"rendered":"<p>Nos tisanes au CBD sont issues de longues ann\u00e9es de recherche et d\u00e9veloppement \u00e0 partir de diff\u00e9rents ingr\u00e9dients naturels afin d\u2019obtenir les meilleurs m\u00e9langes de saveurs.<br \/>\nMais ce n\u2019est pas tout, nos tisanes CBD ont surtout \u00e9t\u00e9 confectionn\u00e9es de mani\u00e8re \u00e0 vous apporter un accompagnement journalier de par les diff\u00e9rentes plantes pr\u00e9sentes. En effet, chaque tisane a \u00e9t\u00e9 soigneusement concoct\u00e9e en prenant en compte les bienfaits et apports de chaque ingr\u00e9dient la composant.<\/p>\n<p>Il \u00e9tait tr\u00e8s important pour nous de vous proposer un produit 100% naturel mais aussi, certifi\u00e9 Agriculture Biologique (FR-BIO-10). Toutes les plantes ainsi que le chanvre pr\u00e9sent dans nos m\u00e9langes sont 100% BIO afin de vous assurer les saveurs les plus pures et naturelles ainsi que les meilleurs bienfaits.<\/p>\n<p>Les Feuillages Dor\u00e9s, ces belles couleurs de printemps se retrouveront dans votre tisane CBD gr\u00e2ce \u00e0 un m\u00e9lange de plantes complet et savoureux. Ce m\u00e9lange d\u00e9tox saura vous accompagner tout au long de la journ\u00e9e gr\u00e2ce \u00e0 son action d\u00e9toxifiante et antioxydante, le seul risque \u00e0 cette infusion au CBD, c\u2019est que vous ne puissiez plus vous en passer !<\/p>\n<p>Vous retrouverez dans ce m\u00e9lange :<\/p>\n<p>Chanvre (30%) : Le chanvre va venir compl\u00e9ter les propri\u00e9t\u00e9s des autres plantes et amener une action d\u00e9toxifiante et antioxydante pour une d\u00e9tox en toute tranquillit\u00e9.<br \/>\nR\u00e9glisse (22%) : Ses vertus adoucissantes et anti-inflammatoires vont participer \u00e0 une d\u00e9tox de qualit\u00e9 pour passer une journ\u00e9e dans de bonnes conditions.<br \/>\nGingembre (20%) : Connu et reconnu, le gingembre joue un grand r\u00f4le dans notre phase digestive et il agit tel un stimulant naturel pour notre m\u00e9tabolisme.<br \/>\nCassis (15%) : En dehors de son go\u00fbt exquis, le cassis poss\u00e8de des propri\u00e9t\u00e9s anti-inflammatoire et diur\u00e9tiques. Cette plante viendra soutenir vos d\u00e9fenses immunitaires et aidera dans diff\u00e9rentes douleurs (maux de gorge, douleurs articulaires\u2026)<br \/>\nCurcuma (6%) : Il est l\u2019un des anti-inflammatoire le plus puissant et agit notamment sur les articulations, un indispensable pour une d\u00e9tox.<br \/>\nPissenlit (4%) : Le pissenlit favorise l\u2019\u00e9limination et est tr\u00e8s riches en vitamines et en calcium, il saura apporter sa dose de bienfaits pour votre corps.<br \/>\nArtichaut (3%) : D\u00e9toxifiant de l\u2019organisme, l\u2019artichaut permet aussi de lutter contre la constipation.<\/p>\n<p>Cette tisane CBD est id\u00e9ale pour vous r\u00e9veiller en toute douceur, elle vous apportera tous les bienfaits n\u00e9cessaires \u00e0 un r\u00e9veil de qualit\u00e9 et vous permettra d\u2019attaquer votre journ\u00e9e dans de bonnes conditions.<\/p>\n<p>En dehors de ses bienfaits apaisants, notre tisane \u201cNature de l\u2019Aube\u201d viendra vous apporter diff\u00e9rents bienfaits notamment au niveau de votre syst\u00e8me digestif ou de votre apport en vitamines.<\/p>\n<p>Comment consommer notre tisane CBD ?<\/p>\n<p>Environs une cuill\u00e8re \u00e0 caf\u00e9 pour une tasse<br \/>\nFaire bouillir de l\u2019eau \u00e0 100\u00b0C<br \/>\nLaisser infuser 5 \u00e0 10 minutes selon vos go\u00fbts<\/p>\n<p>Pour que vous ayez une meilleure biodisponibilit\u00e9 du cannabidiol contenu dans votre tisane CBD, nous vous recommandons d\u2019ajouter un corps gras avant de la consommer (beurre, lait\u2026). En effet, le CBD sera mieux ing\u00e9r\u00e9 par le corps s\u2019il est assimil\u00e9 \u00e0 des corps gras.<br \/>\nIl ne vous reste plus qu\u2019\u00e0 appr\u00e9cier votre tisane !<\/p>\n","protected":false},"excerpt":{"rendered":"<p>Une tisane au CBD d\u00e9tox et savoureuse pour vous accompagner au quotidien !<\/p>\n","protected":false},"featured_media":14780,"comment_status":"open","ping_status":"closed","template":"","meta":[],"product_cat":[59,172],"product_tag":[171,75,70,77,78,170,165,164,76,173],"class_list":["post-15669","product","type-product","status-publish","has-post-thumbnail","hentry","product_cat-cbd","product_cat-tisanes","product_tag-bonbon","product_tag-cannabidiol","product_tag-cbd","product_tag-chanvre","product_tag-huiles","product_tag-pastilles","product_tag-resine","product_tag-solide","product_tag-terpenes","product_tag-tisanes","berocket_brand-cbde"],"yoast_head":"<!-- This site is optimized with the Yoast SEO plugin v18.0 - https:\/\/yoast.com\/wordpress\/plugins\/seo\/ -->\n<title>Tisane CBD \u2013 Feuillages Dor\u00e9s - Atypique Concept Store<\/title>\n<meta name=\"robots\" content=\"index, follow, max-snippet:-1, max-image-preview:large, max-video-preview:-1\" \/>\n<link rel=\"canonical\" href=\"https:\/\/atypique.brunotarhan.fr\/index.php\/produit\/tisane-cbd-feuillages-dores\/\" \/>\n<meta property=\"og:locale\" content=\"fr_FR\" \/>\n<meta property=\"og:type\" content=\"article\" \/>\n<meta property=\"og:title\" content=\"Tisane CBD \u2013 Feuillages Dor\u00e9s - Atypique Concept Store\" \/>\n<meta property=\"og:description\" content=\"Une tisane au CBD d\u00e9tox et savoureuse pour vous accompagner au quotidien !\" \/>\n<meta property=\"og:url\" content=\"https:\/\/atypique.brunotarhan.fr\/index.php\/produit\/tisane-cbd-feuillages-dores\/\" \/>\n<meta property=\"og:site_name\" content=\"Atypique Concept Store\" \/>\n<meta property=\"article:modified_time\" content=\"2022-04-18T15:14:39+00:00\" \/>\n<meta name=\"twitter:card\" content=\"summary_large_image\" \/>\n<meta name=\"twitter:label1\" content=\"Dur\u00e9e de lecture estim\u00e9e\" \/>\n\t<meta name=\"twitter:data1\" content=\"3 minutes\" \/>\n<script type=\"application\/ld+json\" class=\"yoast-schema-graph\">{\"@context\":\"https:\/\/schema.org\",\"@graph\":[{\"@type\":\"WebSite\",\"@id\":\"https:\/\/atypique.brunotarhan.fr\/#website\",\"url\":\"https:\/\/atypique.brunotarhan.fr\/\",\"name\":\"Atypique Concept Store\",\"description\":\"Just another WordPress site\",\"potentialAction\":[{\"@type\":\"SearchAction\",\"target\":{\"@type\":\"EntryPoint\",\"urlTemplate\":\"https:\/\/atypique.brunotarhan.fr\/?s={search_term_string}\"},\"query-input\":\"required name=search_term_string\"}],\"inLanguage\":\"fr-FR\"},{\"@type\":\"ImageObject\",\"@id\":\"https:\/\/atypique.brunotarhan.fr\/index.php\/produit\/tisane-cbd-feuillages-dores\/#primaryimage\",\"inLanguage\":\"fr-FR\",\"url\":\"https:\/\/atypique.brunotarhan.fr\/wp-content\/uploads\/2022\/04\/Tisane-CBD-Feuillages-Dores.jpeg\",\"contentUrl\":\"https:\/\/atypique.brunotarhan.fr\/wp-content\/uploads\/2022\/04\/Tisane-CBD-Feuillages-Dores.jpeg\",\"width\":1400,\"height\":1400},{\"@type\":\"WebPage\",\"@id\":\"https:\/\/atypique.brunotarhan.fr\/index.php\/produit\/tisane-cbd-feuillages-dores\/#webpage\",\"url\":\"https:\/\/atypique.brunotarhan.fr\/index.php\/produit\/tisane-cbd-feuillages-dores\/\",\"name\":\"Tisane CBD \u2013 Feuillages Dor\u00e9s - Atypique Concept Store\",\"isPartOf\":{\"@id\":\"https:\/\/atypique.brunotarhan.fr\/#website\"},\"primaryImageOfPage\":{\"@id\":\"https:\/\/atypique.brunotarhan.fr\/index.php\/produit\/tisane-cbd-feuillages-dores\/#primaryimage\"},\"datePublished\":\"2022-04-18T15:13:04+00:00\",\"dateModified\":\"2022-04-18T15:14:39+00:00\",\"breadcrumb\":{\"@id\":\"https:\/\/atypique.brunotarhan.fr\/index.php\/produit\/tisane-cbd-feuillages-dores\/#breadcrumb\"},\"inLanguage\":\"fr-FR\",\"potentialAction\":[{\"@type\":\"ReadAction\",\"target\":[\"https:\/\/atypique.brunotarhan.fr\/index.php\/produit\/tisane-cbd-feuillages-dores\/\"]}]},{\"@type\":\"BreadcrumbList\",\"@id\":\"https:\/\/atypique.brunotarhan.fr\/index.php\/produit\/tisane-cbd-feuillages-dores\/#breadcrumb\",\"itemListElement\":[{\"@type\":\"ListItem\",\"position\":1,\"name\":\"Accueil\",\"item\":\"https:\/\/atypique.brunotarhan.fr\/\"},{\"@type\":\"ListItem\",\"position\":2,\"name\":\"\"},{\"@type\":\"ListItem\",\"position\":3,\"name\":\"Tisane CBD \u2013 Feuillages Dor\u00e9s\"}]}]}<\/script>\n<!-- \/ Yoast SEO plugin. -->","yoast_head_json":{"title":"Tisane CBD \u2013 Feuillages Dor\u00e9s - Atypique Concept Store","robots":{"index":"index","follow":"follow","max-snippet":"max-snippet:-1","max-image-preview":"max-image-preview:large","max-video-preview":"max-video-preview:-1"},"canonical":"https:\/\/atypique.brunotarhan.fr\/index.php\/produit\/tisane-cbd-feuillages-dores\/","og_locale":"fr_FR","og_type":"article","og_title":"Tisane CBD \u2013 Feuillages Dor\u00e9s - Atypique Concept Store","og_description":"Une tisane au CBD d\u00e9tox et savoureuse pour vous accompagner au quotidien !","og_url":"https:\/\/atypique.brunotarhan.fr\/index.php\/produit\/tisane-cbd-feuillages-dores\/","og_site_name":"Atypique Concept Store","article_modified_time":"2022-04-18T15:14:39+00:00","twitter_card":"summary_large_image","twitter_misc":{"Dur\u00e9e de lecture estim\u00e9e":"3 minutes"},"schema":{"@context":"https:\/\/schema.org","@graph":[{"@type":"WebSite","@id":"https:\/\/atypique.brunotarhan.fr\/#website","url":"https:\/\/atypique.brunotarhan.fr\/","name":"Atypique Concept Store","description":"Just another WordPress site","potentialAction":[{"@type":"SearchAction","target":{"@type":"EntryPoint","urlTemplate":"https:\/\/atypique.brunotarhan.fr\/?s={search_term_string}"},"query-input":"required name=search_term_string"}],"inLanguage":"fr-FR"},{"@type":"ImageObject","@id":"https:\/\/atypique.brunotarhan.fr\/index.php\/produit\/tisane-cbd-feuillages-dores\/#primaryimage","inLanguage":"fr-FR","url":"https:\/\/atypique.brunotarhan.fr\/wp-content\/uploads\/2022\/04\/Tisane-CBD-Feuillages-Dores.jpeg","contentUrl":"https:\/\/atypique.brunotarhan.fr\/wp-content\/uploads\/2022\/04\/Tisane-CBD-Feuillages-Dores.jpeg","width":1400,"height":1400},{"@type":"WebPage","@id":"https:\/\/atypique.brunotarhan.fr\/index.php\/produit\/tisane-cbd-feuillages-dores\/#webpage","url":"https:\/\/atypique.brunotarhan.fr\/index.php\/produit\/tisane-cbd-feuillages-dores\/","name":"Tisane CBD \u2013 Feuillages Dor\u00e9s - Atypique Concept Store","isPartOf":{"@id":"https:\/\/atypique.brunotarhan.fr\/#website"},"primaryImageOfPage":{"@id":"https:\/\/atypique.brunotarhan.fr\/index.php\/produit\/tisane-cbd-feuillages-dores\/#primaryimage"},"datePublished":"2022-04-18T15:13:04+00:00","dateModified":"2022-04-18T15:14:39+00:00","breadcrumb":{"@id":"https:\/\/atypique.brunotarhan.fr\/index.php\/produit\/tisane-cbd-feuillages-dores\/#breadcrumb"},"inLanguage":"fr-FR","potentialAction":[{"@type":"ReadAction","target":["https:\/\/atypique.brunotarhan.fr\/index.php\/produit\/tisane-cbd-feuillages-dores\/"]}]},{"@type":"BreadcrumbList","@id":"https:\/\/atypique.brunotarhan.fr\/index.php\/produit\/tisane-cbd-feuillages-dores\/#breadcrumb","itemListElement":[{"@type":"ListItem","position":1,"name":"Accueil","item":"https:\/\/atypique.brunotarhan.fr\/"},{"@type":"ListItem","position":2,"name":""},{"@type":"ListItem","position":3,"name":"Tisane CBD \u2013 Feuillages Dor\u00e9s"}]}]}},"_links":{"self":[{"href":"https:\/\/atypique.brunotarhan.fr\/index.php\/wp-json\/wp\/v2\/product\/15669","targetHints":{"allow":["GET"]}}],"collection":[{"href":"https:\/\/atypique.brunotarhan.fr\/index.php\/wp-json\/wp\/v2\/product"}],"about":[{"href":"https:\/\/atypique.brunotarhan.fr\/index.php\/wp-json\/wp\/v2\/types\/product"}],"replies":[{"embeddable":true,"href":"https:\/\/atypique.brunotarhan.fr\/index.php\/wp-json\/wp\/v2\/comments?post=15669"}],"wp:featuredmedia":[{"embeddable":true,"href":"https:\/\/atypique.brunotarhan.fr\/index.php\/wp-json\/wp\/v2\/media\/14780"}],"wp:attachment":[{"href":"https:\/\/atypique.brunotarhan.fr\/index.php\/wp-json\/wp\/v2\/media?parent=15669"}],"wp:term":[{"taxonomy":"product_cat","embeddable":true,"href":"https:\/\/atypique.brunotarhan.fr\/index.php\/wp-json\/wp\/v2\/product_cat?post=15669"},{"taxonomy":"product_tag","embeddable":true,"href":"https:\/\/atypique.brunotarhan.fr\/index.php\/wp-json\/wp\/v2\/product_tag?post=15669"}],"curies":[{"name":"wp","href":"https:\/\/api.w.org\/{rel}","templated":true}]}}