{"id":15664,"date":"2022-04-18T15:12:49","date_gmt":"2022-04-18T15:12:49","guid":{"rendered":"https:\/\/atypique.brunotarhan.fr\/?post_type=product&#038;p=15664"},"modified":"2022-04-18T15:14:37","modified_gmt":"2022-04-18T15:14:37","slug":"pastilles-de-cbd-10mg-x-30","status":"publish","type":"product","link":"https:\/\/atypique.brunotarhan.fr\/index.php\/produit\/pastilles-de-cbd-10mg-x-30\/","title":{"rendered":"Pastilles de CBD 10mg X 30"},"content":{"rendered":"<p>Nos sachets de pastilles de bien-\u00eatre CBD 10mg cb\u2019d\u00e9 Menthe sont V\u00e9gan. <\/p>\n<p>Elles sont confectionn\u00e9es de fa\u00e7on artisanale selon un proc\u00e9d\u00e9 exclusif et brevet\u00e9 avec des produits naturels issus de l\u2019agriculture biologique (pas d\u2019ajout synth\u00e9tique). Elles sont fabriqu\u00e9es en France en respectant les lois en vigueur.<\/p>\n<p>La composition de nos pastilles est 100% naturelle, elles sont faites \u00e0 base de gomme d\u2019acacia biologique (sans sucre ni aspartame, sans pesticide, sans OGM, sans conservateur, sans colorant, sans lactose et sans gluten). Elles ne contiennent aucune trace de THC (aucun agent psychotrope). <\/p>\n<p>L\u2019absorption de ces pastilles de CBD procure une forte biodisponibilit\u00e9 en cannabidiol, pour un effet rapide dans l\u2019organisme (elles ne sont pas dig\u00e9r\u00e9es mais utilisent les canaux salivaires).<br \/>\nC\u2019est une alternative int\u00e9ressante \u00e0 l\u2019huile de CBD, car les pastilles cb\u2019d\u00e9 sont non grasses et la quantit\u00e9 de CBD (mg) est plus facilement g\u00e9rable. <\/p>\n<p>PARFUM : MENTHE<\/p>\n<p>La menthe poss\u00e8de diff\u00e9rentes vertus telle que la digestion, la lutte contre la mauvaise haleine\u2026 la menthe s\u2019associe tr\u00e8s bien au CBD, elle pr\u00e9sente une forte compl\u00e9mentarit\u00e9 par son apport riche en Fer et en vitamine C. Bien qu\u2019aujourd\u2019hui la menthe soit essentiellement utilis\u00e9e \u00e0 des fins culinaires, elle est une plante m\u00e9dicinale utilis\u00e9e depuis l\u2019Antiquit\u00e9. <\/p>\n<p>Teneur en CBD : 1 pastille = 10 mg de CBD (\u00e9quivalent \u00e0 2 gouttes d\u2019huile CBD 10% ou 1 goutte d\u2019huile CBD 20%)<\/p>\n<p>Dose journali\u00e8re max conseill\u00e9e : 5 pastilles<br \/>\nBon \u00e0 savoir : au-del\u00e0 votre organisme b\u00e9n\u00e9ficie que d\u2019un minimum de ses bienfaits car les r\u00e9cepteurs cannabinoidiens sont satur\u00e9s.<\/p>\n<p>Produit contr\u00f4l\u00e9s par un laboratoire ind\u00e9pendant pour garantir des produits 100% l\u00e9gaux.<br \/>\nNe convient pas aux femmes enceintes, vente interdite aux mineurs.<br \/>\nPosologie selon la corpulence de l\u2019individu, tout d\u00e9pend du ressenti et du besoin.<br \/>\nAttention ces pastilles ne sont pas un m\u00e9dicament, pour les cas particuliers merci d\u2019en parler avec votre m\u00e9decin.<\/p>\n","protected":false},"excerpt":{"rendered":"<p>D\u00e9couvrez nos pastilles cb\u2019d\u00e9, forte biodisponibilit\u00e9 en CBD, 100% naturelle, 100% V\u00e9gan. Proc\u00e9d\u00e9 exclusif et brevet\u00e9, fabriqu\u00e9 en France.<\/p>\n","protected":false},"featured_media":14844,"comment_status":"open","ping_status":"closed","template":"","meta":[],"product_cat":[59,169],"product_tag":[171,75,70,77,78,170,165,164,76],"class_list":["post-15664","product","type-product","status-publish","has-post-thumbnail","hentry","product_cat-cbd","product_cat-pastilles","product_tag-bonbon","product_tag-cannabidiol","product_tag-cbd","product_tag-chanvre","product_tag-huiles","product_tag-pastilles","product_tag-resine","product_tag-solide","product_tag-terpenes","berocket_brand-cbde"],"yoast_head":"<!-- This site is optimized with the Yoast SEO plugin v18.0 - https:\/\/yoast.com\/wordpress\/plugins\/seo\/ -->\n<title>Pastilles de CBD 10mg X 30 - Atypique Concept Store<\/title>\n<meta name=\"robots\" content=\"index, follow, max-snippet:-1, max-image-preview:large, max-video-preview:-1\" \/>\n<link rel=\"canonical\" href=\"https:\/\/atypique.brunotarhan.fr\/index.php\/produit\/pastilles-de-cbd-10mg-x-30\/\" \/>\n<meta property=\"og:locale\" content=\"fr_FR\" \/>\n<meta property=\"og:type\" content=\"article\" \/>\n<meta property=\"og:title\" content=\"Pastilles de CBD 10mg X 30 - Atypique Concept Store\" \/>\n<meta property=\"og:description\" content=\"D\u00e9couvrez nos pastilles cb\u2019d\u00e9, forte biodisponibilit\u00e9 en CBD, 100% naturelle, 100% V\u00e9gan. Proc\u00e9d\u00e9 exclusif et brevet\u00e9, fabriqu\u00e9 en France.\" \/>\n<meta property=\"og:url\" content=\"https:\/\/atypique.brunotarhan.fr\/index.php\/produit\/pastilles-de-cbd-10mg-x-30\/\" \/>\n<meta property=\"og:site_name\" content=\"Atypique Concept Store\" \/>\n<meta property=\"article:modified_time\" content=\"2022-04-18T15:14:37+00:00\" \/>\n<meta name=\"twitter:card\" content=\"summary_large_image\" \/>\n<meta name=\"twitter:label1\" content=\"Dur\u00e9e de lecture estim\u00e9e\" \/>\n\t<meta name=\"twitter:data1\" content=\"2 minutes\" \/>\n<script type=\"application\/ld+json\" class=\"yoast-schema-graph\">{\"@context\":\"https:\/\/schema.org\",\"@graph\":[{\"@type\":\"WebSite\",\"@id\":\"https:\/\/atypique.brunotarhan.fr\/#website\",\"url\":\"https:\/\/atypique.brunotarhan.fr\/\",\"name\":\"Atypique Concept Store\",\"description\":\"Just another WordPress site\",\"potentialAction\":[{\"@type\":\"SearchAction\",\"target\":{\"@type\":\"EntryPoint\",\"urlTemplate\":\"https:\/\/atypique.brunotarhan.fr\/?s={search_term_string}\"},\"query-input\":\"required name=search_term_string\"}],\"inLanguage\":\"fr-FR\"},{\"@type\":\"ImageObject\",\"@id\":\"https:\/\/atypique.brunotarhan.fr\/index.php\/produit\/pastilles-de-cbd-10mg-x-30\/#primaryimage\",\"inLanguage\":\"fr-FR\",\"url\":\"https:\/\/atypique.brunotarhan.fr\/wp-content\/uploads\/2022\/04\/New-Pastilles-menthe-10mg.png\",\"contentUrl\":\"https:\/\/atypique.brunotarhan.fr\/wp-content\/uploads\/2022\/04\/New-Pastilles-menthe-10mg.png\",\"width\":1200,\"height\":1200},{\"@type\":\"WebPage\",\"@id\":\"https:\/\/atypique.brunotarhan.fr\/index.php\/produit\/pastilles-de-cbd-10mg-x-30\/#webpage\",\"url\":\"https:\/\/atypique.brunotarhan.fr\/index.php\/produit\/pastilles-de-cbd-10mg-x-30\/\",\"name\":\"Pastilles de CBD 10mg X 30 - Atypique Concept Store\",\"isPartOf\":{\"@id\":\"https:\/\/atypique.brunotarhan.fr\/#website\"},\"primaryImageOfPage\":{\"@id\":\"https:\/\/atypique.brunotarhan.fr\/index.php\/produit\/pastilles-de-cbd-10mg-x-30\/#primaryimage\"},\"datePublished\":\"2022-04-18T15:12:49+00:00\",\"dateModified\":\"2022-04-18T15:14:37+00:00\",\"breadcrumb\":{\"@id\":\"https:\/\/atypique.brunotarhan.fr\/index.php\/produit\/pastilles-de-cbd-10mg-x-30\/#breadcrumb\"},\"inLanguage\":\"fr-FR\",\"potentialAction\":[{\"@type\":\"ReadAction\",\"target\":[\"https:\/\/atypique.brunotarhan.fr\/index.php\/produit\/pastilles-de-cbd-10mg-x-30\/\"]}]},{\"@type\":\"BreadcrumbList\",\"@id\":\"https:\/\/atypique.brunotarhan.fr\/index.php\/produit\/pastilles-de-cbd-10mg-x-30\/#breadcrumb\",\"itemListElement\":[{\"@type\":\"ListItem\",\"position\":1,\"name\":\"Accueil\",\"item\":\"https:\/\/atypique.brunotarhan.fr\/\"},{\"@type\":\"ListItem\",\"position\":2,\"name\":\"\"},{\"@type\":\"ListItem\",\"position\":3,\"name\":\"Pastilles de CBD 10mg X 30\"}]}]}<\/script>\n<!-- \/ Yoast SEO plugin. -->","yoast_head_json":{"title":"Pastilles de CBD 10mg X 30 - Atypique Concept Store","robots":{"index":"index","follow":"follow","max-snippet":"max-snippet:-1","max-image-preview":"max-image-preview:large","max-video-preview":"max-video-preview:-1"},"canonical":"https:\/\/atypique.brunotarhan.fr\/index.php\/produit\/pastilles-de-cbd-10mg-x-30\/","og_locale":"fr_FR","og_type":"article","og_title":"Pastilles de CBD 10mg X 30 - Atypique Concept Store","og_description":"D\u00e9couvrez nos pastilles cb\u2019d\u00e9, forte biodisponibilit\u00e9 en CBD, 100% naturelle, 100% V\u00e9gan. Proc\u00e9d\u00e9 exclusif et brevet\u00e9, fabriqu\u00e9 en France.","og_url":"https:\/\/atypique.brunotarhan.fr\/index.php\/produit\/pastilles-de-cbd-10mg-x-30\/","og_site_name":"Atypique Concept Store","article_modified_time":"2022-04-18T15:14:37+00:00","twitter_card":"summary_large_image","twitter_misc":{"Dur\u00e9e de lecture estim\u00e9e":"2 minutes"},"schema":{"@context":"https:\/\/schema.org","@graph":[{"@type":"WebSite","@id":"https:\/\/atypique.brunotarhan.fr\/#website","url":"https:\/\/atypique.brunotarhan.fr\/","name":"Atypique Concept Store","description":"Just another WordPress site","potentialAction":[{"@type":"SearchAction","target":{"@type":"EntryPoint","urlTemplate":"https:\/\/atypique.brunotarhan.fr\/?s={search_term_string}"},"query-input":"required name=search_term_string"}],"inLanguage":"fr-FR"},{"@type":"ImageObject","@id":"https:\/\/atypique.brunotarhan.fr\/index.php\/produit\/pastilles-de-cbd-10mg-x-30\/#primaryimage","inLanguage":"fr-FR","url":"https:\/\/atypique.brunotarhan.fr\/wp-content\/uploads\/2022\/04\/New-Pastilles-menthe-10mg.png","contentUrl":"https:\/\/atypique.brunotarhan.fr\/wp-content\/uploads\/2022\/04\/New-Pastilles-menthe-10mg.png","width":1200,"height":1200},{"@type":"WebPage","@id":"https:\/\/atypique.brunotarhan.fr\/index.php\/produit\/pastilles-de-cbd-10mg-x-30\/#webpage","url":"https:\/\/atypique.brunotarhan.fr\/index.php\/produit\/pastilles-de-cbd-10mg-x-30\/","name":"Pastilles de CBD 10mg X 30 - Atypique Concept Store","isPartOf":{"@id":"https:\/\/atypique.brunotarhan.fr\/#website"},"primaryImageOfPage":{"@id":"https:\/\/atypique.brunotarhan.fr\/index.php\/produit\/pastilles-de-cbd-10mg-x-30\/#primaryimage"},"datePublished":"2022-04-18T15:12:49+00:00","dateModified":"2022-04-18T15:14:37+00:00","breadcrumb":{"@id":"https:\/\/atypique.brunotarhan.fr\/index.php\/produit\/pastilles-de-cbd-10mg-x-30\/#breadcrumb"},"inLanguage":"fr-FR","potentialAction":[{"@type":"ReadAction","target":["https:\/\/atypique.brunotarhan.fr\/index.php\/produit\/pastilles-de-cbd-10mg-x-30\/"]}]},{"@type":"BreadcrumbList","@id":"https:\/\/atypique.brunotarhan.fr\/index.php\/produit\/pastilles-de-cbd-10mg-x-30\/#breadcrumb","itemListElement":[{"@type":"ListItem","position":1,"name":"Accueil","item":"https:\/\/atypique.brunotarhan.fr\/"},{"@type":"ListItem","position":2,"name":""},{"@type":"ListItem","position":3,"name":"Pastilles de CBD 10mg X 30"}]}]}},"_links":{"self":[{"href":"https:\/\/atypique.brunotarhan.fr\/index.php\/wp-json\/wp\/v2\/product\/15664","targetHints":{"allow":["GET"]}}],"collection":[{"href":"https:\/\/atypique.brunotarhan.fr\/index.php\/wp-json\/wp\/v2\/product"}],"about":[{"href":"https:\/\/atypique.brunotarhan.fr\/index.php\/wp-json\/wp\/v2\/types\/product"}],"replies":[{"embeddable":true,"href":"https:\/\/atypique.brunotarhan.fr\/index.php\/wp-json\/wp\/v2\/comments?post=15664"}],"wp:featuredmedia":[{"embeddable":true,"href":"https:\/\/atypique.brunotarhan.fr\/index.php\/wp-json\/wp\/v2\/media\/14844"}],"wp:attachment":[{"href":"https:\/\/atypique.brunotarhan.fr\/index.php\/wp-json\/wp\/v2\/media?parent=15664"}],"wp:term":[{"taxonomy":"product_cat","embeddable":true,"href":"https:\/\/atypique.brunotarhan.fr\/index.php\/wp-json\/wp\/v2\/product_cat?post=15664"},{"taxonomy":"product_tag","embeddable":true,"href":"https:\/\/atypique.brunotarhan.fr\/index.php\/wp-json\/wp\/v2\/product_tag?post=15664"}],"curies":[{"name":"wp","href":"https:\/\/api.w.org\/{rel}","templated":true}]}}