{"id":15662,"date":"2022-04-18T15:12:46","date_gmt":"2022-04-18T15:12:46","guid":{"rendered":"https:\/\/atypique.brunotarhan.fr\/?post_type=product&#038;p=15662"},"modified":"2022-04-18T15:14:19","modified_gmt":"2022-04-18T15:14:19","slug":"linstant-dune-fleur-jack-herer","status":"publish","type":"product","link":"https:\/\/atypique.brunotarhan.fr\/index.php\/produit\/linstant-dune-fleur-jack-herer\/","title":{"rendered":"L\u2019Instant d\u2019une fleur \u2013 Jack Herer"},"content":{"rendered":"<p>Le concept \u201cL\u2019instant d\u2019une fleur\u201d a vu le jour car nous avions envie de vous faire d\u00e9couvrir des vari\u00e9t\u00e9s exquises de mani\u00e8re \u201c\u00e9ph\u00e9m\u00e8re\u201d, vous faire profiter de ces belles saveurs le temps d\u2019un instant. Pour quelques temps, une vari\u00e9t\u00e9 est mise \u00e0 l\u2019honneur et vous avez le plaisir de la d\u00e9guster et savourer, jusqu\u2019\u00e0 ce qu\u2019elle laisse sa place \u00e0 la suivante.<\/p>\n<p>Certains trouveront \u00e7a frustrant, car ils \u00e9taient tomb\u00e9s amoureux de la pr\u00e9c\u00e9dente, mais la suivante leur permettra de se remettre de leurs \u00e9motions, puisqu\u2019avec ce concept, ce n\u2019est que des vari\u00e9t\u00e9s d\u2019exceptions qui vous sont propos\u00e9es.<br \/>\nNous avions eu le plaisir de vous proposer la Northern Light, nous laissons maintenant place \u00e0 la Jack Herer\u2026 bonne d\u00e9gustation !<\/p>\n<p>Tout d\u2019abord, un peu d\u2019histoire !<\/p>\n<p>Jack Herer \u00e9tait probablement le plus grand d\u00e9fenseur du chanvre et l\u2019activiste de la d\u00e9criminalisation du cannabis le plus prolifique de notre \u00e9poque.<br \/>\nJack croyait que le chanvre pouvait sauver le monde, et c\u2019\u00e9tait donc normal de cr\u00e9er une vari\u00e9t\u00e9 de cannabis en son nom pour s\u2019assurer que sa l\u00e9gende ne meure jamais.<br \/>\nNous aimions Jack tout autant que nous aimons cette vari\u00e9t\u00e9, un hommage appropri\u00e9 qui a gagn\u00e9 sa propre notori\u00e9t\u00e9 et qui est maintenant peut-\u00eatre tout aussi c\u00e9l\u00e8bre que l\u2019homme d\u2019o\u00f9 elle tire son nom.<\/p>\n<p>La Jack Herer est la r\u00e9f\u00e9rence en mati\u00e8re d\u2019exp\u00e9rience cannabique parfaite, son patrimoine g\u00e9n\u00e9tique est entour\u00e9 de myst\u00e8re, mais il est g\u00e9n\u00e9ralement accept\u00e9 que Jack Herer est un croisement \u00e0 50% de Haze et il se dit qu\u2019elle poss\u00e8de des g\u00e8nes de Northern Light et de Skunk.<\/p>\n<p>Sentez une de ses t\u00eates et une forte odeur \u00e9pic\u00e9e et sucr\u00e9e viendra enchanter vos narines. C\u2019est d\u00e9licieux et unique, avec des notes florales, rappelant le bois de santal ou encore une odeur de pin\u00e8de avec un arri\u00e8re fond de cannelle.<br \/>\nUne l\u00e9gende du cannabis qui n\u2019est pas pr\u00eate d\u2019\u00eatre d\u00e9tr\u00f4n\u00e9e.<\/p>\n<p>Fleurs fran\u00e7aises, non rabaiss\u00e9es atteignant naturellement -0,3% de THC. Cela lui permet de conserver son apparence et ses ar\u00f4mes gustatifs \u00e0 100% !<br \/>\nSouche de Chanvre KOMPOLTI figurant dans le catalogue Europ\u00e9en donc 100% l\u00e9gal, sa m\u00e9thode de culture et son terroir lui permettent d\u2019obtenir son go\u00fbt unique.<\/p>\n<p>Pour vos fleurs de CBD, cb\u2019d\u00e9 a choisi de s\u00e9lectionner des producteurs fran\u00e7ais. Afin d\u2019approfondir la qualit\u00e9 de notre gamme, nous avons d\u00e9nich\u00e9 des fleurs atteignant naturellement un taux inf\u00e9rieur \u00e0 0.2% de THC.<br \/>\nNous sommes sensibles aux techniques de culture et de production, nous sommes avant tout passionn\u00e9s, et pour nous assurer de travailler avec des fournisseurs respectant les bonnes m\u00e9thodes, nous les avons rencontr\u00e9s en personne pour s\u2019assurer qu\u2019aucun ajout de produit synth\u00e9tique ne soit fait pendant et apr\u00e8s la culture, pour vous faire profiter de fleurs de CBD 100% naturelles.<\/p>\n<p>Ce produit contient moins de 0,2% de THC, il est donc conforme aux normes europ\u00e9ennes. Nos fleurs de CBD ne d\u00e9passent pas les 10% de CBD pour sensibiliser les consommateurs sur l\u2019aspect naturel de nos produits (pas d\u2019ajout d\u2019isolat, ni de cristaux de CBD afin de gonfler nos taux de CBD).<\/p>\n<p>Nous poss\u00e9dons diff\u00e9rentes vari\u00e9t\u00e9s de fleurs de CBD, de cb\u2019d\u00e9 ont chacune leurs particularit\u00e9s gr\u00e2ce \u00e0 leur trichomes (composant v\u00e9g\u00e9tal contenant les terp\u00e8nes et les diff\u00e9rents cannabino\u00efdes de la plante), ce qui apporte une odeur puissante et un go\u00fbt relev\u00e9 \u00e0 nos fleurs de Cannabis Sativa L.<\/p>\n<p>Les fleurs CBD de la marque cb\u2019d\u00e9 ne doivent pas \u00eatre fum\u00e9es, inhal\u00e9es, ing\u00e9r\u00e9es. Ces produits sont des fleurs de Cannabis Sativa L. pour usage pot pourri. Par cons\u00e9quent toute utilisation telle que l\u2019encens ou la combustion\u2026 ne pourrait tenir pour responsable la marque cb\u2019d\u00e9 d\u2019une mauvaise utilisation de ses produits.<\/p>\n<p>\u00c0 conserver au frais, au sec et \u00e0 l\u2019abri de l\u2019obscurit\u00e9.<\/p>\n","protected":false},"excerpt":{"rendered":"<p>La Jack Herer est la r\u00e9f\u00e9rence en mati\u00e8re d\u2019exp\u00e9rience cannabique parfaite, son patrimoine g\u00e9n\u00e9tique est entour\u00e9 de myst\u00e8re, mais il est g\u00e9n\u00e9ralement accept\u00e9 que Jack Herer est un croisement \u00e0 50% de Haze et il se dit qu\u2019elle poss\u00e8de des g\u00e8nes de Northern Light et de Skunk.<\/p>\n<p>Sentez une de ses t\u00eates et une forte odeur \u00e9pic\u00e9e et sucr\u00e9e viendra enchanter vos narines. C\u2019est d\u00e9licieux et unique, avec des notes florales, rappelant le bois de santal ou encore une odeur de pin\u00e8de avec un arri\u00e8re fond de cannelle.<\/p>\n","protected":false},"featured_media":14824,"comment_status":"open","ping_status":"closed","template":"","meta":[],"product_cat":[59,60],"product_tag":[75,70,77,78,165,164,76],"class_list":["post-15662","product","type-product","status-publish","has-post-thumbnail","hentry","product_cat-cbd","product_cat-fleurs","product_tag-cannabidiol","product_tag-cbd","product_tag-chanvre","product_tag-huiles","product_tag-resine","product_tag-solide","product_tag-terpenes","berocket_brand-cbde"],"yoast_head":"<!-- This site is optimized with the Yoast SEO plugin v18.0 - https:\/\/yoast.com\/wordpress\/plugins\/seo\/ -->\n<title>L\u2019Instant d\u2019une fleur \u2013 Jack Herer - Atypique Concept Store<\/title>\n<meta name=\"robots\" content=\"index, follow, max-snippet:-1, max-image-preview:large, max-video-preview:-1\" \/>\n<link rel=\"canonical\" href=\"https:\/\/atypique.brunotarhan.fr\/index.php\/produit\/linstant-dune-fleur-jack-herer\/\" \/>\n<meta property=\"og:locale\" content=\"fr_FR\" \/>\n<meta property=\"og:type\" content=\"article\" \/>\n<meta property=\"og:title\" content=\"L\u2019Instant d\u2019une fleur \u2013 Jack Herer - Atypique Concept Store\" \/>\n<meta property=\"og:description\" content=\"La Jack Herer est la r\u00e9f\u00e9rence en mati\u00e8re d\u2019exp\u00e9rience cannabique parfaite, son patrimoine g\u00e9n\u00e9tique est entour\u00e9 de myst\u00e8re, mais il est g\u00e9n\u00e9ralement accept\u00e9 que Jack Herer est un croisement \u00e0 50% de Haze et il se dit qu\u2019elle poss\u00e8de des g\u00e8nes de Northern Light et de Skunk. Sentez une de ses t\u00eates et une forte odeur \u00e9pic\u00e9e et sucr\u00e9e viendra enchanter vos narines. C\u2019est d\u00e9licieux et unique, avec des notes florales, rappelant le bois de santal ou encore une odeur de pin\u00e8de avec un arri\u00e8re fond de cannelle.\" \/>\n<meta property=\"og:url\" content=\"https:\/\/atypique.brunotarhan.fr\/index.php\/produit\/linstant-dune-fleur-jack-herer\/\" \/>\n<meta property=\"og:site_name\" content=\"Atypique Concept Store\" \/>\n<meta property=\"article:modified_time\" content=\"2022-04-18T15:14:19+00:00\" \/>\n<meta name=\"twitter:card\" content=\"summary_large_image\" \/>\n<meta name=\"twitter:label1\" content=\"Dur\u00e9e de lecture estim\u00e9e\" \/>\n\t<meta name=\"twitter:data1\" content=\"4 minutes\" \/>\n<script type=\"application\/ld+json\" class=\"yoast-schema-graph\">{\"@context\":\"https:\/\/schema.org\",\"@graph\":[{\"@type\":\"WebSite\",\"@id\":\"https:\/\/atypique.brunotarhan.fr\/#website\",\"url\":\"https:\/\/atypique.brunotarhan.fr\/\",\"name\":\"Atypique Concept Store\",\"description\":\"Just another WordPress site\",\"potentialAction\":[{\"@type\":\"SearchAction\",\"target\":{\"@type\":\"EntryPoint\",\"urlTemplate\":\"https:\/\/atypique.brunotarhan.fr\/?s={search_term_string}\"},\"query-input\":\"required name=search_term_string\"}],\"inLanguage\":\"fr-FR\"},{\"@type\":\"ImageObject\",\"@id\":\"https:\/\/atypique.brunotarhan.fr\/index.php\/produit\/linstant-dune-fleur-jack-herer\/#primaryimage\",\"inLanguage\":\"fr-FR\",\"url\":\"https:\/\/atypique.brunotarhan.fr\/wp-content\/uploads\/2022\/04\/Jack-Herer-3-c.jpg\",\"contentUrl\":\"https:\/\/atypique.brunotarhan.fr\/wp-content\/uploads\/2022\/04\/Jack-Herer-3-c.jpg\",\"width\":1080,\"height\":1080},{\"@type\":\"WebPage\",\"@id\":\"https:\/\/atypique.brunotarhan.fr\/index.php\/produit\/linstant-dune-fleur-jack-herer\/#webpage\",\"url\":\"https:\/\/atypique.brunotarhan.fr\/index.php\/produit\/linstant-dune-fleur-jack-herer\/\",\"name\":\"L\u2019Instant d\u2019une fleur \u2013 Jack Herer - Atypique Concept Store\",\"isPartOf\":{\"@id\":\"https:\/\/atypique.brunotarhan.fr\/#website\"},\"primaryImageOfPage\":{\"@id\":\"https:\/\/atypique.brunotarhan.fr\/index.php\/produit\/linstant-dune-fleur-jack-herer\/#primaryimage\"},\"datePublished\":\"2022-04-18T15:12:46+00:00\",\"dateModified\":\"2022-04-18T15:14:19+00:00\",\"breadcrumb\":{\"@id\":\"https:\/\/atypique.brunotarhan.fr\/index.php\/produit\/linstant-dune-fleur-jack-herer\/#breadcrumb\"},\"inLanguage\":\"fr-FR\",\"potentialAction\":[{\"@type\":\"ReadAction\",\"target\":[\"https:\/\/atypique.brunotarhan.fr\/index.php\/produit\/linstant-dune-fleur-jack-herer\/\"]}]},{\"@type\":\"BreadcrumbList\",\"@id\":\"https:\/\/atypique.brunotarhan.fr\/index.php\/produit\/linstant-dune-fleur-jack-herer\/#breadcrumb\",\"itemListElement\":[{\"@type\":\"ListItem\",\"position\":1,\"name\":\"Accueil\",\"item\":\"https:\/\/atypique.brunotarhan.fr\/\"},{\"@type\":\"ListItem\",\"position\":2,\"name\":\"\"},{\"@type\":\"ListItem\",\"position\":3,\"name\":\"L\u2019Instant d\u2019une fleur \u2013 Jack Herer\"}]}]}<\/script>\n<!-- \/ Yoast SEO plugin. -->","yoast_head_json":{"title":"L\u2019Instant d\u2019une fleur \u2013 Jack Herer - Atypique Concept Store","robots":{"index":"index","follow":"follow","max-snippet":"max-snippet:-1","max-image-preview":"max-image-preview:large","max-video-preview":"max-video-preview:-1"},"canonical":"https:\/\/atypique.brunotarhan.fr\/index.php\/produit\/linstant-dune-fleur-jack-herer\/","og_locale":"fr_FR","og_type":"article","og_title":"L\u2019Instant d\u2019une fleur \u2013 Jack Herer - Atypique Concept Store","og_description":"La Jack Herer est la r\u00e9f\u00e9rence en mati\u00e8re d\u2019exp\u00e9rience cannabique parfaite, son patrimoine g\u00e9n\u00e9tique est entour\u00e9 de myst\u00e8re, mais il est g\u00e9n\u00e9ralement accept\u00e9 que Jack Herer est un croisement \u00e0 50% de Haze et il se dit qu\u2019elle poss\u00e8de des g\u00e8nes de Northern Light et de Skunk. Sentez une de ses t\u00eates et une forte odeur \u00e9pic\u00e9e et sucr\u00e9e viendra enchanter vos narines. C\u2019est d\u00e9licieux et unique, avec des notes florales, rappelant le bois de santal ou encore une odeur de pin\u00e8de avec un arri\u00e8re fond de cannelle.","og_url":"https:\/\/atypique.brunotarhan.fr\/index.php\/produit\/linstant-dune-fleur-jack-herer\/","og_site_name":"Atypique Concept Store","article_modified_time":"2022-04-18T15:14:19+00:00","twitter_card":"summary_large_image","twitter_misc":{"Dur\u00e9e de lecture estim\u00e9e":"4 minutes"},"schema":{"@context":"https:\/\/schema.org","@graph":[{"@type":"WebSite","@id":"https:\/\/atypique.brunotarhan.fr\/#website","url":"https:\/\/atypique.brunotarhan.fr\/","name":"Atypique Concept Store","description":"Just another WordPress site","potentialAction":[{"@type":"SearchAction","target":{"@type":"EntryPoint","urlTemplate":"https:\/\/atypique.brunotarhan.fr\/?s={search_term_string}"},"query-input":"required name=search_term_string"}],"inLanguage":"fr-FR"},{"@type":"ImageObject","@id":"https:\/\/atypique.brunotarhan.fr\/index.php\/produit\/linstant-dune-fleur-jack-herer\/#primaryimage","inLanguage":"fr-FR","url":"https:\/\/atypique.brunotarhan.fr\/wp-content\/uploads\/2022\/04\/Jack-Herer-3-c.jpg","contentUrl":"https:\/\/atypique.brunotarhan.fr\/wp-content\/uploads\/2022\/04\/Jack-Herer-3-c.jpg","width":1080,"height":1080},{"@type":"WebPage","@id":"https:\/\/atypique.brunotarhan.fr\/index.php\/produit\/linstant-dune-fleur-jack-herer\/#webpage","url":"https:\/\/atypique.brunotarhan.fr\/index.php\/produit\/linstant-dune-fleur-jack-herer\/","name":"L\u2019Instant d\u2019une fleur \u2013 Jack Herer - Atypique Concept Store","isPartOf":{"@id":"https:\/\/atypique.brunotarhan.fr\/#website"},"primaryImageOfPage":{"@id":"https:\/\/atypique.brunotarhan.fr\/index.php\/produit\/linstant-dune-fleur-jack-herer\/#primaryimage"},"datePublished":"2022-04-18T15:12:46+00:00","dateModified":"2022-04-18T15:14:19+00:00","breadcrumb":{"@id":"https:\/\/atypique.brunotarhan.fr\/index.php\/produit\/linstant-dune-fleur-jack-herer\/#breadcrumb"},"inLanguage":"fr-FR","potentialAction":[{"@type":"ReadAction","target":["https:\/\/atypique.brunotarhan.fr\/index.php\/produit\/linstant-dune-fleur-jack-herer\/"]}]},{"@type":"BreadcrumbList","@id":"https:\/\/atypique.brunotarhan.fr\/index.php\/produit\/linstant-dune-fleur-jack-herer\/#breadcrumb","itemListElement":[{"@type":"ListItem","position":1,"name":"Accueil","item":"https:\/\/atypique.brunotarhan.fr\/"},{"@type":"ListItem","position":2,"name":""},{"@type":"ListItem","position":3,"name":"L\u2019Instant d\u2019une fleur \u2013 Jack Herer"}]}]}},"_links":{"self":[{"href":"https:\/\/atypique.brunotarhan.fr\/index.php\/wp-json\/wp\/v2\/product\/15662","targetHints":{"allow":["GET"]}}],"collection":[{"href":"https:\/\/atypique.brunotarhan.fr\/index.php\/wp-json\/wp\/v2\/product"}],"about":[{"href":"https:\/\/atypique.brunotarhan.fr\/index.php\/wp-json\/wp\/v2\/types\/product"}],"replies":[{"embeddable":true,"href":"https:\/\/atypique.brunotarhan.fr\/index.php\/wp-json\/wp\/v2\/comments?post=15662"}],"wp:featuredmedia":[{"embeddable":true,"href":"https:\/\/atypique.brunotarhan.fr\/index.php\/wp-json\/wp\/v2\/media\/14824"}],"wp:attachment":[{"href":"https:\/\/atypique.brunotarhan.fr\/index.php\/wp-json\/wp\/v2\/media?parent=15662"}],"wp:term":[{"taxonomy":"product_cat","embeddable":true,"href":"https:\/\/atypique.brunotarhan.fr\/index.php\/wp-json\/wp\/v2\/product_cat?post=15662"},{"taxonomy":"product_tag","embeddable":true,"href":"https:\/\/atypique.brunotarhan.fr\/index.php\/wp-json\/wp\/v2\/product_tag?post=15662"}],"curies":[{"name":"wp","href":"https:\/\/api.w.org\/{rel}","templated":true}]}}