{"id":15661,"date":"2022-04-18T15:12:42","date_gmt":"2022-04-18T15:12:42","guid":{"rendered":"https:\/\/atypique.brunotarhan.fr\/?post_type=product&#038;p=15661"},"modified":"2022-04-18T15:14:15","modified_gmt":"2022-04-18T15:14:15","slug":"fleur-cbd-shiva","status":"publish","type":"product","link":"https:\/\/atypique.brunotarhan.fr\/index.php\/produit\/fleur-cbd-shiva\/","title":{"rendered":"Fleur CBD \u2013 Shiva"},"content":{"rendered":"<p>Qu\u2019est-ce que la fleur CBD Shiva ?<\/p>\n<p>La fleur de CBD Shiva est une fleur particuli\u00e8rement appr\u00e9ci\u00e9e pour la qualit\u00e9 de ses ar\u00f4mes. Celle-ci en pr\u00e9sente de tr\u00e8s nombreux ! Bois, charas, baies ou encore fruits rouges, les sensations suite \u00e0 la consommation, sont complexes. Un produit d\u2019une qualit\u00e9 rare, . Un produit naturel et parfaitement l\u00e9gal.<\/p>\n<p>Quels sont les bienfaits de la fleur CBD Shiva ?<\/p>\n<p>Comme toutes les fleurs de chanvre, la fleur CBD Shiva est une vari\u00e9t\u00e9 dont les effets suppos\u00e9s sont assez nombreux. Certaines \u00e9tudes tendent \u00e0 d\u00e9montrer que le cannabidiol pourrait \u00eatre utile dans la lutte contre les douleurs li\u00e9es aux inflammations.<br \/>\nCertaines recherches d\u00e9montrent \u00e9galement comment le CBD cible le cortisol et la s\u00e9rotonine, pour favoriser la d\u00e9tente et la relaxation. Moins stress\u00e9e, une personne dort mieux, se repose et a une humeur un peu plus joviale.<br \/>\nEnfin, plusieurs analyses ont permis de d\u00e9montrer un potentiel impact du CBD sur les addictions. La prise par vaporisation de fleur CBD Shiva pourrait aider \u00e0 mieux se sentir et \u00e0 consommer moins de tabac ou de THC.<\/p>\n<p>Comment consommer la fleur CBD Shiva<\/p>\n<p>La fleur CBD Shiva peut se prendre par combustion. Or, fumer une fleur de CBD, n\u2019est pas recommand\u00e9. En effet, cela a un impact direct sur les poumons.<br \/>\nLa fleur CBD Shiva peut \u00e9galement se prendre par infusion. le cannabidiol est lipophile. Cela sous-entend qu\u2019il faut ajouter un peu de mati\u00e8re grasse \u00e0 votre produit, pour que le CBD agisse.<br \/>\nVous pouvez \u00e9galement vaporiser. Il s\u2019agit de la m\u00e9thode la plus saine et la mieux adapt\u00e9e. Cela permet au CBD d\u2019agir de mani\u00e8re directe sans que les poumons ne soient impact\u00e9s.<\/p>\n<p>Quels sont les risques d\u2019effets ind\u00e9sirables li\u00e9s \u00e0 la prise de fleur CBD Shiva ?<\/p>\n<p>Le CBD, notamment sous forme de fleur Shiva ou autre, ne pr\u00e9sente pas vraiment de danger pour l\u2019organisme. Les effets ind\u00e9sirables constat\u00e9s sont assez l\u00e9gers. On parle de diarrh\u00e9es, de naus\u00e9es ou encore d\u2019\u00e9tourdissements. Afin de les \u00e9viter, invitez vos habitu\u00e9s \u00e0 opter pour une approche graduelle. Que vos clients d\u00e9butent avec de petits dosages avant de peu \u00e0 peu les augmenter.<\/p>\n<p>Dans tous les cas, notre produit cannabis est bel et bien l\u00e9gal. En effet, il pr\u00e9sente un taux THC inf\u00e9rieur \u00e0 0.2%, soit le seuil limite actuellement impos\u00e9 par la l\u00e9gislation fran\u00e7aise. Vous pouvez acheter, \u00e0 ce titre, la quantit\u00e9 que vous souhaitez, de 10 \u00e0 500 grammes, voire plus, conditionn\u00e9 dans des sachets de qualit\u00e9.<\/p>\n","protected":false},"excerpt":{"rendered":"<p>Pr\u00e9sentant moins de 0.2% de THC, la fleur CBD Shiva que nous vendons en gros est une vari\u00e9t\u00e9 iconique. Une fois la fleur CBD consomm\u00e9e, se m\u00e9langent de tr\u00e8s nombreux ar\u00f4mes : bois, charas, baies et fruits rouges\u2026 Il y en a pour absolument tous les go\u00fbts. Un produit travaill\u00e9 de mani\u00e8re naturelle, puisqu\u2019aucun pesticide n\u2019a \u00e9t\u00e9 utilis\u00e9 dans la confection de ce produit. La fleur CBD Shiva est complexe<\/p>\n","protected":false},"featured_media":0,"comment_status":"open","ping_status":"closed","template":"","meta":[],"product_cat":[59,60],"product_tag":[75,70,77,78,165,164,76],"class_list":["post-15661","product","type-product","status-publish","hentry","product_cat-cbd","product_cat-fleurs","product_tag-cannabidiol","product_tag-cbd","product_tag-chanvre","product_tag-huiles","product_tag-resine","product_tag-solide","product_tag-terpenes","berocket_brand-swiss-bud"],"yoast_head":"<!-- This site is optimized with the Yoast SEO plugin v18.0 - https:\/\/yoast.com\/wordpress\/plugins\/seo\/ -->\n<title>Fleur CBD \u2013 Shiva - Atypique Concept Store<\/title>\n<meta name=\"robots\" content=\"index, follow, max-snippet:-1, max-image-preview:large, max-video-preview:-1\" \/>\n<link rel=\"canonical\" href=\"https:\/\/atypique.brunotarhan.fr\/index.php\/produit\/fleur-cbd-shiva\/\" \/>\n<meta property=\"og:locale\" content=\"fr_FR\" \/>\n<meta property=\"og:type\" content=\"article\" \/>\n<meta property=\"og:title\" content=\"Fleur CBD \u2013 Shiva - Atypique Concept Store\" \/>\n<meta property=\"og:description\" content=\"Pr\u00e9sentant moins de 0.2% de THC, la fleur CBD Shiva que nous vendons en gros est une vari\u00e9t\u00e9 iconique. Une fois la fleur CBD consomm\u00e9e, se m\u00e9langent de tr\u00e8s nombreux ar\u00f4mes : bois, charas, baies et fruits rouges\u2026 Il y en a pour absolument tous les go\u00fbts. Un produit travaill\u00e9 de mani\u00e8re naturelle, puisqu\u2019aucun pesticide n\u2019a \u00e9t\u00e9 utilis\u00e9 dans la confection de ce produit. La fleur CBD Shiva est complexe\" \/>\n<meta property=\"og:url\" content=\"https:\/\/atypique.brunotarhan.fr\/index.php\/produit\/fleur-cbd-shiva\/\" \/>\n<meta property=\"og:site_name\" content=\"Atypique Concept Store\" \/>\n<meta property=\"article:modified_time\" content=\"2022-04-18T15:14:15+00:00\" \/>\n<meta name=\"twitter:card\" content=\"summary_large_image\" \/>\n<meta name=\"twitter:label1\" content=\"Dur\u00e9e de lecture estim\u00e9e\" \/>\n\t<meta name=\"twitter:data1\" content=\"2 minutes\" \/>\n<script type=\"application\/ld+json\" class=\"yoast-schema-graph\">{\"@context\":\"https:\/\/schema.org\",\"@graph\":[{\"@type\":\"WebSite\",\"@id\":\"https:\/\/atypique.brunotarhan.fr\/#website\",\"url\":\"https:\/\/atypique.brunotarhan.fr\/\",\"name\":\"Atypique Concept Store\",\"description\":\"Just another WordPress site\",\"potentialAction\":[{\"@type\":\"SearchAction\",\"target\":{\"@type\":\"EntryPoint\",\"urlTemplate\":\"https:\/\/atypique.brunotarhan.fr\/?s={search_term_string}\"},\"query-input\":\"required name=search_term_string\"}],\"inLanguage\":\"fr-FR\"},{\"@type\":\"WebPage\",\"@id\":\"https:\/\/atypique.brunotarhan.fr\/index.php\/produit\/fleur-cbd-shiva\/#webpage\",\"url\":\"https:\/\/atypique.brunotarhan.fr\/index.php\/produit\/fleur-cbd-shiva\/\",\"name\":\"Fleur CBD \u2013 Shiva - Atypique Concept Store\",\"isPartOf\":{\"@id\":\"https:\/\/atypique.brunotarhan.fr\/#website\"},\"datePublished\":\"2022-04-18T15:12:42+00:00\",\"dateModified\":\"2022-04-18T15:14:15+00:00\",\"breadcrumb\":{\"@id\":\"https:\/\/atypique.brunotarhan.fr\/index.php\/produit\/fleur-cbd-shiva\/#breadcrumb\"},\"inLanguage\":\"fr-FR\",\"potentialAction\":[{\"@type\":\"ReadAction\",\"target\":[\"https:\/\/atypique.brunotarhan.fr\/index.php\/produit\/fleur-cbd-shiva\/\"]}]},{\"@type\":\"BreadcrumbList\",\"@id\":\"https:\/\/atypique.brunotarhan.fr\/index.php\/produit\/fleur-cbd-shiva\/#breadcrumb\",\"itemListElement\":[{\"@type\":\"ListItem\",\"position\":1,\"name\":\"Accueil\",\"item\":\"https:\/\/atypique.brunotarhan.fr\/\"},{\"@type\":\"ListItem\",\"position\":2,\"name\":\"\"},{\"@type\":\"ListItem\",\"position\":3,\"name\":\"Fleur CBD \u2013 Shiva\"}]}]}<\/script>\n<!-- \/ Yoast SEO plugin. -->","yoast_head_json":{"title":"Fleur CBD \u2013 Shiva - Atypique Concept Store","robots":{"index":"index","follow":"follow","max-snippet":"max-snippet:-1","max-image-preview":"max-image-preview:large","max-video-preview":"max-video-preview:-1"},"canonical":"https:\/\/atypique.brunotarhan.fr\/index.php\/produit\/fleur-cbd-shiva\/","og_locale":"fr_FR","og_type":"article","og_title":"Fleur CBD \u2013 Shiva - Atypique Concept Store","og_description":"Pr\u00e9sentant moins de 0.2% de THC, la fleur CBD Shiva que nous vendons en gros est une vari\u00e9t\u00e9 iconique. Une fois la fleur CBD consomm\u00e9e, se m\u00e9langent de tr\u00e8s nombreux ar\u00f4mes : bois, charas, baies et fruits rouges\u2026 Il y en a pour absolument tous les go\u00fbts. Un produit travaill\u00e9 de mani\u00e8re naturelle, puisqu\u2019aucun pesticide n\u2019a \u00e9t\u00e9 utilis\u00e9 dans la confection de ce produit. La fleur CBD Shiva est complexe","og_url":"https:\/\/atypique.brunotarhan.fr\/index.php\/produit\/fleur-cbd-shiva\/","og_site_name":"Atypique Concept Store","article_modified_time":"2022-04-18T15:14:15+00:00","twitter_card":"summary_large_image","twitter_misc":{"Dur\u00e9e de lecture estim\u00e9e":"2 minutes"},"schema":{"@context":"https:\/\/schema.org","@graph":[{"@type":"WebSite","@id":"https:\/\/atypique.brunotarhan.fr\/#website","url":"https:\/\/atypique.brunotarhan.fr\/","name":"Atypique Concept Store","description":"Just another WordPress site","potentialAction":[{"@type":"SearchAction","target":{"@type":"EntryPoint","urlTemplate":"https:\/\/atypique.brunotarhan.fr\/?s={search_term_string}"},"query-input":"required name=search_term_string"}],"inLanguage":"fr-FR"},{"@type":"WebPage","@id":"https:\/\/atypique.brunotarhan.fr\/index.php\/produit\/fleur-cbd-shiva\/#webpage","url":"https:\/\/atypique.brunotarhan.fr\/index.php\/produit\/fleur-cbd-shiva\/","name":"Fleur CBD \u2013 Shiva - Atypique Concept Store","isPartOf":{"@id":"https:\/\/atypique.brunotarhan.fr\/#website"},"datePublished":"2022-04-18T15:12:42+00:00","dateModified":"2022-04-18T15:14:15+00:00","breadcrumb":{"@id":"https:\/\/atypique.brunotarhan.fr\/index.php\/produit\/fleur-cbd-shiva\/#breadcrumb"},"inLanguage":"fr-FR","potentialAction":[{"@type":"ReadAction","target":["https:\/\/atypique.brunotarhan.fr\/index.php\/produit\/fleur-cbd-shiva\/"]}]},{"@type":"BreadcrumbList","@id":"https:\/\/atypique.brunotarhan.fr\/index.php\/produit\/fleur-cbd-shiva\/#breadcrumb","itemListElement":[{"@type":"ListItem","position":1,"name":"Accueil","item":"https:\/\/atypique.brunotarhan.fr\/"},{"@type":"ListItem","position":2,"name":""},{"@type":"ListItem","position":3,"name":"Fleur CBD \u2013 Shiva"}]}]}},"_links":{"self":[{"href":"https:\/\/atypique.brunotarhan.fr\/index.php\/wp-json\/wp\/v2\/product\/15661","targetHints":{"allow":["GET"]}}],"collection":[{"href":"https:\/\/atypique.brunotarhan.fr\/index.php\/wp-json\/wp\/v2\/product"}],"about":[{"href":"https:\/\/atypique.brunotarhan.fr\/index.php\/wp-json\/wp\/v2\/types\/product"}],"replies":[{"embeddable":true,"href":"https:\/\/atypique.brunotarhan.fr\/index.php\/wp-json\/wp\/v2\/comments?post=15661"}],"wp:attachment":[{"href":"https:\/\/atypique.brunotarhan.fr\/index.php\/wp-json\/wp\/v2\/media?parent=15661"}],"wp:term":[{"taxonomy":"product_cat","embeddable":true,"href":"https:\/\/atypique.brunotarhan.fr\/index.php\/wp-json\/wp\/v2\/product_cat?post=15661"},{"taxonomy":"product_tag","embeddable":true,"href":"https:\/\/atypique.brunotarhan.fr\/index.php\/wp-json\/wp\/v2\/product_tag?post=15661"}],"curies":[{"name":"wp","href":"https:\/\/api.w.org\/{rel}","templated":true}]}}