{"id":15660,"date":"2022-04-18T15:12:40","date_gmt":"2022-04-18T15:12:40","guid":{"rendered":"https:\/\/atypique.brunotarhan.fr\/?post_type=product&#038;p=15660"},"modified":"2022-04-18T15:14:13","modified_gmt":"2022-04-18T15:14:13","slug":"fleur-cbd-northern-lights-x","status":"publish","type":"product","link":"https:\/\/atypique.brunotarhan.fr\/index.php\/produit\/fleur-cbd-northern-lights-x\/","title":{"rendered":"Fleur CBD \u2013 Northern Lights X"},"content":{"rendered":"<p>Qu\u2019est-ce que la fleur CBD Northern Lights X ?<\/p>\n<p>Fleur CBD hybride, la Northern Lights X est issue d\u2019un savant croisement entre la Northern Lights et l\u2019iconique White Widow. Il s\u2019agit d\u2019une fleur de chanvre reconnue pour sa qualit\u00e9 mais aussi pour son go\u00fbt. On appr\u00e9cie beaucoup ses ar\u00f4mes bois\u00e9s et sucr\u00e9s de berries. Un savant m\u00e9lange d\u2019odeurs et de terp\u00e8nes que les clients ne manqueront pas d\u2019appr\u00e9cier.<br \/>\nUn produit doux en bouche, de qualit\u00e9, qu\u2019on souhaitait absolument vous pr\u00e9senter. <\/p>\n<p>Quels sont les effets de la fleur CBD Northern Lights X ?<\/p>\n<p>Le CBD agirait sur le stress ainsi que sur l\u2019anxi\u00e9t\u00e9<br \/>\nLe CBD serait utile pour lutter contre les douleurs et les inflammations<br \/>\nOn estime que le CBD pourrait permettre de lutter contre les addictions<br \/>\nLe CBD am\u00e9liorerait l\u2019humeur ainsi que la qualit\u00e9 du sommeil<br \/>\nQuels sont les risques d\u2019effets ind\u00e9sirables ?<br \/>\nLes effets ind\u00e9sirables li\u00e9s \u00e0 la prise de CBD sont assez l\u00e9gers, contrairement \u00e0 ce qu\u2019il peut se produire avec le THC. Le CBD lui, lorsqu\u2019il est surconsomm\u00e9, suppose l\u2019apparition de diarrh\u00e9es, de naus\u00e9es et d\u2019\u00e9tourdissements. Pour \u00e9viter cela, on vous recommande vivement de consommer de mani\u00e8re raisonnable et d\u2019adapter vos dosages, en fonction de vos besoins.<\/p>\n<p>La Northern Lights X CBD est-elle l\u00e9gale ?<\/p>\n<p>Oui, la fleur CBD Northern Lights X est l\u00e9gale. Il s\u2019agit d\u2019une fleur de chanvre qui respecte les l\u00e9gislations impos\u00e9es par le gouvernement concernant la consommation de produits \u00e0 base de CBD. En effet, cette vari\u00e9t\u00e9 de fleur de chanvre, comme toutes les autres sur notre boutique pr\u00e9sente un taux inf\u00e9rieur \u00e0 0.2% de THC, soit le seuil limite impos\u00e9 par la l\u00e9gislation en vigueur.<\/p>\n","protected":false},"excerpt":{"rendered":"<p>Il s\u2019agit l\u00e0 d\u2019une vari\u00e9t\u00e9 exceptionnelle. Celle-ci est issue d\u2019un croisement entre la vari\u00e9t\u00e9 Northern Light et la White Widow. Un produit de qualit\u00e9, qui pr\u00e9sente de subtiles notes bois\u00e9es et sucr\u00e9es . On souligne \u00e9galement sa petite touche Haze, si caract\u00e9ristique. La fleur CBD Northern Lights X est issue d\u2019un chanvre cultiv\u00e9 de mani\u00e8re naturelle, biologique, pour le plus grand plaisir des amateurs !<\/p>\n","protected":false},"featured_media":0,"comment_status":"open","ping_status":"closed","template":"","meta":[],"product_cat":[59,60],"product_tag":[75,70,77,78,165,164,76],"class_list":["post-15660","product","type-product","status-publish","hentry","product_cat-cbd","product_cat-fleurs","product_tag-cannabidiol","product_tag-cbd","product_tag-chanvre","product_tag-huiles","product_tag-resine","product_tag-solide","product_tag-terpenes","berocket_brand-swiss-bud"],"yoast_head":"<!-- This site is optimized with the Yoast SEO plugin v18.0 - https:\/\/yoast.com\/wordpress\/plugins\/seo\/ -->\n<title>Fleur CBD \u2013 Northern Lights X - Atypique Concept Store<\/title>\n<meta name=\"robots\" content=\"index, follow, max-snippet:-1, max-image-preview:large, max-video-preview:-1\" \/>\n<link rel=\"canonical\" href=\"https:\/\/atypique.brunotarhan.fr\/index.php\/produit\/fleur-cbd-northern-lights-x\/\" \/>\n<meta property=\"og:locale\" content=\"fr_FR\" \/>\n<meta property=\"og:type\" content=\"article\" \/>\n<meta property=\"og:title\" content=\"Fleur CBD \u2013 Northern Lights X - Atypique Concept Store\" \/>\n<meta property=\"og:description\" content=\"Il s\u2019agit l\u00e0 d\u2019une vari\u00e9t\u00e9 exceptionnelle. Celle-ci est issue d\u2019un croisement entre la vari\u00e9t\u00e9 Northern Light et la White Widow. Un produit de qualit\u00e9, qui pr\u00e9sente de subtiles notes bois\u00e9es et sucr\u00e9es . On souligne \u00e9galement sa petite touche Haze, si caract\u00e9ristique. La fleur CBD Northern Lights X est issue d\u2019un chanvre cultiv\u00e9 de mani\u00e8re naturelle, biologique, pour le plus grand plaisir des amateurs !\" \/>\n<meta property=\"og:url\" content=\"https:\/\/atypique.brunotarhan.fr\/index.php\/produit\/fleur-cbd-northern-lights-x\/\" \/>\n<meta property=\"og:site_name\" content=\"Atypique Concept Store\" \/>\n<meta property=\"article:modified_time\" content=\"2022-04-18T15:14:13+00:00\" \/>\n<meta name=\"twitter:card\" content=\"summary_large_image\" \/>\n<meta name=\"twitter:label1\" content=\"Dur\u00e9e de lecture estim\u00e9e\" \/>\n\t<meta name=\"twitter:data1\" content=\"2 minutes\" \/>\n<script type=\"application\/ld+json\" class=\"yoast-schema-graph\">{\"@context\":\"https:\/\/schema.org\",\"@graph\":[{\"@type\":\"WebSite\",\"@id\":\"https:\/\/atypique.brunotarhan.fr\/#website\",\"url\":\"https:\/\/atypique.brunotarhan.fr\/\",\"name\":\"Atypique Concept Store\",\"description\":\"Just another WordPress site\",\"potentialAction\":[{\"@type\":\"SearchAction\",\"target\":{\"@type\":\"EntryPoint\",\"urlTemplate\":\"https:\/\/atypique.brunotarhan.fr\/?s={search_term_string}\"},\"query-input\":\"required name=search_term_string\"}],\"inLanguage\":\"fr-FR\"},{\"@type\":\"WebPage\",\"@id\":\"https:\/\/atypique.brunotarhan.fr\/index.php\/produit\/fleur-cbd-northern-lights-x\/#webpage\",\"url\":\"https:\/\/atypique.brunotarhan.fr\/index.php\/produit\/fleur-cbd-northern-lights-x\/\",\"name\":\"Fleur CBD \u2013 Northern Lights X - Atypique Concept Store\",\"isPartOf\":{\"@id\":\"https:\/\/atypique.brunotarhan.fr\/#website\"},\"datePublished\":\"2022-04-18T15:12:40+00:00\",\"dateModified\":\"2022-04-18T15:14:13+00:00\",\"breadcrumb\":{\"@id\":\"https:\/\/atypique.brunotarhan.fr\/index.php\/produit\/fleur-cbd-northern-lights-x\/#breadcrumb\"},\"inLanguage\":\"fr-FR\",\"potentialAction\":[{\"@type\":\"ReadAction\",\"target\":[\"https:\/\/atypique.brunotarhan.fr\/index.php\/produit\/fleur-cbd-northern-lights-x\/\"]}]},{\"@type\":\"BreadcrumbList\",\"@id\":\"https:\/\/atypique.brunotarhan.fr\/index.php\/produit\/fleur-cbd-northern-lights-x\/#breadcrumb\",\"itemListElement\":[{\"@type\":\"ListItem\",\"position\":1,\"name\":\"Accueil\",\"item\":\"https:\/\/atypique.brunotarhan.fr\/\"},{\"@type\":\"ListItem\",\"position\":2,\"name\":\"\"},{\"@type\":\"ListItem\",\"position\":3,\"name\":\"Fleur CBD \u2013 Northern Lights X\"}]}]}<\/script>\n<!-- \/ Yoast SEO plugin. -->","yoast_head_json":{"title":"Fleur CBD \u2013 Northern Lights X - Atypique Concept Store","robots":{"index":"index","follow":"follow","max-snippet":"max-snippet:-1","max-image-preview":"max-image-preview:large","max-video-preview":"max-video-preview:-1"},"canonical":"https:\/\/atypique.brunotarhan.fr\/index.php\/produit\/fleur-cbd-northern-lights-x\/","og_locale":"fr_FR","og_type":"article","og_title":"Fleur CBD \u2013 Northern Lights X - Atypique Concept Store","og_description":"Il s\u2019agit l\u00e0 d\u2019une vari\u00e9t\u00e9 exceptionnelle. Celle-ci est issue d\u2019un croisement entre la vari\u00e9t\u00e9 Northern Light et la White Widow. Un produit de qualit\u00e9, qui pr\u00e9sente de subtiles notes bois\u00e9es et sucr\u00e9es . On souligne \u00e9galement sa petite touche Haze, si caract\u00e9ristique. La fleur CBD Northern Lights X est issue d\u2019un chanvre cultiv\u00e9 de mani\u00e8re naturelle, biologique, pour le plus grand plaisir des amateurs !","og_url":"https:\/\/atypique.brunotarhan.fr\/index.php\/produit\/fleur-cbd-northern-lights-x\/","og_site_name":"Atypique Concept Store","article_modified_time":"2022-04-18T15:14:13+00:00","twitter_card":"summary_large_image","twitter_misc":{"Dur\u00e9e de lecture estim\u00e9e":"2 minutes"},"schema":{"@context":"https:\/\/schema.org","@graph":[{"@type":"WebSite","@id":"https:\/\/atypique.brunotarhan.fr\/#website","url":"https:\/\/atypique.brunotarhan.fr\/","name":"Atypique Concept Store","description":"Just another WordPress site","potentialAction":[{"@type":"SearchAction","target":{"@type":"EntryPoint","urlTemplate":"https:\/\/atypique.brunotarhan.fr\/?s={search_term_string}"},"query-input":"required name=search_term_string"}],"inLanguage":"fr-FR"},{"@type":"WebPage","@id":"https:\/\/atypique.brunotarhan.fr\/index.php\/produit\/fleur-cbd-northern-lights-x\/#webpage","url":"https:\/\/atypique.brunotarhan.fr\/index.php\/produit\/fleur-cbd-northern-lights-x\/","name":"Fleur CBD \u2013 Northern Lights X - Atypique Concept Store","isPartOf":{"@id":"https:\/\/atypique.brunotarhan.fr\/#website"},"datePublished":"2022-04-18T15:12:40+00:00","dateModified":"2022-04-18T15:14:13+00:00","breadcrumb":{"@id":"https:\/\/atypique.brunotarhan.fr\/index.php\/produit\/fleur-cbd-northern-lights-x\/#breadcrumb"},"inLanguage":"fr-FR","potentialAction":[{"@type":"ReadAction","target":["https:\/\/atypique.brunotarhan.fr\/index.php\/produit\/fleur-cbd-northern-lights-x\/"]}]},{"@type":"BreadcrumbList","@id":"https:\/\/atypique.brunotarhan.fr\/index.php\/produit\/fleur-cbd-northern-lights-x\/#breadcrumb","itemListElement":[{"@type":"ListItem","position":1,"name":"Accueil","item":"https:\/\/atypique.brunotarhan.fr\/"},{"@type":"ListItem","position":2,"name":""},{"@type":"ListItem","position":3,"name":"Fleur CBD \u2013 Northern Lights X"}]}]}},"_links":{"self":[{"href":"https:\/\/atypique.brunotarhan.fr\/index.php\/wp-json\/wp\/v2\/product\/15660","targetHints":{"allow":["GET"]}}],"collection":[{"href":"https:\/\/atypique.brunotarhan.fr\/index.php\/wp-json\/wp\/v2\/product"}],"about":[{"href":"https:\/\/atypique.brunotarhan.fr\/index.php\/wp-json\/wp\/v2\/types\/product"}],"replies":[{"embeddable":true,"href":"https:\/\/atypique.brunotarhan.fr\/index.php\/wp-json\/wp\/v2\/comments?post=15660"}],"wp:attachment":[{"href":"https:\/\/atypique.brunotarhan.fr\/index.php\/wp-json\/wp\/v2\/media?parent=15660"}],"wp:term":[{"taxonomy":"product_cat","embeddable":true,"href":"https:\/\/atypique.brunotarhan.fr\/index.php\/wp-json\/wp\/v2\/product_cat?post=15660"},{"taxonomy":"product_tag","embeddable":true,"href":"https:\/\/atypique.brunotarhan.fr\/index.php\/wp-json\/wp\/v2\/product_tag?post=15660"}],"curies":[{"name":"wp","href":"https:\/\/api.w.org\/{rel}","templated":true}]}}