{"id":15655,"date":"2022-04-18T15:12:17","date_gmt":"2022-04-18T15:12:17","guid":{"rendered":"https:\/\/atypique.brunotarhan.fr\/?post_type=product&#038;p=15655"},"modified":"2022-04-18T15:14:01","modified_gmt":"2022-04-18T15:14:01","slug":"fleurs-cbg-en-sachet","status":"publish","type":"product","link":"https:\/\/atypique.brunotarhan.fr\/index.php\/produit\/fleurs-cbg-en-sachet\/","title":{"rendered":"Fleurs CBG en sachet"},"content":{"rendered":"<p>Une ferme dynamique de chanvre, d\u2019olivier et de miel<br \/>\nMais aussi un potager, chevaux, alpagas, poules, cochons\u2026<br \/>\nAgriculture raisonn\u00e9e, biologique et familiale.<br \/>\nSur les collines de Florence, c\u2019est au milieu de pr\u00e9s sauvages et de for\u00eats autochtones que nous avons d\u00e9cid\u00e9 de donner vie \u00e0 notre projet. Nous sommes venus ici pour maintenir et d\u00e9velopper le patrimoine et la connaissance de la Toscane, en pr\u00e9servant les traditions et l\u2019authenticit\u00e9, pour poursuivre les cultures ancestrales comme l\u2019olivier et pour mettre en \u0153uvre la prometteuse culture du cannabis sur toutes nos terres. Nos terrains sont compos\u00e9s de plusieurs oliveraies, de jardins mara\u00eechers et de plantes officinales. situ\u00e9s dans une zone sp\u00e9cifique dans laquelle nous avons commenc\u00e9 \u00e0 associer le cannabis aux produits locaux, destin\u00e9 \u00e0 nos futures pr\u00e9parations \u00e0 base de chanvre CBD.<\/p>\n<p>Notre approche \u00e0 l\u2019agriculture est ouverte et exp\u00e9rimentale, c\u2019est un m\u00e9lange de tradition et d\u2019innovation, bas\u00e9 sur les principes de conception de la permaculture et de la biodynamie. Nous cultivons nos plantes sur un terrain riche sous le soleil puissant de la Toscane. Notre chanvre pousse aux c\u00f4t\u00e9s de nos oliviers et notre potager s\u2019\u00e9tend de plus en plus sur nos champs. Nous produisons \u00e0 la ferme la majeure partie de ce que nous mangeons et nous en vendons une partie aux familles et aux consommateurs locaux qui font attention et aiment la nourriture saine et biologique mais surtout locale. Nous sommes entour\u00e9s d\u2019alpagas, de poules, de canards, de cochons, de chevaux.. R\u00e9cemment, nous avons re\u00e7u dix ruches, chacune contenant environ 15 000 abeilles. Nous avons d\u00e9cid\u00e9 de nous lancer dans l\u2019apiculture non seulement pour l\u2019importance des abeilles en termes de pollinisation, mais aussi parce que nous voulons cr\u00e9er un miel infus\u00e9 au CBD qui associe les bienfaits des deux ingr\u00e9dients.<\/p>\n","protected":false},"excerpt":{"rendered":"<p>Les fleurs CBG sont de plus en plus demand\u00e9es. Une des meilleures fleurs CBG d\u2019Italie en sachet \u2013 Villa Toscanna \u2013 2gr. Ces fleurs cannabigerol contiennent 8% de CBG. Un produit riche, naturel mais surtout l\u00e9gal. En effet, ces fleurs de chanvre contiennent moins de 0.2% de THC.<br \/>\nEelles s\u2019adressent surtout aux consommateurs d\u00e9butants, soucieux de tester et d\u00e9couvrir ce que pourrait leur apporter le CBG. Aux puissantes notes d\u2019agrumes, d\u2019orange et de mandarine, celles-ci sont propos\u00e9es \u00e0 la vente en gros, au meilleur rapport qualit\u00e9 \u2013 prix.<\/p>\n","protected":false},"featured_media":14810,"comment_status":"open","ping_status":"closed","template":"","meta":[],"product_cat":[59,60],"product_tag":[75,70,77,78,165,164,76],"class_list":["post-15655","product","type-product","status-publish","has-post-thumbnail","hentry","product_cat-cbd","product_cat-fleurs","product_tag-cannabidiol","product_tag-cbd","product_tag-chanvre","product_tag-huiles","product_tag-resine","product_tag-solide","product_tag-terpenes","berocket_brand-villa-toscanna"],"yoast_head":"<!-- This site is optimized with the Yoast SEO plugin v18.0 - https:\/\/yoast.com\/wordpress\/plugins\/seo\/ -->\n<title>Fleurs CBG en sachet - Atypique Concept Store<\/title>\n<meta name=\"robots\" content=\"index, follow, max-snippet:-1, max-image-preview:large, max-video-preview:-1\" \/>\n<link rel=\"canonical\" href=\"https:\/\/atypique.brunotarhan.fr\/index.php\/produit\/fleurs-cbg-en-sachet\/\" \/>\n<meta property=\"og:locale\" content=\"fr_FR\" \/>\n<meta property=\"og:type\" content=\"article\" \/>\n<meta property=\"og:title\" content=\"Fleurs CBG en sachet - Atypique Concept Store\" \/>\n<meta property=\"og:description\" content=\"Les fleurs CBG sont de plus en plus demand\u00e9es. Une des meilleures fleurs CBG d\u2019Italie en sachet \u2013 Villa Toscanna \u2013 2gr. Ces fleurs cannabigerol contiennent 8% de CBG. Un produit riche, naturel mais surtout l\u00e9gal. En effet, ces fleurs de chanvre contiennent moins de 0.2% de THC. Eelles s\u2019adressent surtout aux consommateurs d\u00e9butants, soucieux de tester et d\u00e9couvrir ce que pourrait leur apporter le CBG. Aux puissantes notes d\u2019agrumes, d\u2019orange et de mandarine, celles-ci sont propos\u00e9es \u00e0 la vente en gros, au meilleur rapport qualit\u00e9 \u2013 prix.\" \/>\n<meta property=\"og:url\" content=\"https:\/\/atypique.brunotarhan.fr\/index.php\/produit\/fleurs-cbg-en-sachet\/\" \/>\n<meta property=\"og:site_name\" content=\"Atypique Concept Store\" \/>\n<meta property=\"article:modified_time\" content=\"2022-04-18T15:14:01+00:00\" \/>\n<meta name=\"twitter:card\" content=\"summary_large_image\" \/>\n<meta name=\"twitter:label1\" content=\"Dur\u00e9e de lecture estim\u00e9e\" \/>\n\t<meta name=\"twitter:data1\" content=\"2 minutes\" \/>\n<script type=\"application\/ld+json\" class=\"yoast-schema-graph\">{\"@context\":\"https:\/\/schema.org\",\"@graph\":[{\"@type\":\"WebSite\",\"@id\":\"https:\/\/atypique.brunotarhan.fr\/#website\",\"url\":\"https:\/\/atypique.brunotarhan.fr\/\",\"name\":\"Atypique Concept Store\",\"description\":\"Just another WordPress site\",\"potentialAction\":[{\"@type\":\"SearchAction\",\"target\":{\"@type\":\"EntryPoint\",\"urlTemplate\":\"https:\/\/atypique.brunotarhan.fr\/?s={search_term_string}\"},\"query-input\":\"required name=search_term_string\"}],\"inLanguage\":\"fr-FR\"},{\"@type\":\"ImageObject\",\"@id\":\"https:\/\/atypique.brunotarhan.fr\/index.php\/produit\/fleurs-cbg-en-sachet\/#primaryimage\",\"inLanguage\":\"fr-FR\",\"url\":\"https:\/\/atypique.brunotarhan.fr\/wp-content\/uploads\/2022\/04\/fleurs-cbg-pot.png\",\"contentUrl\":\"https:\/\/atypique.brunotarhan.fr\/wp-content\/uploads\/2022\/04\/fleurs-cbg-pot.png\",\"width\":600,\"height\":600},{\"@type\":\"WebPage\",\"@id\":\"https:\/\/atypique.brunotarhan.fr\/index.php\/produit\/fleurs-cbg-en-sachet\/#webpage\",\"url\":\"https:\/\/atypique.brunotarhan.fr\/index.php\/produit\/fleurs-cbg-en-sachet\/\",\"name\":\"Fleurs CBG en sachet - Atypique Concept Store\",\"isPartOf\":{\"@id\":\"https:\/\/atypique.brunotarhan.fr\/#website\"},\"primaryImageOfPage\":{\"@id\":\"https:\/\/atypique.brunotarhan.fr\/index.php\/produit\/fleurs-cbg-en-sachet\/#primaryimage\"},\"datePublished\":\"2022-04-18T15:12:17+00:00\",\"dateModified\":\"2022-04-18T15:14:01+00:00\",\"breadcrumb\":{\"@id\":\"https:\/\/atypique.brunotarhan.fr\/index.php\/produit\/fleurs-cbg-en-sachet\/#breadcrumb\"},\"inLanguage\":\"fr-FR\",\"potentialAction\":[{\"@type\":\"ReadAction\",\"target\":[\"https:\/\/atypique.brunotarhan.fr\/index.php\/produit\/fleurs-cbg-en-sachet\/\"]}]},{\"@type\":\"BreadcrumbList\",\"@id\":\"https:\/\/atypique.brunotarhan.fr\/index.php\/produit\/fleurs-cbg-en-sachet\/#breadcrumb\",\"itemListElement\":[{\"@type\":\"ListItem\",\"position\":1,\"name\":\"Accueil\",\"item\":\"https:\/\/atypique.brunotarhan.fr\/\"},{\"@type\":\"ListItem\",\"position\":2,\"name\":\"\"},{\"@type\":\"ListItem\",\"position\":3,\"name\":\"Fleurs CBG en sachet\"}]}]}<\/script>\n<!-- \/ Yoast SEO plugin. -->","yoast_head_json":{"title":"Fleurs CBG en sachet - Atypique Concept Store","robots":{"index":"index","follow":"follow","max-snippet":"max-snippet:-1","max-image-preview":"max-image-preview:large","max-video-preview":"max-video-preview:-1"},"canonical":"https:\/\/atypique.brunotarhan.fr\/index.php\/produit\/fleurs-cbg-en-sachet\/","og_locale":"fr_FR","og_type":"article","og_title":"Fleurs CBG en sachet - Atypique Concept Store","og_description":"Les fleurs CBG sont de plus en plus demand\u00e9es. Une des meilleures fleurs CBG d\u2019Italie en sachet \u2013 Villa Toscanna \u2013 2gr. Ces fleurs cannabigerol contiennent 8% de CBG. Un produit riche, naturel mais surtout l\u00e9gal. En effet, ces fleurs de chanvre contiennent moins de 0.2% de THC. Eelles s\u2019adressent surtout aux consommateurs d\u00e9butants, soucieux de tester et d\u00e9couvrir ce que pourrait leur apporter le CBG. Aux puissantes notes d\u2019agrumes, d\u2019orange et de mandarine, celles-ci sont propos\u00e9es \u00e0 la vente en gros, au meilleur rapport qualit\u00e9 \u2013 prix.","og_url":"https:\/\/atypique.brunotarhan.fr\/index.php\/produit\/fleurs-cbg-en-sachet\/","og_site_name":"Atypique Concept Store","article_modified_time":"2022-04-18T15:14:01+00:00","twitter_card":"summary_large_image","twitter_misc":{"Dur\u00e9e de lecture estim\u00e9e":"2 minutes"},"schema":{"@context":"https:\/\/schema.org","@graph":[{"@type":"WebSite","@id":"https:\/\/atypique.brunotarhan.fr\/#website","url":"https:\/\/atypique.brunotarhan.fr\/","name":"Atypique Concept Store","description":"Just another WordPress site","potentialAction":[{"@type":"SearchAction","target":{"@type":"EntryPoint","urlTemplate":"https:\/\/atypique.brunotarhan.fr\/?s={search_term_string}"},"query-input":"required name=search_term_string"}],"inLanguage":"fr-FR"},{"@type":"ImageObject","@id":"https:\/\/atypique.brunotarhan.fr\/index.php\/produit\/fleurs-cbg-en-sachet\/#primaryimage","inLanguage":"fr-FR","url":"https:\/\/atypique.brunotarhan.fr\/wp-content\/uploads\/2022\/04\/fleurs-cbg-pot.png","contentUrl":"https:\/\/atypique.brunotarhan.fr\/wp-content\/uploads\/2022\/04\/fleurs-cbg-pot.png","width":600,"height":600},{"@type":"WebPage","@id":"https:\/\/atypique.brunotarhan.fr\/index.php\/produit\/fleurs-cbg-en-sachet\/#webpage","url":"https:\/\/atypique.brunotarhan.fr\/index.php\/produit\/fleurs-cbg-en-sachet\/","name":"Fleurs CBG en sachet - Atypique Concept Store","isPartOf":{"@id":"https:\/\/atypique.brunotarhan.fr\/#website"},"primaryImageOfPage":{"@id":"https:\/\/atypique.brunotarhan.fr\/index.php\/produit\/fleurs-cbg-en-sachet\/#primaryimage"},"datePublished":"2022-04-18T15:12:17+00:00","dateModified":"2022-04-18T15:14:01+00:00","breadcrumb":{"@id":"https:\/\/atypique.brunotarhan.fr\/index.php\/produit\/fleurs-cbg-en-sachet\/#breadcrumb"},"inLanguage":"fr-FR","potentialAction":[{"@type":"ReadAction","target":["https:\/\/atypique.brunotarhan.fr\/index.php\/produit\/fleurs-cbg-en-sachet\/"]}]},{"@type":"BreadcrumbList","@id":"https:\/\/atypique.brunotarhan.fr\/index.php\/produit\/fleurs-cbg-en-sachet\/#breadcrumb","itemListElement":[{"@type":"ListItem","position":1,"name":"Accueil","item":"https:\/\/atypique.brunotarhan.fr\/"},{"@type":"ListItem","position":2,"name":""},{"@type":"ListItem","position":3,"name":"Fleurs CBG en sachet"}]}]}},"_links":{"self":[{"href":"https:\/\/atypique.brunotarhan.fr\/index.php\/wp-json\/wp\/v2\/product\/15655","targetHints":{"allow":["GET"]}}],"collection":[{"href":"https:\/\/atypique.brunotarhan.fr\/index.php\/wp-json\/wp\/v2\/product"}],"about":[{"href":"https:\/\/atypique.brunotarhan.fr\/index.php\/wp-json\/wp\/v2\/types\/product"}],"replies":[{"embeddable":true,"href":"https:\/\/atypique.brunotarhan.fr\/index.php\/wp-json\/wp\/v2\/comments?post=15655"}],"wp:featuredmedia":[{"embeddable":true,"href":"https:\/\/atypique.brunotarhan.fr\/index.php\/wp-json\/wp\/v2\/media\/14810"}],"wp:attachment":[{"href":"https:\/\/atypique.brunotarhan.fr\/index.php\/wp-json\/wp\/v2\/media?parent=15655"}],"wp:term":[{"taxonomy":"product_cat","embeddable":true,"href":"https:\/\/atypique.brunotarhan.fr\/index.php\/wp-json\/wp\/v2\/product_cat?post=15655"},{"taxonomy":"product_tag","embeddable":true,"href":"https:\/\/atypique.brunotarhan.fr\/index.php\/wp-json\/wp\/v2\/product_tag?post=15655"}],"curies":[{"name":"wp","href":"https:\/\/api.w.org\/{rel}","templated":true}]}}