{"id":15653,"date":"2022-04-18T15:12:03","date_gmt":"2022-04-18T15:12:03","guid":{"rendered":"https:\/\/atypique.brunotarhan.fr\/?post_type=product&#038;p=15653"},"modified":"2022-04-18T15:13:53","modified_gmt":"2022-04-18T15:13:53","slug":"huile-cbd-wellness-32","status":"publish","type":"product","link":"https:\/\/atypique.brunotarhan.fr\/index.php\/produit\/huile-cbd-wellness-32\/","title":{"rendered":"Huile CBD Wellness 32%"},"content":{"rendered":"<p>NATURALPES<br \/>\nNaturalpes, c\u2019est une histoire d\u2019amour. Une passion commune \u00e0 deux jeunes entrepreneurs suisses pour une plante mal aim\u00e9e. Mais, selon eux, \u00f4 combien int\u00e9ressante ! Il y a quelques ann\u00e9es, peu pariaient sur l\u2019essor de cette plante et sur le bien-\u00eatre qu\u2019elle procure \u00e0 ceux qui la consomment. Eux y croyaient, convaincus par les vertus th\u00e9rapeutiques du cannabis CBD. En v\u00e9ritables pionniers, ils d\u00e9cid\u00e8rent alors de lancer Naturalpes et d\u2019\u0153uvrer \u00e0 la d\u00e9fense et la d\u00e9mocratisation de cette plante merveilleuse. <\/p>\n<p>Au d\u00e9but de leur aventure entrepreneuriale, ils ont petit \u00e0 petit d\u00e9velopp\u00e9 un important r\u00e9seau dans le milieu agricole valaisan. Au fil des rencontres, des discussions et des \u00e9changes, ils se sont attach\u00e9s les services des meilleurs producteurs valaisans de cannabis CBD. De fa\u00e7on \u00e0 acc\u00e9der \u00e0 la cr\u00e8me du cannabis CBD, base de l\u2019ensemble des produits que Naturalpes propose. Ils ont su construire un rapport de confiance avec les producteurs, et leur fid\u00e9lit\u00e9 en est la preuve. La plupart de nos producteurs travaillent avec nous depuis la cr\u00e9ation de Naturalpes.<\/p>\n<p>Entreprise Naturalpes<br \/>\nEn 2017, Naturalpes ouvre son premier magasin, \u00e0 Martigny. En parall\u00e8le, la soci\u00e9t\u00e9 d\u00e9veloppe un service de vente en ligne performant. Le succ\u00e8s est rapidement au rendez-vous. A tel point qu\u2019il est d\u00e9cid\u00e9 de prendre possession de locaux spacieux dans une zone industrielle de Martigny. L\u00e0-bas, Naturalpes g\u00e8re son administration, la logistique, le stockage et l\u2019exp\u00e9dition.<\/p>\n<p>Port\u00e9 par l\u2019optimisme, Naturalpes ouvre en mai 2019 une deuxi\u00e8me boutique, \u00e0 Sion. Situ\u00e9e dans la vielle-ville de la capitale du canton du Valais, elle est grande et lumineuse. De quoi offrir les conditions optimales \u00e0 la client\u00e8le d\u00e9sireuse de d\u00e9couvrir les produits de Naturalpes.<\/p>\n<p>Un des deux fondateurs quitte le navire au d\u00e9but de l\u2019ann\u00e9e 2020, pr\u00e9f\u00e9rant se concentrer sur d\u2019autres projets. Johann Boschung reprend les r\u00eanes de l\u2019entreprise, qu\u2019il anime avec une \u00e9quipe talentueuse et passionn\u00e9e. <\/p>\n<p>Leur credo: am\u00e9liorer la vie de leurs clients gr\u00e2ce au CBD<\/p>\n<p>Huile CBD Wellness 32% \u2013 100% Suisse<\/p>\n<p>Produite dans une vall\u00e9e de nos belles montagnes valaisannes, notre huile CBD Wellness 32% se d\u00e9marque des autres par sa haute qualit\u00e9 ainsi que par sa production 100% Suisse et naturelle. Avec sa r\u00e9putation universelle, l\u2019huile de CBD \u2013 tout comme les autres produits d\u00e9riv\u00e9s du cannabis \u2013 profite d\u2019une popularit\u00e9 grandissante \u00e0 travers le monde entier. Notre utilisation exclusive de mati\u00e8res premi\u00e8res naturelles, une production suisse locale et respectueuse de l\u2019environnement et surtout l\u2019efficacit\u00e9 de nos huiles ont su conqu\u00e9rir le coeur de nombreux consommateurs de CBD et aficionados du bien-\u00eatre.<\/p>\n<p>Pourquoi consommer l\u2019huile CBD Wellness 32% ?<\/p>\n<p>Nos huiles Wellness sans THC n\u2019ont aucun effet psychotrope. Elles conviennent donc \u00e0 toutes les personnes cherchant \u00e0 am\u00e9liorer leur bien-\u00eatre avec du CBD. Le fait que tous les autres cannabino\u00efdes soient pr\u00e9sents dans nos huiles Wellness vous permet de b\u00e9n\u00e9ficier de l\u2019effet d\u2019entourage, profitant ainsi des vertus du CBD mais aussi de tous les autres phytocannabino\u00efdes naturellement pr\u00e9sents dans le chanvre. Polyvalente, l\u2019huile CBD Wellness 32% peut \u00eatre consomm\u00e9e au quotidien ou en cas de crise ou de mal-\u00eatre soudain.<\/p>\n<p>G\u00e9n\u00e9tique et culture de la fleur de cannabis<\/p>\n<p>Chez Naturalpes, nous sommes intransigeants sur la qualit\u00e9 de nos mati\u00e8res premi\u00e8res. Le processus de s\u00e9lection passe donc par diff\u00e9rentes \u00e9tapes. La premi\u00e8re correspond au choix de la g\u00e9n\u00e9tique. Il s\u2019agit de d\u00e9terminer les graines qui offriront le meilleur ratio CBD\/THC. Une faible teneur en t\u00e9trahydrocannabinol coupl\u00e9e \u00e0 un pourcentage \u00e9lev\u00e9 de cannabidiol sera toujours pr\u00e9f\u00e9r\u00e9e.<\/p>\n<p>Nous d\u00e9cidons ensuite la m\u00e9thode de culture appropri\u00e9e qui permettra aux plantes de se d\u00e9velopper au maximum afin d\u2019exprimer tout leur potentiel. Nous portons \u00e9galement un soin tout particulier \u00e0 la qualit\u00e9 de l\u2019air, aux propri\u00e9t\u00e9s de l\u2019eau utilis\u00e9e pour l\u2019arrosage et \u00e0 la quantit\u00e9 de soleil dont peuvent b\u00e9n\u00e9ficier les plantes.<\/p>\n<p>Une fois sa maturation atteinte, chaque plante est d\u00e9licatement r\u00e9colt\u00e9e. L\u2019\u00e9tape du s\u00e9chage et broyage peut alors d\u00e9buter. Une \u00e9tape essentielle \u00e0 la transformation de la plante en biomasse.<\/p>\n<p>L\u2019huile CBD Wellness 32% est extraite du chanvre Fedora issu de cultures biologiques. Sa concentration en cannabino\u00efdes est \u00e9tonnamment haute.<\/p>\n<p>M\u00e9thode de production de l\u2019huile CBD Wellness 32%<br \/>\nLa biomasse obtenue suite au s\u00e9chage et au broyage est ensuite utilis\u00e9e dans un processus d\u2019extraction au CO2 Supercritique. Ce processus garantit la pr\u00e9servation de tous les phythocannabino\u00efdes dans la p\u00e2te m\u00e8re r\u00e9cup\u00e9r\u00e9e suite \u00e0 cette extraction. Contrairement \u00e0 d\u2019autres types d\u2019extractions utilisant du butane ou de l\u2019\u00e9thanol par exemple, ici le solvent utilis\u00e9 est le CO2, un gaz naturellement pr\u00e9sent dans l\u2019air que nous respirons. Notre extraction se fait donc \u00e9galement de la mani\u00e8re la plus propre et naturelle possible.<\/p>\n<p>La Winterization permet ensuite de raffiner la p\u00e2te m\u00e8re en filtrant les graisses, les lipides et la chlorophylle afin de r\u00e9cup\u00e9rer une mati\u00e8re purifi\u00e9e. Cette mati\u00e8re filtr\u00e9e est ensuite chauff\u00e9e \u00e0 105 degr\u00e9s de mani\u00e8re \u00e0 transformer les mol\u00e9cules sous forme acide (CBDA \/ THCA) en mol\u00e9cules neutres (CBD \/ THC).<\/p>\n<p>La p\u00e2te m\u00e8re doit ensuite suivre un dernier processus, la \u00ab Flash Chromatographie \u00bb, afin de s\u00e9parer le THC du reste des cannabino\u00efdes. Cela nous permet d\u2019offrir un distillat de cannabidiol \u00ab Broad Spectrum \u00bb contenant tous les cannabino\u00efdes sauf le t\u00e9trahydrocannabinol \u2013 et donc, une huile sans traces de THC, dite \u00ab THC-Free \u00bb.<\/p>\n","protected":false},"excerpt":{"rendered":"<p>ype de produit: Huile de CBD, Cosm\u00e9tique<br \/>\n100% naturel, production Suisse <\/p>\n<p>Extraction: Spectre large<\/p>\n<p>2ml: 640mg CBD<br \/>\nCBD par goutte: 16mg<br \/>\nTaux de CBD: 32%<br \/>\nTaux de THC: 0% \u2013 THC FREE<\/p>\n","protected":false},"featured_media":14828,"comment_status":"open","ping_status":"closed","template":"","meta":[],"product_cat":[59,168],"product_tag":[75,70,77,78,165,164,76],"class_list":["post-15653","product","type-product","status-publish","has-post-thumbnail","hentry","product_cat-cbd","product_cat-huiles","product_tag-cannabidiol","product_tag-cbd","product_tag-chanvre","product_tag-huiles","product_tag-resine","product_tag-solide","product_tag-terpenes","berocket_brand-naturalpes"],"yoast_head":"<!-- This site is optimized with the Yoast SEO plugin v18.0 - https:\/\/yoast.com\/wordpress\/plugins\/seo\/ -->\n<title>Huile CBD Wellness 32% - Atypique Concept Store<\/title>\n<meta name=\"robots\" content=\"index, follow, max-snippet:-1, max-image-preview:large, max-video-preview:-1\" \/>\n<link rel=\"canonical\" href=\"https:\/\/atypique.brunotarhan.fr\/index.php\/produit\/huile-cbd-wellness-32\/\" \/>\n<meta property=\"og:locale\" content=\"fr_FR\" \/>\n<meta property=\"og:type\" content=\"article\" \/>\n<meta property=\"og:title\" content=\"Huile CBD Wellness 32% - Atypique Concept Store\" \/>\n<meta property=\"og:description\" content=\"ype de produit: Huile de CBD, Cosm\u00e9tique 100% naturel, production Suisse  Extraction: Spectre large 2ml: 640mg CBD CBD par goutte: 16mg Taux de CBD: 32% Taux de THC: 0% \u2013 THC FREE\" \/>\n<meta property=\"og:url\" content=\"https:\/\/atypique.brunotarhan.fr\/index.php\/produit\/huile-cbd-wellness-32\/\" \/>\n<meta property=\"og:site_name\" content=\"Atypique Concept Store\" \/>\n<meta property=\"article:modified_time\" content=\"2022-04-18T15:13:53+00:00\" \/>\n<meta name=\"twitter:card\" content=\"summary_large_image\" \/>\n<meta name=\"twitter:label1\" content=\"Dur\u00e9e de lecture estim\u00e9e\" \/>\n\t<meta name=\"twitter:data1\" content=\"5 minutes\" \/>\n<script type=\"application\/ld+json\" class=\"yoast-schema-graph\">{\"@context\":\"https:\/\/schema.org\",\"@graph\":[{\"@type\":\"WebSite\",\"@id\":\"https:\/\/atypique.brunotarhan.fr\/#website\",\"url\":\"https:\/\/atypique.brunotarhan.fr\/\",\"name\":\"Atypique Concept Store\",\"description\":\"Just another WordPress site\",\"potentialAction\":[{\"@type\":\"SearchAction\",\"target\":{\"@type\":\"EntryPoint\",\"urlTemplate\":\"https:\/\/atypique.brunotarhan.fr\/?s={search_term_string}\"},\"query-input\":\"required name=search_term_string\"}],\"inLanguage\":\"fr-FR\"},{\"@type\":\"ImageObject\",\"@id\":\"https:\/\/atypique.brunotarhan.fr\/index.php\/produit\/huile-cbd-wellness-32\/#primaryimage\",\"inLanguage\":\"fr-FR\",\"url\":\"https:\/\/atypique.brunotarhan.fr\/wp-content\/uploads\/2022\/04\/stylo-welness-32.jpg\",\"contentUrl\":\"https:\/\/atypique.brunotarhan.fr\/wp-content\/uploads\/2022\/04\/stylo-welness-32.jpg\",\"width\":1000,\"height\":667},{\"@type\":\"WebPage\",\"@id\":\"https:\/\/atypique.brunotarhan.fr\/index.php\/produit\/huile-cbd-wellness-32\/#webpage\",\"url\":\"https:\/\/atypique.brunotarhan.fr\/index.php\/produit\/huile-cbd-wellness-32\/\",\"name\":\"Huile CBD Wellness 32% - Atypique Concept Store\",\"isPartOf\":{\"@id\":\"https:\/\/atypique.brunotarhan.fr\/#website\"},\"primaryImageOfPage\":{\"@id\":\"https:\/\/atypique.brunotarhan.fr\/index.php\/produit\/huile-cbd-wellness-32\/#primaryimage\"},\"datePublished\":\"2022-04-18T15:12:03+00:00\",\"dateModified\":\"2022-04-18T15:13:53+00:00\",\"breadcrumb\":{\"@id\":\"https:\/\/atypique.brunotarhan.fr\/index.php\/produit\/huile-cbd-wellness-32\/#breadcrumb\"},\"inLanguage\":\"fr-FR\",\"potentialAction\":[{\"@type\":\"ReadAction\",\"target\":[\"https:\/\/atypique.brunotarhan.fr\/index.php\/produit\/huile-cbd-wellness-32\/\"]}]},{\"@type\":\"BreadcrumbList\",\"@id\":\"https:\/\/atypique.brunotarhan.fr\/index.php\/produit\/huile-cbd-wellness-32\/#breadcrumb\",\"itemListElement\":[{\"@type\":\"ListItem\",\"position\":1,\"name\":\"Accueil\",\"item\":\"https:\/\/atypique.brunotarhan.fr\/\"},{\"@type\":\"ListItem\",\"position\":2,\"name\":\"\"},{\"@type\":\"ListItem\",\"position\":3,\"name\":\"Huile CBD Wellness 32%\"}]}]}<\/script>\n<!-- \/ Yoast SEO plugin. -->","yoast_head_json":{"title":"Huile CBD Wellness 32% - Atypique Concept Store","robots":{"index":"index","follow":"follow","max-snippet":"max-snippet:-1","max-image-preview":"max-image-preview:large","max-video-preview":"max-video-preview:-1"},"canonical":"https:\/\/atypique.brunotarhan.fr\/index.php\/produit\/huile-cbd-wellness-32\/","og_locale":"fr_FR","og_type":"article","og_title":"Huile CBD Wellness 32% - Atypique Concept Store","og_description":"ype de produit: Huile de CBD, Cosm\u00e9tique 100% naturel, production Suisse  Extraction: Spectre large 2ml: 640mg CBD CBD par goutte: 16mg Taux de CBD: 32% Taux de THC: 0% \u2013 THC FREE","og_url":"https:\/\/atypique.brunotarhan.fr\/index.php\/produit\/huile-cbd-wellness-32\/","og_site_name":"Atypique Concept Store","article_modified_time":"2022-04-18T15:13:53+00:00","twitter_card":"summary_large_image","twitter_misc":{"Dur\u00e9e de lecture estim\u00e9e":"5 minutes"},"schema":{"@context":"https:\/\/schema.org","@graph":[{"@type":"WebSite","@id":"https:\/\/atypique.brunotarhan.fr\/#website","url":"https:\/\/atypique.brunotarhan.fr\/","name":"Atypique Concept Store","description":"Just another WordPress site","potentialAction":[{"@type":"SearchAction","target":{"@type":"EntryPoint","urlTemplate":"https:\/\/atypique.brunotarhan.fr\/?s={search_term_string}"},"query-input":"required name=search_term_string"}],"inLanguage":"fr-FR"},{"@type":"ImageObject","@id":"https:\/\/atypique.brunotarhan.fr\/index.php\/produit\/huile-cbd-wellness-32\/#primaryimage","inLanguage":"fr-FR","url":"https:\/\/atypique.brunotarhan.fr\/wp-content\/uploads\/2022\/04\/stylo-welness-32.jpg","contentUrl":"https:\/\/atypique.brunotarhan.fr\/wp-content\/uploads\/2022\/04\/stylo-welness-32.jpg","width":1000,"height":667},{"@type":"WebPage","@id":"https:\/\/atypique.brunotarhan.fr\/index.php\/produit\/huile-cbd-wellness-32\/#webpage","url":"https:\/\/atypique.brunotarhan.fr\/index.php\/produit\/huile-cbd-wellness-32\/","name":"Huile CBD Wellness 32% - Atypique Concept Store","isPartOf":{"@id":"https:\/\/atypique.brunotarhan.fr\/#website"},"primaryImageOfPage":{"@id":"https:\/\/atypique.brunotarhan.fr\/index.php\/produit\/huile-cbd-wellness-32\/#primaryimage"},"datePublished":"2022-04-18T15:12:03+00:00","dateModified":"2022-04-18T15:13:53+00:00","breadcrumb":{"@id":"https:\/\/atypique.brunotarhan.fr\/index.php\/produit\/huile-cbd-wellness-32\/#breadcrumb"},"inLanguage":"fr-FR","potentialAction":[{"@type":"ReadAction","target":["https:\/\/atypique.brunotarhan.fr\/index.php\/produit\/huile-cbd-wellness-32\/"]}]},{"@type":"BreadcrumbList","@id":"https:\/\/atypique.brunotarhan.fr\/index.php\/produit\/huile-cbd-wellness-32\/#breadcrumb","itemListElement":[{"@type":"ListItem","position":1,"name":"Accueil","item":"https:\/\/atypique.brunotarhan.fr\/"},{"@type":"ListItem","position":2,"name":""},{"@type":"ListItem","position":3,"name":"Huile CBD Wellness 32%"}]}]}},"_links":{"self":[{"href":"https:\/\/atypique.brunotarhan.fr\/index.php\/wp-json\/wp\/v2\/product\/15653","targetHints":{"allow":["GET"]}}],"collection":[{"href":"https:\/\/atypique.brunotarhan.fr\/index.php\/wp-json\/wp\/v2\/product"}],"about":[{"href":"https:\/\/atypique.brunotarhan.fr\/index.php\/wp-json\/wp\/v2\/types\/product"}],"replies":[{"embeddable":true,"href":"https:\/\/atypique.brunotarhan.fr\/index.php\/wp-json\/wp\/v2\/comments?post=15653"}],"wp:featuredmedia":[{"embeddable":true,"href":"https:\/\/atypique.brunotarhan.fr\/index.php\/wp-json\/wp\/v2\/media\/14828"}],"wp:attachment":[{"href":"https:\/\/atypique.brunotarhan.fr\/index.php\/wp-json\/wp\/v2\/media?parent=15653"}],"wp:term":[{"taxonomy":"product_cat","embeddable":true,"href":"https:\/\/atypique.brunotarhan.fr\/index.php\/wp-json\/wp\/v2\/product_cat?post=15653"},{"taxonomy":"product_tag","embeddable":true,"href":"https:\/\/atypique.brunotarhan.fr\/index.php\/wp-json\/wp\/v2\/product_tag?post=15653"}],"curies":[{"name":"wp","href":"https:\/\/api.w.org\/{rel}","templated":true}]}}