{"id":15652,"date":"2022-04-18T15:12:00","date_gmt":"2022-04-18T15:12:00","guid":{"rendered":"https:\/\/atypique.brunotarhan.fr\/?post_type=product&#038;p=15652"},"modified":"2022-04-18T15:13:44","modified_gmt":"2022-04-18T15:13:44","slug":"cartouches-cbd-50-amnesia-05ml-kanavape","status":"publish","type":"product","link":"https:\/\/atypique.brunotarhan.fr\/index.php\/produit\/cartouches-cbd-50-amnesia-05ml-kanavape\/","title":{"rendered":"Cartouches CBD 50% AMNESIA 0,5ml Kanavape"},"content":{"rendered":"<p>S\u00e9bastien Beguerie est le fondateur et le PDG de Kanavape. S\u00e9bastien est un expert reconnu dans le monde du CBD et le secteur du chanvre en g\u00e9n\u00e9ral. Il a obtenu une ma\u00eetrise en sciences v\u00e9g\u00e9tales \u00e0 l\u2019universit\u00e9 de Wageningen, aux Pays-Bas, et c\u2019est sa formation scientifique qui l\u2019a amen\u00e9 \u00e0 r\u00e9aliser des centaines de tests de laboratoire contr\u00f4l\u00e9s sur le cannabis et \u00e0 travailler avec les plus grandes entreprises et experts mondiaux du cannabis m\u00e9dical.<\/p>\n<p>En 2014, S\u00e9bastien a cr\u00e9\u00e9 la marque Kanavape, le 1er stylo \u00e0 vape au CBD en Europe, mais il \u00e9tait en avance sur son temps. D\u00e8s que le gouvernement fran\u00e7ais a eu vent de Kanavape, il a d\u00e9cid\u00e9 en 2015 de bloquer son d\u00e9veloppement. Le gouvernement fran\u00e7ais a affirm\u00e9 que le CBD \u00e9tait une drogue car il provient de la plante de Cannabis. Mais 7 ans plus tard, apr\u00e8s que S\u00e9bastien a port\u00e9 l\u2019affaire devant la Cour europ\u00e9enne de justice, celle-ci a d\u00e9clar\u00e9 que le CBD n\u2019\u00e9tait pas un stup\u00e9fiant et qu\u2019il \u00e9tait l\u00e9gal de le vendre en Europe. C\u2019est pourquoi apr\u00e8s un si long combat pour son droit, S\u00e9bastien est fier de relancer son l\u00e9gendaire Kanavape.<\/p>\n<p>S\u00e9bastien est un v\u00e9ritable expert scientifique et un activiste, proposant un distillat de CBD \u00e0 spectre complet de la plus haute qualit\u00e9, avec un profil terp\u00e9nique parfait, provenant de la meilleure souche de cannabis disponible sur la plan\u00e8te. Les produits Kanavape vous procureront une sensation inoubliable de d\u00e9tente et de calme. Des produits de cannabis de haute qualit\u00e9 associ\u00e9s \u00e0 une technologie de vapotage exclusive. Voil\u00e0 le secret de Kanavape.<\/p>\n<p>Ingr\u00e9dients :<\/p>\n<p>Distillat de chanvre contenant du CBD, CBG, CBC, CBN et d\u2019autres cannabino\u00efdes mineurs avec des terp\u00e8nes naturels.<br \/>\nCe produit ne contient pas de nicotine. Ce produit est uniquement destin\u00e9 \u00e0 \u00eatre utilis\u00e9 et achet\u00e9 par des personnes \u00e2g\u00e9es de plus de 18 ans. Veuillez consommer de mani\u00e8re responsable et avec mod\u00e9ration.<\/p>\n<p>Conseils de s\u00e9curit\u00e9<\/p>\n<p>Ce produit ne contient pas de nicotine. Ce produit est uniquement destin\u00e9 \u00e0 \u00eatre utilis\u00e9 et achet\u00e9 par des personnes \u00e2g\u00e9es de plus de 18 ans.<\/p>\n<p>Ne buvez pas ce produit. Il ne s\u2019agit pas d\u2019une huile de CBD traditionnelle provenant d\u2019une teinture \u2013 il est fait pour \u00eatre vaporis\u00e9. Si vous avez moins de 18 ans, si vous \u00eates enceinte, si vous allaitez, si vous souffrez d\u2019une maladie, si vous prenez des m\u00e9dicaments ou si vous avez des allergies connues, veuillez consulter votre m\u00e9decin avant de l\u2019utiliser. Tenir hors de port\u00e9e des enfants. Il ne s\u2019agit pas d\u2019un compl\u00e9ment alimentaire et il n\u2019est pas destin\u00e9 \u00e0 pr\u00e9venir ou \u00e0 gu\u00e9rir une quelconque maladie. Ne d\u00e9passez pas 70 mg de CBD par jour.<\/p>\n","protected":false},"excerpt":{"rendered":"<p>Nos cartouches d\u2019huile \u00e0 vapoter au CBD ne contiennent que du CBD, du CBG, d\u2019autres cannabino\u00efdes mineurs, des terp\u00e8nes et rien d\u2019autre !<\/p>\n<p>D\u00e9couvrez notre e-liquide unique Amnesia et laissez-vous s\u00e9duire par les saveurs fra\u00eeches et terreuses du citron et des agrumes. Augmentez votre concentration et gagnez des superpouvoirs avec Amnesia Haze !<\/p>\n<p>Saveur : Saveurs terreuses de citrons et d\u2019agrumes<\/p>\n<p>Effet : \u00c9nergique\/Focus<\/p>\n<p>Puissance : \u00c9lev\u00e9e (250-300mg CBD\/0.5ml)<\/p>\n<p>Caract\u00e9ristiques du produit:<\/p>\n<p>250 \u2013 300mg CBD + CBG + CBC +CBN (60%)<br \/>\nTHC < 0,2%\nSANS PG, PEG, VG, MCT\n0.5ml\nSANS nicotine\nSANS vitamine E\n<\/p>\n","protected":false},"featured_media":14784,"comment_status":"open","ping_status":"closed","template":"","meta":[],"product_cat":[62,59],"product_tag":[75,70,77,78,165,164,76],"class_list":["post-15652","product","type-product","status-publish","has-post-thumbnail","hentry","product_cat-cartridge","product_cat-cbd","product_tag-cannabidiol","product_tag-cbd","product_tag-chanvre","product_tag-huiles","product_tag-resine","product_tag-solide","product_tag-terpenes","berocket_brand-kanavap"],"yoast_head":"<!-- This site is optimized with the Yoast SEO plugin v18.0 - https:\/\/yoast.com\/wordpress\/plugins\/seo\/ -->\n<title>Cartouches CBD 50% AMNESIA 0,5ml Kanavape - Atypique Concept Store<\/title>\n<meta name=\"robots\" content=\"index, follow, max-snippet:-1, max-image-preview:large, max-video-preview:-1\" \/>\n<link rel=\"canonical\" href=\"https:\/\/atypique.brunotarhan.fr\/index.php\/produit\/cartouches-cbd-50-amnesia-05ml-kanavape\/\" \/>\n<meta property=\"og:locale\" content=\"fr_FR\" \/>\n<meta property=\"og:type\" content=\"article\" \/>\n<meta property=\"og:title\" content=\"Cartouches CBD 50% AMNESIA 0,5ml Kanavape - Atypique Concept Store\" \/>\n<meta property=\"og:description\" content=\"Nos cartouches d\u2019huile \u00e0 vapoter au CBD ne contiennent que du CBD, du CBG, d\u2019autres cannabino\u00efdes mineurs, des terp\u00e8nes et rien d\u2019autre ! D\u00e9couvrez notre e-liquide unique Amnesia et laissez-vous s\u00e9duire par les saveurs fra\u00eeches et terreuses du citron et des agrumes. Augmentez votre concentration et gagnez des superpouvoirs avec Amnesia Haze ! Saveur : Saveurs terreuses de citrons et d\u2019agrumes Effet : \u00c9nergique\/Focus Puissance : \u00c9lev\u00e9e (250-300mg CBD\/0.5ml) Caract\u00e9ristiques du produit: 250 \u2013 300mg CBD + CBG + CBC +CBN (60%) THC &lt; 0,2% SANS PG, PEG, VG, MCT 0.5ml SANS nicotine SANS vitamine E\" \/>\n<meta property=\"og:url\" content=\"https:\/\/atypique.brunotarhan.fr\/index.php\/produit\/cartouches-cbd-50-amnesia-05ml-kanavape\/\" \/>\n<meta property=\"og:site_name\" content=\"Atypique Concept Store\" \/>\n<meta property=\"article:modified_time\" content=\"2022-04-18T15:13:44+00:00\" \/>\n<meta name=\"twitter:card\" content=\"summary_large_image\" \/>\n<meta name=\"twitter:label1\" content=\"Dur\u00e9e de lecture estim\u00e9e\" \/>\n\t<meta name=\"twitter:data1\" content=\"2 minutes\" \/>\n<script type=\"application\/ld+json\" class=\"yoast-schema-graph\">{\"@context\":\"https:\/\/schema.org\",\"@graph\":[{\"@type\":\"WebSite\",\"@id\":\"https:\/\/atypique.brunotarhan.fr\/#website\",\"url\":\"https:\/\/atypique.brunotarhan.fr\/\",\"name\":\"Atypique Concept Store\",\"description\":\"Just another WordPress site\",\"potentialAction\":[{\"@type\":\"SearchAction\",\"target\":{\"@type\":\"EntryPoint\",\"urlTemplate\":\"https:\/\/atypique.brunotarhan.fr\/?s={search_term_string}\"},\"query-input\":\"required name=search_term_string\"}],\"inLanguage\":\"fr-FR\"},{\"@type\":\"ImageObject\",\"@id\":\"https:\/\/atypique.brunotarhan.fr\/index.php\/produit\/cartouches-cbd-50-amnesia-05ml-kanavape\/#primaryimage\",\"inLanguage\":\"fr-FR\",\"url\":\"https:\/\/atypique.brunotarhan.fr\/wp-content\/uploads\/2022\/04\/vape-cartridge-cannabinoids-plus-cbd-amnesia-box-1.png\",\"contentUrl\":\"https:\/\/atypique.brunotarhan.fr\/wp-content\/uploads\/2022\/04\/vape-cartridge-cannabinoids-plus-cbd-amnesia-box-1.png\",\"width\":1000,\"height\":1000},{\"@type\":\"WebPage\",\"@id\":\"https:\/\/atypique.brunotarhan.fr\/index.php\/produit\/cartouches-cbd-50-amnesia-05ml-kanavape\/#webpage\",\"url\":\"https:\/\/atypique.brunotarhan.fr\/index.php\/produit\/cartouches-cbd-50-amnesia-05ml-kanavape\/\",\"name\":\"Cartouches CBD 50% AMNESIA 0,5ml Kanavape - Atypique Concept Store\",\"isPartOf\":{\"@id\":\"https:\/\/atypique.brunotarhan.fr\/#website\"},\"primaryImageOfPage\":{\"@id\":\"https:\/\/atypique.brunotarhan.fr\/index.php\/produit\/cartouches-cbd-50-amnesia-05ml-kanavape\/#primaryimage\"},\"datePublished\":\"2022-04-18T15:12:00+00:00\",\"dateModified\":\"2022-04-18T15:13:44+00:00\",\"breadcrumb\":{\"@id\":\"https:\/\/atypique.brunotarhan.fr\/index.php\/produit\/cartouches-cbd-50-amnesia-05ml-kanavape\/#breadcrumb\"},\"inLanguage\":\"fr-FR\",\"potentialAction\":[{\"@type\":\"ReadAction\",\"target\":[\"https:\/\/atypique.brunotarhan.fr\/index.php\/produit\/cartouches-cbd-50-amnesia-05ml-kanavape\/\"]}]},{\"@type\":\"BreadcrumbList\",\"@id\":\"https:\/\/atypique.brunotarhan.fr\/index.php\/produit\/cartouches-cbd-50-amnesia-05ml-kanavape\/#breadcrumb\",\"itemListElement\":[{\"@type\":\"ListItem\",\"position\":1,\"name\":\"Accueil\",\"item\":\"https:\/\/atypique.brunotarhan.fr\/\"},{\"@type\":\"ListItem\",\"position\":2,\"name\":\"\"},{\"@type\":\"ListItem\",\"position\":3,\"name\":\"Cartouches CBD 50% AMNESIA 0,5ml Kanavape\"}]}]}<\/script>\n<!-- \/ Yoast SEO plugin. -->","yoast_head_json":{"title":"Cartouches CBD 50% AMNESIA 0,5ml Kanavape - Atypique Concept Store","robots":{"index":"index","follow":"follow","max-snippet":"max-snippet:-1","max-image-preview":"max-image-preview:large","max-video-preview":"max-video-preview:-1"},"canonical":"https:\/\/atypique.brunotarhan.fr\/index.php\/produit\/cartouches-cbd-50-amnesia-05ml-kanavape\/","og_locale":"fr_FR","og_type":"article","og_title":"Cartouches CBD 50% AMNESIA 0,5ml Kanavape - Atypique Concept Store","og_description":"Nos cartouches d\u2019huile \u00e0 vapoter au CBD ne contiennent que du CBD, du CBG, d\u2019autres cannabino\u00efdes mineurs, des terp\u00e8nes et rien d\u2019autre ! D\u00e9couvrez notre e-liquide unique Amnesia et laissez-vous s\u00e9duire par les saveurs fra\u00eeches et terreuses du citron et des agrumes. Augmentez votre concentration et gagnez des superpouvoirs avec Amnesia Haze ! Saveur : Saveurs terreuses de citrons et d\u2019agrumes Effet : \u00c9nergique\/Focus Puissance : \u00c9lev\u00e9e (250-300mg CBD\/0.5ml) Caract\u00e9ristiques du produit: 250 \u2013 300mg CBD + CBG + CBC +CBN (60%) THC < 0,2% SANS PG, PEG, VG, MCT 0.5ml SANS nicotine SANS vitamine E","og_url":"https:\/\/atypique.brunotarhan.fr\/index.php\/produit\/cartouches-cbd-50-amnesia-05ml-kanavape\/","og_site_name":"Atypique Concept Store","article_modified_time":"2022-04-18T15:13:44+00:00","twitter_card":"summary_large_image","twitter_misc":{"Dur\u00e9e de lecture estim\u00e9e":"2 minutes"},"schema":{"@context":"https:\/\/schema.org","@graph":[{"@type":"WebSite","@id":"https:\/\/atypique.brunotarhan.fr\/#website","url":"https:\/\/atypique.brunotarhan.fr\/","name":"Atypique Concept Store","description":"Just another WordPress site","potentialAction":[{"@type":"SearchAction","target":{"@type":"EntryPoint","urlTemplate":"https:\/\/atypique.brunotarhan.fr\/?s={search_term_string}"},"query-input":"required name=search_term_string"}],"inLanguage":"fr-FR"},{"@type":"ImageObject","@id":"https:\/\/atypique.brunotarhan.fr\/index.php\/produit\/cartouches-cbd-50-amnesia-05ml-kanavape\/#primaryimage","inLanguage":"fr-FR","url":"https:\/\/atypique.brunotarhan.fr\/wp-content\/uploads\/2022\/04\/vape-cartridge-cannabinoids-plus-cbd-amnesia-box-1.png","contentUrl":"https:\/\/atypique.brunotarhan.fr\/wp-content\/uploads\/2022\/04\/vape-cartridge-cannabinoids-plus-cbd-amnesia-box-1.png","width":1000,"height":1000},{"@type":"WebPage","@id":"https:\/\/atypique.brunotarhan.fr\/index.php\/produit\/cartouches-cbd-50-amnesia-05ml-kanavape\/#webpage","url":"https:\/\/atypique.brunotarhan.fr\/index.php\/produit\/cartouches-cbd-50-amnesia-05ml-kanavape\/","name":"Cartouches CBD 50% AMNESIA 0,5ml Kanavape - Atypique Concept Store","isPartOf":{"@id":"https:\/\/atypique.brunotarhan.fr\/#website"},"primaryImageOfPage":{"@id":"https:\/\/atypique.brunotarhan.fr\/index.php\/produit\/cartouches-cbd-50-amnesia-05ml-kanavape\/#primaryimage"},"datePublished":"2022-04-18T15:12:00+00:00","dateModified":"2022-04-18T15:13:44+00:00","breadcrumb":{"@id":"https:\/\/atypique.brunotarhan.fr\/index.php\/produit\/cartouches-cbd-50-amnesia-05ml-kanavape\/#breadcrumb"},"inLanguage":"fr-FR","potentialAction":[{"@type":"ReadAction","target":["https:\/\/atypique.brunotarhan.fr\/index.php\/produit\/cartouches-cbd-50-amnesia-05ml-kanavape\/"]}]},{"@type":"BreadcrumbList","@id":"https:\/\/atypique.brunotarhan.fr\/index.php\/produit\/cartouches-cbd-50-amnesia-05ml-kanavape\/#breadcrumb","itemListElement":[{"@type":"ListItem","position":1,"name":"Accueil","item":"https:\/\/atypique.brunotarhan.fr\/"},{"@type":"ListItem","position":2,"name":""},{"@type":"ListItem","position":3,"name":"Cartouches CBD 50% AMNESIA 0,5ml Kanavape"}]}]}},"_links":{"self":[{"href":"https:\/\/atypique.brunotarhan.fr\/index.php\/wp-json\/wp\/v2\/product\/15652","targetHints":{"allow":["GET"]}}],"collection":[{"href":"https:\/\/atypique.brunotarhan.fr\/index.php\/wp-json\/wp\/v2\/product"}],"about":[{"href":"https:\/\/atypique.brunotarhan.fr\/index.php\/wp-json\/wp\/v2\/types\/product"}],"replies":[{"embeddable":true,"href":"https:\/\/atypique.brunotarhan.fr\/index.php\/wp-json\/wp\/v2\/comments?post=15652"}],"wp:featuredmedia":[{"embeddable":true,"href":"https:\/\/atypique.brunotarhan.fr\/index.php\/wp-json\/wp\/v2\/media\/14784"}],"wp:attachment":[{"href":"https:\/\/atypique.brunotarhan.fr\/index.php\/wp-json\/wp\/v2\/media?parent=15652"}],"wp:term":[{"taxonomy":"product_cat","embeddable":true,"href":"https:\/\/atypique.brunotarhan.fr\/index.php\/wp-json\/wp\/v2\/product_cat?post=15652"},{"taxonomy":"product_tag","embeddable":true,"href":"https:\/\/atypique.brunotarhan.fr\/index.php\/wp-json\/wp\/v2\/product_tag?post=15652"}],"curies":[{"name":"wp","href":"https:\/\/api.w.org\/{rel}","templated":true}]}}