{"id":15651,"date":"2022-04-18T15:11:53","date_gmt":"2022-04-18T15:11:53","guid":{"rendered":"https:\/\/atypique.brunotarhan.fr\/?post_type=product&#038;p=15651"},"modified":"2022-04-18T15:13:42","modified_gmt":"2022-04-18T15:13:42","slug":"vape-pen-doobeez","status":"publish","type":"product","link":"https:\/\/atypique.brunotarhan.fr\/index.php\/produit\/vape-pen-doobeez\/","title":{"rendered":"Vape pen doobeez"},"content":{"rendered":"<p>Je m\u2019appelle Cyril, je suis le fondateur de Doobeez CBD en France<\/p>\n<p>Lors d\u2019un voyage au \u00e9tats unis en 2016 j\u2019ai \u00e9t\u00e9 subjugu\u00e9 par le go\u00fbt et l\u2019efficacit\u00e9 des vape pen en vente libre dans les dispensaires de Las Vegas et de Los Angeles. C\u2019\u00e9tait pour moi la premi\u00e8re fois que je goutais un produit au go\u00fbt cannabis aussi savoureux et qui fait de l\u2019effet au bout de seulement quelques bouff\u00e9es.<br \/>\nApres avoir test\u00e9 les diff\u00e9rents produits de type vape pen disponible en Europe je me suis rendu compte que leur marchandise \u00e9tait de tr\u00e8s mauvaise qualit\u00e9 ( batterie low cost, liquides douteux, cartouches qui fuient etc \u2026) <\/p>\n<p>C\u2019est \u00e0 ce moment que Doobeez \u00e0 \u00e9t\u00e9 cr\u00e9e, s\u2019en est suivi 1 an et demi de recherche et de d\u00e9veloppement avec des professionnels de la vape et du cannabis pour cr\u00e9er la formule qui sera dans les cartouches Doobeez. <\/p>\n<p>LA FORMULE SECRETE ??? QUOI QUE\u2026.<\/p>\n<p>Nous travaillons avec un laboratoire au Colorado (USA) qui nous fournit une huile distillate haute qualit\u00e9 sans thc afin de rendre le produit non psychotrope et de garder tout les bienfaits des centaines de cannabino\u00efdes pr\u00e9sent dans le cannabis.<\/p>\n<p>Les Parfums et Vari\u00e9t\u00e9s<\/p>\n<p>Les go\u00fbts cannabis sont fabriqu\u00e9s avec des terp\u00e8nes naturels fabriqu\u00e9s en Europe, chaque terp\u00e8ne en addition avec le distillate full spectrum peut agir de fa\u00e7on diff\u00e9rentes sur vos muscles, votre anxi\u00e9t\u00e9, votre \u00e9nergie et ont un go\u00fbt  incomparable. <\/p>\n<p>Pour ce qui est des ar\u00f4mes, ce  sont exactement les m\u00eames que ceux que vous pouvez trouver dans les liquides pour cigarettes \u00e9lectroniques, il ne sont pas nocifs pour la sant\u00e9.<\/p>\n<p>Disponible de 25% \u00e0 99% de Distillat Full Spectrum par cartouche ce qui veux dire qu\u2019en \u00e9quivalent e-liquide pr\u00e9sent dans le commerce cela ferait du 9900 mg pour 10 ml de liquide, ce qui est tout simplement impossible \u00e0 faire avec les cristaux de cbd pure utilis\u00e9 dans les e-liquides cbd, les cristaux seraient  trop denses et le liquide impossible a vaper.<br \/>\nDe plus les cristaux de CBD sont pures et ne poss\u00e8dent aucun autre cannabino\u00efde type CBG,CBDA..<br \/>\nLes e-liquide en Full Spectrum sont tr\u00e8s rares, horriblement ch\u00e8res et de qualit\u00e9 douteuse\u2026<br \/>\nEtant donn\u00e9 que nous utilisons de l\u2019huile distillate extraite gr\u00e2ce au proc\u00e9d\u00e9 nomm\u00e9 \u00ab Supercritique CO2 \u00bb, qui permet \u00e0 aucun r\u00e9sidu  de rester dans l\u2019huile contrairement aux extractions a l\u2019aide de solvant de type butane qui laisse un gout de gaz et est totalement impropre \u00e0 la consommation en vape pen<\/p>\n<p>Le Vape Pen : c\u2019est pratique, discret et il n\u2019y a pas besoin de faire le m\u00e9canicien avec les r\u00e9sistances et autres composants des cigarettes \u00e9lectroniques beaucoup trop encombrantes et compliqu\u00e9es d\u2019utilisation.<\/p>\n<p>Avec le Vape Pen Doobeez vous avez juste \u00e0 visser votre cartouche \u00e0 la batterie de type 510 et vous pouvez commencez a vaper, pas de boutons inutiles. Une fois que la lumi\u00e8re clignote cela vous indique qu\u2019il faut recharger la batterie avec le chargeur usb. Apr\u00e8s \u00e0 peine une heure, votre batterie est de nouveau recharg\u00e9e et vous pouvez vaper de nouveau. <\/p>\n<p>Les cartouches font 0,5ml et environ 250 a 300 doses ce qui \u00e9quivaut \u00e0 1 paquet de cigarettes.<\/p>\n","protected":false},"excerpt":{"rendered":"<p>Je m\u2019appelle Cyril, je suis le fondateur de Doobeez CBD en France Lors d\u2019un voyage au \u00e9tats unis en 2016 j\u2019ai \u00e9t\u00e9 subjugu\u00e9 par le go\u00fbt et l\u2019efficacit\u00e9 des vape pen en vente libre dans les dispensaires de Las Vegas&#8230;<\/p>\n","protected":false},"featured_media":0,"comment_status":"open","ping_status":"closed","template":"","meta":[],"product_cat":[59,61],"product_tag":[75,70,77,78,165,164,76],"class_list":["post-15651","product","type-product","status-publish","hentry","product_cat-cbd","product_cat-solides","product_tag-cannabidiol","product_tag-cbd","product_tag-chanvre","product_tag-huiles","product_tag-resine","product_tag-solide","product_tag-terpenes","berocket_brand-doobeez"],"yoast_head":"<!-- This site is optimized with the Yoast SEO plugin v18.0 - https:\/\/yoast.com\/wordpress\/plugins\/seo\/ -->\n<title>Vape pen doobeez - Atypique Concept Store<\/title>\n<meta name=\"robots\" content=\"index, follow, max-snippet:-1, max-image-preview:large, max-video-preview:-1\" \/>\n<link rel=\"canonical\" href=\"https:\/\/atypique.brunotarhan.fr\/index.php\/produit\/vape-pen-doobeez\/\" \/>\n<meta property=\"og:locale\" content=\"fr_FR\" \/>\n<meta property=\"og:type\" content=\"article\" \/>\n<meta property=\"og:title\" content=\"Vape pen doobeez - Atypique Concept Store\" \/>\n<meta property=\"og:description\" content=\"Je m\u2019appelle Cyril, je suis le fondateur de Doobeez CBD en France Lors d\u2019un voyage au \u00e9tats unis en 2016 j\u2019ai \u00e9t\u00e9 subjugu\u00e9 par le go\u00fbt et l\u2019efficacit\u00e9 des vape pen en vente libre dans les dispensaires de Las Vegas...\" \/>\n<meta property=\"og:url\" content=\"https:\/\/atypique.brunotarhan.fr\/index.php\/produit\/vape-pen-doobeez\/\" \/>\n<meta property=\"og:site_name\" content=\"Atypique Concept Store\" \/>\n<meta property=\"article:modified_time\" content=\"2022-04-18T15:13:42+00:00\" \/>\n<meta name=\"twitter:card\" content=\"summary_large_image\" \/>\n<meta name=\"twitter:label1\" content=\"Dur\u00e9e de lecture estim\u00e9e\" \/>\n\t<meta name=\"twitter:data1\" content=\"3 minutes\" \/>\n<script type=\"application\/ld+json\" class=\"yoast-schema-graph\">{\"@context\":\"https:\/\/schema.org\",\"@graph\":[{\"@type\":\"WebSite\",\"@id\":\"https:\/\/atypique.brunotarhan.fr\/#website\",\"url\":\"https:\/\/atypique.brunotarhan.fr\/\",\"name\":\"Atypique Concept Store\",\"description\":\"Just another WordPress site\",\"potentialAction\":[{\"@type\":\"SearchAction\",\"target\":{\"@type\":\"EntryPoint\",\"urlTemplate\":\"https:\/\/atypique.brunotarhan.fr\/?s={search_term_string}\"},\"query-input\":\"required name=search_term_string\"}],\"inLanguage\":\"fr-FR\"},{\"@type\":\"WebPage\",\"@id\":\"https:\/\/atypique.brunotarhan.fr\/index.php\/produit\/vape-pen-doobeez\/#webpage\",\"url\":\"https:\/\/atypique.brunotarhan.fr\/index.php\/produit\/vape-pen-doobeez\/\",\"name\":\"Vape pen doobeez - Atypique Concept Store\",\"isPartOf\":{\"@id\":\"https:\/\/atypique.brunotarhan.fr\/#website\"},\"datePublished\":\"2022-04-18T15:11:53+00:00\",\"dateModified\":\"2022-04-18T15:13:42+00:00\",\"breadcrumb\":{\"@id\":\"https:\/\/atypique.brunotarhan.fr\/index.php\/produit\/vape-pen-doobeez\/#breadcrumb\"},\"inLanguage\":\"fr-FR\",\"potentialAction\":[{\"@type\":\"ReadAction\",\"target\":[\"https:\/\/atypique.brunotarhan.fr\/index.php\/produit\/vape-pen-doobeez\/\"]}]},{\"@type\":\"BreadcrumbList\",\"@id\":\"https:\/\/atypique.brunotarhan.fr\/index.php\/produit\/vape-pen-doobeez\/#breadcrumb\",\"itemListElement\":[{\"@type\":\"ListItem\",\"position\":1,\"name\":\"Accueil\",\"item\":\"https:\/\/atypique.brunotarhan.fr\/\"},{\"@type\":\"ListItem\",\"position\":2,\"name\":\"\"},{\"@type\":\"ListItem\",\"position\":3,\"name\":\"Vape pen doobeez\"}]}]}<\/script>\n<!-- \/ Yoast SEO plugin. -->","yoast_head_json":{"title":"Vape pen doobeez - Atypique Concept Store","robots":{"index":"index","follow":"follow","max-snippet":"max-snippet:-1","max-image-preview":"max-image-preview:large","max-video-preview":"max-video-preview:-1"},"canonical":"https:\/\/atypique.brunotarhan.fr\/index.php\/produit\/vape-pen-doobeez\/","og_locale":"fr_FR","og_type":"article","og_title":"Vape pen doobeez - Atypique Concept Store","og_description":"Je m\u2019appelle Cyril, je suis le fondateur de Doobeez CBD en France Lors d\u2019un voyage au \u00e9tats unis en 2016 j\u2019ai \u00e9t\u00e9 subjugu\u00e9 par le go\u00fbt et l\u2019efficacit\u00e9 des vape pen en vente libre dans les dispensaires de Las Vegas...","og_url":"https:\/\/atypique.brunotarhan.fr\/index.php\/produit\/vape-pen-doobeez\/","og_site_name":"Atypique Concept Store","article_modified_time":"2022-04-18T15:13:42+00:00","twitter_card":"summary_large_image","twitter_misc":{"Dur\u00e9e de lecture estim\u00e9e":"3 minutes"},"schema":{"@context":"https:\/\/schema.org","@graph":[{"@type":"WebSite","@id":"https:\/\/atypique.brunotarhan.fr\/#website","url":"https:\/\/atypique.brunotarhan.fr\/","name":"Atypique Concept Store","description":"Just another WordPress site","potentialAction":[{"@type":"SearchAction","target":{"@type":"EntryPoint","urlTemplate":"https:\/\/atypique.brunotarhan.fr\/?s={search_term_string}"},"query-input":"required name=search_term_string"}],"inLanguage":"fr-FR"},{"@type":"WebPage","@id":"https:\/\/atypique.brunotarhan.fr\/index.php\/produit\/vape-pen-doobeez\/#webpage","url":"https:\/\/atypique.brunotarhan.fr\/index.php\/produit\/vape-pen-doobeez\/","name":"Vape pen doobeez - Atypique Concept Store","isPartOf":{"@id":"https:\/\/atypique.brunotarhan.fr\/#website"},"datePublished":"2022-04-18T15:11:53+00:00","dateModified":"2022-04-18T15:13:42+00:00","breadcrumb":{"@id":"https:\/\/atypique.brunotarhan.fr\/index.php\/produit\/vape-pen-doobeez\/#breadcrumb"},"inLanguage":"fr-FR","potentialAction":[{"@type":"ReadAction","target":["https:\/\/atypique.brunotarhan.fr\/index.php\/produit\/vape-pen-doobeez\/"]}]},{"@type":"BreadcrumbList","@id":"https:\/\/atypique.brunotarhan.fr\/index.php\/produit\/vape-pen-doobeez\/#breadcrumb","itemListElement":[{"@type":"ListItem","position":1,"name":"Accueil","item":"https:\/\/atypique.brunotarhan.fr\/"},{"@type":"ListItem","position":2,"name":""},{"@type":"ListItem","position":3,"name":"Vape pen doobeez"}]}]}},"_links":{"self":[{"href":"https:\/\/atypique.brunotarhan.fr\/index.php\/wp-json\/wp\/v2\/product\/15651","targetHints":{"allow":["GET"]}}],"collection":[{"href":"https:\/\/atypique.brunotarhan.fr\/index.php\/wp-json\/wp\/v2\/product"}],"about":[{"href":"https:\/\/atypique.brunotarhan.fr\/index.php\/wp-json\/wp\/v2\/types\/product"}],"replies":[{"embeddable":true,"href":"https:\/\/atypique.brunotarhan.fr\/index.php\/wp-json\/wp\/v2\/comments?post=15651"}],"wp:attachment":[{"href":"https:\/\/atypique.brunotarhan.fr\/index.php\/wp-json\/wp\/v2\/media?parent=15651"}],"wp:term":[{"taxonomy":"product_cat","embeddable":true,"href":"https:\/\/atypique.brunotarhan.fr\/index.php\/wp-json\/wp\/v2\/product_cat?post=15651"},{"taxonomy":"product_tag","embeddable":true,"href":"https:\/\/atypique.brunotarhan.fr\/index.php\/wp-json\/wp\/v2\/product_tag?post=15651"}],"curies":[{"name":"wp","href":"https:\/\/api.w.org\/{rel}","templated":true}]}}