{"id":15648,"date":"2022-04-18T15:11:48","date_gmt":"2022-04-18T15:11:48","guid":{"rendered":"https:\/\/atypique.brunotarhan.fr\/?post_type=product&#038;p=15648"},"modified":"2022-04-18T15:13:36","modified_gmt":"2022-04-18T15:13:36","slug":"resine-cbd-marocain-25-2g","status":"publish","type":"product","link":"https:\/\/atypique.brunotarhan.fr\/index.php\/produit\/resine-cbd-marocain-25-2g\/","title":{"rendered":"Resine CBD Marocain 25% &#8211; 2g"},"content":{"rendered":"<p>Nous produisons notre chanvre en Aveyron sur notre exploitation agricole. Nous avons renforc\u00e9 notre efficacit\u00e9 par la conception de nos propres machines de transformation dans un respect total de la mati\u00e8re premi\u00e8re.<\/p>\n<p>Notre croissance nous a pouss\u00e9 \u00e0 la cr\u00e9ation d\u2019un laboratoire enti\u00e8rement d\u00e9di\u00e9 \u00e0 notre production nous permettant de r\u00e9aliser des r\u00e9f\u00e9rences CBD et CBG qualitatives et \u00e9videmment 100% Fran\u00e7aises ! \u00bb<\/p>\n<p>R.  Co-fondateur<\/p>\n<p>Le Marocain est l\u2019une de nos r\u00e9f\u00e9rences les plus sombre et concentr\u00e9e sous forme de plaquette, il est r\u00e9alis\u00e9 gr\u00e2ce une succession d\u2019\u00e9tapes, la premi\u00e8re est la filtration du skuff CBD, puis il est travaill\u00e9 \u00e0 chaud manuellement avant d\u2019\u00eatre press\u00e9 \u00e9galement dans un moule chaud, un v\u00e9ritable produit authentique !<\/p>\n<p>CARACT\u00c9RISTIQUES<br \/>\nCannabino\u00efde majeur : CBD Total 24,17%<br \/>\nCannabino\u00efde mineur : CBG Total 0,94%<br \/>\nAspect : Marron<br \/>\nTexture : Cr\u00e9meux\/Gras<br \/>\nType de pression : \u00e0 chaud<br \/>\nVari\u00e9t\u00e9 de base : Dio\u00efca 88<br \/>\nLaboratoire d&#8217;analyse Fran\u00e7aises : Test-CBD<\/p>\n<p>\u2013 SAVEURS \u2013<br \/>\nCette r\u00e9sine d\u00e9voile de savoureuses notes terreuses bien brutes.<\/p>\n<p>\u2013 ASPECT \u2013<br \/>\nCouleur marron fonc\u00e9e \u00e0 l\u2019ext\u00e9rieure et plus brun moyen \u00e0 l\u2019int\u00e9rieur<br \/>\nLa texture est plus grasse et cr\u00e9meuse laissant appara\u00eetre les trichromes \u00e0 l\u2019effritement<\/p>\n<p>\u2013 EFFETS ET ANALYSES \u2013<br \/>\nCBD total : 20,19%<br \/>\nCBG total : 2,43%<br \/>\nCBN : 0,34%<\/p>\n","protected":false},"excerpt":{"rendered":"<p>Cette r\u00e9sine CBD Marocain 25% propose des ar\u00f4mes allant de la s\u00e8ve de pin l\u00e9g\u00e8rement sucr\u00e9e jusqu\u2019aux notes terreuses caract\u00e9ristiques des hashs dits Marocain. Une douceur poivr\u00e9e qui est naturelle, sans additifs, ni cristaux de CBD artificiels. Un produit exceptionnel, riche en cannabidiol.<\/p>\n","protected":false},"featured_media":14826,"comment_status":"open","ping_status":"closed","template":"","meta":[],"product_cat":[59,61],"product_tag":[75,70,77,78,165,164,76],"class_list":["post-15648","product","type-product","status-publish","has-post-thumbnail","hentry","product_cat-cbd","product_cat-solides","product_tag-cannabidiol","product_tag-cbd","product_tag-chanvre","product_tag-huiles","product_tag-resine","product_tag-solide","product_tag-terpenes","berocket_brand-swiss-bud"],"yoast_head":"<!-- This site is optimized with the Yoast SEO plugin v18.0 - https:\/\/yoast.com\/wordpress\/plugins\/seo\/ -->\n<title>Resine CBD Marocain 25% - 2g - Atypique Concept Store<\/title>\n<meta name=\"robots\" content=\"index, follow, max-snippet:-1, max-image-preview:large, max-video-preview:-1\" \/>\n<link rel=\"canonical\" href=\"https:\/\/atypique.brunotarhan.fr\/index.php\/produit\/resine-cbd-marocain-25-2g\/\" \/>\n<meta property=\"og:locale\" content=\"fr_FR\" \/>\n<meta property=\"og:type\" content=\"article\" \/>\n<meta property=\"og:title\" content=\"Resine CBD Marocain 25% - 2g - Atypique Concept Store\" \/>\n<meta property=\"og:description\" content=\"Cette r\u00e9sine CBD Marocain 25% propose des ar\u00f4mes allant de la s\u00e8ve de pin l\u00e9g\u00e8rement sucr\u00e9e jusqu\u2019aux notes terreuses caract\u00e9ristiques des hashs dits Marocain. Une douceur poivr\u00e9e qui est naturelle, sans additifs, ni cristaux de CBD artificiels. Un produit exceptionnel, riche en cannabidiol.\" \/>\n<meta property=\"og:url\" content=\"https:\/\/atypique.brunotarhan.fr\/index.php\/produit\/resine-cbd-marocain-25-2g\/\" \/>\n<meta property=\"og:site_name\" content=\"Atypique Concept Store\" \/>\n<meta property=\"article:modified_time\" content=\"2022-04-18T15:13:36+00:00\" \/>\n<meta name=\"twitter:card\" content=\"summary_large_image\" \/>\n<meta name=\"twitter:label1\" content=\"Dur\u00e9e de lecture estim\u00e9e\" \/>\n\t<meta name=\"twitter:data1\" content=\"1 minute\" \/>\n<script type=\"application\/ld+json\" class=\"yoast-schema-graph\">{\"@context\":\"https:\/\/schema.org\",\"@graph\":[{\"@type\":\"WebSite\",\"@id\":\"https:\/\/atypique.brunotarhan.fr\/#website\",\"url\":\"https:\/\/atypique.brunotarhan.fr\/\",\"name\":\"Atypique Concept Store\",\"description\":\"Just another WordPress site\",\"potentialAction\":[{\"@type\":\"SearchAction\",\"target\":{\"@type\":\"EntryPoint\",\"urlTemplate\":\"https:\/\/atypique.brunotarhan.fr\/?s={search_term_string}\"},\"query-input\":\"required name=search_term_string\"}],\"inLanguage\":\"fr-FR\"},{\"@type\":\"ImageObject\",\"@id\":\"https:\/\/atypique.brunotarhan.fr\/index.php\/produit\/resine-cbd-marocain-25-2g\/#primaryimage\",\"inLanguage\":\"fr-FR\",\"url\":\"https:\/\/atypique.brunotarhan.fr\/wp-content\/uploads\/2022\/04\/marocain.png\",\"contentUrl\":\"https:\/\/atypique.brunotarhan.fr\/wp-content\/uploads\/2022\/04\/marocain.png\",\"width\":1920,\"height\":2560},{\"@type\":\"WebPage\",\"@id\":\"https:\/\/atypique.brunotarhan.fr\/index.php\/produit\/resine-cbd-marocain-25-2g\/#webpage\",\"url\":\"https:\/\/atypique.brunotarhan.fr\/index.php\/produit\/resine-cbd-marocain-25-2g\/\",\"name\":\"Resine CBD Marocain 25% - 2g - Atypique Concept Store\",\"isPartOf\":{\"@id\":\"https:\/\/atypique.brunotarhan.fr\/#website\"},\"primaryImageOfPage\":{\"@id\":\"https:\/\/atypique.brunotarhan.fr\/index.php\/produit\/resine-cbd-marocain-25-2g\/#primaryimage\"},\"datePublished\":\"2022-04-18T15:11:48+00:00\",\"dateModified\":\"2022-04-18T15:13:36+00:00\",\"breadcrumb\":{\"@id\":\"https:\/\/atypique.brunotarhan.fr\/index.php\/produit\/resine-cbd-marocain-25-2g\/#breadcrumb\"},\"inLanguage\":\"fr-FR\",\"potentialAction\":[{\"@type\":\"ReadAction\",\"target\":[\"https:\/\/atypique.brunotarhan.fr\/index.php\/produit\/resine-cbd-marocain-25-2g\/\"]}]},{\"@type\":\"BreadcrumbList\",\"@id\":\"https:\/\/atypique.brunotarhan.fr\/index.php\/produit\/resine-cbd-marocain-25-2g\/#breadcrumb\",\"itemListElement\":[{\"@type\":\"ListItem\",\"position\":1,\"name\":\"Accueil\",\"item\":\"https:\/\/atypique.brunotarhan.fr\/\"},{\"@type\":\"ListItem\",\"position\":2,\"name\":\"\"},{\"@type\":\"ListItem\",\"position\":3,\"name\":\"Resine CBD Marocain 25% &#8211; 2g\"}]}]}<\/script>\n<!-- \/ Yoast SEO plugin. -->","yoast_head_json":{"title":"Resine CBD Marocain 25% - 2g - Atypique Concept Store","robots":{"index":"index","follow":"follow","max-snippet":"max-snippet:-1","max-image-preview":"max-image-preview:large","max-video-preview":"max-video-preview:-1"},"canonical":"https:\/\/atypique.brunotarhan.fr\/index.php\/produit\/resine-cbd-marocain-25-2g\/","og_locale":"fr_FR","og_type":"article","og_title":"Resine CBD Marocain 25% - 2g - Atypique Concept Store","og_description":"Cette r\u00e9sine CBD Marocain 25% propose des ar\u00f4mes allant de la s\u00e8ve de pin l\u00e9g\u00e8rement sucr\u00e9e jusqu\u2019aux notes terreuses caract\u00e9ristiques des hashs dits Marocain. Une douceur poivr\u00e9e qui est naturelle, sans additifs, ni cristaux de CBD artificiels. Un produit exceptionnel, riche en cannabidiol.","og_url":"https:\/\/atypique.brunotarhan.fr\/index.php\/produit\/resine-cbd-marocain-25-2g\/","og_site_name":"Atypique Concept Store","article_modified_time":"2022-04-18T15:13:36+00:00","twitter_card":"summary_large_image","twitter_misc":{"Dur\u00e9e de lecture estim\u00e9e":"1 minute"},"schema":{"@context":"https:\/\/schema.org","@graph":[{"@type":"WebSite","@id":"https:\/\/atypique.brunotarhan.fr\/#website","url":"https:\/\/atypique.brunotarhan.fr\/","name":"Atypique Concept Store","description":"Just another WordPress site","potentialAction":[{"@type":"SearchAction","target":{"@type":"EntryPoint","urlTemplate":"https:\/\/atypique.brunotarhan.fr\/?s={search_term_string}"},"query-input":"required name=search_term_string"}],"inLanguage":"fr-FR"},{"@type":"ImageObject","@id":"https:\/\/atypique.brunotarhan.fr\/index.php\/produit\/resine-cbd-marocain-25-2g\/#primaryimage","inLanguage":"fr-FR","url":"https:\/\/atypique.brunotarhan.fr\/wp-content\/uploads\/2022\/04\/marocain.png","contentUrl":"https:\/\/atypique.brunotarhan.fr\/wp-content\/uploads\/2022\/04\/marocain.png","width":1920,"height":2560},{"@type":"WebPage","@id":"https:\/\/atypique.brunotarhan.fr\/index.php\/produit\/resine-cbd-marocain-25-2g\/#webpage","url":"https:\/\/atypique.brunotarhan.fr\/index.php\/produit\/resine-cbd-marocain-25-2g\/","name":"Resine CBD Marocain 25% - 2g - Atypique Concept Store","isPartOf":{"@id":"https:\/\/atypique.brunotarhan.fr\/#website"},"primaryImageOfPage":{"@id":"https:\/\/atypique.brunotarhan.fr\/index.php\/produit\/resine-cbd-marocain-25-2g\/#primaryimage"},"datePublished":"2022-04-18T15:11:48+00:00","dateModified":"2022-04-18T15:13:36+00:00","breadcrumb":{"@id":"https:\/\/atypique.brunotarhan.fr\/index.php\/produit\/resine-cbd-marocain-25-2g\/#breadcrumb"},"inLanguage":"fr-FR","potentialAction":[{"@type":"ReadAction","target":["https:\/\/atypique.brunotarhan.fr\/index.php\/produit\/resine-cbd-marocain-25-2g\/"]}]},{"@type":"BreadcrumbList","@id":"https:\/\/atypique.brunotarhan.fr\/index.php\/produit\/resine-cbd-marocain-25-2g\/#breadcrumb","itemListElement":[{"@type":"ListItem","position":1,"name":"Accueil","item":"https:\/\/atypique.brunotarhan.fr\/"},{"@type":"ListItem","position":2,"name":""},{"@type":"ListItem","position":3,"name":"Resine CBD Marocain 25% &#8211; 2g"}]}]}},"_links":{"self":[{"href":"https:\/\/atypique.brunotarhan.fr\/index.php\/wp-json\/wp\/v2\/product\/15648","targetHints":{"allow":["GET"]}}],"collection":[{"href":"https:\/\/atypique.brunotarhan.fr\/index.php\/wp-json\/wp\/v2\/product"}],"about":[{"href":"https:\/\/atypique.brunotarhan.fr\/index.php\/wp-json\/wp\/v2\/types\/product"}],"replies":[{"embeddable":true,"href":"https:\/\/atypique.brunotarhan.fr\/index.php\/wp-json\/wp\/v2\/comments?post=15648"}],"wp:featuredmedia":[{"embeddable":true,"href":"https:\/\/atypique.brunotarhan.fr\/index.php\/wp-json\/wp\/v2\/media\/14826"}],"wp:attachment":[{"href":"https:\/\/atypique.brunotarhan.fr\/index.php\/wp-json\/wp\/v2\/media?parent=15648"}],"wp:term":[{"taxonomy":"product_cat","embeddable":true,"href":"https:\/\/atypique.brunotarhan.fr\/index.php\/wp-json\/wp\/v2\/product_cat?post=15648"},{"taxonomy":"product_tag","embeddable":true,"href":"https:\/\/atypique.brunotarhan.fr\/index.php\/wp-json\/wp\/v2\/product_tag?post=15648"}],"curies":[{"name":"wp","href":"https:\/\/api.w.org\/{rel}","templated":true}]}}