{"id":15647,"date":"2022-04-18T15:11:43","date_gmt":"2022-04-18T15:11:43","guid":{"rendered":"https:\/\/atypique.brunotarhan.fr\/?post_type=product&#038;p=15647"},"modified":"2022-04-18T15:13:33","modified_gmt":"2022-04-18T15:13:33","slug":"resine-cbg-le-popo-20-2g","status":"publish","type":"product","link":"https:\/\/atypique.brunotarhan.fr\/index.php\/produit\/resine-cbg-le-popo-20-2g\/","title":{"rendered":"Resine CBG Le Popo 20% &#8211; 2g"},"content":{"rendered":"<p>Nous produisons notre chanvre en Aveyron sur notre exploitation agricole. Nous avons renforc\u00e9 notre efficacit\u00e9 par la conception de nos propres machines de transformation dans un respect total de la mati\u00e8re premi\u00e8re.<\/p>\n<p>Notre croissance nous a pouss\u00e9 \u00e0 la cr\u00e9ation d\u2019un laboratoire enti\u00e8rement d\u00e9di\u00e9 \u00e0 notre production nous permettant de r\u00e9aliser des r\u00e9f\u00e9rences CBD et CBG qualitatives et \u00e9videmment 100% Fran\u00e7aises ! \u00bb<\/p>\n<p>R.  Co-fondateur<\/p>\n<p>\u2013 SAVEURS \u2013<br \/>\nRiche en cannabidiol, la r\u00e9sine CBG Le Popo d\u00e9voile un subtil go\u00fbt terreux et citronn\u00e9.<\/p>\n<p>\u2013 ASPECT \u2013<br \/>\nD\u2019aspect clair proche du citron s\u00e9ch\u00e9, ce pollen CBG affiche une texture mousseuse provenant des cristaux fins et gras des trichromes.<br \/>\nUn hash de qualit\u00e9, qui s\u2019effrite tr\u00e8s facilement et qui tient bien dans la main.<\/p>\n<p>\u2013 EFFETS ET ANALYSES \u2013<br \/>\nEffet de d\u00e9tente et de relaxation puissant provoqu\u00e9 par les 20% de CBG<br \/>\nCe pollen CBG Le Popo 20%, compacte, est parfaitement l\u00e9gale puisqu\u2019il contient moins de 0.2% de THC.<\/p>\n<p>Le Popo c\u2019est notre empreinte, la base des produits, cette poudre claire et volatile est 100% naturelle et compos\u00e9e de trichomes de Cannabis Sativa .L<br \/>\nApr\u00e8s avoir \u00e9t\u00e9 filtr\u00e9 deux fois \u00e0 temp\u00e9rature n\u00e9gative pour pr\u00e9server sa qualit\u00e9 , sa sp\u00e9cificit\u00e9 est de contenir plus de 20% de CBG (Cannabig\u00e9rol). Ce cannabinoide non psychotrope, se rapproche de son cousin le CBD (Cannabidiol), avec qui il est tr\u00e8s compatible pour l&#8217;assimilation par le corps humain.<\/p>\n<p>ll est aussi \u00e0 la base de notre Aya CBG. <\/p>\n<p>\u00c0 saupoudrer \u00e0 volont\u00e9 !<\/p>\n<p>CARACT\u00c9RISTIQUES<br \/>\nCannabino\u00efde majeur : CBG Total 17,63%<br \/>\nCannabino\u00efde mineur : CBD Total 1,69%<br \/>\nAspect : Jaune clair<br \/>\nTexture : Poudreuse<br \/>\nType de pression : Non-press\u00e9<br \/>\nVari\u00e9t\u00e9 de base : Santhica 70<br \/>\nLaboratoire d&#8217;analyse Fran\u00e7aises : Test-CBD<\/p>\n","protected":false},"excerpt":{"rendered":"<p>Cette poudre claire et volatile est 100% naturelle et compos\u00e9e de trichomes de Cannabis Sativa .L Apr\u00e8s avoir \u00e9t\u00e9 filtr\u00e9 deux fois \u00e0 temp\u00e9rature n\u00e9gative, pour pr\u00e9server sa qualit\u00e9, il contient plus de 20% de CBD<\/p>\n","protected":false},"featured_media":14825,"comment_status":"open","ping_status":"closed","template":"","meta":[],"product_cat":[59,61],"product_tag":[75,70,77,78,165,164,76],"class_list":["post-15647","product","type-product","status-publish","has-post-thumbnail","hentry","product_cat-cbd","product_cat-solides","product_tag-cannabidiol","product_tag-cbd","product_tag-chanvre","product_tag-huiles","product_tag-resine","product_tag-solide","product_tag-terpenes","berocket_brand-swiss-bud"],"yoast_head":"<!-- This site is optimized with the Yoast SEO plugin v18.0 - https:\/\/yoast.com\/wordpress\/plugins\/seo\/ -->\n<title>Resine CBG Le Popo 20% - 2g - Atypique Concept Store<\/title>\n<meta name=\"robots\" content=\"index, follow, max-snippet:-1, max-image-preview:large, max-video-preview:-1\" \/>\n<link rel=\"canonical\" href=\"https:\/\/atypique.brunotarhan.fr\/index.php\/produit\/resine-cbg-le-popo-20-2g\/\" \/>\n<meta property=\"og:locale\" content=\"fr_FR\" \/>\n<meta property=\"og:type\" content=\"article\" \/>\n<meta property=\"og:title\" content=\"Resine CBG Le Popo 20% - 2g - Atypique Concept Store\" \/>\n<meta property=\"og:description\" content=\"Cette poudre claire et volatile est 100% naturelle et compos\u00e9e de trichomes de Cannabis Sativa .L Apr\u00e8s avoir \u00e9t\u00e9 filtr\u00e9 deux fois \u00e0 temp\u00e9rature n\u00e9gative, pour pr\u00e9server sa qualit\u00e9, il contient plus de 20% de CBD\" \/>\n<meta property=\"og:url\" content=\"https:\/\/atypique.brunotarhan.fr\/index.php\/produit\/resine-cbg-le-popo-20-2g\/\" \/>\n<meta property=\"og:site_name\" content=\"Atypique Concept Store\" \/>\n<meta property=\"article:modified_time\" content=\"2022-04-18T15:13:33+00:00\" \/>\n<meta name=\"twitter:card\" content=\"summary_large_image\" \/>\n<meta name=\"twitter:label1\" content=\"Dur\u00e9e de lecture estim\u00e9e\" \/>\n\t<meta name=\"twitter:data1\" content=\"1 minute\" \/>\n<script type=\"application\/ld+json\" class=\"yoast-schema-graph\">{\"@context\":\"https:\/\/schema.org\",\"@graph\":[{\"@type\":\"WebSite\",\"@id\":\"https:\/\/atypique.brunotarhan.fr\/#website\",\"url\":\"https:\/\/atypique.brunotarhan.fr\/\",\"name\":\"Atypique Concept Store\",\"description\":\"Just another WordPress site\",\"potentialAction\":[{\"@type\":\"SearchAction\",\"target\":{\"@type\":\"EntryPoint\",\"urlTemplate\":\"https:\/\/atypique.brunotarhan.fr\/?s={search_term_string}\"},\"query-input\":\"required name=search_term_string\"}],\"inLanguage\":\"fr-FR\"},{\"@type\":\"ImageObject\",\"@id\":\"https:\/\/atypique.brunotarhan.fr\/index.php\/produit\/resine-cbg-le-popo-20-2g\/#primaryimage\",\"inLanguage\":\"fr-FR\",\"url\":\"https:\/\/atypique.brunotarhan.fr\/wp-content\/uploads\/2022\/04\/le-popo.png\",\"contentUrl\":\"https:\/\/atypique.brunotarhan.fr\/wp-content\/uploads\/2022\/04\/le-popo.png\",\"width\":1920,\"height\":2560},{\"@type\":\"WebPage\",\"@id\":\"https:\/\/atypique.brunotarhan.fr\/index.php\/produit\/resine-cbg-le-popo-20-2g\/#webpage\",\"url\":\"https:\/\/atypique.brunotarhan.fr\/index.php\/produit\/resine-cbg-le-popo-20-2g\/\",\"name\":\"Resine CBG Le Popo 20% - 2g - Atypique Concept Store\",\"isPartOf\":{\"@id\":\"https:\/\/atypique.brunotarhan.fr\/#website\"},\"primaryImageOfPage\":{\"@id\":\"https:\/\/atypique.brunotarhan.fr\/index.php\/produit\/resine-cbg-le-popo-20-2g\/#primaryimage\"},\"datePublished\":\"2022-04-18T15:11:43+00:00\",\"dateModified\":\"2022-04-18T15:13:33+00:00\",\"breadcrumb\":{\"@id\":\"https:\/\/atypique.brunotarhan.fr\/index.php\/produit\/resine-cbg-le-popo-20-2g\/#breadcrumb\"},\"inLanguage\":\"fr-FR\",\"potentialAction\":[{\"@type\":\"ReadAction\",\"target\":[\"https:\/\/atypique.brunotarhan.fr\/index.php\/produit\/resine-cbg-le-popo-20-2g\/\"]}]},{\"@type\":\"BreadcrumbList\",\"@id\":\"https:\/\/atypique.brunotarhan.fr\/index.php\/produit\/resine-cbg-le-popo-20-2g\/#breadcrumb\",\"itemListElement\":[{\"@type\":\"ListItem\",\"position\":1,\"name\":\"Accueil\",\"item\":\"https:\/\/atypique.brunotarhan.fr\/\"},{\"@type\":\"ListItem\",\"position\":2,\"name\":\"\"},{\"@type\":\"ListItem\",\"position\":3,\"name\":\"Resine CBG Le Popo 20% &#8211; 2g\"}]}]}<\/script>\n<!-- \/ Yoast SEO plugin. -->","yoast_head_json":{"title":"Resine CBG Le Popo 20% - 2g - Atypique Concept Store","robots":{"index":"index","follow":"follow","max-snippet":"max-snippet:-1","max-image-preview":"max-image-preview:large","max-video-preview":"max-video-preview:-1"},"canonical":"https:\/\/atypique.brunotarhan.fr\/index.php\/produit\/resine-cbg-le-popo-20-2g\/","og_locale":"fr_FR","og_type":"article","og_title":"Resine CBG Le Popo 20% - 2g - Atypique Concept Store","og_description":"Cette poudre claire et volatile est 100% naturelle et compos\u00e9e de trichomes de Cannabis Sativa .L Apr\u00e8s avoir \u00e9t\u00e9 filtr\u00e9 deux fois \u00e0 temp\u00e9rature n\u00e9gative, pour pr\u00e9server sa qualit\u00e9, il contient plus de 20% de CBD","og_url":"https:\/\/atypique.brunotarhan.fr\/index.php\/produit\/resine-cbg-le-popo-20-2g\/","og_site_name":"Atypique Concept Store","article_modified_time":"2022-04-18T15:13:33+00:00","twitter_card":"summary_large_image","twitter_misc":{"Dur\u00e9e de lecture estim\u00e9e":"1 minute"},"schema":{"@context":"https:\/\/schema.org","@graph":[{"@type":"WebSite","@id":"https:\/\/atypique.brunotarhan.fr\/#website","url":"https:\/\/atypique.brunotarhan.fr\/","name":"Atypique Concept Store","description":"Just another WordPress site","potentialAction":[{"@type":"SearchAction","target":{"@type":"EntryPoint","urlTemplate":"https:\/\/atypique.brunotarhan.fr\/?s={search_term_string}"},"query-input":"required name=search_term_string"}],"inLanguage":"fr-FR"},{"@type":"ImageObject","@id":"https:\/\/atypique.brunotarhan.fr\/index.php\/produit\/resine-cbg-le-popo-20-2g\/#primaryimage","inLanguage":"fr-FR","url":"https:\/\/atypique.brunotarhan.fr\/wp-content\/uploads\/2022\/04\/le-popo.png","contentUrl":"https:\/\/atypique.brunotarhan.fr\/wp-content\/uploads\/2022\/04\/le-popo.png","width":1920,"height":2560},{"@type":"WebPage","@id":"https:\/\/atypique.brunotarhan.fr\/index.php\/produit\/resine-cbg-le-popo-20-2g\/#webpage","url":"https:\/\/atypique.brunotarhan.fr\/index.php\/produit\/resine-cbg-le-popo-20-2g\/","name":"Resine CBG Le Popo 20% - 2g - Atypique Concept Store","isPartOf":{"@id":"https:\/\/atypique.brunotarhan.fr\/#website"},"primaryImageOfPage":{"@id":"https:\/\/atypique.brunotarhan.fr\/index.php\/produit\/resine-cbg-le-popo-20-2g\/#primaryimage"},"datePublished":"2022-04-18T15:11:43+00:00","dateModified":"2022-04-18T15:13:33+00:00","breadcrumb":{"@id":"https:\/\/atypique.brunotarhan.fr\/index.php\/produit\/resine-cbg-le-popo-20-2g\/#breadcrumb"},"inLanguage":"fr-FR","potentialAction":[{"@type":"ReadAction","target":["https:\/\/atypique.brunotarhan.fr\/index.php\/produit\/resine-cbg-le-popo-20-2g\/"]}]},{"@type":"BreadcrumbList","@id":"https:\/\/atypique.brunotarhan.fr\/index.php\/produit\/resine-cbg-le-popo-20-2g\/#breadcrumb","itemListElement":[{"@type":"ListItem","position":1,"name":"Accueil","item":"https:\/\/atypique.brunotarhan.fr\/"},{"@type":"ListItem","position":2,"name":""},{"@type":"ListItem","position":3,"name":"Resine CBG Le Popo 20% &#8211; 2g"}]}]}},"_links":{"self":[{"href":"https:\/\/atypique.brunotarhan.fr\/index.php\/wp-json\/wp\/v2\/product\/15647","targetHints":{"allow":["GET"]}}],"collection":[{"href":"https:\/\/atypique.brunotarhan.fr\/index.php\/wp-json\/wp\/v2\/product"}],"about":[{"href":"https:\/\/atypique.brunotarhan.fr\/index.php\/wp-json\/wp\/v2\/types\/product"}],"replies":[{"embeddable":true,"href":"https:\/\/atypique.brunotarhan.fr\/index.php\/wp-json\/wp\/v2\/comments?post=15647"}],"wp:featuredmedia":[{"embeddable":true,"href":"https:\/\/atypique.brunotarhan.fr\/index.php\/wp-json\/wp\/v2\/media\/14825"}],"wp:attachment":[{"href":"https:\/\/atypique.brunotarhan.fr\/index.php\/wp-json\/wp\/v2\/media?parent=15647"}],"wp:term":[{"taxonomy":"product_cat","embeddable":true,"href":"https:\/\/atypique.brunotarhan.fr\/index.php\/wp-json\/wp\/v2\/product_cat?post=15647"},{"taxonomy":"product_tag","embeddable":true,"href":"https:\/\/atypique.brunotarhan.fr\/index.php\/wp-json\/wp\/v2\/product_tag?post=15647"}],"curies":[{"name":"wp","href":"https:\/\/api.w.org\/{rel}","templated":true}]}}