{"id":15646,"date":"2022-04-18T15:11:40","date_gmt":"2022-04-18T15:11:40","guid":{"rendered":"https:\/\/atypique.brunotarhan.fr\/?post_type=product&#038;p=15646"},"modified":"2022-04-18T15:13:31","modified_gmt":"2022-04-18T15:13:31","slug":"resine-cbd-caramello-12-2g","status":"publish","type":"product","link":"https:\/\/atypique.brunotarhan.fr\/index.php\/produit\/resine-cbd-caramello-12-2g\/","title":{"rendered":"R\u00e9sine CBD Caramello 12% &#8211; 2g"},"content":{"rendered":"<p>Nous produisons notre chanvre en Aveyron sur notre exploitation agricole. Nous avons renforc\u00e9 notre efficacit\u00e9 par la conception de nos propres machines de transformation dans un respect total de la mati\u00e8re premi\u00e8re.<\/p>\n<p>Notre croissance nous a pouss\u00e9 \u00e0 la cr\u00e9ation d\u2019un laboratoire enti\u00e8rement d\u00e9di\u00e9 \u00e0 notre production nous permettant de r\u00e9aliser des r\u00e9f\u00e9rences CBD et CBG qualitatives et \u00e9videmment 100% Fran\u00e7aises ! \u00bb<\/p>\n<p>R.  Co-fondateur<\/p>\n<p>Cette r\u00e9f\u00e9rence est l\u00e9g\u00e8rement plus sombre que notre Jaune, il est issu d\u2019une vari\u00e9t\u00e9 de fleurs CBD exclusive qui est r\u00e9colt\u00e9 plus tardivement, \u00e0 pleine maturit\u00e9, ce qui nous permet d\u2019obtenir une texture particuli\u00e8rement souple et son odeur caract\u00e9ristique.<\/p>\n<p>CARACT\u00c9RISTIQUES<br \/>\nCannabino\u00efde majeur : CBD Total 18,81%<br \/>\nCannabino\u00efde mineur : CBG 0,29%<br \/>\nAspect : Jaune ambr\u00e9<br \/>\nTexture : Cr\u00e9meux\/Moelleux<br \/>\nType de pression : \u00e0 chaud<br \/>\nVari\u00e9t\u00e9 de base : Dio\u00efca 88<br \/>\nLaboratoire d&#8217;analyse Fran\u00e7aises : Test-CBD<\/p>\n<p>\u2013 SAVEURS \u2013<br \/>\nCompos\u00e9es de fruits sucr\u00e9s et de citrons avec en fonds des ar\u00f4mes \u00e9pic\u00e9s de bois et de terre.<\/p>\n<p>\u2013 ASPECT \u2013<br \/>\nCette r\u00e9f\u00e9rence plut\u00f4t jaune ambr\u00e9e est l\u00e9g\u00e8rement plus sombre que notre Le Jaune, il est issu d\u2019une vari\u00e9t\u00e9 de fleurs CBD exclusive qui est r\u00e9colt\u00e9 plus tardivement, \u00e0 pleine maturit\u00e9, ce qui nous permet d\u2019obtenir une texture particuli\u00e8rement souple et son odeur caract\u00e9ristique.<\/p>\n<p>\u2013 EFFETS ET ANALYSES \u2013<br \/>\nLe Caramello CBD est une r\u00e9sine de puissance moyenne<br \/>\n14% de CBD<br \/>\n0,29% de CBG<br \/>\nTHC < 0,2%\n<\/p>\n","protected":false},"excerpt":{"rendered":"<p>La r\u00e9sine de CBD Caramello 14% est un produit naturel, travaill\u00e9 \u00e0 partir d\u2019un chanvre europ\u00e9en et biologique. En r\u00e9sulte une solution exceptionnelle, pr\u00e9sentant d\u2019incroyables ar\u00f4mes et notes de caramel, de sucre. Un produit \u00e0 concentration moyenne. L\u00e9gale, cette r\u00e9sine contient moins de 0.2% de THC !<\/p>\n","protected":false},"featured_media":14803,"comment_status":"open","ping_status":"closed","template":"","meta":[],"product_cat":[59,61],"product_tag":[75,70,77,78,165,164,76],"class_list":["post-15646","product","type-product","status-publish","has-post-thumbnail","hentry","product_cat-cbd","product_cat-solides","product_tag-cannabidiol","product_tag-cbd","product_tag-chanvre","product_tag-huiles","product_tag-resine","product_tag-solide","product_tag-terpenes","berocket_brand-swiss-bud"],"yoast_head":"<!-- This site is optimized with the Yoast SEO plugin v18.0 - https:\/\/yoast.com\/wordpress\/plugins\/seo\/ -->\n<title>R\u00e9sine CBD Caramello 12% - 2g - Atypique Concept Store<\/title>\n<meta name=\"robots\" content=\"index, follow, max-snippet:-1, max-image-preview:large, max-video-preview:-1\" \/>\n<link rel=\"canonical\" href=\"https:\/\/atypique.brunotarhan.fr\/index.php\/produit\/resine-cbd-caramello-12-2g\/\" \/>\n<meta property=\"og:locale\" content=\"fr_FR\" \/>\n<meta property=\"og:type\" content=\"article\" \/>\n<meta property=\"og:title\" content=\"R\u00e9sine CBD Caramello 12% - 2g - Atypique Concept Store\" \/>\n<meta property=\"og:description\" content=\"La r\u00e9sine de CBD Caramello 14% est un produit naturel, travaill\u00e9 \u00e0 partir d\u2019un chanvre europ\u00e9en et biologique. En r\u00e9sulte une solution exceptionnelle, pr\u00e9sentant d\u2019incroyables ar\u00f4mes et notes de caramel, de sucre. Un produit \u00e0 concentration moyenne. L\u00e9gale, cette r\u00e9sine contient moins de 0.2% de THC !\" \/>\n<meta property=\"og:url\" content=\"https:\/\/atypique.brunotarhan.fr\/index.php\/produit\/resine-cbd-caramello-12-2g\/\" \/>\n<meta property=\"og:site_name\" content=\"Atypique Concept Store\" \/>\n<meta property=\"article:modified_time\" content=\"2022-04-18T15:13:31+00:00\" \/>\n<meta name=\"twitter:card\" content=\"summary_large_image\" \/>\n<meta name=\"twitter:label1\" content=\"Dur\u00e9e de lecture estim\u00e9e\" \/>\n\t<meta name=\"twitter:data1\" content=\"1 minute\" \/>\n<script type=\"application\/ld+json\" class=\"yoast-schema-graph\">{\"@context\":\"https:\/\/schema.org\",\"@graph\":[{\"@type\":\"WebSite\",\"@id\":\"https:\/\/atypique.brunotarhan.fr\/#website\",\"url\":\"https:\/\/atypique.brunotarhan.fr\/\",\"name\":\"Atypique Concept Store\",\"description\":\"Just another WordPress site\",\"potentialAction\":[{\"@type\":\"SearchAction\",\"target\":{\"@type\":\"EntryPoint\",\"urlTemplate\":\"https:\/\/atypique.brunotarhan.fr\/?s={search_term_string}\"},\"query-input\":\"required name=search_term_string\"}],\"inLanguage\":\"fr-FR\"},{\"@type\":\"ImageObject\",\"@id\":\"https:\/\/atypique.brunotarhan.fr\/index.php\/produit\/resine-cbd-caramello-12-2g\/#primaryimage\",\"inLanguage\":\"fr-FR\",\"url\":\"https:\/\/atypique.brunotarhan.fr\/wp-content\/uploads\/2022\/04\/caramello.png\",\"contentUrl\":\"https:\/\/atypique.brunotarhan.fr\/wp-content\/uploads\/2022\/04\/caramello.png\",\"width\":1920,\"height\":2560},{\"@type\":\"WebPage\",\"@id\":\"https:\/\/atypique.brunotarhan.fr\/index.php\/produit\/resine-cbd-caramello-12-2g\/#webpage\",\"url\":\"https:\/\/atypique.brunotarhan.fr\/index.php\/produit\/resine-cbd-caramello-12-2g\/\",\"name\":\"R\u00e9sine CBD Caramello 12% - 2g - Atypique Concept Store\",\"isPartOf\":{\"@id\":\"https:\/\/atypique.brunotarhan.fr\/#website\"},\"primaryImageOfPage\":{\"@id\":\"https:\/\/atypique.brunotarhan.fr\/index.php\/produit\/resine-cbd-caramello-12-2g\/#primaryimage\"},\"datePublished\":\"2022-04-18T15:11:40+00:00\",\"dateModified\":\"2022-04-18T15:13:31+00:00\",\"breadcrumb\":{\"@id\":\"https:\/\/atypique.brunotarhan.fr\/index.php\/produit\/resine-cbd-caramello-12-2g\/#breadcrumb\"},\"inLanguage\":\"fr-FR\",\"potentialAction\":[{\"@type\":\"ReadAction\",\"target\":[\"https:\/\/atypique.brunotarhan.fr\/index.php\/produit\/resine-cbd-caramello-12-2g\/\"]}]},{\"@type\":\"BreadcrumbList\",\"@id\":\"https:\/\/atypique.brunotarhan.fr\/index.php\/produit\/resine-cbd-caramello-12-2g\/#breadcrumb\",\"itemListElement\":[{\"@type\":\"ListItem\",\"position\":1,\"name\":\"Accueil\",\"item\":\"https:\/\/atypique.brunotarhan.fr\/\"},{\"@type\":\"ListItem\",\"position\":2,\"name\":\"\"},{\"@type\":\"ListItem\",\"position\":3,\"name\":\"R\u00e9sine CBD Caramello 12% &#8211; 2g\"}]}]}<\/script>\n<!-- \/ Yoast SEO plugin. -->","yoast_head_json":{"title":"R\u00e9sine CBD Caramello 12% - 2g - Atypique Concept Store","robots":{"index":"index","follow":"follow","max-snippet":"max-snippet:-1","max-image-preview":"max-image-preview:large","max-video-preview":"max-video-preview:-1"},"canonical":"https:\/\/atypique.brunotarhan.fr\/index.php\/produit\/resine-cbd-caramello-12-2g\/","og_locale":"fr_FR","og_type":"article","og_title":"R\u00e9sine CBD Caramello 12% - 2g - Atypique Concept Store","og_description":"La r\u00e9sine de CBD Caramello 14% est un produit naturel, travaill\u00e9 \u00e0 partir d\u2019un chanvre europ\u00e9en et biologique. En r\u00e9sulte une solution exceptionnelle, pr\u00e9sentant d\u2019incroyables ar\u00f4mes et notes de caramel, de sucre. Un produit \u00e0 concentration moyenne. L\u00e9gale, cette r\u00e9sine contient moins de 0.2% de THC !","og_url":"https:\/\/atypique.brunotarhan.fr\/index.php\/produit\/resine-cbd-caramello-12-2g\/","og_site_name":"Atypique Concept Store","article_modified_time":"2022-04-18T15:13:31+00:00","twitter_card":"summary_large_image","twitter_misc":{"Dur\u00e9e de lecture estim\u00e9e":"1 minute"},"schema":{"@context":"https:\/\/schema.org","@graph":[{"@type":"WebSite","@id":"https:\/\/atypique.brunotarhan.fr\/#website","url":"https:\/\/atypique.brunotarhan.fr\/","name":"Atypique Concept Store","description":"Just another WordPress site","potentialAction":[{"@type":"SearchAction","target":{"@type":"EntryPoint","urlTemplate":"https:\/\/atypique.brunotarhan.fr\/?s={search_term_string}"},"query-input":"required name=search_term_string"}],"inLanguage":"fr-FR"},{"@type":"ImageObject","@id":"https:\/\/atypique.brunotarhan.fr\/index.php\/produit\/resine-cbd-caramello-12-2g\/#primaryimage","inLanguage":"fr-FR","url":"https:\/\/atypique.brunotarhan.fr\/wp-content\/uploads\/2022\/04\/caramello.png","contentUrl":"https:\/\/atypique.brunotarhan.fr\/wp-content\/uploads\/2022\/04\/caramello.png","width":1920,"height":2560},{"@type":"WebPage","@id":"https:\/\/atypique.brunotarhan.fr\/index.php\/produit\/resine-cbd-caramello-12-2g\/#webpage","url":"https:\/\/atypique.brunotarhan.fr\/index.php\/produit\/resine-cbd-caramello-12-2g\/","name":"R\u00e9sine CBD Caramello 12% - 2g - Atypique Concept Store","isPartOf":{"@id":"https:\/\/atypique.brunotarhan.fr\/#website"},"primaryImageOfPage":{"@id":"https:\/\/atypique.brunotarhan.fr\/index.php\/produit\/resine-cbd-caramello-12-2g\/#primaryimage"},"datePublished":"2022-04-18T15:11:40+00:00","dateModified":"2022-04-18T15:13:31+00:00","breadcrumb":{"@id":"https:\/\/atypique.brunotarhan.fr\/index.php\/produit\/resine-cbd-caramello-12-2g\/#breadcrumb"},"inLanguage":"fr-FR","potentialAction":[{"@type":"ReadAction","target":["https:\/\/atypique.brunotarhan.fr\/index.php\/produit\/resine-cbd-caramello-12-2g\/"]}]},{"@type":"BreadcrumbList","@id":"https:\/\/atypique.brunotarhan.fr\/index.php\/produit\/resine-cbd-caramello-12-2g\/#breadcrumb","itemListElement":[{"@type":"ListItem","position":1,"name":"Accueil","item":"https:\/\/atypique.brunotarhan.fr\/"},{"@type":"ListItem","position":2,"name":""},{"@type":"ListItem","position":3,"name":"R\u00e9sine CBD Caramello 12% &#8211; 2g"}]}]}},"_links":{"self":[{"href":"https:\/\/atypique.brunotarhan.fr\/index.php\/wp-json\/wp\/v2\/product\/15646","targetHints":{"allow":["GET"]}}],"collection":[{"href":"https:\/\/atypique.brunotarhan.fr\/index.php\/wp-json\/wp\/v2\/product"}],"about":[{"href":"https:\/\/atypique.brunotarhan.fr\/index.php\/wp-json\/wp\/v2\/types\/product"}],"replies":[{"embeddable":true,"href":"https:\/\/atypique.brunotarhan.fr\/index.php\/wp-json\/wp\/v2\/comments?post=15646"}],"wp:featuredmedia":[{"embeddable":true,"href":"https:\/\/atypique.brunotarhan.fr\/index.php\/wp-json\/wp\/v2\/media\/14803"}],"wp:attachment":[{"href":"https:\/\/atypique.brunotarhan.fr\/index.php\/wp-json\/wp\/v2\/media?parent=15646"}],"wp:term":[{"taxonomy":"product_cat","embeddable":true,"href":"https:\/\/atypique.brunotarhan.fr\/index.php\/wp-json\/wp\/v2\/product_cat?post=15646"},{"taxonomy":"product_tag","embeddable":true,"href":"https:\/\/atypique.brunotarhan.fr\/index.php\/wp-json\/wp\/v2\/product_tag?post=15646"}],"curies":[{"name":"wp","href":"https:\/\/api.w.org\/{rel}","templated":true}]}}