{"id":15644,"date":"2022-04-18T15:11:35","date_gmt":"2022-04-18T15:11:35","guid":{"rendered":"https:\/\/atypique.brunotarhan.fr\/?post_type=product&#038;p=15644"},"modified":"2022-04-18T15:13:26","modified_gmt":"2022-04-18T15:13:26","slug":"resine-cbd-black-afghan-24-2g","status":"publish","type":"product","link":"https:\/\/atypique.brunotarhan.fr\/index.php\/produit\/resine-cbd-black-afghan-24-2g\/","title":{"rendered":"Resine CBD Black Afghan 24% &#8211; 2g"},"content":{"rendered":"<p>Nous produisons notre chanvre en Aveyron sur notre exploitation agricole. Nous avons renforc\u00e9 notre efficacit\u00e9 par la conception de nos propres machines de transformation dans un respect total de la mati\u00e8re premi\u00e8re.<\/p>\n<p>Notre croissance nous a pouss\u00e9 \u00e0 la cr\u00e9ation d\u2019un laboratoire enti\u00e8rement d\u00e9di\u00e9 \u00e0 notre production nous permettant de r\u00e9aliser des r\u00e9f\u00e9rences CBD et CBG qualitatives et \u00e9videmment 100% Fran\u00e7aises ! \u00bb<\/p>\n<p>R.  Co-fondateur<\/p>\n<p>La r\u00e9f\u00e9rence de r\u00e9sine la plus concentr\u00e9e en actifs de notre gamme !<\/p>\n<p>Pour le r\u00e9aliser, c&#8217;est un processus sp\u00e9cifique de chauffage des trichomes issus d&#8217;une vari\u00e9t\u00e9 de Cannabis Sativa L r\u00e9colt\u00e9e tr\u00e8s tardivement. Cette r\u00e9f\u00e9rence, comme sa cousine La Cr\u00e8me, est fa\u00e7onn\u00e9e et moul\u00e9e \u00e0 la main sous forme de savonnette.<\/p>\n<p>CARACT\u00c9RISTIQUES<br \/>\nCannabino\u00efde majeur : CBD Total 35,79%<br \/>\nCannabino\u00efde mineur : CBG Total 0,37%<br \/>\nAspect : Marron \/ Rouge fonc\u00e9<br \/>\nTexture : Moelleux \/ Gras<br \/>\nType de pression : Moul\u00e9 \u00e0 la main<br \/>\nVari\u00e9t\u00e9 de base : Futura 75 &#8211; Dio\u00efca 88<br \/>\nLaboratoire d&#8217;analyse Fran\u00e7aises : Test-CBD<\/p>\n","protected":false},"excerpt":{"rendered":"<p>ous avez probablement d\u00e9j\u00e0 entendu parler de la r\u00e9sine CBD Black Afghan. Il s\u2019agit d\u2019une vari\u00e9t\u00e9 de hash CBD con\u00e7ue \u00e0 partir d\u2019une fleur de chanvre cultiv\u00e9e de mani\u00e8re naturelle et biologique. Plut\u00f4t compacte, cette r\u00e9sine de CBD d\u00e9voile une couleur sombre, tr\u00e8s noire. Pr\u00e9sentant moins de 0.2% de THC, la r\u00e9sine CBD Black Afghan est connue pour ses ar\u00f4mes poivr\u00e9s et bois\u00e9s.<\/p>\n","protected":false},"featured_media":14863,"comment_status":"open","ping_status":"closed","template":"","meta":[],"product_cat":[59,61],"product_tag":[75,70,77,78,165,164,76],"class_list":["post-15644","product","type-product","status-publish","has-post-thumbnail","hentry","product_cat-cbd","product_cat-solides","product_tag-cannabidiol","product_tag-cbd","product_tag-chanvre","product_tag-huiles","product_tag-resine","product_tag-solide","product_tag-terpenes","berocket_brand-swiss-bud"],"yoast_head":"<!-- This site is optimized with the Yoast SEO plugin v18.0 - https:\/\/yoast.com\/wordpress\/plugins\/seo\/ -->\n<title>Resine CBD Black Afghan 24% - 2g - Atypique Concept Store<\/title>\n<meta name=\"robots\" content=\"index, follow, max-snippet:-1, max-image-preview:large, max-video-preview:-1\" \/>\n<link rel=\"canonical\" href=\"https:\/\/atypique.brunotarhan.fr\/index.php\/produit\/resine-cbd-black-afghan-24-2g\/\" \/>\n<meta property=\"og:locale\" content=\"fr_FR\" \/>\n<meta property=\"og:type\" content=\"article\" \/>\n<meta property=\"og:title\" content=\"Resine CBD Black Afghan 24% - 2g - Atypique Concept Store\" \/>\n<meta property=\"og:description\" content=\"ous avez probablement d\u00e9j\u00e0 entendu parler de la r\u00e9sine CBD Black Afghan. Il s\u2019agit d\u2019une vari\u00e9t\u00e9 de hash CBD con\u00e7ue \u00e0 partir d\u2019une fleur de chanvre cultiv\u00e9e de mani\u00e8re naturelle et biologique. Plut\u00f4t compacte, cette r\u00e9sine de CBD d\u00e9voile une couleur sombre, tr\u00e8s noire. Pr\u00e9sentant moins de 0.2% de THC, la r\u00e9sine CBD Black Afghan est connue pour ses ar\u00f4mes poivr\u00e9s et bois\u00e9s.\" \/>\n<meta property=\"og:url\" content=\"https:\/\/atypique.brunotarhan.fr\/index.php\/produit\/resine-cbd-black-afghan-24-2g\/\" \/>\n<meta property=\"og:site_name\" content=\"Atypique Concept Store\" \/>\n<meta property=\"article:modified_time\" content=\"2022-04-18T15:13:26+00:00\" \/>\n<meta name=\"twitter:card\" content=\"summary_large_image\" \/>\n<meta name=\"twitter:label1\" content=\"Dur\u00e9e de lecture estim\u00e9e\" \/>\n\t<meta name=\"twitter:data1\" content=\"1 minute\" \/>\n<script type=\"application\/ld+json\" class=\"yoast-schema-graph\">{\"@context\":\"https:\/\/schema.org\",\"@graph\":[{\"@type\":\"WebSite\",\"@id\":\"https:\/\/atypique.brunotarhan.fr\/#website\",\"url\":\"https:\/\/atypique.brunotarhan.fr\/\",\"name\":\"Atypique Concept Store\",\"description\":\"Just another WordPress site\",\"potentialAction\":[{\"@type\":\"SearchAction\",\"target\":{\"@type\":\"EntryPoint\",\"urlTemplate\":\"https:\/\/atypique.brunotarhan.fr\/?s={search_term_string}\"},\"query-input\":\"required name=search_term_string\"}],\"inLanguage\":\"fr-FR\"},{\"@type\":\"ImageObject\",\"@id\":\"https:\/\/atypique.brunotarhan.fr\/index.php\/produit\/resine-cbd-black-afghan-24-2g\/#primaryimage\",\"inLanguage\":\"fr-FR\",\"url\":\"https:\/\/atypique.brunotarhan.fr\/wp-content\/uploads\/2022\/04\/black-afghan.png\",\"contentUrl\":\"https:\/\/atypique.brunotarhan.fr\/wp-content\/uploads\/2022\/04\/black-afghan.png\",\"width\":1920,\"height\":2560},{\"@type\":\"WebPage\",\"@id\":\"https:\/\/atypique.brunotarhan.fr\/index.php\/produit\/resine-cbd-black-afghan-24-2g\/#webpage\",\"url\":\"https:\/\/atypique.brunotarhan.fr\/index.php\/produit\/resine-cbd-black-afghan-24-2g\/\",\"name\":\"Resine CBD Black Afghan 24% - 2g - Atypique Concept Store\",\"isPartOf\":{\"@id\":\"https:\/\/atypique.brunotarhan.fr\/#website\"},\"primaryImageOfPage\":{\"@id\":\"https:\/\/atypique.brunotarhan.fr\/index.php\/produit\/resine-cbd-black-afghan-24-2g\/#primaryimage\"},\"datePublished\":\"2022-04-18T15:11:35+00:00\",\"dateModified\":\"2022-04-18T15:13:26+00:00\",\"breadcrumb\":{\"@id\":\"https:\/\/atypique.brunotarhan.fr\/index.php\/produit\/resine-cbd-black-afghan-24-2g\/#breadcrumb\"},\"inLanguage\":\"fr-FR\",\"potentialAction\":[{\"@type\":\"ReadAction\",\"target\":[\"https:\/\/atypique.brunotarhan.fr\/index.php\/produit\/resine-cbd-black-afghan-24-2g\/\"]}]},{\"@type\":\"BreadcrumbList\",\"@id\":\"https:\/\/atypique.brunotarhan.fr\/index.php\/produit\/resine-cbd-black-afghan-24-2g\/#breadcrumb\",\"itemListElement\":[{\"@type\":\"ListItem\",\"position\":1,\"name\":\"Accueil\",\"item\":\"https:\/\/atypique.brunotarhan.fr\/\"},{\"@type\":\"ListItem\",\"position\":2,\"name\":\"\"},{\"@type\":\"ListItem\",\"position\":3,\"name\":\"Resine CBD Black Afghan 24% &#8211; 2g\"}]}]}<\/script>\n<!-- \/ Yoast SEO plugin. -->","yoast_head_json":{"title":"Resine CBD Black Afghan 24% - 2g - Atypique Concept Store","robots":{"index":"index","follow":"follow","max-snippet":"max-snippet:-1","max-image-preview":"max-image-preview:large","max-video-preview":"max-video-preview:-1"},"canonical":"https:\/\/atypique.brunotarhan.fr\/index.php\/produit\/resine-cbd-black-afghan-24-2g\/","og_locale":"fr_FR","og_type":"article","og_title":"Resine CBD Black Afghan 24% - 2g - Atypique Concept Store","og_description":"ous avez probablement d\u00e9j\u00e0 entendu parler de la r\u00e9sine CBD Black Afghan. Il s\u2019agit d\u2019une vari\u00e9t\u00e9 de hash CBD con\u00e7ue \u00e0 partir d\u2019une fleur de chanvre cultiv\u00e9e de mani\u00e8re naturelle et biologique. Plut\u00f4t compacte, cette r\u00e9sine de CBD d\u00e9voile une couleur sombre, tr\u00e8s noire. Pr\u00e9sentant moins de 0.2% de THC, la r\u00e9sine CBD Black Afghan est connue pour ses ar\u00f4mes poivr\u00e9s et bois\u00e9s.","og_url":"https:\/\/atypique.brunotarhan.fr\/index.php\/produit\/resine-cbd-black-afghan-24-2g\/","og_site_name":"Atypique Concept Store","article_modified_time":"2022-04-18T15:13:26+00:00","twitter_card":"summary_large_image","twitter_misc":{"Dur\u00e9e de lecture estim\u00e9e":"1 minute"},"schema":{"@context":"https:\/\/schema.org","@graph":[{"@type":"WebSite","@id":"https:\/\/atypique.brunotarhan.fr\/#website","url":"https:\/\/atypique.brunotarhan.fr\/","name":"Atypique Concept Store","description":"Just another WordPress site","potentialAction":[{"@type":"SearchAction","target":{"@type":"EntryPoint","urlTemplate":"https:\/\/atypique.brunotarhan.fr\/?s={search_term_string}"},"query-input":"required name=search_term_string"}],"inLanguage":"fr-FR"},{"@type":"ImageObject","@id":"https:\/\/atypique.brunotarhan.fr\/index.php\/produit\/resine-cbd-black-afghan-24-2g\/#primaryimage","inLanguage":"fr-FR","url":"https:\/\/atypique.brunotarhan.fr\/wp-content\/uploads\/2022\/04\/black-afghan.png","contentUrl":"https:\/\/atypique.brunotarhan.fr\/wp-content\/uploads\/2022\/04\/black-afghan.png","width":1920,"height":2560},{"@type":"WebPage","@id":"https:\/\/atypique.brunotarhan.fr\/index.php\/produit\/resine-cbd-black-afghan-24-2g\/#webpage","url":"https:\/\/atypique.brunotarhan.fr\/index.php\/produit\/resine-cbd-black-afghan-24-2g\/","name":"Resine CBD Black Afghan 24% - 2g - Atypique Concept Store","isPartOf":{"@id":"https:\/\/atypique.brunotarhan.fr\/#website"},"primaryImageOfPage":{"@id":"https:\/\/atypique.brunotarhan.fr\/index.php\/produit\/resine-cbd-black-afghan-24-2g\/#primaryimage"},"datePublished":"2022-04-18T15:11:35+00:00","dateModified":"2022-04-18T15:13:26+00:00","breadcrumb":{"@id":"https:\/\/atypique.brunotarhan.fr\/index.php\/produit\/resine-cbd-black-afghan-24-2g\/#breadcrumb"},"inLanguage":"fr-FR","potentialAction":[{"@type":"ReadAction","target":["https:\/\/atypique.brunotarhan.fr\/index.php\/produit\/resine-cbd-black-afghan-24-2g\/"]}]},{"@type":"BreadcrumbList","@id":"https:\/\/atypique.brunotarhan.fr\/index.php\/produit\/resine-cbd-black-afghan-24-2g\/#breadcrumb","itemListElement":[{"@type":"ListItem","position":1,"name":"Accueil","item":"https:\/\/atypique.brunotarhan.fr\/"},{"@type":"ListItem","position":2,"name":""},{"@type":"ListItem","position":3,"name":"Resine CBD Black Afghan 24% &#8211; 2g"}]}]}},"_links":{"self":[{"href":"https:\/\/atypique.brunotarhan.fr\/index.php\/wp-json\/wp\/v2\/product\/15644","targetHints":{"allow":["GET"]}}],"collection":[{"href":"https:\/\/atypique.brunotarhan.fr\/index.php\/wp-json\/wp\/v2\/product"}],"about":[{"href":"https:\/\/atypique.brunotarhan.fr\/index.php\/wp-json\/wp\/v2\/types\/product"}],"replies":[{"embeddable":true,"href":"https:\/\/atypique.brunotarhan.fr\/index.php\/wp-json\/wp\/v2\/comments?post=15644"}],"wp:featuredmedia":[{"embeddable":true,"href":"https:\/\/atypique.brunotarhan.fr\/index.php\/wp-json\/wp\/v2\/media\/14863"}],"wp:attachment":[{"href":"https:\/\/atypique.brunotarhan.fr\/index.php\/wp-json\/wp\/v2\/media?parent=15644"}],"wp:term":[{"taxonomy":"product_cat","embeddable":true,"href":"https:\/\/atypique.brunotarhan.fr\/index.php\/wp-json\/wp\/v2\/product_cat?post=15644"},{"taxonomy":"product_tag","embeddable":true,"href":"https:\/\/atypique.brunotarhan.fr\/index.php\/wp-json\/wp\/v2\/product_tag?post=15644"}],"curies":[{"name":"wp","href":"https:\/\/api.w.org\/{rel}","templated":true}]}}