{"id":15643,"date":"2022-04-18T15:11:32","date_gmt":"2022-04-18T15:11:32","guid":{"rendered":"https:\/\/atypique.brunotarhan.fr\/?post_type=product&#038;p=15643"},"modified":"2022-04-18T15:13:21","modified_gmt":"2022-04-18T15:13:21","slug":"resine-cbg-aya-12-2g","status":"publish","type":"product","link":"https:\/\/atypique.brunotarhan.fr\/index.php\/produit\/resine-cbg-aya-12-2g\/","title":{"rendered":"Resine CBG Aya 12% &#8211; 2g"},"content":{"rendered":"<p>Nous produisons notre chanvre en Aveyron sur notre exploitation agricole. Nous avons renforc\u00e9 notre efficacit\u00e9 par la conception de nos propres machines de transformation dans un respect total de la mati\u00e8re premi\u00e8re.<\/p>\n<p>Notre croissance nous a pouss\u00e9 \u00e0 la cr\u00e9ation d\u2019un laboratoire enti\u00e8rement d\u00e9di\u00e9 \u00e0 notre production nous permettant de r\u00e9aliser des r\u00e9f\u00e9rences CBD et CBG qualitatives et \u00e9videmment 100% Fran\u00e7aises ! \u00bb<\/p>\n<p>R.  Co-fondateur<\/p>\n<p>Cette r\u00e9f\u00e9rence est r\u00e9alis\u00e9e avec Le Popo CBG tamis\u00e9 \u00e0 temp\u00e9rature n\u00e9gative, puis il est conditionn\u00e9 avant l\u2019\u00e9tape de pressage \u00e0 froid afin de pr\u00e9server sa texture, sa couleur et l\u2019ensemble de ses principes actifs.<\/p>\n<p>CARACT\u00c9RISTIQUES<br \/>\nCannabino\u00efde majeur : CBG Total 17,86%<br \/>\nCannabino\u00efde mineur : CBD Total 1,30%<br \/>\nAspect : Jaune<br \/>\nTexture : Cr\u00e9meux\/Friable<br \/>\nType de pression : \u00e0 froid<br \/>\nVari\u00e9t\u00e9 de base : Santhica 70<br \/>\nLaboratoire d&#8217;analyse Fran\u00e7aises : Test-CBD<\/p>\n<p>\u2013 SAVEURS \u2013<br \/>\nSaveur authentique du cannabis avec des notes florales et terreuses.<\/p>\n<p>\u2013 ASPECT \u2013<br \/>\nDe couleur jaune clair et des cristaux tr\u00e8s fin et l\u00e9g\u00e8rement gras conf\u00e8re une texture mousseuse<\/p>\n<p>\u2013 EFFETS ET PROFIL DES CANNABINO\u00cfDES \u2013<br \/>\nCe produit procure une d\u00e9tente physique forte gr\u00e2ce \u00e0 un taux \u00e9lev\u00e9 de CBG (7%) combin\u00e9 \u00e0 un taux mod\u00e9r\u00e9 de CBD (9%) qui aide \u00e0 r\u00e9duire l\u2019anxi\u00e9t\u00e9.<br \/>\nTHC < 0,2%\n<\/p>\n","protected":false},"excerpt":{"rendered":"<p>La r\u00e9sine AYA CBG est compos\u00e9e d\u2019un joli pollen bien compress\u00e9 qui ravira les amateurs de saveurs florales et terreuses recherchant des effets puissants. La combinaison d\u2019un taux mod\u00e9r\u00e9 de CBD et de CBG permet une combinaison des effets gr\u00e2ce \u00e0 un spectre large de cannabinoides. Un produit parfait pour les amoureux du pollen en g\u00e9n\u00e9ral.<\/p>\n<p>Cette derni\u00e8re pr\u00e9sente de fortes teneurs en cannabigerol, un cannabino\u00efde issu de la plante de cannabis. Un hash d\u2019un nouveau genre, que nous vous invitons \u00e0 d\u00e9couvrir et \u00e0 faire tester \u00e0 votre client\u00e8le. Pr\u00e9sentant un go\u00fbt terreux, relativement doux, l\u2019Aya CBG lorsqu\u2019elle est consomm\u00e9e, suppose d\u00e9tente et relaxation.<\/p>\n","protected":false},"featured_media":14827,"comment_status":"open","ping_status":"closed","template":"","meta":[],"product_cat":[59,61],"product_tag":[75,70,77,78,165,164,76],"class_list":["post-15643","product","type-product","status-publish","has-post-thumbnail","hentry","product_cat-cbd","product_cat-solides","product_tag-cannabidiol","product_tag-cbd","product_tag-chanvre","product_tag-huiles","product_tag-resine","product_tag-solide","product_tag-terpenes","berocket_brand-swiss-bud"],"yoast_head":"<!-- This site is optimized with the Yoast SEO plugin v18.0 - https:\/\/yoast.com\/wordpress\/plugins\/seo\/ -->\n<title>Resine CBG Aya 12% - 2g - Atypique Concept Store<\/title>\n<meta name=\"robots\" content=\"index, follow, max-snippet:-1, max-image-preview:large, max-video-preview:-1\" \/>\n<link rel=\"canonical\" href=\"https:\/\/atypique.brunotarhan.fr\/index.php\/produit\/resine-cbg-aya-12-2g\/\" \/>\n<meta property=\"og:locale\" content=\"fr_FR\" \/>\n<meta property=\"og:type\" content=\"article\" \/>\n<meta property=\"og:title\" content=\"Resine CBG Aya 12% - 2g - Atypique Concept Store\" \/>\n<meta property=\"og:description\" content=\"La r\u00e9sine AYA CBG est compos\u00e9e d\u2019un joli pollen bien compress\u00e9 qui ravira les amateurs de saveurs florales et terreuses recherchant des effets puissants. La combinaison d\u2019un taux mod\u00e9r\u00e9 de CBD et de CBG permet une combinaison des effets gr\u00e2ce \u00e0 un spectre large de cannabinoides. Un produit parfait pour les amoureux du pollen en g\u00e9n\u00e9ral. Cette derni\u00e8re pr\u00e9sente de fortes teneurs en cannabigerol, un cannabino\u00efde issu de la plante de cannabis. Un hash d\u2019un nouveau genre, que nous vous invitons \u00e0 d\u00e9couvrir et \u00e0 faire tester \u00e0 votre client\u00e8le. Pr\u00e9sentant un go\u00fbt terreux, relativement doux, l\u2019Aya CBG lorsqu\u2019elle est consomm\u00e9e, suppose d\u00e9tente et relaxation.\" \/>\n<meta property=\"og:url\" content=\"https:\/\/atypique.brunotarhan.fr\/index.php\/produit\/resine-cbg-aya-12-2g\/\" \/>\n<meta property=\"og:site_name\" content=\"Atypique Concept Store\" \/>\n<meta property=\"article:modified_time\" content=\"2022-04-18T15:13:21+00:00\" \/>\n<meta name=\"twitter:card\" content=\"summary_large_image\" \/>\n<meta name=\"twitter:label1\" content=\"Dur\u00e9e de lecture estim\u00e9e\" \/>\n\t<meta name=\"twitter:data1\" content=\"1 minute\" \/>\n<script type=\"application\/ld+json\" class=\"yoast-schema-graph\">{\"@context\":\"https:\/\/schema.org\",\"@graph\":[{\"@type\":\"WebSite\",\"@id\":\"https:\/\/atypique.brunotarhan.fr\/#website\",\"url\":\"https:\/\/atypique.brunotarhan.fr\/\",\"name\":\"Atypique Concept Store\",\"description\":\"Just another WordPress site\",\"potentialAction\":[{\"@type\":\"SearchAction\",\"target\":{\"@type\":\"EntryPoint\",\"urlTemplate\":\"https:\/\/atypique.brunotarhan.fr\/?s={search_term_string}\"},\"query-input\":\"required name=search_term_string\"}],\"inLanguage\":\"fr-FR\"},{\"@type\":\"ImageObject\",\"@id\":\"https:\/\/atypique.brunotarhan.fr\/index.php\/produit\/resine-cbg-aya-12-2g\/#primaryimage\",\"inLanguage\":\"fr-FR\",\"url\":\"https:\/\/atypique.brunotarhan.fr\/wp-content\/uploads\/2022\/04\/resine-cbg-AYA.png\",\"contentUrl\":\"https:\/\/atypique.brunotarhan.fr\/wp-content\/uploads\/2022\/04\/resine-cbg-AYA.png\",\"width\":1080,\"height\":1080},{\"@type\":\"WebPage\",\"@id\":\"https:\/\/atypique.brunotarhan.fr\/index.php\/produit\/resine-cbg-aya-12-2g\/#webpage\",\"url\":\"https:\/\/atypique.brunotarhan.fr\/index.php\/produit\/resine-cbg-aya-12-2g\/\",\"name\":\"Resine CBG Aya 12% - 2g - Atypique Concept Store\",\"isPartOf\":{\"@id\":\"https:\/\/atypique.brunotarhan.fr\/#website\"},\"primaryImageOfPage\":{\"@id\":\"https:\/\/atypique.brunotarhan.fr\/index.php\/produit\/resine-cbg-aya-12-2g\/#primaryimage\"},\"datePublished\":\"2022-04-18T15:11:32+00:00\",\"dateModified\":\"2022-04-18T15:13:21+00:00\",\"breadcrumb\":{\"@id\":\"https:\/\/atypique.brunotarhan.fr\/index.php\/produit\/resine-cbg-aya-12-2g\/#breadcrumb\"},\"inLanguage\":\"fr-FR\",\"potentialAction\":[{\"@type\":\"ReadAction\",\"target\":[\"https:\/\/atypique.brunotarhan.fr\/index.php\/produit\/resine-cbg-aya-12-2g\/\"]}]},{\"@type\":\"BreadcrumbList\",\"@id\":\"https:\/\/atypique.brunotarhan.fr\/index.php\/produit\/resine-cbg-aya-12-2g\/#breadcrumb\",\"itemListElement\":[{\"@type\":\"ListItem\",\"position\":1,\"name\":\"Accueil\",\"item\":\"https:\/\/atypique.brunotarhan.fr\/\"},{\"@type\":\"ListItem\",\"position\":2,\"name\":\"\"},{\"@type\":\"ListItem\",\"position\":3,\"name\":\"Resine CBG Aya 12% &#8211; 2g\"}]}]}<\/script>\n<!-- \/ Yoast SEO plugin. -->","yoast_head_json":{"title":"Resine CBG Aya 12% - 2g - Atypique Concept Store","robots":{"index":"index","follow":"follow","max-snippet":"max-snippet:-1","max-image-preview":"max-image-preview:large","max-video-preview":"max-video-preview:-1"},"canonical":"https:\/\/atypique.brunotarhan.fr\/index.php\/produit\/resine-cbg-aya-12-2g\/","og_locale":"fr_FR","og_type":"article","og_title":"Resine CBG Aya 12% - 2g - Atypique Concept Store","og_description":"La r\u00e9sine AYA CBG est compos\u00e9e d\u2019un joli pollen bien compress\u00e9 qui ravira les amateurs de saveurs florales et terreuses recherchant des effets puissants. La combinaison d\u2019un taux mod\u00e9r\u00e9 de CBD et de CBG permet une combinaison des effets gr\u00e2ce \u00e0 un spectre large de cannabinoides. Un produit parfait pour les amoureux du pollen en g\u00e9n\u00e9ral. Cette derni\u00e8re pr\u00e9sente de fortes teneurs en cannabigerol, un cannabino\u00efde issu de la plante de cannabis. Un hash d\u2019un nouveau genre, que nous vous invitons \u00e0 d\u00e9couvrir et \u00e0 faire tester \u00e0 votre client\u00e8le. Pr\u00e9sentant un go\u00fbt terreux, relativement doux, l\u2019Aya CBG lorsqu\u2019elle est consomm\u00e9e, suppose d\u00e9tente et relaxation.","og_url":"https:\/\/atypique.brunotarhan.fr\/index.php\/produit\/resine-cbg-aya-12-2g\/","og_site_name":"Atypique Concept Store","article_modified_time":"2022-04-18T15:13:21+00:00","twitter_card":"summary_large_image","twitter_misc":{"Dur\u00e9e de lecture estim\u00e9e":"1 minute"},"schema":{"@context":"https:\/\/schema.org","@graph":[{"@type":"WebSite","@id":"https:\/\/atypique.brunotarhan.fr\/#website","url":"https:\/\/atypique.brunotarhan.fr\/","name":"Atypique Concept Store","description":"Just another WordPress site","potentialAction":[{"@type":"SearchAction","target":{"@type":"EntryPoint","urlTemplate":"https:\/\/atypique.brunotarhan.fr\/?s={search_term_string}"},"query-input":"required name=search_term_string"}],"inLanguage":"fr-FR"},{"@type":"ImageObject","@id":"https:\/\/atypique.brunotarhan.fr\/index.php\/produit\/resine-cbg-aya-12-2g\/#primaryimage","inLanguage":"fr-FR","url":"https:\/\/atypique.brunotarhan.fr\/wp-content\/uploads\/2022\/04\/resine-cbg-AYA.png","contentUrl":"https:\/\/atypique.brunotarhan.fr\/wp-content\/uploads\/2022\/04\/resine-cbg-AYA.png","width":1080,"height":1080},{"@type":"WebPage","@id":"https:\/\/atypique.brunotarhan.fr\/index.php\/produit\/resine-cbg-aya-12-2g\/#webpage","url":"https:\/\/atypique.brunotarhan.fr\/index.php\/produit\/resine-cbg-aya-12-2g\/","name":"Resine CBG Aya 12% - 2g - Atypique Concept Store","isPartOf":{"@id":"https:\/\/atypique.brunotarhan.fr\/#website"},"primaryImageOfPage":{"@id":"https:\/\/atypique.brunotarhan.fr\/index.php\/produit\/resine-cbg-aya-12-2g\/#primaryimage"},"datePublished":"2022-04-18T15:11:32+00:00","dateModified":"2022-04-18T15:13:21+00:00","breadcrumb":{"@id":"https:\/\/atypique.brunotarhan.fr\/index.php\/produit\/resine-cbg-aya-12-2g\/#breadcrumb"},"inLanguage":"fr-FR","potentialAction":[{"@type":"ReadAction","target":["https:\/\/atypique.brunotarhan.fr\/index.php\/produit\/resine-cbg-aya-12-2g\/"]}]},{"@type":"BreadcrumbList","@id":"https:\/\/atypique.brunotarhan.fr\/index.php\/produit\/resine-cbg-aya-12-2g\/#breadcrumb","itemListElement":[{"@type":"ListItem","position":1,"name":"Accueil","item":"https:\/\/atypique.brunotarhan.fr\/"},{"@type":"ListItem","position":2,"name":""},{"@type":"ListItem","position":3,"name":"Resine CBG Aya 12% &#8211; 2g"}]}]}},"_links":{"self":[{"href":"https:\/\/atypique.brunotarhan.fr\/index.php\/wp-json\/wp\/v2\/product\/15643","targetHints":{"allow":["GET"]}}],"collection":[{"href":"https:\/\/atypique.brunotarhan.fr\/index.php\/wp-json\/wp\/v2\/product"}],"about":[{"href":"https:\/\/atypique.brunotarhan.fr\/index.php\/wp-json\/wp\/v2\/types\/product"}],"replies":[{"embeddable":true,"href":"https:\/\/atypique.brunotarhan.fr\/index.php\/wp-json\/wp\/v2\/comments?post=15643"}],"wp:featuredmedia":[{"embeddable":true,"href":"https:\/\/atypique.brunotarhan.fr\/index.php\/wp-json\/wp\/v2\/media\/14827"}],"wp:attachment":[{"href":"https:\/\/atypique.brunotarhan.fr\/index.php\/wp-json\/wp\/v2\/media?parent=15643"}],"wp:term":[{"taxonomy":"product_cat","embeddable":true,"href":"https:\/\/atypique.brunotarhan.fr\/index.php\/wp-json\/wp\/v2\/product_cat?post=15643"},{"taxonomy":"product_tag","embeddable":true,"href":"https:\/\/atypique.brunotarhan.fr\/index.php\/wp-json\/wp\/v2\/product_tag?post=15643"}],"curies":[{"name":"wp","href":"https:\/\/api.w.org\/{rel}","templated":true}]}}