{"id":15640,"date":"2022-04-18T15:11:17","date_gmt":"2022-04-18T15:11:17","guid":{"rendered":"https:\/\/atypique.brunotarhan.fr\/?post_type=product&#038;p=15640"},"modified":"2022-04-18T15:13:14","modified_gmt":"2022-04-18T15:13:14","slug":"huile-de-cbd-20-aromatisee","status":"publish","type":"product","link":"https:\/\/atypique.brunotarhan.fr\/index.php\/produit\/huile-de-cbd-20-aromatisee\/","title":{"rendered":"Huile de CBD 20% \u2013 Aromatis\u00e9e"},"content":{"rendered":"<p>Notre huile de CBD au chanvre naturel cb\u2019d\u00e9 contient 20% de CBD (soit 2000mg).<br \/>\nCe produit est fortement dos\u00e9 en CBD, il conviendra mieux \u00e0 des personnes n\u00e9cessitant un effet long et\/ou profond. <\/p>\n<p>Nous sommes fiers de vous pr\u00e9senter notre gamme d\u2019huile bien-\u00eatre CBD certifi\u00e9e 100% fran\u00e7aise, fabriqu\u00e9e en r\u00e9gion Auvergne-Rh\u00f4ne-Alpes. Nos huiles de CBD cb\u2019d\u00e9 sont issues de Chanvre cultiv\u00e9 de mani\u00e8re totalement biologique en Bretagne.<\/p>\n<p>L\u2019huile de Chanvre permet une ingestion plus lente du CBD par l\u2019organisme, vous pouvez donc s\u00e9lectionner ce qui vous convient le mieux dans la gamme cb\u2019d\u00e9 !<br \/>\nL\u2019huile de Coco, contrairement \u00e0 l\u2019huile de Chanvre permet une ingestion plus rapide du CBD par l\u2019organisme; conviendra mieux aux personnes n\u00e9cessitant un effet rapide et\/ou r\u00e9gulier. <\/p>\n<p>Teneur en CBD : Bouteille 10ml \u2013 20% de CBD = 2000mg de CBD (env. 200 gouttes pour 10ml = 10 mg\/goutte).<\/p>\n<p>Nos huiles de CBD 20%, sont des produits avec une teneur en CBD \u00e9lev\u00e9e. Elles conviennent particuli\u00e8rement aux personnes ayant une besoin important de CBD tels que les sportifs de haut-niveau (ex: pour la fatigue musculaire, les douleurs musculaires ou osseuses\u2026). <\/p>\n<p>Produits contr\u00f4l\u00e9s par un laboratoire ind\u00e9pendant pour garantir des produits 100% l\u00e9gaux.<br \/>\nProduit non destin\u00e9 aux femmes enceintes ou allaitantes, vente interdite aux mineurs.<br \/>\nUtilisation : ne pas fumer<br \/>\nPosologie selon la corpulence de l\u2019individu, tout d\u00e9pend du ressenti et du besoin.<br \/>\nAttention ces huiles ne sont pas un m\u00e9dicament, pour les cas particuliers il est pr\u00e9f\u00e9rable d\u2019en parler avec votre m\u00e9decin avant usage.<\/p>\n<p>Tout savoir sur l\u2019huile de CBD 20%<br \/>\nL\u2019huile de CBD 20% est un produit qui commence \u00e0 avoir une forte concentration en cannabidiol. En effet, avec une concentration totale de 2000mg de CBD, cette huile est g\u00e9n\u00e9ralement conseill\u00e9e pour des pathologies lourdes. Fabriqu\u00e9e \u00e0 partir de chanvre biologique, elle est 100% naturelle et 100% fran\u00e7aise, de la culture \u00e0 la fabrication.<\/p>\n<p>Quel pourcentage de CBD choisir ?<br \/>\nPour mieux comprendre les diff\u00e9rents pourcentages de CBD disponibles pour nos huiles de CBD, nous avons r\u00e9sum\u00e9 le lien entre pourcentage et concentration en cannabidiol dans le tableau ci-dessous, on vous explique.<\/p>\n<p>Prenons l\u2019exemple de l\u2019huile de CBD 20%, dans une bouteille de 10ml, cela nous fait un total de 2000mg de CBD, 10ml d\u2019huile correspondant \u00e0 200 gouttes, nous avons donc une concentration de 10mg de cannabidiol par goutte d\u2019huile.<br \/>\nVous pouvez effectuer le m\u00eame calcul pour tous les pourcentages disponibles, le principe est le m\u00eame. Le pourcentage d\u2019une huile de CBD correspond donc \u00e0 sa teneur en cannabidiol, plus ou moins \u00e9lev\u00e9e selon le pourcentage choisi. <\/p>\n<p>Nous recommandons les huiles \u00e0 bas pourcentages pour des pathologies l\u00e9g\u00e8res et pour les personnes souhaitant d\u00e9couvrir le CBD. Les huiles avec des pourcentages plus \u00e9lev\u00e9s sont recommand\u00e9es pour des personnes ayant des pathologies plus lourdes et\/ou qui sont d\u00e9j\u00e0 familier dans l\u2019utilisation du CBD (arthrose, fibromyalgie\u2026).<\/p>\n<p>Cependant, monter en pourcentage en ce qui concerne les huiles permet aussi simplement de r\u00e9guler et adapter sa prise. Une huile avec un pourcentage \u00e9lev\u00e9 comme l\u2019huile de CBD 20% permet \u00e0 une personne prenant du cannabidiol sur une base de 40mg par exemple, de ne prendre que quatre gouttes par jour, contre huit si la personne utilisait une huile 10%. Cela permet donc de rendre la prise d\u2019huile moins contraignante au quotidien, et \u00e7a rallonge la dur\u00e9e de vie de la bouteille.<\/p>\n<p>Comment doser l\u2019huile de CBD ?<br \/>\nC\u2019est la grande question, comment doser l\u2019huile de CBD 20% ? Cela va d\u00e9pendre de diff\u00e9rents facteurs dont un en particulier, votre corps. En effet, m\u00eame si nous pouvons proposer des posologies selon les pathologies (plus ou moins lourdes), l\u2019un des \u00e9l\u00e9ments \u00e0 prendre en compte est votre corps humain car chaque m\u00e9tabolisme est diff\u00e9rent. Celui-ci va absorber et g\u00e9rer le cannabidiol d\u2019une certaine mani\u00e8re qui sera propre \u00e0 chacun, c\u2019est pour cela qu\u2019il est important de commencer bas, puis de monter crescendo afin de trouver le dosage dont votre corps \u00e0 besoin afin de tirer le plus de bienfaits possibles du CBD, sans surconsommer car cela engendrerait des d\u00e9penses sup\u00e9rieures, aucun int\u00e9r\u00eat. <\/p>\n<p>Nous allons vous proposer diff\u00e9rentes approches et dosages de CBD selon les pathologies\/besoins plut\u00f4t que de vous proposer un pourcentage d\u2019huile pour un besoin, puisque comme on l\u2019a vu, la diff\u00e9rence entre les pourcentages d\u2019huile de CBD plus ou moins \u00e9lev\u00e9s r\u00e9side presque uniquement dans le nombre de gouttes \u00e0 administrer.<\/p>\n<p>En suivant notre exemple sur l\u2019huile de CBD 20%, vous pouvez donc utiliser cette huile pour les recommandations ci-dessous, tout reposera sur le nombre de gouttes \u00e0 prendre en fonction du taux de CBD (en mg) pr\u00e9conis\u00e9.<\/p>\n<p>D\u00e9couverte du CBD \u2013 Pas de pathologies particuli\u00e8res :<br \/>\n30 \u00e0 40mg de CBD par jour<br \/>\nD\u00e9couverte du CBD \u2013 Pathologies dites \u00ab l\u00e9g\u00e8res \u00bb (trouble du sommeil, douleurs l\u00e9g\u00e8res\u2026)<br \/>\n40 \u00e0 60mg de CBD par jour<br \/>\nPathologies plus lourdes \u2013 Besoin de CBD pour douleurs, crises et soutient (arthrose, fibromyalgie, Crohn\u2026)<br \/>\n60 \u00e0 160mg de CBD par jour<br \/>\nPersonne connaissant le CBD \u2013 Avec avis m\u00e9dical favorable pour la pathologie trait\u00e9e<br \/>\nCommencer avec 80mg de CBD par jour et ajuster par la suite selon les besoins et le ressenti <\/p>\n<p>Toujours bien prendre en compte que ces dosages ne sont que des pr\u00e9conisations, n\u2019oubliez pas de commencer bas, et d\u2019essayer de comprendre et cerner les besoins de votre corps, le taux qui r\u00e9agit le mieux et qui vous permettra de profiter compl\u00e9tement des bienfaits du CBD. L\u2019huile de CBD 20% pourra vous aider seulement si vous l\u2019utilisez correctement et si vous \u00e9coutez votre corps.<\/p>\n<p>Quand prendre l\u2019huile de CBD ?<br \/>\nNous pr\u00e9conisons de prendre l\u2019huile de CBD 20% quelques minutes apr\u00e8s un repas. En effet, nous conseillons de r\u00e9partir la prise de CBD tout au long de la journ\u00e9e sur une base de trois prises. Une prise le matin, apr\u00e8s le petit d\u00e9jeuner, une le midi apr\u00e8s le repas et une le soir, apr\u00e8s le repas \u00e9galement.<\/p>\n<p>Pourquoi prendre de l\u2019huile de CBD 20% apr\u00e8s un repas ? Tout simplement par ce que le cannabidiol sera plus facilement ing\u00e9r\u00e9 par les muqueuses de votre syst\u00e8me digestif s\u2019il est accompagn\u00e9 de corps gras. L\u2019absorption de CBD sera aussi \u00e9tal\u00e9e tout au long de la digestion ce qui facilitera son action.<\/p>\n<p>Quelle huile de CBD choisir ?<br \/>\nIl y a deux grands types d\u2019huile de CBD 20% :<br \/>\nL\u2019huile nature : Cette huile est compos\u00e9e \u00e0 100% de chanvre, elle va permettre une ingestion du CBD dans l\u2019organisme plus lente et va donc \u00eatre recommand\u00e9e pour les personnes ayant besoin d\u2019un apport de CBD constant.<br \/>\nL\u2019huile de coco : Cette huile de CBD est compos\u00e9e d\u2019huile de chanvre et d\u2019huile de coco. Cette derni\u00e8re vient en support de l\u2019huile de chanvre et permet au CBD d\u2019\u00eatre ing\u00e9r\u00e9 plus rapidement par l\u2019organisme, ce qui permet d\u2019en ressentir les effets plus rapidement. C\u2019est une huile de CBD 20% id\u00e9ale pour les personnes ayant des pathologies avec des crises soudaines, douleurs\u2026<\/p>\n","protected":false},"excerpt":{"rendered":"<p>D\u00e9couvrez vite notre huile de CBD 20%, une huile fortement dos\u00e9e pour profiter pleinement des effets du cannabidiol.<\/p>\n<p>PARFUM : PASSION \u2013 HUILE COCO<br \/>\nCe parfum vous laissera une odeur et un go\u00fbt de fruit de la passion l\u00e9g\u00e8rement sucr\u00e9.<\/p>\n","protected":false},"featured_media":14820,"comment_status":"open","ping_status":"closed","template":"","meta":[],"product_cat":[59,168],"product_tag":[75,70,77,78,165,164,76],"class_list":["post-15640","product","type-product","status-publish","has-post-thumbnail","hentry","product_cat-cbd","product_cat-huiles","product_tag-cannabidiol","product_tag-cbd","product_tag-chanvre","product_tag-huiles","product_tag-resine","product_tag-solide","product_tag-terpenes","berocket_brand-cbde"],"yoast_head":"<!-- This site is optimized with the Yoast SEO plugin v18.0 - https:\/\/yoast.com\/wordpress\/plugins\/seo\/ -->\n<title>Huile de CBD 20% \u2013 Aromatis\u00e9e - Atypique Concept Store<\/title>\n<meta name=\"robots\" content=\"index, follow, max-snippet:-1, max-image-preview:large, max-video-preview:-1\" \/>\n<link rel=\"canonical\" href=\"https:\/\/atypique.brunotarhan.fr\/index.php\/produit\/huile-de-cbd-20-aromatisee\/\" \/>\n<meta property=\"og:locale\" content=\"fr_FR\" \/>\n<meta property=\"og:type\" content=\"article\" \/>\n<meta property=\"og:title\" content=\"Huile de CBD 20% \u2013 Aromatis\u00e9e - Atypique Concept Store\" \/>\n<meta property=\"og:description\" content=\"D\u00e9couvrez vite notre huile de CBD 20%, une huile fortement dos\u00e9e pour profiter pleinement des effets du cannabidiol. PARFUM : PASSION \u2013 HUILE COCO Ce parfum vous laissera une odeur et un go\u00fbt de fruit de la passion l\u00e9g\u00e8rement sucr\u00e9.\" \/>\n<meta property=\"og:url\" content=\"https:\/\/atypique.brunotarhan.fr\/index.php\/produit\/huile-de-cbd-20-aromatisee\/\" \/>\n<meta property=\"og:site_name\" content=\"Atypique Concept Store\" \/>\n<meta property=\"article:modified_time\" content=\"2022-04-18T15:13:14+00:00\" \/>\n<meta name=\"twitter:card\" content=\"summary_large_image\" \/>\n<meta name=\"twitter:label1\" content=\"Dur\u00e9e de lecture estim\u00e9e\" \/>\n\t<meta name=\"twitter:data1\" content=\"6 minutes\" \/>\n<script type=\"application\/ld+json\" class=\"yoast-schema-graph\">{\"@context\":\"https:\/\/schema.org\",\"@graph\":[{\"@type\":\"WebSite\",\"@id\":\"https:\/\/atypique.brunotarhan.fr\/#website\",\"url\":\"https:\/\/atypique.brunotarhan.fr\/\",\"name\":\"Atypique Concept Store\",\"description\":\"Just another WordPress site\",\"potentialAction\":[{\"@type\":\"SearchAction\",\"target\":{\"@type\":\"EntryPoint\",\"urlTemplate\":\"https:\/\/atypique.brunotarhan.fr\/?s={search_term_string}\"},\"query-input\":\"required name=search_term_string\"}],\"inLanguage\":\"fr-FR\"},{\"@type\":\"ImageObject\",\"@id\":\"https:\/\/atypique.brunotarhan.fr\/index.php\/produit\/huile-de-cbd-20-aromatisee\/#primaryimage\",\"inLanguage\":\"fr-FR\",\"url\":\"https:\/\/atypique.brunotarhan.fr\/wp-content\/uploads\/2022\/04\/Huile-FR-passion-20.jpg\",\"contentUrl\":\"https:\/\/atypique.brunotarhan.fr\/wp-content\/uploads\/2022\/04\/Huile-FR-passion-20.jpg\",\"width\":1200,\"height\":1200},{\"@type\":\"WebPage\",\"@id\":\"https:\/\/atypique.brunotarhan.fr\/index.php\/produit\/huile-de-cbd-20-aromatisee\/#webpage\",\"url\":\"https:\/\/atypique.brunotarhan.fr\/index.php\/produit\/huile-de-cbd-20-aromatisee\/\",\"name\":\"Huile de CBD 20% \u2013 Aromatis\u00e9e - Atypique Concept Store\",\"isPartOf\":{\"@id\":\"https:\/\/atypique.brunotarhan.fr\/#website\"},\"primaryImageOfPage\":{\"@id\":\"https:\/\/atypique.brunotarhan.fr\/index.php\/produit\/huile-de-cbd-20-aromatisee\/#primaryimage\"},\"datePublished\":\"2022-04-18T15:11:17+00:00\",\"dateModified\":\"2022-04-18T15:13:14+00:00\",\"breadcrumb\":{\"@id\":\"https:\/\/atypique.brunotarhan.fr\/index.php\/produit\/huile-de-cbd-20-aromatisee\/#breadcrumb\"},\"inLanguage\":\"fr-FR\",\"potentialAction\":[{\"@type\":\"ReadAction\",\"target\":[\"https:\/\/atypique.brunotarhan.fr\/index.php\/produit\/huile-de-cbd-20-aromatisee\/\"]}]},{\"@type\":\"BreadcrumbList\",\"@id\":\"https:\/\/atypique.brunotarhan.fr\/index.php\/produit\/huile-de-cbd-20-aromatisee\/#breadcrumb\",\"itemListElement\":[{\"@type\":\"ListItem\",\"position\":1,\"name\":\"Accueil\",\"item\":\"https:\/\/atypique.brunotarhan.fr\/\"},{\"@type\":\"ListItem\",\"position\":2,\"name\":\"\"},{\"@type\":\"ListItem\",\"position\":3,\"name\":\"Huile de CBD 20% \u2013 Aromatis\u00e9e\"}]}]}<\/script>\n<!-- \/ Yoast SEO plugin. -->","yoast_head_json":{"title":"Huile de CBD 20% \u2013 Aromatis\u00e9e - Atypique Concept Store","robots":{"index":"index","follow":"follow","max-snippet":"max-snippet:-1","max-image-preview":"max-image-preview:large","max-video-preview":"max-video-preview:-1"},"canonical":"https:\/\/atypique.brunotarhan.fr\/index.php\/produit\/huile-de-cbd-20-aromatisee\/","og_locale":"fr_FR","og_type":"article","og_title":"Huile de CBD 20% \u2013 Aromatis\u00e9e - Atypique Concept Store","og_description":"D\u00e9couvrez vite notre huile de CBD 20%, une huile fortement dos\u00e9e pour profiter pleinement des effets du cannabidiol. PARFUM : PASSION \u2013 HUILE COCO Ce parfum vous laissera une odeur et un go\u00fbt de fruit de la passion l\u00e9g\u00e8rement sucr\u00e9.","og_url":"https:\/\/atypique.brunotarhan.fr\/index.php\/produit\/huile-de-cbd-20-aromatisee\/","og_site_name":"Atypique Concept Store","article_modified_time":"2022-04-18T15:13:14+00:00","twitter_card":"summary_large_image","twitter_misc":{"Dur\u00e9e de lecture estim\u00e9e":"6 minutes"},"schema":{"@context":"https:\/\/schema.org","@graph":[{"@type":"WebSite","@id":"https:\/\/atypique.brunotarhan.fr\/#website","url":"https:\/\/atypique.brunotarhan.fr\/","name":"Atypique Concept Store","description":"Just another WordPress site","potentialAction":[{"@type":"SearchAction","target":{"@type":"EntryPoint","urlTemplate":"https:\/\/atypique.brunotarhan.fr\/?s={search_term_string}"},"query-input":"required name=search_term_string"}],"inLanguage":"fr-FR"},{"@type":"ImageObject","@id":"https:\/\/atypique.brunotarhan.fr\/index.php\/produit\/huile-de-cbd-20-aromatisee\/#primaryimage","inLanguage":"fr-FR","url":"https:\/\/atypique.brunotarhan.fr\/wp-content\/uploads\/2022\/04\/Huile-FR-passion-20.jpg","contentUrl":"https:\/\/atypique.brunotarhan.fr\/wp-content\/uploads\/2022\/04\/Huile-FR-passion-20.jpg","width":1200,"height":1200},{"@type":"WebPage","@id":"https:\/\/atypique.brunotarhan.fr\/index.php\/produit\/huile-de-cbd-20-aromatisee\/#webpage","url":"https:\/\/atypique.brunotarhan.fr\/index.php\/produit\/huile-de-cbd-20-aromatisee\/","name":"Huile de CBD 20% \u2013 Aromatis\u00e9e - Atypique Concept Store","isPartOf":{"@id":"https:\/\/atypique.brunotarhan.fr\/#website"},"primaryImageOfPage":{"@id":"https:\/\/atypique.brunotarhan.fr\/index.php\/produit\/huile-de-cbd-20-aromatisee\/#primaryimage"},"datePublished":"2022-04-18T15:11:17+00:00","dateModified":"2022-04-18T15:13:14+00:00","breadcrumb":{"@id":"https:\/\/atypique.brunotarhan.fr\/index.php\/produit\/huile-de-cbd-20-aromatisee\/#breadcrumb"},"inLanguage":"fr-FR","potentialAction":[{"@type":"ReadAction","target":["https:\/\/atypique.brunotarhan.fr\/index.php\/produit\/huile-de-cbd-20-aromatisee\/"]}]},{"@type":"BreadcrumbList","@id":"https:\/\/atypique.brunotarhan.fr\/index.php\/produit\/huile-de-cbd-20-aromatisee\/#breadcrumb","itemListElement":[{"@type":"ListItem","position":1,"name":"Accueil","item":"https:\/\/atypique.brunotarhan.fr\/"},{"@type":"ListItem","position":2,"name":""},{"@type":"ListItem","position":3,"name":"Huile de CBD 20% \u2013 Aromatis\u00e9e"}]}]}},"_links":{"self":[{"href":"https:\/\/atypique.brunotarhan.fr\/index.php\/wp-json\/wp\/v2\/product\/15640","targetHints":{"allow":["GET"]}}],"collection":[{"href":"https:\/\/atypique.brunotarhan.fr\/index.php\/wp-json\/wp\/v2\/product"}],"about":[{"href":"https:\/\/atypique.brunotarhan.fr\/index.php\/wp-json\/wp\/v2\/types\/product"}],"replies":[{"embeddable":true,"href":"https:\/\/atypique.brunotarhan.fr\/index.php\/wp-json\/wp\/v2\/comments?post=15640"}],"wp:featuredmedia":[{"embeddable":true,"href":"https:\/\/atypique.brunotarhan.fr\/index.php\/wp-json\/wp\/v2\/media\/14820"}],"wp:attachment":[{"href":"https:\/\/atypique.brunotarhan.fr\/index.php\/wp-json\/wp\/v2\/media?parent=15640"}],"wp:term":[{"taxonomy":"product_cat","embeddable":true,"href":"https:\/\/atypique.brunotarhan.fr\/index.php\/wp-json\/wp\/v2\/product_cat?post=15640"},{"taxonomy":"product_tag","embeddable":true,"href":"https:\/\/atypique.brunotarhan.fr\/index.php\/wp-json\/wp\/v2\/product_tag?post=15640"}],"curies":[{"name":"wp","href":"https:\/\/api.w.org\/{rel}","templated":true}]}}