{"id":15637,"date":"2022-04-18T15:11:05","date_gmt":"2022-04-18T15:11:05","guid":{"rendered":"https:\/\/atypique.brunotarhan.fr\/?post_type=product&#038;p=15637"},"modified":"2022-04-18T15:13:05","modified_gmt":"2022-04-18T15:13:05","slug":"huile-de-cbd-15-aromatisee","status":"publish","type":"product","link":"https:\/\/atypique.brunotarhan.fr\/index.php\/produit\/huile-de-cbd-15-aromatisee\/","title":{"rendered":"Huile de CBD 15% \u2013 Aromatis\u00e9e"},"content":{"rendered":"<p>Ce produit est une tr\u00e8s bonne alternative pour les personnes utilisant le CBD r\u00e9guli\u00e8rement sans besoin particulier car il poss\u00e8de une concentration moyennement \u00e9lev\u00e9e en cannabidiol.<br \/>\nNous sommes fiers de vous pr\u00e9senter notre gamme d\u2019huile bien-\u00eatre CBD certifi\u00e9e 100% fran\u00e7aise, fabriqu\u00e9e en r\u00e9gion Auvergne-Rh\u00f4ne-Alpes. Nos huiles de CBD cb\u2019d\u00e9 sont issues de Chanvre cultiv\u00e9 de mani\u00e8re totalement biologique en Bretagne.<\/p>\n<p>L\u2019huile de Coco, contrairement \u00e0 l\u2019huile de Chanvre permet une ingestion plus rapide du CBD par l\u2019organisme; conviendra mieux aux personnes n\u00e9cessitant un effet rapide et\/ou r\u00e9gulier. <\/p>\n<p>Teneur en CBD : Bouteille 10ml \u2013 15% de CBD = 1500mg de CBD (env. 200 gouttes pour 10ml = 7,5 mg\/goutte).<\/p>\n<p>Nos huiles de CBD 15%, correspondent \u00e0 une consommation journali\u00e8re de CBD qui commence \u00e0 \u00eatre \u00e9lev\u00e9e. Pour cela adapter vos dosages \u00e0 votre morphologie\/pathologie afin de respecter les dosages pr\u00e9conis\u00e9s (env. 1mg \/ kg suivant le poids de la personne). Ce qui repr\u00e9sente pour une personne entre 52 kg-78 kg environ 10 gouttes par jour de ce pourcentage.<\/p>\n<p>Produits contr\u00f4l\u00e9s par un laboratoire ind\u00e9pendant pour garantir des produits 100% l\u00e9gaux.<br \/>\nProduit non destin\u00e9 aux femmes enceintes ou allaitantes, vente interdite aux mineurs.<br \/>\nUtilisation : ne pas fumer<br \/>\nPosologie selon la corpulence de l\u2019individu, tout d\u00e9pend du ressenti et du besoin.<br \/>\nAttention ces huiles ne sont pas un m\u00e9dicament, pour les cas particuliers il est pr\u00e9f\u00e9rable d\u2019en parler avec votre m\u00e9decin avant usage. <\/p>\n<p>Huile de CBD 15%, nous r\u00e9pondons \u00e0 vos questions !<br \/>\nNotre Huile de CBD 15% est une huile qui commence \u00e0 \u00eatre suffisamment charg\u00e9e en cannabidiol (sachant que l\u2019huile de CBD commence \u00e0 2,5% et termine \u00e0 plus de 30%). C\u2019est donc une huile parfaite pour r\u00e9pondre \u00e0 des pathologies plus ou moins lourdes, mais surtout, elle permet de r\u00e9guler sa posologie correctement afin de ne pas rendre la prise trop contraignante.Nos huiles de CBD sont fabriqu\u00e9es en France \u00e0 partir d\u2019un proc\u00e9d\u00e9 naturel et de plants de chanvre cultiv\u00e9s biologiquement en Bretagne. <\/p>\n<p>Quel pourcentage de CBD choisir ?<\/p>\n<p>Nombreux sont les pourcentages dans le monde du CBD, comme cit\u00e9 un peu plus haut, l\u2019huile de CBD s\u2019\u00e9tant de 2,5% \u00e0 plus de 30%, il peut parfois \u00eatre difficile de s\u2019y retrouver, nous allons donc vous expliquer.<br \/>\nL\u2019huile de CBD, peu importe le pourcentage (concentration de CBD) contient toujours la m\u00eame mol\u00e9cule d\u2019un taux \u00e0 l\u2019autre. La diff\u00e9rence r\u00e9side simplement dans la concentration de cette mol\u00e9cule qui va varier. Si vous prenez une Huile de CBD 15% par exemple, vous aurez trois fois plus de CBD que dans une huile de CBD 5%. Il vous faudra donc prendre trois gouttes d\u2019huile \u00e0 5% pour avoir la m\u00eame concentration que dans une goutte d\u2019huile \u00e0 15%. <\/p>\n<p>Les diff\u00e9rentes concentrations permettent donc de prendre moins de gouttes pour les personnes ayant besoin d\u2019une forte dose de CBD par jour en r\u00e9ponse \u00e0 des pathologies lourdes comme la fibromyalgie ou l\u2019arthrose par exemple. Dans ce cas-l\u00e0, une huile avec un taux de CBD \u00e9lev\u00e9 est plus pratique afin de monter plus rapidement \u00e0 plus de 100mg de CBD par jour sans avoir \u00e0 vider un quart d\u2019une bouteille d\u2019huile \u00e0 5%.<\/p>\n<p>Les pourcentages de CBD \u00e9lev\u00e9s permettent donc de rendre la prise moins contraignante pour les personnes ayant besoin d\u2019un haut taux de CBD journalier. Ils peuvent donc monter en pourcentage afin de prendre moins de gouttes. Ce n\u2019est qu\u2019une question de rapport concentration\/quantit\u00e9.<\/p>\n<p>Comment prendre huile de CBD 15% ?<br \/>\nPrenons l\u2019exemple de l\u2019huile de CBD 15%, dans un flacon de 10ml et avec une concentration de la mol\u00e9cule (cannabidiol) de 15% pour une capacit\u00e9 d\u2019environs 200 gouttes, cela fait 7,5mg de CBD par goutte.<br \/>\nLorsque vous \u00eates bien habitu\u00e9 et accommod\u00e9 \u00e0 la mol\u00e9cule et que vous connaissez votre besoin, vous pouvez choisir de passer \u00e0 un pourcentage sup\u00e9rieur afin de prendre moins de gouttes et de rendre la prise d\u2019huile de CBD 15% moins contraignante \/ plus pratique (absorption de graisse diminu\u00e9e).<br \/>\nSi vous prenez du cannabidiol pour ses bienfaits, il vous reste plus qu\u2019\u00e0 trouver le dosage de CBD journalier qui convient \u00e0 votre corps et \u00e0 votre pathologie. Vous pouvez adapter vos prises en calculant le taux de CBD pr\u00e9sent dans une goutte en fonction du pourcentage de l\u2019huile en question, et vous pouvez donc r\u00e9guler vos prises en fonction du dosage que vous souhaitez atteindre. <\/p>\n<p>Quels sont les bienfaits de l\u2019Huile de CBD 15% ?<br \/>\nL\u2019huile de CBD 15% agit sur l\u2019hom\u00e9ostasie du corps notamment gr\u00e2ce aux r\u00e9cepteurs endocannabino\u00efde permettant la r\u00e9gulation de notre syst\u00e8me neurologique. Le cannabidiol agit donc dans presque tous les domaines (gestion du poids, de l\u2019\u00e9quilibre, de l\u2019anxi\u00e9t\u00e9\u2026), mais il pr\u00e9sente aussi des bienfaits pour diff\u00e9rentes pathologies plus ou moins lourdes, en voici une liste non exhaustive. <\/p>\n<p>Les douleurs dites neuropathiques :Scl\u00e9rose en plaque, Maladie de Crohn, Arthrose \/ Arthrite,<br \/>\nLes d\u00e9r\u00e8glements du m\u00e9tabolisme : Trouble digestif, Diab\u00e8te, Troubles anxieux<br \/>\nAutres pathologies : Schizophr\u00e9nie, Phobies sociales, Angoisse \/ Stress<\/p>\n","protected":false},"excerpt":{"rendered":"<p>PARFUM : PASSION \u2013 HUILE COCO<br \/>\nCe parfum vous laissera une odeur et un go\u00fbt de fruit de la passion l\u00e9g\u00e8rement sucr\u00e9.<\/p>\n","protected":false},"featured_media":14801,"comment_status":"open","ping_status":"closed","template":"","meta":[],"product_cat":[59,168],"product_tag":[75,70,77,78,165,164,76],"class_list":["post-15637","product","type-product","status-publish","has-post-thumbnail","hentry","product_cat-cbd","product_cat-huiles","product_tag-cannabidiol","product_tag-cbd","product_tag-chanvre","product_tag-huiles","product_tag-resine","product_tag-solide","product_tag-terpenes","berocket_brand-cbde"],"yoast_head":"<!-- This site is optimized with the Yoast SEO plugin v18.0 - https:\/\/yoast.com\/wordpress\/plugins\/seo\/ -->\n<title>Huile de CBD 15% \u2013 Aromatis\u00e9e - Atypique Concept Store<\/title>\n<meta name=\"robots\" content=\"index, follow, max-snippet:-1, max-image-preview:large, max-video-preview:-1\" \/>\n<link rel=\"canonical\" href=\"https:\/\/atypique.brunotarhan.fr\/index.php\/produit\/huile-de-cbd-15-aromatisee\/\" \/>\n<meta property=\"og:locale\" content=\"fr_FR\" \/>\n<meta property=\"og:type\" content=\"article\" \/>\n<meta property=\"og:title\" content=\"Huile de CBD 15% \u2013 Aromatis\u00e9e - Atypique Concept Store\" \/>\n<meta property=\"og:description\" content=\"PARFUM : PASSION \u2013 HUILE COCO Ce parfum vous laissera une odeur et un go\u00fbt de fruit de la passion l\u00e9g\u00e8rement sucr\u00e9.\" \/>\n<meta property=\"og:url\" content=\"https:\/\/atypique.brunotarhan.fr\/index.php\/produit\/huile-de-cbd-15-aromatisee\/\" \/>\n<meta property=\"og:site_name\" content=\"Atypique Concept Store\" \/>\n<meta property=\"article:modified_time\" content=\"2022-04-18T15:13:05+00:00\" \/>\n<meta name=\"twitter:card\" content=\"summary_large_image\" \/>\n<meta name=\"twitter:label1\" content=\"Dur\u00e9e de lecture estim\u00e9e\" \/>\n\t<meta name=\"twitter:data1\" content=\"4 minutes\" \/>\n<script type=\"application\/ld+json\" class=\"yoast-schema-graph\">{\"@context\":\"https:\/\/schema.org\",\"@graph\":[{\"@type\":\"WebSite\",\"@id\":\"https:\/\/atypique.brunotarhan.fr\/#website\",\"url\":\"https:\/\/atypique.brunotarhan.fr\/\",\"name\":\"Atypique Concept Store\",\"description\":\"Just another WordPress site\",\"potentialAction\":[{\"@type\":\"SearchAction\",\"target\":{\"@type\":\"EntryPoint\",\"urlTemplate\":\"https:\/\/atypique.brunotarhan.fr\/?s={search_term_string}\"},\"query-input\":\"required name=search_term_string\"}],\"inLanguage\":\"fr-FR\"},{\"@type\":\"ImageObject\",\"@id\":\"https:\/\/atypique.brunotarhan.fr\/index.php\/produit\/huile-de-cbd-15-aromatisee\/#primaryimage\",\"inLanguage\":\"fr-FR\",\"url\":\"https:\/\/atypique.brunotarhan.fr\/wp-content\/uploads\/2022\/04\/Huile-FR-passion-15.jpg\",\"contentUrl\":\"https:\/\/atypique.brunotarhan.fr\/wp-content\/uploads\/2022\/04\/Huile-FR-passion-15.jpg\",\"width\":1200,\"height\":1200},{\"@type\":\"WebPage\",\"@id\":\"https:\/\/atypique.brunotarhan.fr\/index.php\/produit\/huile-de-cbd-15-aromatisee\/#webpage\",\"url\":\"https:\/\/atypique.brunotarhan.fr\/index.php\/produit\/huile-de-cbd-15-aromatisee\/\",\"name\":\"Huile de CBD 15% \u2013 Aromatis\u00e9e - Atypique Concept Store\",\"isPartOf\":{\"@id\":\"https:\/\/atypique.brunotarhan.fr\/#website\"},\"primaryImageOfPage\":{\"@id\":\"https:\/\/atypique.brunotarhan.fr\/index.php\/produit\/huile-de-cbd-15-aromatisee\/#primaryimage\"},\"datePublished\":\"2022-04-18T15:11:05+00:00\",\"dateModified\":\"2022-04-18T15:13:05+00:00\",\"breadcrumb\":{\"@id\":\"https:\/\/atypique.brunotarhan.fr\/index.php\/produit\/huile-de-cbd-15-aromatisee\/#breadcrumb\"},\"inLanguage\":\"fr-FR\",\"potentialAction\":[{\"@type\":\"ReadAction\",\"target\":[\"https:\/\/atypique.brunotarhan.fr\/index.php\/produit\/huile-de-cbd-15-aromatisee\/\"]}]},{\"@type\":\"BreadcrumbList\",\"@id\":\"https:\/\/atypique.brunotarhan.fr\/index.php\/produit\/huile-de-cbd-15-aromatisee\/#breadcrumb\",\"itemListElement\":[{\"@type\":\"ListItem\",\"position\":1,\"name\":\"Accueil\",\"item\":\"https:\/\/atypique.brunotarhan.fr\/\"},{\"@type\":\"ListItem\",\"position\":2,\"name\":\"\"},{\"@type\":\"ListItem\",\"position\":3,\"name\":\"Huile de CBD 15% \u2013 Aromatis\u00e9e\"}]}]}<\/script>\n<!-- \/ Yoast SEO plugin. -->","yoast_head_json":{"title":"Huile de CBD 15% \u2013 Aromatis\u00e9e - Atypique Concept Store","robots":{"index":"index","follow":"follow","max-snippet":"max-snippet:-1","max-image-preview":"max-image-preview:large","max-video-preview":"max-video-preview:-1"},"canonical":"https:\/\/atypique.brunotarhan.fr\/index.php\/produit\/huile-de-cbd-15-aromatisee\/","og_locale":"fr_FR","og_type":"article","og_title":"Huile de CBD 15% \u2013 Aromatis\u00e9e - Atypique Concept Store","og_description":"PARFUM : PASSION \u2013 HUILE COCO Ce parfum vous laissera une odeur et un go\u00fbt de fruit de la passion l\u00e9g\u00e8rement sucr\u00e9.","og_url":"https:\/\/atypique.brunotarhan.fr\/index.php\/produit\/huile-de-cbd-15-aromatisee\/","og_site_name":"Atypique Concept Store","article_modified_time":"2022-04-18T15:13:05+00:00","twitter_card":"summary_large_image","twitter_misc":{"Dur\u00e9e de lecture estim\u00e9e":"4 minutes"},"schema":{"@context":"https:\/\/schema.org","@graph":[{"@type":"WebSite","@id":"https:\/\/atypique.brunotarhan.fr\/#website","url":"https:\/\/atypique.brunotarhan.fr\/","name":"Atypique Concept Store","description":"Just another WordPress site","potentialAction":[{"@type":"SearchAction","target":{"@type":"EntryPoint","urlTemplate":"https:\/\/atypique.brunotarhan.fr\/?s={search_term_string}"},"query-input":"required name=search_term_string"}],"inLanguage":"fr-FR"},{"@type":"ImageObject","@id":"https:\/\/atypique.brunotarhan.fr\/index.php\/produit\/huile-de-cbd-15-aromatisee\/#primaryimage","inLanguage":"fr-FR","url":"https:\/\/atypique.brunotarhan.fr\/wp-content\/uploads\/2022\/04\/Huile-FR-passion-15.jpg","contentUrl":"https:\/\/atypique.brunotarhan.fr\/wp-content\/uploads\/2022\/04\/Huile-FR-passion-15.jpg","width":1200,"height":1200},{"@type":"WebPage","@id":"https:\/\/atypique.brunotarhan.fr\/index.php\/produit\/huile-de-cbd-15-aromatisee\/#webpage","url":"https:\/\/atypique.brunotarhan.fr\/index.php\/produit\/huile-de-cbd-15-aromatisee\/","name":"Huile de CBD 15% \u2013 Aromatis\u00e9e - Atypique Concept Store","isPartOf":{"@id":"https:\/\/atypique.brunotarhan.fr\/#website"},"primaryImageOfPage":{"@id":"https:\/\/atypique.brunotarhan.fr\/index.php\/produit\/huile-de-cbd-15-aromatisee\/#primaryimage"},"datePublished":"2022-04-18T15:11:05+00:00","dateModified":"2022-04-18T15:13:05+00:00","breadcrumb":{"@id":"https:\/\/atypique.brunotarhan.fr\/index.php\/produit\/huile-de-cbd-15-aromatisee\/#breadcrumb"},"inLanguage":"fr-FR","potentialAction":[{"@type":"ReadAction","target":["https:\/\/atypique.brunotarhan.fr\/index.php\/produit\/huile-de-cbd-15-aromatisee\/"]}]},{"@type":"BreadcrumbList","@id":"https:\/\/atypique.brunotarhan.fr\/index.php\/produit\/huile-de-cbd-15-aromatisee\/#breadcrumb","itemListElement":[{"@type":"ListItem","position":1,"name":"Accueil","item":"https:\/\/atypique.brunotarhan.fr\/"},{"@type":"ListItem","position":2,"name":""},{"@type":"ListItem","position":3,"name":"Huile de CBD 15% \u2013 Aromatis\u00e9e"}]}]}},"_links":{"self":[{"href":"https:\/\/atypique.brunotarhan.fr\/index.php\/wp-json\/wp\/v2\/product\/15637","targetHints":{"allow":["GET"]}}],"collection":[{"href":"https:\/\/atypique.brunotarhan.fr\/index.php\/wp-json\/wp\/v2\/product"}],"about":[{"href":"https:\/\/atypique.brunotarhan.fr\/index.php\/wp-json\/wp\/v2\/types\/product"}],"replies":[{"embeddable":true,"href":"https:\/\/atypique.brunotarhan.fr\/index.php\/wp-json\/wp\/v2\/comments?post=15637"}],"wp:featuredmedia":[{"embeddable":true,"href":"https:\/\/atypique.brunotarhan.fr\/index.php\/wp-json\/wp\/v2\/media\/14801"}],"wp:attachment":[{"href":"https:\/\/atypique.brunotarhan.fr\/index.php\/wp-json\/wp\/v2\/media?parent=15637"}],"wp:term":[{"taxonomy":"product_cat","embeddable":true,"href":"https:\/\/atypique.brunotarhan.fr\/index.php\/wp-json\/wp\/v2\/product_cat?post=15637"},{"taxonomy":"product_tag","embeddable":true,"href":"https:\/\/atypique.brunotarhan.fr\/index.php\/wp-json\/wp\/v2\/product_tag?post=15637"}],"curies":[{"name":"wp","href":"https:\/\/api.w.org\/{rel}","templated":true}]}}