{"id":15635,"date":"2022-04-18T15:10:55","date_gmt":"2022-04-18T15:10:55","guid":{"rendered":"https:\/\/atypique.brunotarhan.fr\/?post_type=product&#038;p=15635"},"modified":"2022-04-18T15:12:55","modified_gmt":"2022-04-18T15:12:55","slug":"huile-de-cbd-10-aromatisee","status":"publish","type":"product","link":"https:\/\/atypique.brunotarhan.fr\/index.php\/produit\/huile-de-cbd-10-aromatisee\/","title":{"rendered":"Huile de CBD 10% \u2013 Aromatis\u00e9e"},"content":{"rendered":"<p>Ce produit est une tr\u00e8s bonne alternative pour les personnes utilisant le CBD r\u00e9guli\u00e8rement sans besoin particulier car il poss\u00e8de une concentration moyennement \u00e9lev\u00e9e en cannabidiol.<br \/>\nNous sommes fiers de vous pr\u00e9senter notre gamme d\u2019huile bien-\u00eatre CBD certifi\u00e9e 100% fran\u00e7aise, fabriqu\u00e9e en r\u00e9gion Auvergne-Rh\u00f4ne-Alpes. Nos huiles de CBD cb\u2019d\u00e9 sont issues de Chanvre cultiv\u00e9 de mani\u00e8re totalement biologique en Bretagne.<\/p>\n<p>L\u2019huile de Coco, contrairement \u00e0 l\u2019huile de Chanvre permet une ingestion plus rapide du CBD par l\u2019organisme; conviendra mieux aux personnes n\u00e9cessitant un effet rapide et\/ou r\u00e9gulier. <\/p>\n<p>Teneur en CBD : Bouteille 10ml \u2013 10% de CBD = 1000mg de CBD (env. 200 gouttes pour 10ml = 5mg\/goutte). <\/p>\n<p>Nos huiles de CBD 10%, vous permettent avec 3-4 gouttes, trois fois par jour une consommation moyenne de plus de 50mg de CBD. La consommation maximale pr\u00e9conis\u00e9e de CBD par jour est de 160mg, ce qui fait de notre huile 10% un parfait compromis entre puissance et l\u00e9g\u00e8ret\u00e9.<\/p>\n<p>Produits contr\u00f4l\u00e9s par un laboratoire ind\u00e9pendant pour garantir des produits 100% l\u00e9gaux.<br \/>\nProduit non destin\u00e9 aux femmes enceintes ou allaitantes, vente interdite aux mineurs.<br \/>\nUtilisation : ne pas fumer<br \/>\nPosologie selon la corpulence de l\u2019individu, tout d\u00e9pend du ressenti et du besoin.<br \/>\nAttention ces huiles ne sont pas un m\u00e9dicament, pour les cas particuliers il est pr\u00e9f\u00e9rable d\u2019en parler avec votre m\u00e9decin avant usage. <\/p>\n<p>Tout comprendre sur l\u2019huile de CBD 10% ! <\/p>\n<p>L\u2019huile de CBD 10% est une huile assez polyvalente qui peut convenir \u00e0 diff\u00e9rentes typologies de besoins, de la d\u00e9couverte du CBD \u00e0 la recherche de bienfaits pour diff\u00e9rentes pathologies. En plus de cela, cette huile de chanvre est 100% naturelle et fabriqu\u00e9e en France avec du chanvre cultiv\u00e9 de mani\u00e8re biologique afin de respecter la plante et ses besoins.<\/p>\n<p>Une Huile de CBD 10%, qu\u2019est-ce que c\u2019est ?<\/p>\n<p>L\u2019huile de CBD 10% est une huile de CBD qui a \u00e9t\u00e9 con\u00e7ue gr\u00e2ce \u00e0 une extraction au CO2 de cannabidiol contenu dans les graines et fibres de chanvre. Cette extraction est dite \u00ab extraction supercritique \u00bb (\u00e9tat liquide du CO2), nous allons vous expliquer \u00e0 quoi cela correspond.<br \/>\nL\u2019extraction au CO2 supercritique est un moyen de s\u00e9parer le cannabidiol des autres \u00e9l\u00e9ments afin d\u2019obtenir la mol\u00e9cule seule (permettant par la suite de fabriquer des produits comme de l\u2019huile de CBD 10%). Le CO2 supercritique qui est un \u00e9l\u00e9ment ayant la m\u00eame densit\u00e9 qu\u2019un liquide permet de s\u00e9parer des mol\u00e9cules via un s\u00e9parateur et une fois que le travail est fait, la pression est descendue jusqu\u2019\u00e0 un certain seuil afin que le CO2 redevienne gazeux et qu\u2019il se s\u00e9pare des mol\u00e9cules extraites (ici le CBD, les terp\u00e8nes et quelques autres cannabino\u00efdes de la plante pour un meilleur effet d\u2019entourage).<br \/>\nCette m\u00e9thode permet donc d\u2019extraire du CBD naturellement afin d\u2019obtenir la mol\u00e9cule \u00e0 l\u2019\u00e9tat pure, sans autres cannabidiol ou mol\u00e9cule. <\/p>\n<p>Comment utiliser Huile de CBD 10% ? <\/p>\n<p>Une huile de CBD est dite \u00ab sublinguale \u00bb c\u2019est-\u00e0-dire qu\u2019elle est administr\u00e9e par voie buccale, sous la langue afin d\u2019\u00eatre absorb\u00e9e par les muqueuses situ\u00e9es sous la langue. C\u2019est la voie la plus rapide et efficace pour consommer du CBD et celle qui est la plus recommand\u00e9e quant \u00e0 l\u2019efficacit\u00e9 de l\u2019huile de CBD 10%.<\/p>\n<p>Il est g\u00e9n\u00e9ralement recommand\u00e9 de prendre plusieurs gouttes d\u2019huile par jour et ce, pas longtemps apr\u00e8s les repas puisque le CBD agira plus facilement en interaction avec des corps gras.<br \/>\nCependant, il est important de bien cerner les besoins du corps humain (qui ne sont pas tous les m\u00eames d\u2019une personne \u00e0 une autre) et ceux de la pathologie qui est cibl\u00e9e. L\u2019utilisation de l\u2019huile de CBD commence doucement, sans se pr\u00e9cipiter et en apprenant \u00e0 doser \u00ab crescendo \u00bb afin d\u2019adapter les prises en fonction des bienfaits ressentis. <\/p>\n<p>Quels sont les bienfaits de l\u2019Huile de CBD ?<br \/>\nLe cannabidiol agit via le syst\u00e8me endocannabino\u00efde pr\u00e9sent dans notre syst\u00e8me nerveux, celui-ci est compos\u00e9 de diff\u00e9rents r\u00e9cepteurs sur lesquels le CBD va venir \u00ab se poser \u00bb lorsqu\u2019il est ing\u00e9r\u00e9. Vous pouvez en apprendre plus sur le syst\u00e8me endocannabino\u00efde sur cette page.<\/p>\n<p>L\u2019Huile de CBD 10% va donc pouvoir agir sur diff\u00e9rentes pathologies en soulageant et en apaisant des douleurs, les bienfaits peuvent \u00eatre diff\u00e9rents selon les personnes et les pathologies, voici une liste exhaustive des pathologies sur lesquelles le CBD peut agir positivement :<\/p>\n<p>Les douleurs dites neuropathiques :<\/p>\n<p>Mal de dos,Douleurs musculaires, Fibromyalgie, Les d\u00e9r\u00e8glements du m\u00e9tabolisme :Insomnie, Manque d\u2019app\u00e9tit, Nervosit\u00e9, Autres pathologies : Epilepsie, Parkinson, D\u00e9pendances diverses (nicotine, THC\u2026) <\/p>\n<p>Pour r\u00e9sumer, les bienfaits du CBD sont multiples et encore peu connus, cette mol\u00e9cule r\u00e9pond \u00e0 bien des pathologies et l\u2019huile de CBD 10% peut aider sur beaucoup de points <\/p>\n<p>Quelle quantit\u00e9 de CBD par jour ? <\/p>\n<p>Un peu plus haut, on abordait bri\u00e8vement le syst\u00e8me endocannabino\u00efde et ses multiples r\u00e9cepteurs, il va jouer un r\u00f4le crucial quant \u00e0 la quantit\u00e9 de CBD \u00e0 ing\u00e9rer par jour. En effet, le corps humain est en capacit\u00e9 d\u2019ing\u00e9rer du CBD via ce syst\u00e8me, mais il ne peut pas en absorber plus d\u2019une certaine quantit\u00e9 par jour : 160mg.<br \/>\nAu-dessus de 160mg, les r\u00e9cepteurs endocannabino\u00efdes ne sont plus en capacit\u00e9 de recevoir du cannabidiol et toute quantit\u00e9 administr\u00e9e apr\u00e8s cette dose atteinte sera \u00ab vaine \u00bb puisque les r\u00e9cepteurs seront \u00ab surcharg\u00e9s \u00bb (pour simplifier). Aucuns risques pour le corps humain, mais aucuns bienfaits suppl\u00e9mentaires ne seront ressentis par le consommateur.<\/p>\n","protected":false},"excerpt":{"rendered":"<p>PARFUM : PASSION \u2013 HUILE COCO<br \/>\nCe parfum vous laissera une odeur et un go\u00fbt de fruit de la passion l\u00e9g\u00e8rement sucr\u00e9.<\/p>\n","protected":false},"featured_media":14800,"comment_status":"open","ping_status":"closed","template":"","meta":[],"product_cat":[59,168],"product_tag":[75,70,77,78,165,164,76],"class_list":["post-15635","product","type-product","status-publish","has-post-thumbnail","hentry","product_cat-cbd","product_cat-huiles","product_tag-cannabidiol","product_tag-cbd","product_tag-chanvre","product_tag-huiles","product_tag-resine","product_tag-solide","product_tag-terpenes","berocket_brand-cbde"],"yoast_head":"<!-- This site is optimized with the Yoast SEO plugin v18.0 - https:\/\/yoast.com\/wordpress\/plugins\/seo\/ -->\n<title>Huile de CBD 10% \u2013 Aromatis\u00e9e - Atypique Concept Store<\/title>\n<meta name=\"robots\" content=\"index, follow, max-snippet:-1, max-image-preview:large, max-video-preview:-1\" \/>\n<link rel=\"canonical\" href=\"https:\/\/atypique.brunotarhan.fr\/index.php\/produit\/huile-de-cbd-10-aromatisee\/\" \/>\n<meta property=\"og:locale\" content=\"fr_FR\" \/>\n<meta property=\"og:type\" content=\"article\" \/>\n<meta property=\"og:title\" content=\"Huile de CBD 10% \u2013 Aromatis\u00e9e - Atypique Concept Store\" \/>\n<meta property=\"og:description\" content=\"PARFUM : PASSION \u2013 HUILE COCO Ce parfum vous laissera une odeur et un go\u00fbt de fruit de la passion l\u00e9g\u00e8rement sucr\u00e9.\" \/>\n<meta property=\"og:url\" content=\"https:\/\/atypique.brunotarhan.fr\/index.php\/produit\/huile-de-cbd-10-aromatisee\/\" \/>\n<meta property=\"og:site_name\" content=\"Atypique Concept Store\" \/>\n<meta property=\"article:modified_time\" content=\"2022-04-18T15:12:55+00:00\" \/>\n<meta name=\"twitter:card\" content=\"summary_large_image\" \/>\n<meta name=\"twitter:label1\" content=\"Dur\u00e9e de lecture estim\u00e9e\" \/>\n\t<meta name=\"twitter:data1\" content=\"5 minutes\" \/>\n<script type=\"application\/ld+json\" class=\"yoast-schema-graph\">{\"@context\":\"https:\/\/schema.org\",\"@graph\":[{\"@type\":\"WebSite\",\"@id\":\"https:\/\/atypique.brunotarhan.fr\/#website\",\"url\":\"https:\/\/atypique.brunotarhan.fr\/\",\"name\":\"Atypique Concept Store\",\"description\":\"Just another WordPress site\",\"potentialAction\":[{\"@type\":\"SearchAction\",\"target\":{\"@type\":\"EntryPoint\",\"urlTemplate\":\"https:\/\/atypique.brunotarhan.fr\/?s={search_term_string}\"},\"query-input\":\"required name=search_term_string\"}],\"inLanguage\":\"fr-FR\"},{\"@type\":\"ImageObject\",\"@id\":\"https:\/\/atypique.brunotarhan.fr\/index.php\/produit\/huile-de-cbd-10-aromatisee\/#primaryimage\",\"inLanguage\":\"fr-FR\",\"url\":\"https:\/\/atypique.brunotarhan.fr\/wp-content\/uploads\/2022\/04\/Huile-FR-passion-10.jpg\",\"contentUrl\":\"https:\/\/atypique.brunotarhan.fr\/wp-content\/uploads\/2022\/04\/Huile-FR-passion-10.jpg\",\"width\":1200,\"height\":1200},{\"@type\":\"WebPage\",\"@id\":\"https:\/\/atypique.brunotarhan.fr\/index.php\/produit\/huile-de-cbd-10-aromatisee\/#webpage\",\"url\":\"https:\/\/atypique.brunotarhan.fr\/index.php\/produit\/huile-de-cbd-10-aromatisee\/\",\"name\":\"Huile de CBD 10% \u2013 Aromatis\u00e9e - Atypique Concept Store\",\"isPartOf\":{\"@id\":\"https:\/\/atypique.brunotarhan.fr\/#website\"},\"primaryImageOfPage\":{\"@id\":\"https:\/\/atypique.brunotarhan.fr\/index.php\/produit\/huile-de-cbd-10-aromatisee\/#primaryimage\"},\"datePublished\":\"2022-04-18T15:10:55+00:00\",\"dateModified\":\"2022-04-18T15:12:55+00:00\",\"breadcrumb\":{\"@id\":\"https:\/\/atypique.brunotarhan.fr\/index.php\/produit\/huile-de-cbd-10-aromatisee\/#breadcrumb\"},\"inLanguage\":\"fr-FR\",\"potentialAction\":[{\"@type\":\"ReadAction\",\"target\":[\"https:\/\/atypique.brunotarhan.fr\/index.php\/produit\/huile-de-cbd-10-aromatisee\/\"]}]},{\"@type\":\"BreadcrumbList\",\"@id\":\"https:\/\/atypique.brunotarhan.fr\/index.php\/produit\/huile-de-cbd-10-aromatisee\/#breadcrumb\",\"itemListElement\":[{\"@type\":\"ListItem\",\"position\":1,\"name\":\"Accueil\",\"item\":\"https:\/\/atypique.brunotarhan.fr\/\"},{\"@type\":\"ListItem\",\"position\":2,\"name\":\"\"},{\"@type\":\"ListItem\",\"position\":3,\"name\":\"Huile de CBD 10% \u2013 Aromatis\u00e9e\"}]}]}<\/script>\n<!-- \/ Yoast SEO plugin. -->","yoast_head_json":{"title":"Huile de CBD 10% \u2013 Aromatis\u00e9e - Atypique Concept Store","robots":{"index":"index","follow":"follow","max-snippet":"max-snippet:-1","max-image-preview":"max-image-preview:large","max-video-preview":"max-video-preview:-1"},"canonical":"https:\/\/atypique.brunotarhan.fr\/index.php\/produit\/huile-de-cbd-10-aromatisee\/","og_locale":"fr_FR","og_type":"article","og_title":"Huile de CBD 10% \u2013 Aromatis\u00e9e - Atypique Concept Store","og_description":"PARFUM : PASSION \u2013 HUILE COCO Ce parfum vous laissera une odeur et un go\u00fbt de fruit de la passion l\u00e9g\u00e8rement sucr\u00e9.","og_url":"https:\/\/atypique.brunotarhan.fr\/index.php\/produit\/huile-de-cbd-10-aromatisee\/","og_site_name":"Atypique Concept Store","article_modified_time":"2022-04-18T15:12:55+00:00","twitter_card":"summary_large_image","twitter_misc":{"Dur\u00e9e de lecture estim\u00e9e":"5 minutes"},"schema":{"@context":"https:\/\/schema.org","@graph":[{"@type":"WebSite","@id":"https:\/\/atypique.brunotarhan.fr\/#website","url":"https:\/\/atypique.brunotarhan.fr\/","name":"Atypique Concept Store","description":"Just another WordPress site","potentialAction":[{"@type":"SearchAction","target":{"@type":"EntryPoint","urlTemplate":"https:\/\/atypique.brunotarhan.fr\/?s={search_term_string}"},"query-input":"required name=search_term_string"}],"inLanguage":"fr-FR"},{"@type":"ImageObject","@id":"https:\/\/atypique.brunotarhan.fr\/index.php\/produit\/huile-de-cbd-10-aromatisee\/#primaryimage","inLanguage":"fr-FR","url":"https:\/\/atypique.brunotarhan.fr\/wp-content\/uploads\/2022\/04\/Huile-FR-passion-10.jpg","contentUrl":"https:\/\/atypique.brunotarhan.fr\/wp-content\/uploads\/2022\/04\/Huile-FR-passion-10.jpg","width":1200,"height":1200},{"@type":"WebPage","@id":"https:\/\/atypique.brunotarhan.fr\/index.php\/produit\/huile-de-cbd-10-aromatisee\/#webpage","url":"https:\/\/atypique.brunotarhan.fr\/index.php\/produit\/huile-de-cbd-10-aromatisee\/","name":"Huile de CBD 10% \u2013 Aromatis\u00e9e - Atypique Concept Store","isPartOf":{"@id":"https:\/\/atypique.brunotarhan.fr\/#website"},"primaryImageOfPage":{"@id":"https:\/\/atypique.brunotarhan.fr\/index.php\/produit\/huile-de-cbd-10-aromatisee\/#primaryimage"},"datePublished":"2022-04-18T15:10:55+00:00","dateModified":"2022-04-18T15:12:55+00:00","breadcrumb":{"@id":"https:\/\/atypique.brunotarhan.fr\/index.php\/produit\/huile-de-cbd-10-aromatisee\/#breadcrumb"},"inLanguage":"fr-FR","potentialAction":[{"@type":"ReadAction","target":["https:\/\/atypique.brunotarhan.fr\/index.php\/produit\/huile-de-cbd-10-aromatisee\/"]}]},{"@type":"BreadcrumbList","@id":"https:\/\/atypique.brunotarhan.fr\/index.php\/produit\/huile-de-cbd-10-aromatisee\/#breadcrumb","itemListElement":[{"@type":"ListItem","position":1,"name":"Accueil","item":"https:\/\/atypique.brunotarhan.fr\/"},{"@type":"ListItem","position":2,"name":""},{"@type":"ListItem","position":3,"name":"Huile de CBD 10% \u2013 Aromatis\u00e9e"}]}]}},"_links":{"self":[{"href":"https:\/\/atypique.brunotarhan.fr\/index.php\/wp-json\/wp\/v2\/product\/15635","targetHints":{"allow":["GET"]}}],"collection":[{"href":"https:\/\/atypique.brunotarhan.fr\/index.php\/wp-json\/wp\/v2\/product"}],"about":[{"href":"https:\/\/atypique.brunotarhan.fr\/index.php\/wp-json\/wp\/v2\/types\/product"}],"replies":[{"embeddable":true,"href":"https:\/\/atypique.brunotarhan.fr\/index.php\/wp-json\/wp\/v2\/comments?post=15635"}],"wp:featuredmedia":[{"embeddable":true,"href":"https:\/\/atypique.brunotarhan.fr\/index.php\/wp-json\/wp\/v2\/media\/14800"}],"wp:attachment":[{"href":"https:\/\/atypique.brunotarhan.fr\/index.php\/wp-json\/wp\/v2\/media?parent=15635"}],"wp:term":[{"taxonomy":"product_cat","embeddable":true,"href":"https:\/\/atypique.brunotarhan.fr\/index.php\/wp-json\/wp\/v2\/product_cat?post=15635"},{"taxonomy":"product_tag","embeddable":true,"href":"https:\/\/atypique.brunotarhan.fr\/index.php\/wp-json\/wp\/v2\/product_tag?post=15635"}],"curies":[{"name":"wp","href":"https:\/\/api.w.org\/{rel}","templated":true}]}}