{"id":15631,"date":"2022-04-18T15:10:42","date_gmt":"2022-04-18T15:10:42","guid":{"rendered":"https:\/\/atypique.brunotarhan.fr\/?post_type=product&#038;p=15631"},"modified":"2022-04-18T15:12:46","modified_gmt":"2022-04-18T15:12:46","slug":"huile-de-cbd-nature-5-a-25","status":"publish","type":"product","link":"https:\/\/atypique.brunotarhan.fr\/index.php\/produit\/huile-de-cbd-nature-5-a-25\/","title":{"rendered":"Huile de CBD Nature \u2013 5 \u00e0 25%"},"content":{"rendered":"<p>Notre huile de CBD au chanvre naturel est disponible en diff\u00e9rentes concentration : de 5 \u00e0 25% de CBD. Vous retrouverez toutes les explications n\u00e9cessaires \u00e0 l\u2019utilisation de l\u2019huile de CBD sur cette page. <\/p>\n<p>M\u00e9lang\u00e9e dans de l\u2019huile vierge de graines de chanvre, ce produit parfum \u00ab Nature \u00bb l\u00e9g\u00e8rement bois\u00e9e vous permettra de b\u00e9n\u00e9ficier des diff\u00e9rents cannabino\u00efdes pr\u00e9sents dans cette plante (rappelons que nos huiles ne contiennent pas de THC).<br \/>\nLes diff\u00e9rents pourcentages de l\u2019huile de CBD permettent de r\u00e9guler sa prise en prenant plus ou moins de gouttes d\u2019huile par jour selon la concentration choisie. <\/p>\n<p>Nous sommes fiers de vous pr\u00e9senter notre gamme d\u2019huile de CBD certifi\u00e9e 100% fran\u00e7aise, fabriqu\u00e9e en r\u00e9gion Auvergne-Rh\u00f4ne-Alpes. Nos huiles de CBD de 5 \u00e0 25% cb\u2019d\u00e9 sont issues de Chanvre cultiv\u00e9 de mani\u00e8re totalement biologique en Bretagne.<br \/>\nL\u2019huile de Chanvre, contrairement \u00e0 l\u2019huile de Coco permet une ingestion plus lente du CBD par l\u2019organisme, vous pouvez donc s\u00e9lectionner ce qui vous convient le mieux dans la gamme cb\u2019d\u00e9 ! <\/p>\n<p>SAVEUR : NATURE \u2013 HUILE DE CHANVRE<br \/>\n.<br \/>\nTeneur en CBD : <\/p>\n<p>Bouteille 10ml \u2013 10% de CBD = 1000mg de CBD (env. 200 gouttes pour 10ml = 5mg\/goutte)<br \/>\nBouteille 10ml \u2013 15% de CBD = 1500mg de CBD (env. 200 gouttes pour 10ml = 7,5 mg\/goutte).<br \/>\nBouteille 10ml \u2013 20% de CBD = 2000mg de CBD (env. 200 gouttes pour 10ml = 10 mg\/goutte).<br \/>\nBouteille 10ml \u2013 25% de CBD = 2500 mg de CBD (env. 200 gouttes pour 10ml = 12,5 mg\/goutte). <\/p>\n<p>Pour en savoir un peu plus sur la prise d\u2019huile de CBD, voici un r\u00e9capitulatif en fonction des pathologies \/ besoins : <\/p>\n<p>D\u00e9couverte du CBD \u2013 Pas de pathologies particuli\u00e8res :<br \/>\n30 \u00e0 40mg de CBD par jour<br \/>\nD\u00e9couverte du CBD \u2013 Pathologies dites \u00ab l\u00e9g\u00e8res \u00bb (trouble du sommeil, douleurs l\u00e9g\u00e8res\u2026)<br \/>\n40 \u00e0 60mg de CBD par jour<br \/>\nPathologies plus lourdes \u2013 Besoin de CBD pour douleurs, crises et soutient (arthrose, fibromyalgie, Crohn\u2026)<br \/>\n60 \u00e0 160mg de CBD par jour<br \/>\nPersonne connaissant le CBD \u2013 Avec avis m\u00e9dical favorable pour la pathologie trait\u00e9e<br \/>\nCommencer avec 80mg de CBD par jour et ajuster par la suite selon les besoins et le ressenti<br \/>\nProduits contr\u00f4l\u00e9s par un laboratoire ind\u00e9pendant pour garantir des produits 100% l\u00e9gaux.<br \/>\nProduit non destin\u00e9 aux femmes enceintes ou allaitantes, vente interdite aux mineurs.<br \/>\nUtilisation : ne pas fumer, verser l\u2019huile dans un diffuseur d\u2019huile essentielle.<br \/>\nPosologie selon la corpulence de l\u2019individu, tout d\u00e9pend du ressenti et du besoin.<br \/>\nAttention ces huiles ne sont pas un m\u00e9dicament, pour les cas particuliers il est pr\u00e9f\u00e9rable d\u2019en parler avec votre m\u00e9decin avant usage. <\/p>\n<p>Quand prendre de l\u2019huile de CBD ?<\/p>\n<p>Quand le CBD est accompagn\u00e9 de mati\u00e8res grasses, il est plus facilement ing\u00e9r\u00e9 par les muqueuses de notre syst\u00e8me digestif. Nous recommandons donc de prendre de l\u2019huile de CBD  apr\u00e8s les repas en \u00e9talant les prises tout au long de la journ\u00e9e :<\/p>\n<p>Une le matin apr\u00e8s le petit d\u00e9jeun\u00e9<br \/>\nUne au milieu de la journ\u00e9e apr\u00e8s le repas du midi<br \/>\nUne le soir, apr\u00e8s le repas aussi<br \/>\nDe plus, l\u2019absorption des cannabino\u00efdes sera aussi \u00e9tal\u00e9e tout au long de la digestion ce qui facilitera le processus.<\/p>\n<p>Qu\u2019est-ce que le syst\u00e8me endocannabino\u00efde ? <\/p>\n<p>Le cannabidiol (aussi appel\u00e9 CBD, un cannabino\u00efde, vous pouvez en apprendre plus \u00e0 ce sujet sur cette page) est un r\u00e9gulateur pour notre syst\u00e8me neurologique et agit sur l\u2019hom\u00e9ostasie du corps humain (gestion du poids, de l\u2019\u00e9quilibre, de l\u2019anxi\u00e9t\u00e9\u2026). Lorsque l\u2019on ing\u00e8re du CBD, celui-ci va \u00eatre en communication directe avec notre syst\u00e8me endocannabino\u00efde via ses r\u00e9cepteurs endocannabino\u00efdes qui vont \u00eatre occup\u00e9s par la mol\u00e9cule.<\/p>\n<p>Ce syst\u00e8me permet donc \u00e0 notre corps d\u2019assimiler le CBD, mais jusqu\u2019\u00e0 un certain taux journalier. En effet, au-del\u00e0 de 160mg de CBD par jour, les r\u00e9cepteurs sont satur\u00e9s et aucuns effets suppl\u00e9mentaires ne seront ressentis pour toute dose administr\u00e9e apr\u00e8s avoir d\u00e9pass\u00e9 ce taux.<\/p>\n<p>Dans l\u2019exemple de l\u2019huile de CBD 25% il est donc inutile de d\u00e9passer 13 gouttes par jour (13 x 12,5mg = 162,5mg) car le taux maximum de 160mg sera d\u00e9pass\u00e9, aucuns bienfaits suppl\u00e9mentaires ne seront possibles au-del\u00e0 de ce taux.<\/p>\n","protected":false},"excerpt":{"rendered":"<p>Notre huile de CBD au chanvre naturel est disponible en diff\u00e9rentes concentration : de 5 \u00e0 25% de CBD. Vous retrouverez toutes les explications n\u00e9cessaires \u00e0 l\u2019utilisation de l\u2019huile de CBD sur cette page. M\u00e9lang\u00e9e dans de l\u2019huile vierge de&#8230;<\/p>\n","protected":false},"featured_media":14794,"comment_status":"open","ping_status":"closed","template":"","meta":[],"product_cat":[59,168],"product_tag":[75,70,77,78,165,164,76],"class_list":["post-15631","product","type-product","status-publish","has-post-thumbnail","hentry","product_cat-cbd","product_cat-huiles","product_tag-cannabidiol","product_tag-cbd","product_tag-chanvre","product_tag-huiles","product_tag-resine","product_tag-solide","product_tag-terpenes","berocket_brand-cbde"],"yoast_head":"<!-- This site is optimized with the Yoast SEO plugin v18.0 - https:\/\/yoast.com\/wordpress\/plugins\/seo\/ -->\n<title>Huile de CBD Nature \u2013 5 \u00e0 25% - Atypique Concept Store<\/title>\n<meta name=\"robots\" content=\"index, follow, max-snippet:-1, max-image-preview:large, max-video-preview:-1\" \/>\n<link rel=\"canonical\" href=\"https:\/\/atypique.brunotarhan.fr\/index.php\/produit\/huile-de-cbd-nature-5-a-25\/\" \/>\n<meta property=\"og:locale\" content=\"fr_FR\" \/>\n<meta property=\"og:type\" content=\"article\" \/>\n<meta property=\"og:title\" content=\"Huile de CBD Nature \u2013 5 \u00e0 25% - Atypique Concept Store\" \/>\n<meta property=\"og:description\" content=\"Notre huile de CBD au chanvre naturel est disponible en diff\u00e9rentes concentration : de 5 \u00e0 25% de CBD. Vous retrouverez toutes les explications n\u00e9cessaires \u00e0 l\u2019utilisation de l\u2019huile de CBD sur cette page. M\u00e9lang\u00e9e dans de l\u2019huile vierge de...\" \/>\n<meta property=\"og:url\" content=\"https:\/\/atypique.brunotarhan.fr\/index.php\/produit\/huile-de-cbd-nature-5-a-25\/\" \/>\n<meta property=\"og:site_name\" content=\"Atypique Concept Store\" \/>\n<meta property=\"article:modified_time\" content=\"2022-04-18T15:12:46+00:00\" \/>\n<meta name=\"twitter:card\" content=\"summary_large_image\" \/>\n<meta name=\"twitter:label1\" content=\"Dur\u00e9e de lecture estim\u00e9e\" \/>\n\t<meta name=\"twitter:data1\" content=\"4 minutes\" \/>\n<script type=\"application\/ld+json\" class=\"yoast-schema-graph\">{\"@context\":\"https:\/\/schema.org\",\"@graph\":[{\"@type\":\"WebSite\",\"@id\":\"https:\/\/atypique.brunotarhan.fr\/#website\",\"url\":\"https:\/\/atypique.brunotarhan.fr\/\",\"name\":\"Atypique Concept Store\",\"description\":\"Just another WordPress site\",\"potentialAction\":[{\"@type\":\"SearchAction\",\"target\":{\"@type\":\"EntryPoint\",\"urlTemplate\":\"https:\/\/atypique.brunotarhan.fr\/?s={search_term_string}\"},\"query-input\":\"required name=search_term_string\"}],\"inLanguage\":\"fr-FR\"},{\"@type\":\"ImageObject\",\"@id\":\"https:\/\/atypique.brunotarhan.fr\/index.php\/produit\/huile-de-cbd-nature-5-a-25\/#primaryimage\",\"inLanguage\":\"fr-FR\",\"url\":\"https:\/\/atypique.brunotarhan.fr\/wp-content\/uploads\/2022\/04\/Huile-FR-nature-10.jpg\",\"contentUrl\":\"https:\/\/atypique.brunotarhan.fr\/wp-content\/uploads\/2022\/04\/Huile-FR-nature-10.jpg\",\"width\":1200,\"height\":1200},{\"@type\":\"WebPage\",\"@id\":\"https:\/\/atypique.brunotarhan.fr\/index.php\/produit\/huile-de-cbd-nature-5-a-25\/#webpage\",\"url\":\"https:\/\/atypique.brunotarhan.fr\/index.php\/produit\/huile-de-cbd-nature-5-a-25\/\",\"name\":\"Huile de CBD Nature \u2013 5 \u00e0 25% - Atypique Concept Store\",\"isPartOf\":{\"@id\":\"https:\/\/atypique.brunotarhan.fr\/#website\"},\"primaryImageOfPage\":{\"@id\":\"https:\/\/atypique.brunotarhan.fr\/index.php\/produit\/huile-de-cbd-nature-5-a-25\/#primaryimage\"},\"datePublished\":\"2022-04-18T15:10:42+00:00\",\"dateModified\":\"2022-04-18T15:12:46+00:00\",\"breadcrumb\":{\"@id\":\"https:\/\/atypique.brunotarhan.fr\/index.php\/produit\/huile-de-cbd-nature-5-a-25\/#breadcrumb\"},\"inLanguage\":\"fr-FR\",\"potentialAction\":[{\"@type\":\"ReadAction\",\"target\":[\"https:\/\/atypique.brunotarhan.fr\/index.php\/produit\/huile-de-cbd-nature-5-a-25\/\"]}]},{\"@type\":\"BreadcrumbList\",\"@id\":\"https:\/\/atypique.brunotarhan.fr\/index.php\/produit\/huile-de-cbd-nature-5-a-25\/#breadcrumb\",\"itemListElement\":[{\"@type\":\"ListItem\",\"position\":1,\"name\":\"Accueil\",\"item\":\"https:\/\/atypique.brunotarhan.fr\/\"},{\"@type\":\"ListItem\",\"position\":2,\"name\":\"\"},{\"@type\":\"ListItem\",\"position\":3,\"name\":\"Huile de CBD Nature \u2013 5 \u00e0 25%\"}]}]}<\/script>\n<!-- \/ Yoast SEO plugin. -->","yoast_head_json":{"title":"Huile de CBD Nature \u2013 5 \u00e0 25% - Atypique Concept Store","robots":{"index":"index","follow":"follow","max-snippet":"max-snippet:-1","max-image-preview":"max-image-preview:large","max-video-preview":"max-video-preview:-1"},"canonical":"https:\/\/atypique.brunotarhan.fr\/index.php\/produit\/huile-de-cbd-nature-5-a-25\/","og_locale":"fr_FR","og_type":"article","og_title":"Huile de CBD Nature \u2013 5 \u00e0 25% - Atypique Concept Store","og_description":"Notre huile de CBD au chanvre naturel est disponible en diff\u00e9rentes concentration : de 5 \u00e0 25% de CBD. Vous retrouverez toutes les explications n\u00e9cessaires \u00e0 l\u2019utilisation de l\u2019huile de CBD sur cette page. M\u00e9lang\u00e9e dans de l\u2019huile vierge de...","og_url":"https:\/\/atypique.brunotarhan.fr\/index.php\/produit\/huile-de-cbd-nature-5-a-25\/","og_site_name":"Atypique Concept Store","article_modified_time":"2022-04-18T15:12:46+00:00","twitter_card":"summary_large_image","twitter_misc":{"Dur\u00e9e de lecture estim\u00e9e":"4 minutes"},"schema":{"@context":"https:\/\/schema.org","@graph":[{"@type":"WebSite","@id":"https:\/\/atypique.brunotarhan.fr\/#website","url":"https:\/\/atypique.brunotarhan.fr\/","name":"Atypique Concept Store","description":"Just another WordPress site","potentialAction":[{"@type":"SearchAction","target":{"@type":"EntryPoint","urlTemplate":"https:\/\/atypique.brunotarhan.fr\/?s={search_term_string}"},"query-input":"required name=search_term_string"}],"inLanguage":"fr-FR"},{"@type":"ImageObject","@id":"https:\/\/atypique.brunotarhan.fr\/index.php\/produit\/huile-de-cbd-nature-5-a-25\/#primaryimage","inLanguage":"fr-FR","url":"https:\/\/atypique.brunotarhan.fr\/wp-content\/uploads\/2022\/04\/Huile-FR-nature-10.jpg","contentUrl":"https:\/\/atypique.brunotarhan.fr\/wp-content\/uploads\/2022\/04\/Huile-FR-nature-10.jpg","width":1200,"height":1200},{"@type":"WebPage","@id":"https:\/\/atypique.brunotarhan.fr\/index.php\/produit\/huile-de-cbd-nature-5-a-25\/#webpage","url":"https:\/\/atypique.brunotarhan.fr\/index.php\/produit\/huile-de-cbd-nature-5-a-25\/","name":"Huile de CBD Nature \u2013 5 \u00e0 25% - Atypique Concept Store","isPartOf":{"@id":"https:\/\/atypique.brunotarhan.fr\/#website"},"primaryImageOfPage":{"@id":"https:\/\/atypique.brunotarhan.fr\/index.php\/produit\/huile-de-cbd-nature-5-a-25\/#primaryimage"},"datePublished":"2022-04-18T15:10:42+00:00","dateModified":"2022-04-18T15:12:46+00:00","breadcrumb":{"@id":"https:\/\/atypique.brunotarhan.fr\/index.php\/produit\/huile-de-cbd-nature-5-a-25\/#breadcrumb"},"inLanguage":"fr-FR","potentialAction":[{"@type":"ReadAction","target":["https:\/\/atypique.brunotarhan.fr\/index.php\/produit\/huile-de-cbd-nature-5-a-25\/"]}]},{"@type":"BreadcrumbList","@id":"https:\/\/atypique.brunotarhan.fr\/index.php\/produit\/huile-de-cbd-nature-5-a-25\/#breadcrumb","itemListElement":[{"@type":"ListItem","position":1,"name":"Accueil","item":"https:\/\/atypique.brunotarhan.fr\/"},{"@type":"ListItem","position":2,"name":""},{"@type":"ListItem","position":3,"name":"Huile de CBD Nature \u2013 5 \u00e0 25%"}]}]}},"_links":{"self":[{"href":"https:\/\/atypique.brunotarhan.fr\/index.php\/wp-json\/wp\/v2\/product\/15631","targetHints":{"allow":["GET"]}}],"collection":[{"href":"https:\/\/atypique.brunotarhan.fr\/index.php\/wp-json\/wp\/v2\/product"}],"about":[{"href":"https:\/\/atypique.brunotarhan.fr\/index.php\/wp-json\/wp\/v2\/types\/product"}],"replies":[{"embeddable":true,"href":"https:\/\/atypique.brunotarhan.fr\/index.php\/wp-json\/wp\/v2\/comments?post=15631"}],"wp:featuredmedia":[{"embeddable":true,"href":"https:\/\/atypique.brunotarhan.fr\/index.php\/wp-json\/wp\/v2\/media\/14794"}],"wp:attachment":[{"href":"https:\/\/atypique.brunotarhan.fr\/index.php\/wp-json\/wp\/v2\/media?parent=15631"}],"wp:term":[{"taxonomy":"product_cat","embeddable":true,"href":"https:\/\/atypique.brunotarhan.fr\/index.php\/wp-json\/wp\/v2\/product_cat?post=15631"},{"taxonomy":"product_tag","embeddable":true,"href":"https:\/\/atypique.brunotarhan.fr\/index.php\/wp-json\/wp\/v2\/product_tag?post=15631"}],"curies":[{"name":"wp","href":"https:\/\/api.w.org\/{rel}","templated":true}]}}