{"id":15629,"date":"2022-04-18T15:10:40","date_gmt":"2022-04-18T15:10:40","guid":{"rendered":"https:\/\/atypique.brunotarhan.fr\/?post_type=product&#038;p=15629"},"modified":"2022-04-18T15:12:34","modified_gmt":"2022-04-18T15:12:34","slug":"huile-de-cbd-chien-et-chat-25","status":"publish","type":"product","link":"https:\/\/atypique.brunotarhan.fr\/index.php\/produit\/huile-de-cbd-chien-et-chat-25\/","title":{"rendered":"Huile de CBD Chien et Chat 2,5%"},"content":{"rendered":"<p>La petite nouvelle de notre gamme d\u2019huile de CBD 100% Fran\u00e7aise et 100% naturelle : l\u2019huile de CBD 2,5% pour Animaux ! <\/p>\n<p>Chez cb\u2019d\u00e9 nous sommes des amoureux de nos amis \u00e0 quatre pattes ! Nous avons s\u00e9lectionn\u00e9 2 saveurs, l\u2019huile de Chanvre Saumon et l\u2019Huile de chanvre Nature. Vous retrouverez toutes les explications n\u00e9cessaires \u00e0 l\u2019utilisation de l\u2019huile de CBD animaux pour nos amis les b\u00eates sur cette page. <\/p>\n<p>La base de nos huiles de CBD cb\u2019d\u00e9 est un m\u00e9lange d\u2019huile vierge de graines de chanvre, ce produit leur permettra de b\u00e9n\u00e9ficier des diff\u00e9rents cannabino\u00efdes pr\u00e9sents dans cette plante car cette huile de CBD animaux est extraite de fa\u00e7on 100% naturelle afin de pr\u00e9server l\u2019ensemble des cannabino\u00efdes : dites \u00ab BROAD SPECTRUM \u00bb ou spectre large (rappelons que nos huiles ne contiennent pas de THC).<br \/>\nLes diff\u00e9rents pourcentages d\u2019huile de CBD permettent de r\u00e9guler sa prise en prenant plus ou moins de gouttes d\u2019huile par jour selon la concentration choisie. Les Animaux ayant une corpulence diff\u00e9rente de l\u2019homme, avoir une concentration moins \u00e9lev\u00e9e, un % qui correspond parfaitement \u00e0 leurs besoins, leur morphologie (2,5% = 250mg dans une bouteille de 10ml).<br \/>\nNous sommes fiers de vous pr\u00e9senter notre gamme d\u2019huile de CBD animaux certifi\u00e9e 100% fran\u00e7aise, fabriqu\u00e9e en r\u00e9gion Auvergne-Rh\u00f4ne-Alpes. Nos huiles de CBD 2,5% pour Animaux sont issues de Chanvre cultiv\u00e9 de mani\u00e8re totalement biologique en Bretagne. <\/p>\n<p>SAVEUR SAUMON \u2013 HUILE SAUMON MCT\/ HUILE CHANVRE <\/p>\n<p>Cette saveur, la plus r\u00e9put\u00e9e parmi les huiles destin\u00e9e aux animaux leur permet d\u2019avoir une app\u00e9tence naturelle pour ce produit, il rendra plus facile l\u2019utilisation quotidienne de votre huile pour votre animal. L\u2019huile de CBD SAUMON MCT 2,5% : La recette de cette huile est concoct\u00e9e dans le respect des normes et lois en vigueur en France. A base d\u2019huile de saumon de qualit\u00e9 alimentaire et d\u2019extrait de cannabidiol, cette huile CBD pour Animaux sera un r\u00e9gal pour les papilles de votre compagnon ! De plus elle poss\u00e8de des apports en om\u00e9ga 3 et om\u00e9ga 6 cons\u00e9quent car notre huile de CBD 100% naturelle est riche en Acide gras essentiels insatur\u00e9s ! <\/p>\n<p>L\u2019huile de SAUMON ind\u00e9pendamment de l\u2019huile de chanvre renforce les articulations, am\u00e9liore l\u2019\u00e9tat de la peau et du pelage\u2026<\/p>\n","protected":false},"excerpt":{"rendered":"<p>Prenez aussi soin de votre chien ou chat avec l\u2019huile de CBD 2,5% Animaux ! Nous avons s\u00e9lectionn\u00e9 2 saveurs, l\u2019huile de Chanvre Saumon et l\u2019Huile de chanvre Nature. Vous retrouverez toutes les explications n\u00e9cessaires \u00e0 l\u2019utilisation de l\u2019huile de CBD pour nos amis les animaux sur cette page.<\/p>\n","protected":false},"featured_media":14823,"comment_status":"open","ping_status":"closed","template":"","meta":[],"product_cat":[59,168],"product_tag":[75,70,77,78,165,164,76],"class_list":["post-15629","product","type-product","status-publish","has-post-thumbnail","hentry","product_cat-cbd","product_cat-huiles","product_tag-cannabidiol","product_tag-cbd","product_tag-chanvre","product_tag-huiles","product_tag-resine","product_tag-solide","product_tag-terpenes","berocket_brand-cbde"],"yoast_head":"<!-- This site is optimized with the Yoast SEO plugin v18.0 - https:\/\/yoast.com\/wordpress\/plugins\/seo\/ -->\n<title>Huile de CBD Chien et Chat 2,5% - Atypique Concept Store<\/title>\n<meta name=\"robots\" content=\"index, follow, max-snippet:-1, max-image-preview:large, max-video-preview:-1\" \/>\n<link rel=\"canonical\" href=\"https:\/\/atypique.brunotarhan.fr\/index.php\/produit\/huile-de-cbd-chien-et-chat-25\/\" \/>\n<meta property=\"og:locale\" content=\"fr_FR\" \/>\n<meta property=\"og:type\" content=\"article\" \/>\n<meta property=\"og:title\" content=\"Huile de CBD Chien et Chat 2,5% - Atypique Concept Store\" \/>\n<meta property=\"og:description\" content=\"Prenez aussi soin de votre chien ou chat avec l\u2019huile de CBD 2,5% Animaux ! Nous avons s\u00e9lectionn\u00e9 2 saveurs, l\u2019huile de Chanvre Saumon et l\u2019Huile de chanvre Nature. Vous retrouverez toutes les explications n\u00e9cessaires \u00e0 l\u2019utilisation de l\u2019huile de CBD pour nos amis les animaux sur cette page.\" \/>\n<meta property=\"og:url\" content=\"https:\/\/atypique.brunotarhan.fr\/index.php\/produit\/huile-de-cbd-chien-et-chat-25\/\" \/>\n<meta property=\"og:site_name\" content=\"Atypique Concept Store\" \/>\n<meta property=\"article:modified_time\" content=\"2022-04-18T15:12:34+00:00\" \/>\n<meta name=\"twitter:card\" content=\"summary_large_image\" \/>\n<meta name=\"twitter:label1\" content=\"Dur\u00e9e de lecture estim\u00e9e\" \/>\n\t<meta name=\"twitter:data1\" content=\"2 minutes\" \/>\n<script type=\"application\/ld+json\" class=\"yoast-schema-graph\">{\"@context\":\"https:\/\/schema.org\",\"@graph\":[{\"@type\":\"WebSite\",\"@id\":\"https:\/\/atypique.brunotarhan.fr\/#website\",\"url\":\"https:\/\/atypique.brunotarhan.fr\/\",\"name\":\"Atypique Concept Store\",\"description\":\"Just another WordPress site\",\"potentialAction\":[{\"@type\":\"SearchAction\",\"target\":{\"@type\":\"EntryPoint\",\"urlTemplate\":\"https:\/\/atypique.brunotarhan.fr\/?s={search_term_string}\"},\"query-input\":\"required name=search_term_string\"}],\"inLanguage\":\"fr-FR\"},{\"@type\":\"ImageObject\",\"@id\":\"https:\/\/atypique.brunotarhan.fr\/index.php\/produit\/huile-de-cbd-chien-et-chat-25\/#primaryimage\",\"inLanguage\":\"fr-FR\",\"url\":\"https:\/\/atypique.brunotarhan.fr\/wp-content\/uploads\/2022\/04\/Huile-UE-saumon-animaux-25.jpg\",\"contentUrl\":\"https:\/\/atypique.brunotarhan.fr\/wp-content\/uploads\/2022\/04\/Huile-UE-saumon-animaux-25.jpg\",\"width\":1200,\"height\":1200},{\"@type\":\"WebPage\",\"@id\":\"https:\/\/atypique.brunotarhan.fr\/index.php\/produit\/huile-de-cbd-chien-et-chat-25\/#webpage\",\"url\":\"https:\/\/atypique.brunotarhan.fr\/index.php\/produit\/huile-de-cbd-chien-et-chat-25\/\",\"name\":\"Huile de CBD Chien et Chat 2,5% - Atypique Concept Store\",\"isPartOf\":{\"@id\":\"https:\/\/atypique.brunotarhan.fr\/#website\"},\"primaryImageOfPage\":{\"@id\":\"https:\/\/atypique.brunotarhan.fr\/index.php\/produit\/huile-de-cbd-chien-et-chat-25\/#primaryimage\"},\"datePublished\":\"2022-04-18T15:10:40+00:00\",\"dateModified\":\"2022-04-18T15:12:34+00:00\",\"breadcrumb\":{\"@id\":\"https:\/\/atypique.brunotarhan.fr\/index.php\/produit\/huile-de-cbd-chien-et-chat-25\/#breadcrumb\"},\"inLanguage\":\"fr-FR\",\"potentialAction\":[{\"@type\":\"ReadAction\",\"target\":[\"https:\/\/atypique.brunotarhan.fr\/index.php\/produit\/huile-de-cbd-chien-et-chat-25\/\"]}]},{\"@type\":\"BreadcrumbList\",\"@id\":\"https:\/\/atypique.brunotarhan.fr\/index.php\/produit\/huile-de-cbd-chien-et-chat-25\/#breadcrumb\",\"itemListElement\":[{\"@type\":\"ListItem\",\"position\":1,\"name\":\"Accueil\",\"item\":\"https:\/\/atypique.brunotarhan.fr\/\"},{\"@type\":\"ListItem\",\"position\":2,\"name\":\"\"},{\"@type\":\"ListItem\",\"position\":3,\"name\":\"Huile de CBD Chien et Chat 2,5%\"}]}]}<\/script>\n<!-- \/ Yoast SEO plugin. -->","yoast_head_json":{"title":"Huile de CBD Chien et Chat 2,5% - Atypique Concept Store","robots":{"index":"index","follow":"follow","max-snippet":"max-snippet:-1","max-image-preview":"max-image-preview:large","max-video-preview":"max-video-preview:-1"},"canonical":"https:\/\/atypique.brunotarhan.fr\/index.php\/produit\/huile-de-cbd-chien-et-chat-25\/","og_locale":"fr_FR","og_type":"article","og_title":"Huile de CBD Chien et Chat 2,5% - Atypique Concept Store","og_description":"Prenez aussi soin de votre chien ou chat avec l\u2019huile de CBD 2,5% Animaux ! Nous avons s\u00e9lectionn\u00e9 2 saveurs, l\u2019huile de Chanvre Saumon et l\u2019Huile de chanvre Nature. Vous retrouverez toutes les explications n\u00e9cessaires \u00e0 l\u2019utilisation de l\u2019huile de CBD pour nos amis les animaux sur cette page.","og_url":"https:\/\/atypique.brunotarhan.fr\/index.php\/produit\/huile-de-cbd-chien-et-chat-25\/","og_site_name":"Atypique Concept Store","article_modified_time":"2022-04-18T15:12:34+00:00","twitter_card":"summary_large_image","twitter_misc":{"Dur\u00e9e de lecture estim\u00e9e":"2 minutes"},"schema":{"@context":"https:\/\/schema.org","@graph":[{"@type":"WebSite","@id":"https:\/\/atypique.brunotarhan.fr\/#website","url":"https:\/\/atypique.brunotarhan.fr\/","name":"Atypique Concept Store","description":"Just another WordPress site","potentialAction":[{"@type":"SearchAction","target":{"@type":"EntryPoint","urlTemplate":"https:\/\/atypique.brunotarhan.fr\/?s={search_term_string}"},"query-input":"required name=search_term_string"}],"inLanguage":"fr-FR"},{"@type":"ImageObject","@id":"https:\/\/atypique.brunotarhan.fr\/index.php\/produit\/huile-de-cbd-chien-et-chat-25\/#primaryimage","inLanguage":"fr-FR","url":"https:\/\/atypique.brunotarhan.fr\/wp-content\/uploads\/2022\/04\/Huile-UE-saumon-animaux-25.jpg","contentUrl":"https:\/\/atypique.brunotarhan.fr\/wp-content\/uploads\/2022\/04\/Huile-UE-saumon-animaux-25.jpg","width":1200,"height":1200},{"@type":"WebPage","@id":"https:\/\/atypique.brunotarhan.fr\/index.php\/produit\/huile-de-cbd-chien-et-chat-25\/#webpage","url":"https:\/\/atypique.brunotarhan.fr\/index.php\/produit\/huile-de-cbd-chien-et-chat-25\/","name":"Huile de CBD Chien et Chat 2,5% - Atypique Concept Store","isPartOf":{"@id":"https:\/\/atypique.brunotarhan.fr\/#website"},"primaryImageOfPage":{"@id":"https:\/\/atypique.brunotarhan.fr\/index.php\/produit\/huile-de-cbd-chien-et-chat-25\/#primaryimage"},"datePublished":"2022-04-18T15:10:40+00:00","dateModified":"2022-04-18T15:12:34+00:00","breadcrumb":{"@id":"https:\/\/atypique.brunotarhan.fr\/index.php\/produit\/huile-de-cbd-chien-et-chat-25\/#breadcrumb"},"inLanguage":"fr-FR","potentialAction":[{"@type":"ReadAction","target":["https:\/\/atypique.brunotarhan.fr\/index.php\/produit\/huile-de-cbd-chien-et-chat-25\/"]}]},{"@type":"BreadcrumbList","@id":"https:\/\/atypique.brunotarhan.fr\/index.php\/produit\/huile-de-cbd-chien-et-chat-25\/#breadcrumb","itemListElement":[{"@type":"ListItem","position":1,"name":"Accueil","item":"https:\/\/atypique.brunotarhan.fr\/"},{"@type":"ListItem","position":2,"name":""},{"@type":"ListItem","position":3,"name":"Huile de CBD Chien et Chat 2,5%"}]}]}},"_links":{"self":[{"href":"https:\/\/atypique.brunotarhan.fr\/index.php\/wp-json\/wp\/v2\/product\/15629","targetHints":{"allow":["GET"]}}],"collection":[{"href":"https:\/\/atypique.brunotarhan.fr\/index.php\/wp-json\/wp\/v2\/product"}],"about":[{"href":"https:\/\/atypique.brunotarhan.fr\/index.php\/wp-json\/wp\/v2\/types\/product"}],"replies":[{"embeddable":true,"href":"https:\/\/atypique.brunotarhan.fr\/index.php\/wp-json\/wp\/v2\/comments?post=15629"}],"wp:featuredmedia":[{"embeddable":true,"href":"https:\/\/atypique.brunotarhan.fr\/index.php\/wp-json\/wp\/v2\/media\/14823"}],"wp:attachment":[{"href":"https:\/\/atypique.brunotarhan.fr\/index.php\/wp-json\/wp\/v2\/media?parent=15629"}],"wp:term":[{"taxonomy":"product_cat","embeddable":true,"href":"https:\/\/atypique.brunotarhan.fr\/index.php\/wp-json\/wp\/v2\/product_cat?post=15629"},{"taxonomy":"product_tag","embeddable":true,"href":"https:\/\/atypique.brunotarhan.fr\/index.php\/wp-json\/wp\/v2\/product_tag?post=15629"}],"curies":[{"name":"wp","href":"https:\/\/api.w.org\/{rel}","templated":true}]}}