{"id":15627,"date":"2022-04-18T15:10:31","date_gmt":"2022-04-18T15:10:31","guid":{"rendered":"https:\/\/atypique.brunotarhan.fr\/?post_type=product&#038;p=15627"},"modified":"2022-04-18T15:12:31","modified_gmt":"2022-04-18T15:12:31","slug":"huile-de-cbd-bio-nature-5-a-30","status":"publish","type":"product","link":"https:\/\/atypique.brunotarhan.fr\/index.php\/produit\/huile-de-cbd-bio-nature-5-a-30\/","title":{"rendered":"Huile de CBD Bio Nature \u2013 5 \u00e0 30%"},"content":{"rendered":"<p>NOTICE D\u2019UTILISATION: Notice Huiles <\/p>\n<p>cb\u2019d\u00e9 est une marque d\u00e9pos\u00e9e fran\u00e7aise. <\/p>\n<p>Retrouvez d\u00e8s maintenant nos nouvelles huiles de CBD certifi\u00e9es 100% BIO (label ECOCERT). Au chanvre naturel, notre nouvelle gamme d\u2019huile cb\u2019d\u00e9 europ\u00e9enne va de 5 \u00e0 30% de CBD.<\/p>\n<p>Ces huiles au chanvre naturel contiennent de 500 \u00e0 3000mg de CBD dans une bouteille de 10ml (de 5 \u00e0 30%). <\/p>\n<p>Ce produit est une tr\u00e8s bonne alternative pour les personnes souhaitant essayer le CBD car la diversit\u00e9 de cette gamme vous permettra de trouver aussi bien un produit peu concentr\u00e9 pour tester la mol\u00e9cule de CBD, qu\u2019un produit fortement dos\u00e9 pour ceux qui cherche un r\u00e9el accompagnement.<br \/>\nNous sommes fiers de vous pr\u00e9senter notre nouvelle gamme d\u2019huile bien-\u00eatre CBD certifi\u00e9e 100% BIO, fabriqu\u00e9e en R\u00e9publique-Tch\u00e8que par l\u2019un des pionniers du CBD. Nos huiles de CBD cb\u2019d\u00e9 sont issues de Chanvre cultiv\u00e9 de mani\u00e8re totalement biologique et dans le respect de nos attentes.<\/p>\n<p>L\u2019huile de Chanvre permet une ingestion plus lente du CBD par l\u2019organisme, vous pouvez donc s\u00e9lectionner ce qui vous convient le mieux dans la gamme cb\u2019d\u00e9 !<br \/>\nToutes nos bouteilles d\u2019huiles de CBD sont simple d\u2019utilisation gr\u00e2ce \u00e0 un syst\u00e8me de goutte \u00e0 goutte inclus dans le bouchon.<\/p>\n<p>PARFUM : NATURE \u2013 HUILE CHANVRE<br \/>\nCe parfum vous laissera une odeur et un go\u00fbt v\u00e9g\u00e9tal de Chanvre naturel, l\u00e9g\u00e8rement amer et bois\u00e9 pour l\u2019instant d\u2019un voyage.<\/p>\n<p>Bouteille 10ml \u2013 30% de CBD = 3000mg de CBD (env. 200 gouttes pour 10ml = 15mg\/goutte). <\/p>\n<p>Nos huiles de CBD 30% sont les plus dos\u00e9es en CBD de toute notre gamme. Elles conviennent parfaitement \u00e0 des pathologies lourdes et\/ou \u00e0 des personnes souhaitant ing\u00e9rer un minimum de mati\u00e8re grasse pour un maximum de CBD.<\/p>\n<p>Produits contr\u00f4l\u00e9s par un laboratoire ind\u00e9pendant pour garantir des produits 100% l\u00e9gaux.<br \/>\nProduit non destin\u00e9 aux femmes enceintes ou allaitantes, vente interdite aux mineurs.<br \/>\nUtilisation : ne pas fumer, d\u00e9poser des gouttes d\u2019huile sous votre langue (voie sublinguale). Posologie selon la corpulence de l\u2019individu, de son ressenti et de son besoin\/sa pathologie.<br \/>\nAttention ces huiles ne sont pas un m\u00e9dicament, pour les cas particuliers il est pr\u00e9f\u00e9rable d\u2019en parler avec votre m\u00e9decin avant usage. <\/p>\n<p>M\u00e9dicalement : pour les cas particuliers, il est pr\u00e9f\u00e9rable d\u2019en parler avec votre m\u00e9decin avant usage.<\/p>\n","protected":false},"excerpt":{"rendered":"<p>Bouteille 10ml \u2013 10% de CBD = 1000mg de CBD (env. 200 gouttes pour 10ml = 5mg\/goutte).<\/p>\n<p>Nos huiles de CBD 10%, vous permettent avec 3-4 gouttes, trois fois par jour une consommation moyenne de plus de 50 mg de CBD. La consommation maximale pr\u00e9conis\u00e9e de CBD par jour est de 160 mg, ce qui fait de notre huile 10% un parfait compromis entre puissance et l\u00e9g\u00e8ret\u00e9. <\/p>\n","protected":false},"featured_media":14821,"comment_status":"open","ping_status":"closed","template":"","meta":[],"product_cat":[59,168],"product_tag":[75,70,77,78,165,164,76],"class_list":["post-15627","product","type-product","status-publish","has-post-thumbnail","hentry","product_cat-cbd","product_cat-huiles","product_tag-cannabidiol","product_tag-cbd","product_tag-chanvre","product_tag-huiles","product_tag-resine","product_tag-solide","product_tag-terpenes","berocket_brand-cbde"],"yoast_head":"<!-- This site is optimized with the Yoast SEO plugin v18.0 - https:\/\/yoast.com\/wordpress\/plugins\/seo\/ -->\n<title>Huile de CBD Bio Nature \u2013 5 \u00e0 30% - Atypique Concept Store<\/title>\n<meta name=\"robots\" content=\"index, follow, max-snippet:-1, max-image-preview:large, max-video-preview:-1\" \/>\n<link rel=\"canonical\" href=\"https:\/\/atypique.brunotarhan.fr\/index.php\/produit\/huile-de-cbd-bio-nature-5-a-30\/\" \/>\n<meta property=\"og:locale\" content=\"fr_FR\" \/>\n<meta property=\"og:type\" content=\"article\" \/>\n<meta property=\"og:title\" content=\"Huile de CBD Bio Nature \u2013 5 \u00e0 30% - Atypique Concept Store\" \/>\n<meta property=\"og:description\" content=\"Bouteille 10ml \u2013 10% de CBD = 1000mg de CBD (env. 200 gouttes pour 10ml = 5mg\/goutte). Nos huiles de CBD 10%, vous permettent avec 3-4 gouttes, trois fois par jour une consommation moyenne de plus de 50 mg de CBD. La consommation maximale pr\u00e9conis\u00e9e de CBD par jour est de 160 mg, ce qui fait de notre huile 10% un parfait compromis entre puissance et l\u00e9g\u00e8ret\u00e9.\" \/>\n<meta property=\"og:url\" content=\"https:\/\/atypique.brunotarhan.fr\/index.php\/produit\/huile-de-cbd-bio-nature-5-a-30\/\" \/>\n<meta property=\"og:site_name\" content=\"Atypique Concept Store\" \/>\n<meta property=\"article:modified_time\" content=\"2022-04-18T15:12:31+00:00\" \/>\n<meta name=\"twitter:card\" content=\"summary_large_image\" \/>\n<meta name=\"twitter:label1\" content=\"Dur\u00e9e de lecture estim\u00e9e\" \/>\n\t<meta name=\"twitter:data1\" content=\"2 minutes\" \/>\n<script type=\"application\/ld+json\" class=\"yoast-schema-graph\">{\"@context\":\"https:\/\/schema.org\",\"@graph\":[{\"@type\":\"WebSite\",\"@id\":\"https:\/\/atypique.brunotarhan.fr\/#website\",\"url\":\"https:\/\/atypique.brunotarhan.fr\/\",\"name\":\"Atypique Concept Store\",\"description\":\"Just another WordPress site\",\"potentialAction\":[{\"@type\":\"SearchAction\",\"target\":{\"@type\":\"EntryPoint\",\"urlTemplate\":\"https:\/\/atypique.brunotarhan.fr\/?s={search_term_string}\"},\"query-input\":\"required name=search_term_string\"}],\"inLanguage\":\"fr-FR\"},{\"@type\":\"ImageObject\",\"@id\":\"https:\/\/atypique.brunotarhan.fr\/index.php\/produit\/huile-de-cbd-bio-nature-5-a-30\/#primaryimage\",\"inLanguage\":\"fr-FR\",\"url\":\"https:\/\/atypique.brunotarhan.fr\/wp-content\/uploads\/2022\/04\/Huile-UE-Nature-10.jpg\",\"contentUrl\":\"https:\/\/atypique.brunotarhan.fr\/wp-content\/uploads\/2022\/04\/Huile-UE-Nature-10.jpg\",\"width\":1200,\"height\":1200},{\"@type\":\"WebPage\",\"@id\":\"https:\/\/atypique.brunotarhan.fr\/index.php\/produit\/huile-de-cbd-bio-nature-5-a-30\/#webpage\",\"url\":\"https:\/\/atypique.brunotarhan.fr\/index.php\/produit\/huile-de-cbd-bio-nature-5-a-30\/\",\"name\":\"Huile de CBD Bio Nature \u2013 5 \u00e0 30% - Atypique Concept Store\",\"isPartOf\":{\"@id\":\"https:\/\/atypique.brunotarhan.fr\/#website\"},\"primaryImageOfPage\":{\"@id\":\"https:\/\/atypique.brunotarhan.fr\/index.php\/produit\/huile-de-cbd-bio-nature-5-a-30\/#primaryimage\"},\"datePublished\":\"2022-04-18T15:10:31+00:00\",\"dateModified\":\"2022-04-18T15:12:31+00:00\",\"breadcrumb\":{\"@id\":\"https:\/\/atypique.brunotarhan.fr\/index.php\/produit\/huile-de-cbd-bio-nature-5-a-30\/#breadcrumb\"},\"inLanguage\":\"fr-FR\",\"potentialAction\":[{\"@type\":\"ReadAction\",\"target\":[\"https:\/\/atypique.brunotarhan.fr\/index.php\/produit\/huile-de-cbd-bio-nature-5-a-30\/\"]}]},{\"@type\":\"BreadcrumbList\",\"@id\":\"https:\/\/atypique.brunotarhan.fr\/index.php\/produit\/huile-de-cbd-bio-nature-5-a-30\/#breadcrumb\",\"itemListElement\":[{\"@type\":\"ListItem\",\"position\":1,\"name\":\"Accueil\",\"item\":\"https:\/\/atypique.brunotarhan.fr\/\"},{\"@type\":\"ListItem\",\"position\":2,\"name\":\"\"},{\"@type\":\"ListItem\",\"position\":3,\"name\":\"Huile de CBD Bio Nature \u2013 5 \u00e0 30%\"}]}]}<\/script>\n<!-- \/ Yoast SEO plugin. -->","yoast_head_json":{"title":"Huile de CBD Bio Nature \u2013 5 \u00e0 30% - Atypique Concept Store","robots":{"index":"index","follow":"follow","max-snippet":"max-snippet:-1","max-image-preview":"max-image-preview:large","max-video-preview":"max-video-preview:-1"},"canonical":"https:\/\/atypique.brunotarhan.fr\/index.php\/produit\/huile-de-cbd-bio-nature-5-a-30\/","og_locale":"fr_FR","og_type":"article","og_title":"Huile de CBD Bio Nature \u2013 5 \u00e0 30% - Atypique Concept Store","og_description":"Bouteille 10ml \u2013 10% de CBD = 1000mg de CBD (env. 200 gouttes pour 10ml = 5mg\/goutte). Nos huiles de CBD 10%, vous permettent avec 3-4 gouttes, trois fois par jour une consommation moyenne de plus de 50 mg de CBD. La consommation maximale pr\u00e9conis\u00e9e de CBD par jour est de 160 mg, ce qui fait de notre huile 10% un parfait compromis entre puissance et l\u00e9g\u00e8ret\u00e9.","og_url":"https:\/\/atypique.brunotarhan.fr\/index.php\/produit\/huile-de-cbd-bio-nature-5-a-30\/","og_site_name":"Atypique Concept Store","article_modified_time":"2022-04-18T15:12:31+00:00","twitter_card":"summary_large_image","twitter_misc":{"Dur\u00e9e de lecture estim\u00e9e":"2 minutes"},"schema":{"@context":"https:\/\/schema.org","@graph":[{"@type":"WebSite","@id":"https:\/\/atypique.brunotarhan.fr\/#website","url":"https:\/\/atypique.brunotarhan.fr\/","name":"Atypique Concept Store","description":"Just another WordPress site","potentialAction":[{"@type":"SearchAction","target":{"@type":"EntryPoint","urlTemplate":"https:\/\/atypique.brunotarhan.fr\/?s={search_term_string}"},"query-input":"required name=search_term_string"}],"inLanguage":"fr-FR"},{"@type":"ImageObject","@id":"https:\/\/atypique.brunotarhan.fr\/index.php\/produit\/huile-de-cbd-bio-nature-5-a-30\/#primaryimage","inLanguage":"fr-FR","url":"https:\/\/atypique.brunotarhan.fr\/wp-content\/uploads\/2022\/04\/Huile-UE-Nature-10.jpg","contentUrl":"https:\/\/atypique.brunotarhan.fr\/wp-content\/uploads\/2022\/04\/Huile-UE-Nature-10.jpg","width":1200,"height":1200},{"@type":"WebPage","@id":"https:\/\/atypique.brunotarhan.fr\/index.php\/produit\/huile-de-cbd-bio-nature-5-a-30\/#webpage","url":"https:\/\/atypique.brunotarhan.fr\/index.php\/produit\/huile-de-cbd-bio-nature-5-a-30\/","name":"Huile de CBD Bio Nature \u2013 5 \u00e0 30% - Atypique Concept Store","isPartOf":{"@id":"https:\/\/atypique.brunotarhan.fr\/#website"},"primaryImageOfPage":{"@id":"https:\/\/atypique.brunotarhan.fr\/index.php\/produit\/huile-de-cbd-bio-nature-5-a-30\/#primaryimage"},"datePublished":"2022-04-18T15:10:31+00:00","dateModified":"2022-04-18T15:12:31+00:00","breadcrumb":{"@id":"https:\/\/atypique.brunotarhan.fr\/index.php\/produit\/huile-de-cbd-bio-nature-5-a-30\/#breadcrumb"},"inLanguage":"fr-FR","potentialAction":[{"@type":"ReadAction","target":["https:\/\/atypique.brunotarhan.fr\/index.php\/produit\/huile-de-cbd-bio-nature-5-a-30\/"]}]},{"@type":"BreadcrumbList","@id":"https:\/\/atypique.brunotarhan.fr\/index.php\/produit\/huile-de-cbd-bio-nature-5-a-30\/#breadcrumb","itemListElement":[{"@type":"ListItem","position":1,"name":"Accueil","item":"https:\/\/atypique.brunotarhan.fr\/"},{"@type":"ListItem","position":2,"name":""},{"@type":"ListItem","position":3,"name":"Huile de CBD Bio Nature \u2013 5 \u00e0 30%"}]}]}},"_links":{"self":[{"href":"https:\/\/atypique.brunotarhan.fr\/index.php\/wp-json\/wp\/v2\/product\/15627","targetHints":{"allow":["GET"]}}],"collection":[{"href":"https:\/\/atypique.brunotarhan.fr\/index.php\/wp-json\/wp\/v2\/product"}],"about":[{"href":"https:\/\/atypique.brunotarhan.fr\/index.php\/wp-json\/wp\/v2\/types\/product"}],"replies":[{"embeddable":true,"href":"https:\/\/atypique.brunotarhan.fr\/index.php\/wp-json\/wp\/v2\/comments?post=15627"}],"wp:featuredmedia":[{"embeddable":true,"href":"https:\/\/atypique.brunotarhan.fr\/index.php\/wp-json\/wp\/v2\/media\/14821"}],"wp:attachment":[{"href":"https:\/\/atypique.brunotarhan.fr\/index.php\/wp-json\/wp\/v2\/media?parent=15627"}],"wp:term":[{"taxonomy":"product_cat","embeddable":true,"href":"https:\/\/atypique.brunotarhan.fr\/index.php\/wp-json\/wp\/v2\/product_cat?post=15627"},{"taxonomy":"product_tag","embeddable":true,"href":"https:\/\/atypique.brunotarhan.fr\/index.php\/wp-json\/wp\/v2\/product_tag?post=15627"}],"curies":[{"name":"wp","href":"https:\/\/api.w.org\/{rel}","templated":true}]}}