{"id":15625,"date":"2022-04-18T15:10:25","date_gmt":"2022-04-18T15:10:25","guid":{"rendered":"https:\/\/atypique.brunotarhan.fr\/?post_type=product&#038;p=15625"},"modified":"2022-04-18T15:12:17","modified_gmt":"2022-04-18T15:12:17","slug":"cvault-small-0-175l-10-15g","status":"publish","type":"product","link":"https:\/\/atypique.brunotarhan.fr\/index.php\/produit\/cvault-small-0-175l-10-15g\/","title":{"rendered":"CVAULT \u2013 SMALL 0.175L (10-15g)"},"content":{"rendered":"<p>Pour une conservation parfaite de nos fleurs de senteurs, nous avons s\u00e9lectionn\u00e9 pour vous Cvault, la marque r\u00e9f\u00e9rence quand on parle de conservation d\u2019herbes m\u00e9dicinales.<\/p>\n<p>Il est tr\u00e8s difficile de conserver ses fleurs de cannabis dans le temps, sans que la lumi\u00e8re (rayons UV) et l\u2019air (oxyg\u00e8ne) ne les affectent. La lumi\u00e8re et l\u2019air s\u00e8che consid\u00e9rablement la fleur et un s\u00e9chage trop important d\u00e9grade les trichomes du cannabis (composant contenant les terp\u00e8nes et cannabino\u00efdes, autrement dit le go\u00fbt et l\u2019effet).<\/p>\n<p>Compos\u00e9 en acier inoxydable de qualit\u00e9 alimentaire, les bo\u00eetes CVault correspondent aux normes d\u2019hygi\u00e8ne les plus strictes. Son couvercle herm\u00e9tique (avec joint silicone) emp\u00eache totalement l\u2019entr\u00e9e d\u2019air \u00e0 l\u2019int\u00e9rieur de la bo\u00eete, sa composition en acier permet \u00e9galement d\u2019emp\u00eacher l\u2019entr\u00e9e de 100% des rayons UV ce qui vous \u00e9vitera toute d\u00e9gradation pr\u00e9matur\u00e9e de vos fleurs.  <\/p>\n<p>Cette r\u00e9f\u00e9rence CVault 0.175L est vendue avec un sachet Boveda HumidiPack 62% 4gr, qui garantit une humidit\u00e9 relative de 62% \u00e0 l\u2019int\u00e9rieur de la bo\u00eete. Une humidit\u00e9 relative de 62% est l\u2019hygrom\u00e9trie parfaite pour les fleurs de cannabis, car elle permet de conserver les trichomes aussi longtemps que vous le souhaitez (\u00e0 savoir que comme le vin, les fleurs de cannabis maturent et se bonifient dans le temps si elles sont respectueusement conserv\u00e9es). Des \u00e9tudes montrent que 15% de plus des trichomes sont retenus lorsque les fleurs sont conserv\u00e9es dans une bo\u00eete CVault et avec l\u2019utilisation de sachet Boveda.<\/p>\n<p>Nos bo\u00eetes CVault et nos sachets Boveda sont \u00e9galement fortement recommand\u00e9e durant la p\u00e9riode de Curing, car ils minimiseront les variations d\u2019humidit\u00e9 ce qui est non n\u00e9gligeable durant ce processus.  <\/p>\n","protected":false},"excerpt":{"rendered":"<p>Retrouvez la bo\u00eete CVault SMALL, parfaite pour contenir vos fleurs de senteur !<\/p>\n<p>DESCRIPITIF :<\/p>\n<p>Volume : 0.175L<br \/>\nContenance : 10-15g<br \/>\nDimensions int\u00e9rieures (l x h) : 8x4cm<br \/>\n1 sachet Boveda 4gr 62% inclus avec l\u2019achat de cette r\u00e9f\u00e9rence.<\/p>\n","protected":false},"featured_media":14792,"comment_status":"open","ping_status":"closed","template":"","meta":[],"product_cat":[166,59],"product_tag":[75,70,77,167,78,165,164,76],"class_list":["post-15625","product","type-product","status-publish","has-post-thumbnail","hentry","product_cat-accessoires-cbd","product_cat-cbd","product_tag-cannabidiol","product_tag-cbd","product_tag-chanvre","product_tag-conservation","product_tag-huiles","product_tag-resine","product_tag-solide","product_tag-terpenes","berocket_brand-cvault"],"yoast_head":"<!-- This site is optimized with the Yoast SEO plugin v18.0 - https:\/\/yoast.com\/wordpress\/plugins\/seo\/ -->\n<title>CVAULT \u2013 SMALL 0.175L (10-15g) - Atypique Concept Store<\/title>\n<meta name=\"robots\" content=\"index, follow, max-snippet:-1, max-image-preview:large, max-video-preview:-1\" \/>\n<link rel=\"canonical\" href=\"https:\/\/atypique.brunotarhan.fr\/index.php\/produit\/cvault-small-0-175l-10-15g\/\" \/>\n<meta property=\"og:locale\" content=\"fr_FR\" \/>\n<meta property=\"og:type\" content=\"article\" \/>\n<meta property=\"og:title\" content=\"CVAULT \u2013 SMALL 0.175L (10-15g) - Atypique Concept Store\" \/>\n<meta property=\"og:description\" content=\"Retrouvez la bo\u00eete CVault SMALL, parfaite pour contenir vos fleurs de senteur ! DESCRIPITIF : Volume : 0.175L Contenance : 10-15g Dimensions int\u00e9rieures (l x h) : 8x4cm 1 sachet Boveda 4gr 62% inclus avec l\u2019achat de cette r\u00e9f\u00e9rence.\" \/>\n<meta property=\"og:url\" content=\"https:\/\/atypique.brunotarhan.fr\/index.php\/produit\/cvault-small-0-175l-10-15g\/\" \/>\n<meta property=\"og:site_name\" content=\"Atypique Concept Store\" \/>\n<meta property=\"article:modified_time\" content=\"2022-04-18T15:12:17+00:00\" \/>\n<meta name=\"twitter:card\" content=\"summary_large_image\" \/>\n<meta name=\"twitter:label1\" content=\"Dur\u00e9e de lecture estim\u00e9e\" \/>\n\t<meta name=\"twitter:data1\" content=\"2 minutes\" \/>\n<script type=\"application\/ld+json\" class=\"yoast-schema-graph\">{\"@context\":\"https:\/\/schema.org\",\"@graph\":[{\"@type\":\"WebSite\",\"@id\":\"https:\/\/atypique.brunotarhan.fr\/#website\",\"url\":\"https:\/\/atypique.brunotarhan.fr\/\",\"name\":\"Atypique Concept Store\",\"description\":\"Just another WordPress site\",\"potentialAction\":[{\"@type\":\"SearchAction\",\"target\":{\"@type\":\"EntryPoint\",\"urlTemplate\":\"https:\/\/atypique.brunotarhan.fr\/?s={search_term_string}\"},\"query-input\":\"required name=search_term_string\"}],\"inLanguage\":\"fr-FR\"},{\"@type\":\"ImageObject\",\"@id\":\"https:\/\/atypique.brunotarhan.fr\/index.php\/produit\/cvault-small-0-175l-10-15g\/#primaryimage\",\"inLanguage\":\"fr-FR\",\"url\":\"https:\/\/atypique.brunotarhan.fr\/wp-content\/uploads\/2022\/04\/cvault-small.jpg\",\"contentUrl\":\"https:\/\/atypique.brunotarhan.fr\/wp-content\/uploads\/2022\/04\/cvault-small.jpg\",\"width\":2500,\"height\":2500},{\"@type\":\"WebPage\",\"@id\":\"https:\/\/atypique.brunotarhan.fr\/index.php\/produit\/cvault-small-0-175l-10-15g\/#webpage\",\"url\":\"https:\/\/atypique.brunotarhan.fr\/index.php\/produit\/cvault-small-0-175l-10-15g\/\",\"name\":\"CVAULT \u2013 SMALL 0.175L (10-15g) - Atypique Concept Store\",\"isPartOf\":{\"@id\":\"https:\/\/atypique.brunotarhan.fr\/#website\"},\"primaryImageOfPage\":{\"@id\":\"https:\/\/atypique.brunotarhan.fr\/index.php\/produit\/cvault-small-0-175l-10-15g\/#primaryimage\"},\"datePublished\":\"2022-04-18T15:10:25+00:00\",\"dateModified\":\"2022-04-18T15:12:17+00:00\",\"breadcrumb\":{\"@id\":\"https:\/\/atypique.brunotarhan.fr\/index.php\/produit\/cvault-small-0-175l-10-15g\/#breadcrumb\"},\"inLanguage\":\"fr-FR\",\"potentialAction\":[{\"@type\":\"ReadAction\",\"target\":[\"https:\/\/atypique.brunotarhan.fr\/index.php\/produit\/cvault-small-0-175l-10-15g\/\"]}]},{\"@type\":\"BreadcrumbList\",\"@id\":\"https:\/\/atypique.brunotarhan.fr\/index.php\/produit\/cvault-small-0-175l-10-15g\/#breadcrumb\",\"itemListElement\":[{\"@type\":\"ListItem\",\"position\":1,\"name\":\"Accueil\",\"item\":\"https:\/\/atypique.brunotarhan.fr\/\"},{\"@type\":\"ListItem\",\"position\":2,\"name\":\"\"},{\"@type\":\"ListItem\",\"position\":3,\"name\":\"CVAULT \u2013 SMALL 0.175L (10-15g)\"}]}]}<\/script>\n<!-- \/ Yoast SEO plugin. -->","yoast_head_json":{"title":"CVAULT \u2013 SMALL 0.175L (10-15g) - Atypique Concept Store","robots":{"index":"index","follow":"follow","max-snippet":"max-snippet:-1","max-image-preview":"max-image-preview:large","max-video-preview":"max-video-preview:-1"},"canonical":"https:\/\/atypique.brunotarhan.fr\/index.php\/produit\/cvault-small-0-175l-10-15g\/","og_locale":"fr_FR","og_type":"article","og_title":"CVAULT \u2013 SMALL 0.175L (10-15g) - Atypique Concept Store","og_description":"Retrouvez la bo\u00eete CVault SMALL, parfaite pour contenir vos fleurs de senteur ! DESCRIPITIF : Volume : 0.175L Contenance : 10-15g Dimensions int\u00e9rieures (l x h) : 8x4cm 1 sachet Boveda 4gr 62% inclus avec l\u2019achat de cette r\u00e9f\u00e9rence.","og_url":"https:\/\/atypique.brunotarhan.fr\/index.php\/produit\/cvault-small-0-175l-10-15g\/","og_site_name":"Atypique Concept Store","article_modified_time":"2022-04-18T15:12:17+00:00","twitter_card":"summary_large_image","twitter_misc":{"Dur\u00e9e de lecture estim\u00e9e":"2 minutes"},"schema":{"@context":"https:\/\/schema.org","@graph":[{"@type":"WebSite","@id":"https:\/\/atypique.brunotarhan.fr\/#website","url":"https:\/\/atypique.brunotarhan.fr\/","name":"Atypique Concept Store","description":"Just another WordPress site","potentialAction":[{"@type":"SearchAction","target":{"@type":"EntryPoint","urlTemplate":"https:\/\/atypique.brunotarhan.fr\/?s={search_term_string}"},"query-input":"required name=search_term_string"}],"inLanguage":"fr-FR"},{"@type":"ImageObject","@id":"https:\/\/atypique.brunotarhan.fr\/index.php\/produit\/cvault-small-0-175l-10-15g\/#primaryimage","inLanguage":"fr-FR","url":"https:\/\/atypique.brunotarhan.fr\/wp-content\/uploads\/2022\/04\/cvault-small.jpg","contentUrl":"https:\/\/atypique.brunotarhan.fr\/wp-content\/uploads\/2022\/04\/cvault-small.jpg","width":2500,"height":2500},{"@type":"WebPage","@id":"https:\/\/atypique.brunotarhan.fr\/index.php\/produit\/cvault-small-0-175l-10-15g\/#webpage","url":"https:\/\/atypique.brunotarhan.fr\/index.php\/produit\/cvault-small-0-175l-10-15g\/","name":"CVAULT \u2013 SMALL 0.175L (10-15g) - Atypique Concept Store","isPartOf":{"@id":"https:\/\/atypique.brunotarhan.fr\/#website"},"primaryImageOfPage":{"@id":"https:\/\/atypique.brunotarhan.fr\/index.php\/produit\/cvault-small-0-175l-10-15g\/#primaryimage"},"datePublished":"2022-04-18T15:10:25+00:00","dateModified":"2022-04-18T15:12:17+00:00","breadcrumb":{"@id":"https:\/\/atypique.brunotarhan.fr\/index.php\/produit\/cvault-small-0-175l-10-15g\/#breadcrumb"},"inLanguage":"fr-FR","potentialAction":[{"@type":"ReadAction","target":["https:\/\/atypique.brunotarhan.fr\/index.php\/produit\/cvault-small-0-175l-10-15g\/"]}]},{"@type":"BreadcrumbList","@id":"https:\/\/atypique.brunotarhan.fr\/index.php\/produit\/cvault-small-0-175l-10-15g\/#breadcrumb","itemListElement":[{"@type":"ListItem","position":1,"name":"Accueil","item":"https:\/\/atypique.brunotarhan.fr\/"},{"@type":"ListItem","position":2,"name":""},{"@type":"ListItem","position":3,"name":"CVAULT \u2013 SMALL 0.175L (10-15g)"}]}]}},"_links":{"self":[{"href":"https:\/\/atypique.brunotarhan.fr\/index.php\/wp-json\/wp\/v2\/product\/15625","targetHints":{"allow":["GET"]}}],"collection":[{"href":"https:\/\/atypique.brunotarhan.fr\/index.php\/wp-json\/wp\/v2\/product"}],"about":[{"href":"https:\/\/atypique.brunotarhan.fr\/index.php\/wp-json\/wp\/v2\/types\/product"}],"replies":[{"embeddable":true,"href":"https:\/\/atypique.brunotarhan.fr\/index.php\/wp-json\/wp\/v2\/comments?post=15625"}],"wp:featuredmedia":[{"embeddable":true,"href":"https:\/\/atypique.brunotarhan.fr\/index.php\/wp-json\/wp\/v2\/media\/14792"}],"wp:attachment":[{"href":"https:\/\/atypique.brunotarhan.fr\/index.php\/wp-json\/wp\/v2\/media?parent=15625"}],"wp:term":[{"taxonomy":"product_cat","embeddable":true,"href":"https:\/\/atypique.brunotarhan.fr\/index.php\/wp-json\/wp\/v2\/product_cat?post=15625"},{"taxonomy":"product_tag","embeddable":true,"href":"https:\/\/atypique.brunotarhan.fr\/index.php\/wp-json\/wp\/v2\/product_tag?post=15625"}],"curies":[{"name":"wp","href":"https:\/\/api.w.org\/{rel}","templated":true}]}}