{"id":15620,"date":"2022-04-18T15:10:09","date_gmt":"2022-04-18T15:10:09","guid":{"rendered":"https:\/\/atypique.brunotarhan.fr\/?post_type=product&#038;p=15620"},"modified":"2022-04-18T15:12:00","modified_gmt":"2022-04-18T15:12:00","slug":"cartridge-cbd-gelato-05ml","status":"publish","type":"product","link":"https:\/\/atypique.brunotarhan.fr\/index.php\/produit\/cartridge-cbd-gelato-05ml\/","title":{"rendered":"CARTRIDGE CBD \u2013 GELATO (0,5ml)"},"content":{"rendered":"<p>Golden Buds, sp\u00e9cialiste dans la fabrication de cartouche CBD.<br \/>\nCe produit contient moins de 0,2% de THC, il est donc conforme aux normes fran\u00e7aises et europ\u00e9ennes.<\/p>\n<p>Attention, ce produit n\u2019est en rien du e-liquide, la cartridge CBD et\/ou ce qu\u2019elle contient ne peut en aucun cas \u00eatre m\u00e9langer \u00e0 des e-liquides classiques.<\/p>\n<p>Comme dans tous nos produits, nous souhaitions un produit r\u00e9pondant \u00e0 nos exigences : 100% naturel, qualit\u00e9, respect de l\u2019environnement ! (aucun additif, pas de colorant alimentaire, pas de solvants, pas de conservateurs).<\/p>\n<p>Golden Buds, dirig\u00e9 par Sebastien, un des deux ex-cr\u00e9ateurs de Kanavape, ses exp\u00e9riences depuis de longues ann\u00e9es lui ont permis d\u2019obtenir une v\u00e9ritable r\u00e9putation dans le milieu du CBD et surtout une r\u00e9elle innovation avec la Cartridge CBD. Les cartouches CBD Golden Buds r\u00e9pondent \u00e0 notre demande, aucun agent synth\u00e9tique, une extraction naturelle de la fleur de CBD avec un go\u00fbt extr\u00eamement plaisant ainsi qu\u2019une gamme \u00e9toff\u00e9e pour vous apporter des parfums tr\u00e8s vari\u00e9s.\u201d  Avec Golden Buds, le temps des odeurs brul\u00e9es et du CBD coup\u00e9 au mauvais go\u00fbt appartient d\u00e9sormais au pass\u00e9 ! \u201c<\/p>\n<p>Pourquoi choisir la Cartridge CBD \u2013 Gelato ?<\/p>\n<p>Cette Cartridge CBD soigneusement fabriqu\u00e9e permet de livrer jusqu\u2019\u00e0 300mg de CBD dans 0,5 ml, l\u2019extraction est dite \u201cFull Spectrum\u201d (concentration de plusieurs cannabino\u00efdes) et est associ\u00e9 \u00e0 des terp\u00e8nes naturels pour que chaque cartouche poss\u00e8dent son propre go\u00fbt et son propre effet (li\u00e9 \u00e0 la vari\u00e9t\u00e9).<\/p>\n<p>C\u00f4t\u00e9 saveur :<br \/>\nLa Cartridge CBD \u2013 Gelato vous offrira des notes cr\u00e9meuses et poivr\u00e9s, les terp\u00e8nes de limon\u00e8ne pr\u00e9sent dans la souche vous permettront de finir sur une note sucr\u00e9e tr\u00e8s agr\u00e9able. <\/p>\n<p>C\u00f4t\u00e9 effet :<br \/>\nLa Cartouche CBD \u2013 Gelato procure une sensation de bien \u00eatre physique, aidant l\u2019esprit \u00e0 se reposer.<\/p>\n<p>Les cartridges CBD de la marque Golden Buds ne doivent pas \u00eatre consomm\u00e9es. Ces produits sont issus des fleurs de Cannabis Sativa L. pour usage de collection. Par cons\u00e9quent toute utilisation telle que l\u2019ingestion ou la combustion ne pourrait tenir pour responsable la marque cb\u2019d\u00e9 d\u2019une mauvaise utilisation de ces produits. Tenir hors de port\u00e9e des enfants.<\/p>\n","protected":false},"excerpt":{"rendered":"<p>D\u00e9couvrez sans attendre notre Cartridge de CBD \u2013 Gelato, un concentr\u00e9 exceptionnellement puissant et savoureux !<\/p>\n<p>Contenance : 0,5 ml<br \/>\nCBD : ~50 \u00e0 60% (entre 250 \u2013 300mg)<br \/>\nCBG : ~10 \u00e0 11% (entre 50 \u2013 55mg)<br \/>\nTHC : < 0,2% \n\nAttention, ce produit n\u2019est pas compatible avec les e-liquides\/cigarettes \u00e9lectroniques classiques.\n<\/p>\n","protected":false},"featured_media":14787,"comment_status":"open","ping_status":"closed","template":"","meta":[],"product_cat":[62,59],"product_tag":[75,70,77,78,165,164,76],"class_list":["post-15620","product","type-product","status-publish","has-post-thumbnail","hentry","product_cat-cartridge","product_cat-cbd","product_tag-cannabidiol","product_tag-cbd","product_tag-chanvre","product_tag-huiles","product_tag-resine","product_tag-solide","product_tag-terpenes","berocket_brand-golden-buds"],"yoast_head":"<!-- This site is optimized with the Yoast SEO plugin v18.0 - https:\/\/yoast.com\/wordpress\/plugins\/seo\/ -->\n<title>CARTRIDGE CBD \u2013 GELATO (0,5ml) - Atypique Concept Store<\/title>\n<meta name=\"robots\" content=\"index, follow, max-snippet:-1, max-image-preview:large, max-video-preview:-1\" \/>\n<link rel=\"canonical\" href=\"https:\/\/atypique.brunotarhan.fr\/index.php\/produit\/cartridge-cbd-gelato-05ml\/\" \/>\n<meta property=\"og:locale\" content=\"fr_FR\" \/>\n<meta property=\"og:type\" content=\"article\" \/>\n<meta property=\"og:title\" content=\"CARTRIDGE CBD \u2013 GELATO (0,5ml) - Atypique Concept Store\" \/>\n<meta property=\"og:description\" content=\"D\u00e9couvrez sans attendre notre Cartridge de CBD \u2013 Gelato, un concentr\u00e9 exceptionnellement puissant et savoureux ! Contenance : 0,5 ml CBD : ~50 \u00e0 60% (entre 250 \u2013 300mg) CBG : ~10 \u00e0 11% (entre 50 \u2013 55mg) THC : &lt; 0,2%  Attention, ce produit n\u2019est pas compatible avec les e-liquides\/cigarettes \u00e9lectroniques classiques.\" \/>\n<meta property=\"og:url\" content=\"https:\/\/atypique.brunotarhan.fr\/index.php\/produit\/cartridge-cbd-gelato-05ml\/\" \/>\n<meta property=\"og:site_name\" content=\"Atypique Concept Store\" \/>\n<meta property=\"article:modified_time\" content=\"2022-04-18T15:12:00+00:00\" \/>\n<meta name=\"twitter:card\" content=\"summary_large_image\" \/>\n<meta name=\"twitter:label1\" content=\"Dur\u00e9e de lecture estim\u00e9e\" \/>\n\t<meta name=\"twitter:data1\" content=\"2 minutes\" \/>\n<script type=\"application\/ld+json\" class=\"yoast-schema-graph\">{\"@context\":\"https:\/\/schema.org\",\"@graph\":[{\"@type\":\"WebSite\",\"@id\":\"https:\/\/atypique.brunotarhan.fr\/#website\",\"url\":\"https:\/\/atypique.brunotarhan.fr\/\",\"name\":\"Atypique Concept Store\",\"description\":\"Just another WordPress site\",\"potentialAction\":[{\"@type\":\"SearchAction\",\"target\":{\"@type\":\"EntryPoint\",\"urlTemplate\":\"https:\/\/atypique.brunotarhan.fr\/?s={search_term_string}\"},\"query-input\":\"required name=search_term_string\"}],\"inLanguage\":\"fr-FR\"},{\"@type\":\"ImageObject\",\"@id\":\"https:\/\/atypique.brunotarhan.fr\/index.php\/produit\/cartridge-cbd-gelato-05ml\/#primaryimage\",\"inLanguage\":\"fr-FR\",\"url\":\"https:\/\/atypique.brunotarhan.fr\/wp-content\/uploads\/2022\/04\/Cartridge-gelato-1.jpg\",\"contentUrl\":\"https:\/\/atypique.brunotarhan.fr\/wp-content\/uploads\/2022\/04\/Cartridge-gelato-1.jpg\",\"width\":1200,\"height\":1200},{\"@type\":\"WebPage\",\"@id\":\"https:\/\/atypique.brunotarhan.fr\/index.php\/produit\/cartridge-cbd-gelato-05ml\/#webpage\",\"url\":\"https:\/\/atypique.brunotarhan.fr\/index.php\/produit\/cartridge-cbd-gelato-05ml\/\",\"name\":\"CARTRIDGE CBD \u2013 GELATO (0,5ml) - Atypique Concept Store\",\"isPartOf\":{\"@id\":\"https:\/\/atypique.brunotarhan.fr\/#website\"},\"primaryImageOfPage\":{\"@id\":\"https:\/\/atypique.brunotarhan.fr\/index.php\/produit\/cartridge-cbd-gelato-05ml\/#primaryimage\"},\"datePublished\":\"2022-04-18T15:10:09+00:00\",\"dateModified\":\"2022-04-18T15:12:00+00:00\",\"breadcrumb\":{\"@id\":\"https:\/\/atypique.brunotarhan.fr\/index.php\/produit\/cartridge-cbd-gelato-05ml\/#breadcrumb\"},\"inLanguage\":\"fr-FR\",\"potentialAction\":[{\"@type\":\"ReadAction\",\"target\":[\"https:\/\/atypique.brunotarhan.fr\/index.php\/produit\/cartridge-cbd-gelato-05ml\/\"]}]},{\"@type\":\"BreadcrumbList\",\"@id\":\"https:\/\/atypique.brunotarhan.fr\/index.php\/produit\/cartridge-cbd-gelato-05ml\/#breadcrumb\",\"itemListElement\":[{\"@type\":\"ListItem\",\"position\":1,\"name\":\"Accueil\",\"item\":\"https:\/\/atypique.brunotarhan.fr\/\"},{\"@type\":\"ListItem\",\"position\":2,\"name\":\"\"},{\"@type\":\"ListItem\",\"position\":3,\"name\":\"CARTRIDGE CBD \u2013 GELATO (0,5ml)\"}]}]}<\/script>\n<!-- \/ Yoast SEO plugin. -->","yoast_head_json":{"title":"CARTRIDGE CBD \u2013 GELATO (0,5ml) - Atypique Concept Store","robots":{"index":"index","follow":"follow","max-snippet":"max-snippet:-1","max-image-preview":"max-image-preview:large","max-video-preview":"max-video-preview:-1"},"canonical":"https:\/\/atypique.brunotarhan.fr\/index.php\/produit\/cartridge-cbd-gelato-05ml\/","og_locale":"fr_FR","og_type":"article","og_title":"CARTRIDGE CBD \u2013 GELATO (0,5ml) - Atypique Concept Store","og_description":"D\u00e9couvrez sans attendre notre Cartridge de CBD \u2013 Gelato, un concentr\u00e9 exceptionnellement puissant et savoureux ! Contenance : 0,5 ml CBD : ~50 \u00e0 60% (entre 250 \u2013 300mg) CBG : ~10 \u00e0 11% (entre 50 \u2013 55mg) THC : < 0,2%  Attention, ce produit n\u2019est pas compatible avec les e-liquides\/cigarettes \u00e9lectroniques classiques.","og_url":"https:\/\/atypique.brunotarhan.fr\/index.php\/produit\/cartridge-cbd-gelato-05ml\/","og_site_name":"Atypique Concept Store","article_modified_time":"2022-04-18T15:12:00+00:00","twitter_card":"summary_large_image","twitter_misc":{"Dur\u00e9e de lecture estim\u00e9e":"2 minutes"},"schema":{"@context":"https:\/\/schema.org","@graph":[{"@type":"WebSite","@id":"https:\/\/atypique.brunotarhan.fr\/#website","url":"https:\/\/atypique.brunotarhan.fr\/","name":"Atypique Concept Store","description":"Just another WordPress site","potentialAction":[{"@type":"SearchAction","target":{"@type":"EntryPoint","urlTemplate":"https:\/\/atypique.brunotarhan.fr\/?s={search_term_string}"},"query-input":"required name=search_term_string"}],"inLanguage":"fr-FR"},{"@type":"ImageObject","@id":"https:\/\/atypique.brunotarhan.fr\/index.php\/produit\/cartridge-cbd-gelato-05ml\/#primaryimage","inLanguage":"fr-FR","url":"https:\/\/atypique.brunotarhan.fr\/wp-content\/uploads\/2022\/04\/Cartridge-gelato-1.jpg","contentUrl":"https:\/\/atypique.brunotarhan.fr\/wp-content\/uploads\/2022\/04\/Cartridge-gelato-1.jpg","width":1200,"height":1200},{"@type":"WebPage","@id":"https:\/\/atypique.brunotarhan.fr\/index.php\/produit\/cartridge-cbd-gelato-05ml\/#webpage","url":"https:\/\/atypique.brunotarhan.fr\/index.php\/produit\/cartridge-cbd-gelato-05ml\/","name":"CARTRIDGE CBD \u2013 GELATO (0,5ml) - Atypique Concept Store","isPartOf":{"@id":"https:\/\/atypique.brunotarhan.fr\/#website"},"primaryImageOfPage":{"@id":"https:\/\/atypique.brunotarhan.fr\/index.php\/produit\/cartridge-cbd-gelato-05ml\/#primaryimage"},"datePublished":"2022-04-18T15:10:09+00:00","dateModified":"2022-04-18T15:12:00+00:00","breadcrumb":{"@id":"https:\/\/atypique.brunotarhan.fr\/index.php\/produit\/cartridge-cbd-gelato-05ml\/#breadcrumb"},"inLanguage":"fr-FR","potentialAction":[{"@type":"ReadAction","target":["https:\/\/atypique.brunotarhan.fr\/index.php\/produit\/cartridge-cbd-gelato-05ml\/"]}]},{"@type":"BreadcrumbList","@id":"https:\/\/atypique.brunotarhan.fr\/index.php\/produit\/cartridge-cbd-gelato-05ml\/#breadcrumb","itemListElement":[{"@type":"ListItem","position":1,"name":"Accueil","item":"https:\/\/atypique.brunotarhan.fr\/"},{"@type":"ListItem","position":2,"name":""},{"@type":"ListItem","position":3,"name":"CARTRIDGE CBD \u2013 GELATO (0,5ml)"}]}]}},"_links":{"self":[{"href":"https:\/\/atypique.brunotarhan.fr\/index.php\/wp-json\/wp\/v2\/product\/15620","targetHints":{"allow":["GET"]}}],"collection":[{"href":"https:\/\/atypique.brunotarhan.fr\/index.php\/wp-json\/wp\/v2\/product"}],"about":[{"href":"https:\/\/atypique.brunotarhan.fr\/index.php\/wp-json\/wp\/v2\/types\/product"}],"replies":[{"embeddable":true,"href":"https:\/\/atypique.brunotarhan.fr\/index.php\/wp-json\/wp\/v2\/comments?post=15620"}],"wp:featuredmedia":[{"embeddable":true,"href":"https:\/\/atypique.brunotarhan.fr\/index.php\/wp-json\/wp\/v2\/media\/14787"}],"wp:attachment":[{"href":"https:\/\/atypique.brunotarhan.fr\/index.php\/wp-json\/wp\/v2\/media?parent=15620"}],"wp:term":[{"taxonomy":"product_cat","embeddable":true,"href":"https:\/\/atypique.brunotarhan.fr\/index.php\/wp-json\/wp\/v2\/product_cat?post=15620"},{"taxonomy":"product_tag","embeddable":true,"href":"https:\/\/atypique.brunotarhan.fr\/index.php\/wp-json\/wp\/v2\/product_tag?post=15620"}],"curies":[{"name":"wp","href":"https:\/\/api.w.org\/{rel}","templated":true}]}}