{"id":15619,"date":"2022-04-18T15:10:07","date_gmt":"2022-04-18T15:10:07","guid":{"rendered":"https:\/\/atypique.brunotarhan.fr\/?post_type=product&#038;p=15619"},"modified":"2022-04-18T15:11:54","modified_gmt":"2022-04-18T15:11:54","slug":"golden-eye-50-cbd-1g","status":"publish","type":"product","link":"https:\/\/atypique.brunotarhan.fr\/index.php\/produit\/golden-eye-50-cbd-1g\/","title":{"rendered":"Golden Eye 50% CBD &#8211; 1g"},"content":{"rendered":"<p>Le GOLDEN EYE CBD de cb\u2019d\u00e9 est sans doute le produit phare de la gamme solide de notre boutique et aussi l\u2019un des produits les plus rares. Son chanvre est cultiv\u00e9 en France, pr\u00e9par\u00e9 en r\u00e9gion Auvergne-Rh\u00f4ne-Alpes, le GOLDEN EYE est issu de Chanvre cultiv\u00e9 de mani\u00e8re totalement biologique et d\u2019une qualit\u00e9 Premium.<\/p>\n<p>Ce produit ne contient pas de THC mais contient du CBD \u00e0 hauteur de 50% et plusieurs autres cannabino\u00efdes, ce qui fait de ce solide le produit avec le taux le plus fort de CBD de notre gamme. <\/p>\n<p>Le chanvre contenu dans ce solide cb\u2019d\u00e9 d\u2019exception provient lui aussi uniquement de fibres issue de semence de chanvre certifi\u00e9e et autoris\u00e9e \u00e0 la culture en France. Ce qui rend ce produit 100% l\u00e9gal. <\/p>\n<p>Le GOLDEN EYE de cb\u2019d\u00e9 n\u2019est pas aromatis\u00e9 et garde son parfum 100% naturel, chaque gramme est fa\u00e7onn\u00e9 \u00e0 la main de mani\u00e8re unique, le GOLDEN EYE cb\u2019d\u00e9 est reconnu parmi les plus grands amateurs de CBD par sa forme sph\u00e9rique.<\/p>\n<p>Le GOLDEN EYE est surement l\u2019un de nos produits les plus surprenant, on l\u2019appelle GOLDEN EYE par rapport \u00e0 sa couleur OR incroyable qui lui donne un aspect incomparable \u00e0 tous les autres solides. Son odeur naturelle de Chanvre est tellement puissante que vous aurez l\u2019impression de vous retrouver au milieu d\u2019une culture. Sans doute un produit \u00e0 ne pas rater pour commencer votre collection. <\/p>\n<p>Les solides de CBD de la marque cb\u2019d\u00e9 ne doivent pas \u00eatre fum\u00e9s, inhal\u00e9s, ing\u00e9r\u00e9s, diffus\u00e9s. Il s\u2019agit d\u2019un produit de collection, par cons\u00e9quent toute utilisation telle que l\u2019encens ou la combustion ne pourrait tenir pour responsable la marque cb\u2019d\u00e9 d\u2019une mauvaise utilisation de ces produits.<\/p>\n","protected":false},"excerpt":{"rendered":"<p>D\u00e9couvrez sans attendre notre produit phare des solides cb\u2019d\u00e9, le Golden Eye 50% de CBD ! Son aspect dor\u00e9 et son odeur florale unique sauront vous s\u00e9duire pour votre collection.<\/p>\n<p>Ce produit est unique et est disponible sous une seule saveur, la Golden Eye !<\/p>\n","protected":false},"featured_media":14845,"comment_status":"open","ping_status":"closed","template":"","meta":[],"product_cat":[59,61],"product_tag":[75,70,77,78,165,164,76],"class_list":["post-15619","product","type-product","status-publish","has-post-thumbnail","hentry","product_cat-cbd","product_cat-solides","product_tag-cannabidiol","product_tag-cbd","product_tag-chanvre","product_tag-huiles","product_tag-resine","product_tag-solide","product_tag-terpenes","berocket_brand-cbde"],"yoast_head":"<!-- This site is optimized with the Yoast SEO plugin v18.0 - https:\/\/yoast.com\/wordpress\/plugins\/seo\/ -->\n<title>Golden Eye 50% CBD - 1g - Atypique Concept Store<\/title>\n<meta name=\"robots\" content=\"index, follow, max-snippet:-1, max-image-preview:large, max-video-preview:-1\" \/>\n<link rel=\"canonical\" href=\"https:\/\/atypique.brunotarhan.fr\/index.php\/produit\/golden-eye-50-cbd-1g\/\" \/>\n<meta property=\"og:locale\" content=\"fr_FR\" \/>\n<meta property=\"og:type\" content=\"article\" \/>\n<meta property=\"og:title\" content=\"Golden Eye 50% CBD - 1g - Atypique Concept Store\" \/>\n<meta property=\"og:description\" content=\"D\u00e9couvrez sans attendre notre produit phare des solides cb\u2019d\u00e9, le Golden Eye 50% de CBD ! Son aspect dor\u00e9 et son odeur florale unique sauront vous s\u00e9duire pour votre collection. Ce produit est unique et est disponible sous une seule saveur, la Golden Eye !\" \/>\n<meta property=\"og:url\" content=\"https:\/\/atypique.brunotarhan.fr\/index.php\/produit\/golden-eye-50-cbd-1g\/\" \/>\n<meta property=\"og:site_name\" content=\"Atypique Concept Store\" \/>\n<meta property=\"article:modified_time\" content=\"2022-04-18T15:11:54+00:00\" \/>\n<meta name=\"twitter:card\" content=\"summary_large_image\" \/>\n<meta name=\"twitter:label1\" content=\"Dur\u00e9e de lecture estim\u00e9e\" \/>\n\t<meta name=\"twitter:data1\" content=\"2 minutes\" \/>\n<script type=\"application\/ld+json\" class=\"yoast-schema-graph\">{\"@context\":\"https:\/\/schema.org\",\"@graph\":[{\"@type\":\"WebSite\",\"@id\":\"https:\/\/atypique.brunotarhan.fr\/#website\",\"url\":\"https:\/\/atypique.brunotarhan.fr\/\",\"name\":\"Atypique Concept Store\",\"description\":\"Just another WordPress site\",\"potentialAction\":[{\"@type\":\"SearchAction\",\"target\":{\"@type\":\"EntryPoint\",\"urlTemplate\":\"https:\/\/atypique.brunotarhan.fr\/?s={search_term_string}\"},\"query-input\":\"required name=search_term_string\"}],\"inLanguage\":\"fr-FR\"},{\"@type\":\"ImageObject\",\"@id\":\"https:\/\/atypique.brunotarhan.fr\/index.php\/produit\/golden-eye-50-cbd-1g\/#primaryimage\",\"inLanguage\":\"fr-FR\",\"url\":\"https:\/\/atypique.brunotarhan.fr\/wp-content\/uploads\/2022\/04\/New-Solides-Golden-Eye-50-1g.png\",\"contentUrl\":\"https:\/\/atypique.brunotarhan.fr\/wp-content\/uploads\/2022\/04\/New-Solides-Golden-Eye-50-1g.png\",\"width\":1200,\"height\":1200},{\"@type\":\"WebPage\",\"@id\":\"https:\/\/atypique.brunotarhan.fr\/index.php\/produit\/golden-eye-50-cbd-1g\/#webpage\",\"url\":\"https:\/\/atypique.brunotarhan.fr\/index.php\/produit\/golden-eye-50-cbd-1g\/\",\"name\":\"Golden Eye 50% CBD - 1g - Atypique Concept Store\",\"isPartOf\":{\"@id\":\"https:\/\/atypique.brunotarhan.fr\/#website\"},\"primaryImageOfPage\":{\"@id\":\"https:\/\/atypique.brunotarhan.fr\/index.php\/produit\/golden-eye-50-cbd-1g\/#primaryimage\"},\"datePublished\":\"2022-04-18T15:10:07+00:00\",\"dateModified\":\"2022-04-18T15:11:54+00:00\",\"breadcrumb\":{\"@id\":\"https:\/\/atypique.brunotarhan.fr\/index.php\/produit\/golden-eye-50-cbd-1g\/#breadcrumb\"},\"inLanguage\":\"fr-FR\",\"potentialAction\":[{\"@type\":\"ReadAction\",\"target\":[\"https:\/\/atypique.brunotarhan.fr\/index.php\/produit\/golden-eye-50-cbd-1g\/\"]}]},{\"@type\":\"BreadcrumbList\",\"@id\":\"https:\/\/atypique.brunotarhan.fr\/index.php\/produit\/golden-eye-50-cbd-1g\/#breadcrumb\",\"itemListElement\":[{\"@type\":\"ListItem\",\"position\":1,\"name\":\"Accueil\",\"item\":\"https:\/\/atypique.brunotarhan.fr\/\"},{\"@type\":\"ListItem\",\"position\":2,\"name\":\"\"},{\"@type\":\"ListItem\",\"position\":3,\"name\":\"Golden Eye 50% CBD &#8211; 1g\"}]}]}<\/script>\n<!-- \/ Yoast SEO plugin. -->","yoast_head_json":{"title":"Golden Eye 50% CBD - 1g - Atypique Concept Store","robots":{"index":"index","follow":"follow","max-snippet":"max-snippet:-1","max-image-preview":"max-image-preview:large","max-video-preview":"max-video-preview:-1"},"canonical":"https:\/\/atypique.brunotarhan.fr\/index.php\/produit\/golden-eye-50-cbd-1g\/","og_locale":"fr_FR","og_type":"article","og_title":"Golden Eye 50% CBD - 1g - Atypique Concept Store","og_description":"D\u00e9couvrez sans attendre notre produit phare des solides cb\u2019d\u00e9, le Golden Eye 50% de CBD ! Son aspect dor\u00e9 et son odeur florale unique sauront vous s\u00e9duire pour votre collection. Ce produit est unique et est disponible sous une seule saveur, la Golden Eye !","og_url":"https:\/\/atypique.brunotarhan.fr\/index.php\/produit\/golden-eye-50-cbd-1g\/","og_site_name":"Atypique Concept Store","article_modified_time":"2022-04-18T15:11:54+00:00","twitter_card":"summary_large_image","twitter_misc":{"Dur\u00e9e de lecture estim\u00e9e":"2 minutes"},"schema":{"@context":"https:\/\/schema.org","@graph":[{"@type":"WebSite","@id":"https:\/\/atypique.brunotarhan.fr\/#website","url":"https:\/\/atypique.brunotarhan.fr\/","name":"Atypique Concept Store","description":"Just another WordPress site","potentialAction":[{"@type":"SearchAction","target":{"@type":"EntryPoint","urlTemplate":"https:\/\/atypique.brunotarhan.fr\/?s={search_term_string}"},"query-input":"required name=search_term_string"}],"inLanguage":"fr-FR"},{"@type":"ImageObject","@id":"https:\/\/atypique.brunotarhan.fr\/index.php\/produit\/golden-eye-50-cbd-1g\/#primaryimage","inLanguage":"fr-FR","url":"https:\/\/atypique.brunotarhan.fr\/wp-content\/uploads\/2022\/04\/New-Solides-Golden-Eye-50-1g.png","contentUrl":"https:\/\/atypique.brunotarhan.fr\/wp-content\/uploads\/2022\/04\/New-Solides-Golden-Eye-50-1g.png","width":1200,"height":1200},{"@type":"WebPage","@id":"https:\/\/atypique.brunotarhan.fr\/index.php\/produit\/golden-eye-50-cbd-1g\/#webpage","url":"https:\/\/atypique.brunotarhan.fr\/index.php\/produit\/golden-eye-50-cbd-1g\/","name":"Golden Eye 50% CBD - 1g - Atypique Concept Store","isPartOf":{"@id":"https:\/\/atypique.brunotarhan.fr\/#website"},"primaryImageOfPage":{"@id":"https:\/\/atypique.brunotarhan.fr\/index.php\/produit\/golden-eye-50-cbd-1g\/#primaryimage"},"datePublished":"2022-04-18T15:10:07+00:00","dateModified":"2022-04-18T15:11:54+00:00","breadcrumb":{"@id":"https:\/\/atypique.brunotarhan.fr\/index.php\/produit\/golden-eye-50-cbd-1g\/#breadcrumb"},"inLanguage":"fr-FR","potentialAction":[{"@type":"ReadAction","target":["https:\/\/atypique.brunotarhan.fr\/index.php\/produit\/golden-eye-50-cbd-1g\/"]}]},{"@type":"BreadcrumbList","@id":"https:\/\/atypique.brunotarhan.fr\/index.php\/produit\/golden-eye-50-cbd-1g\/#breadcrumb","itemListElement":[{"@type":"ListItem","position":1,"name":"Accueil","item":"https:\/\/atypique.brunotarhan.fr\/"},{"@type":"ListItem","position":2,"name":""},{"@type":"ListItem","position":3,"name":"Golden Eye 50% CBD &#8211; 1g"}]}]}},"_links":{"self":[{"href":"https:\/\/atypique.brunotarhan.fr\/index.php\/wp-json\/wp\/v2\/product\/15619","targetHints":{"allow":["GET"]}}],"collection":[{"href":"https:\/\/atypique.brunotarhan.fr\/index.php\/wp-json\/wp\/v2\/product"}],"about":[{"href":"https:\/\/atypique.brunotarhan.fr\/index.php\/wp-json\/wp\/v2\/types\/product"}],"replies":[{"embeddable":true,"href":"https:\/\/atypique.brunotarhan.fr\/index.php\/wp-json\/wp\/v2\/comments?post=15619"}],"wp:featuredmedia":[{"embeddable":true,"href":"https:\/\/atypique.brunotarhan.fr\/index.php\/wp-json\/wp\/v2\/media\/14845"}],"wp:attachment":[{"href":"https:\/\/atypique.brunotarhan.fr\/index.php\/wp-json\/wp\/v2\/media?parent=15619"}],"wp:term":[{"taxonomy":"product_cat","embeddable":true,"href":"https:\/\/atypique.brunotarhan.fr\/index.php\/wp-json\/wp\/v2\/product_cat?post=15619"},{"taxonomy":"product_tag","embeddable":true,"href":"https:\/\/atypique.brunotarhan.fr\/index.php\/wp-json\/wp\/v2\/product_tag?post=15619"}],"curies":[{"name":"wp","href":"https:\/\/api.w.org\/{rel}","templated":true}]}}