{"id":15618,"date":"2022-04-18T15:10:04","date_gmt":"2022-04-18T15:10:04","guid":{"rendered":"https:\/\/atypique.brunotarhan.fr\/?post_type=product&#038;p=15618"},"modified":"2022-04-18T15:11:51","modified_gmt":"2022-04-18T15:11:51","slug":"gold-resin-30-cbd","status":"publish","type":"product","link":"https:\/\/atypique.brunotarhan.fr\/index.php\/produit\/gold-resin-30-cbd\/","title":{"rendered":"Gold Resin 30% CBD"},"content":{"rendered":"<p>Afin de proposer \u00e0 nos clients la meilleure qualit\u00e9 cb\u2019d\u00e9 est parti \u00e0 la recherche des meilleurs produits dans toute l\u2019Europe et \u00e0 travers toute la France. <\/p>\n<p>Nos solides de CBD cb\u2019d\u00e9 sont produits en France, pr\u00e9par\u00e9s en r\u00e9gion Auvergne-Rh\u00f4ne-Alpes, issus de Chanvre cultiv\u00e9 de mani\u00e8re totalement biologique et d\u2019une qualit\u00e9 Premium. Le chanvre contenu dans les solides cb\u2019d\u00e9 provient uniquement de fibres issue de semence de chanvre certifi\u00e9e autoris\u00e9e \u00e0 la culture en France. Ce qui rend nos produits 100% l\u00e9gaux. <\/p>\n<p>Ce produit ne contient pas de THC et contient 30% de CBD ainsi que plusieurs autres cannabino\u00efdes.<br \/>\nCe solide est l\u2019entr\u00e9e de gamme de notre marque en terme de pourcentage, il contient le plus faible taux de CBD de nos solides mais reste plus \u00e9lev\u00e9 que nos fleurs. <\/p>\n<p>Nos r\u00e9sines CBD ou les solides cb\u2019d\u00e9 sont aromatis\u00e9s \u00e0 partir de terp\u00e8nes d\u2019origine 100% naturelles, chaque gramme est fa\u00e7onn\u00e9 \u00e0 la main de mani\u00e8re unique, le Gold Resin est donc reconnu parmi les plus grands amateurs du CBD par sa forme sph\u00e9rique.<br \/>\nLes solides de CBD de la marque cb\u2019d\u00e9 ou Gold r\u00e9sin  ne doivent pas \u00eatre fum\u00e9, inhal\u00e9, ing\u00e9r\u00e9, diffus\u00e9. il s\u2019agit d\u2019un produit de collection, par cons\u00e9quent toute utilisation telle que l\u2019encens ou la combustion\u2026 ne pourrait tenir pour responsable la marque cb\u2019d\u00e9 d\u2019une mauvaise utilisation de ces produits.<\/p>\n","protected":false},"excerpt":{"rendered":"<p>D\u00e9couvrez notre Gold Resin cb\u2019d\u00e9 30% de CBD ! Chaque gramme est fa\u00e7onn\u00e9 \u00e0 la main de forme sph\u00e9rique, son odeur florale naturelle contenue dans les terp\u00e8nes du Cannabis vous s\u00e9duira au premier regard<\/p>\n","protected":false},"featured_media":14848,"comment_status":"open","ping_status":"closed","template":"","meta":[],"product_cat":[59,61],"product_tag":[75,70,77,78,165,164,76],"class_list":["post-15618","product","type-product","status-publish","has-post-thumbnail","hentry","product_cat-cbd","product_cat-solides","product_tag-cannabidiol","product_tag-cbd","product_tag-chanvre","product_tag-huiles","product_tag-resine","product_tag-solide","product_tag-terpenes","berocket_brand-cbde"],"yoast_head":"<!-- This site is optimized with the Yoast SEO plugin v18.0 - https:\/\/yoast.com\/wordpress\/plugins\/seo\/ -->\n<title>Gold Resin 30% CBD - Atypique Concept Store<\/title>\n<meta name=\"robots\" content=\"index, follow, max-snippet:-1, max-image-preview:large, max-video-preview:-1\" \/>\n<link rel=\"canonical\" href=\"https:\/\/atypique.brunotarhan.fr\/index.php\/produit\/gold-resin-30-cbd\/\" \/>\n<meta property=\"og:locale\" content=\"fr_FR\" \/>\n<meta property=\"og:type\" content=\"article\" \/>\n<meta property=\"og:title\" content=\"Gold Resin 30% CBD - Atypique Concept Store\" \/>\n<meta property=\"og:description\" content=\"D\u00e9couvrez notre Gold Resin cb\u2019d\u00e9 30% de CBD ! Chaque gramme est fa\u00e7onn\u00e9 \u00e0 la main de forme sph\u00e9rique, son odeur florale naturelle contenue dans les terp\u00e8nes du Cannabis vous s\u00e9duira au premier regard\" \/>\n<meta property=\"og:url\" content=\"https:\/\/atypique.brunotarhan.fr\/index.php\/produit\/gold-resin-30-cbd\/\" \/>\n<meta property=\"og:site_name\" content=\"Atypique Concept Store\" \/>\n<meta property=\"article:modified_time\" content=\"2022-04-18T15:11:51+00:00\" \/>\n<meta name=\"twitter:card\" content=\"summary_large_image\" \/>\n<meta name=\"twitter:label1\" content=\"Dur\u00e9e de lecture estim\u00e9e\" \/>\n\t<meta name=\"twitter:data1\" content=\"1 minute\" \/>\n<script type=\"application\/ld+json\" class=\"yoast-schema-graph\">{\"@context\":\"https:\/\/schema.org\",\"@graph\":[{\"@type\":\"WebSite\",\"@id\":\"https:\/\/atypique.brunotarhan.fr\/#website\",\"url\":\"https:\/\/atypique.brunotarhan.fr\/\",\"name\":\"Atypique Concept Store\",\"description\":\"Just another WordPress site\",\"potentialAction\":[{\"@type\":\"SearchAction\",\"target\":{\"@type\":\"EntryPoint\",\"urlTemplate\":\"https:\/\/atypique.brunotarhan.fr\/?s={search_term_string}\"},\"query-input\":\"required name=search_term_string\"}],\"inLanguage\":\"fr-FR\"},{\"@type\":\"ImageObject\",\"@id\":\"https:\/\/atypique.brunotarhan.fr\/index.php\/produit\/gold-resin-30-cbd\/#primaryimage\",\"inLanguage\":\"fr-FR\",\"url\":\"https:\/\/atypique.brunotarhan.fr\/wp-content\/uploads\/2022\/04\/New-Solides-Sweet-Cheese-30-1g.png\",\"contentUrl\":\"https:\/\/atypique.brunotarhan.fr\/wp-content\/uploads\/2022\/04\/New-Solides-Sweet-Cheese-30-1g.png\",\"width\":1200,\"height\":1200},{\"@type\":\"WebPage\",\"@id\":\"https:\/\/atypique.brunotarhan.fr\/index.php\/produit\/gold-resin-30-cbd\/#webpage\",\"url\":\"https:\/\/atypique.brunotarhan.fr\/index.php\/produit\/gold-resin-30-cbd\/\",\"name\":\"Gold Resin 30% CBD - Atypique Concept Store\",\"isPartOf\":{\"@id\":\"https:\/\/atypique.brunotarhan.fr\/#website\"},\"primaryImageOfPage\":{\"@id\":\"https:\/\/atypique.brunotarhan.fr\/index.php\/produit\/gold-resin-30-cbd\/#primaryimage\"},\"datePublished\":\"2022-04-18T15:10:04+00:00\",\"dateModified\":\"2022-04-18T15:11:51+00:00\",\"breadcrumb\":{\"@id\":\"https:\/\/atypique.brunotarhan.fr\/index.php\/produit\/gold-resin-30-cbd\/#breadcrumb\"},\"inLanguage\":\"fr-FR\",\"potentialAction\":[{\"@type\":\"ReadAction\",\"target\":[\"https:\/\/atypique.brunotarhan.fr\/index.php\/produit\/gold-resin-30-cbd\/\"]}]},{\"@type\":\"BreadcrumbList\",\"@id\":\"https:\/\/atypique.brunotarhan.fr\/index.php\/produit\/gold-resin-30-cbd\/#breadcrumb\",\"itemListElement\":[{\"@type\":\"ListItem\",\"position\":1,\"name\":\"Accueil\",\"item\":\"https:\/\/atypique.brunotarhan.fr\/\"},{\"@type\":\"ListItem\",\"position\":2,\"name\":\"\"},{\"@type\":\"ListItem\",\"position\":3,\"name\":\"Gold Resin 30% CBD\"}]}]}<\/script>\n<!-- \/ Yoast SEO plugin. -->","yoast_head_json":{"title":"Gold Resin 30% CBD - Atypique Concept Store","robots":{"index":"index","follow":"follow","max-snippet":"max-snippet:-1","max-image-preview":"max-image-preview:large","max-video-preview":"max-video-preview:-1"},"canonical":"https:\/\/atypique.brunotarhan.fr\/index.php\/produit\/gold-resin-30-cbd\/","og_locale":"fr_FR","og_type":"article","og_title":"Gold Resin 30% CBD - Atypique Concept Store","og_description":"D\u00e9couvrez notre Gold Resin cb\u2019d\u00e9 30% de CBD ! Chaque gramme est fa\u00e7onn\u00e9 \u00e0 la main de forme sph\u00e9rique, son odeur florale naturelle contenue dans les terp\u00e8nes du Cannabis vous s\u00e9duira au premier regard","og_url":"https:\/\/atypique.brunotarhan.fr\/index.php\/produit\/gold-resin-30-cbd\/","og_site_name":"Atypique Concept Store","article_modified_time":"2022-04-18T15:11:51+00:00","twitter_card":"summary_large_image","twitter_misc":{"Dur\u00e9e de lecture estim\u00e9e":"1 minute"},"schema":{"@context":"https:\/\/schema.org","@graph":[{"@type":"WebSite","@id":"https:\/\/atypique.brunotarhan.fr\/#website","url":"https:\/\/atypique.brunotarhan.fr\/","name":"Atypique Concept Store","description":"Just another WordPress site","potentialAction":[{"@type":"SearchAction","target":{"@type":"EntryPoint","urlTemplate":"https:\/\/atypique.brunotarhan.fr\/?s={search_term_string}"},"query-input":"required name=search_term_string"}],"inLanguage":"fr-FR"},{"@type":"ImageObject","@id":"https:\/\/atypique.brunotarhan.fr\/index.php\/produit\/gold-resin-30-cbd\/#primaryimage","inLanguage":"fr-FR","url":"https:\/\/atypique.brunotarhan.fr\/wp-content\/uploads\/2022\/04\/New-Solides-Sweet-Cheese-30-1g.png","contentUrl":"https:\/\/atypique.brunotarhan.fr\/wp-content\/uploads\/2022\/04\/New-Solides-Sweet-Cheese-30-1g.png","width":1200,"height":1200},{"@type":"WebPage","@id":"https:\/\/atypique.brunotarhan.fr\/index.php\/produit\/gold-resin-30-cbd\/#webpage","url":"https:\/\/atypique.brunotarhan.fr\/index.php\/produit\/gold-resin-30-cbd\/","name":"Gold Resin 30% CBD - Atypique Concept Store","isPartOf":{"@id":"https:\/\/atypique.brunotarhan.fr\/#website"},"primaryImageOfPage":{"@id":"https:\/\/atypique.brunotarhan.fr\/index.php\/produit\/gold-resin-30-cbd\/#primaryimage"},"datePublished":"2022-04-18T15:10:04+00:00","dateModified":"2022-04-18T15:11:51+00:00","breadcrumb":{"@id":"https:\/\/atypique.brunotarhan.fr\/index.php\/produit\/gold-resin-30-cbd\/#breadcrumb"},"inLanguage":"fr-FR","potentialAction":[{"@type":"ReadAction","target":["https:\/\/atypique.brunotarhan.fr\/index.php\/produit\/gold-resin-30-cbd\/"]}]},{"@type":"BreadcrumbList","@id":"https:\/\/atypique.brunotarhan.fr\/index.php\/produit\/gold-resin-30-cbd\/#breadcrumb","itemListElement":[{"@type":"ListItem","position":1,"name":"Accueil","item":"https:\/\/atypique.brunotarhan.fr\/"},{"@type":"ListItem","position":2,"name":""},{"@type":"ListItem","position":3,"name":"Gold Resin 30% CBD"}]}]}},"_links":{"self":[{"href":"https:\/\/atypique.brunotarhan.fr\/index.php\/wp-json\/wp\/v2\/product\/15618","targetHints":{"allow":["GET"]}}],"collection":[{"href":"https:\/\/atypique.brunotarhan.fr\/index.php\/wp-json\/wp\/v2\/product"}],"about":[{"href":"https:\/\/atypique.brunotarhan.fr\/index.php\/wp-json\/wp\/v2\/types\/product"}],"replies":[{"embeddable":true,"href":"https:\/\/atypique.brunotarhan.fr\/index.php\/wp-json\/wp\/v2\/comments?post=15618"}],"wp:featuredmedia":[{"embeddable":true,"href":"https:\/\/atypique.brunotarhan.fr\/index.php\/wp-json\/wp\/v2\/media\/14848"}],"wp:attachment":[{"href":"https:\/\/atypique.brunotarhan.fr\/index.php\/wp-json\/wp\/v2\/media?parent=15618"}],"wp:term":[{"taxonomy":"product_cat","embeddable":true,"href":"https:\/\/atypique.brunotarhan.fr\/index.php\/wp-json\/wp\/v2\/product_cat?post=15618"},{"taxonomy":"product_tag","embeddable":true,"href":"https:\/\/atypique.brunotarhan.fr\/index.php\/wp-json\/wp\/v2\/product_tag?post=15618"}],"curies":[{"name":"wp","href":"https:\/\/api.w.org\/{rel}","templated":true}]}}