{"id":15595,"date":"2022-04-18T15:09:30","date_gmt":"2022-04-18T15:09:30","guid":{"rendered":"https:\/\/atypique.brunotarhan.fr\/?post_type=product&#038;p=15595"},"modified":"2022-04-18T15:10:26","modified_gmt":"2022-04-18T15:10:26","slug":"super-skunk-indoor","status":"publish","type":"product","link":"https:\/\/atypique.brunotarhan.fr\/index.php\/produit\/super-skunk-indoor\/","title":{"rendered":"Super Skunk \u2013 INDOOR"},"content":{"rendered":"<p>La fleur de CBD SUPER Skunk est cultiv\u00e9e en int\u00e9rieur (INDOOR), La Super Skunk est le r\u00e9sultat d\u2019un m\u00e9lange entre la Skunk #1 et une lign\u00e9e d\u2019Afghani tr\u00e8s particuli\u00e8re nomm\u00e9e \u00ab plantes de haschisch \u00bb. La Super Skunk fait partie des vari\u00e9t\u00e9s les plus odorantes, son ar\u00f4me puissant, sucr\u00e9 et bien floral saura vous convaincre. Avec ces t\u00eates grosses, lourdes et recouvertes de trichomes, notre Super Skunk vous offrira une exp\u00e9rience \u00e0 pleine puissance autant pour le cot\u00e9 gustatif, que pour son effet apaisant !<\/p>\n<p>Pour vos fleurs de CBD cb\u2019d\u00e9 a parcouru l\u2019Europe afin de vous proposer une qualit\u00e9 premium.<\/p>\n<p>Cb\u2019d\u00e9 est sensibles aux techniques de culture et de production, ils sont avant tout passionn\u00e9s, et pour s&#8217;assurer de travailler avec des fournisseurs respectant les bonnes m\u00e9thodes, ils les on rencontr\u00e9s en personne pour s\u2019assurer qu\u2019aucun ajout de produit synth\u00e9tique ne soit fait pendant et apr\u00e8s la culture, pour vous faire profiter de fleurs de CBD 100% naturelles.<\/p>\n<p>Ce produit contient moins de 0,3% de THC, il est donc conforme aux normes europ\u00e9ennes. Nos fleurs de CBD ne d\u00e9passent pas les 15% de CBD pour sensibiliser les consommateurs sur l\u2019aspect naturel de nos produits (pas d\u2019ajout d\u2019isolat, ni de cristaux de CBD afin de gonfler nos taux de CBD). <\/p>\n<p>Nous poss\u00e9dons diff\u00e9rentes vari\u00e9t\u00e9s de fleurs de CBD, elles ont chacune leurs particularit\u00e9s gr\u00e2ce \u00e0 leur trichomes (composant v\u00e9g\u00e9tal contenant les terp\u00e8nes et les diff\u00e9rents cannabino\u00efdes de la plante), ce qui apporte une odeur puissante et un go\u00fbt relev\u00e9 \u00e0 nos fleurs de Cannabis Sativa L.<\/p>\n<p>Les fleurs de CBD de la marque cb\u2019d\u00e9 ne doivent pas \u00eatre fum\u00e9es, inhal\u00e9es, ing\u00e9r\u00e9es. Ces produits sont des fleurs de Cannabis Sativa L. pour usage pot pourri. Par cons\u00e9quent toute utilisation telle que l\u2019encens ou la combustion\u2026 ne pourrait tenir pour responsable la marque cb\u2019d\u00e9 d\u2019une mauvaise utilisation de ses produits.<\/p>\n<p>\u00c0 conserver au frais, au sec et \u00e0 l\u2019abri de l\u2019obscurit\u00e9.<\/p>\n","protected":false},"excerpt":{"rendered":"<p>Notre recherche continuelle de la meilleure qualit\u00e9 \u00e0 porter ces fruits, avec notre nouvelle vari\u00e9t\u00e9 la Super Skunk INDOOR, cette fleur cultiv\u00e9e en int\u00e9rieur provient d\u2019un petit producteur Suisse qui ne poss\u00e8de qu\u2019une fleur, cette fleur d\u2019excellence ! Elle poss\u00e8de une odeur incomparable !<br \/>\nLe m\u00e9lange parfait entre la puissance et l\u2019authenticit\u00e9.<\/p>\n","protected":false},"featured_media":14850,"comment_status":"open","ping_status":"closed","template":"","meta":[],"product_cat":[59,60],"product_tag":[75,70,77,68,78,160,76],"class_list":["post-15595","product","type-product","status-publish","has-post-thumbnail","hentry","product_cat-cbd","product_cat-fleurs","product_tag-cannabidiol","product_tag-cbd","product_tag-chanvre","product_tag-fleurs","product_tag-huiles","product_tag-super-skunk","product_tag-terpenes","berocket_brand-cbde"],"yoast_head":"<!-- This site is optimized with the Yoast SEO plugin v18.0 - https:\/\/yoast.com\/wordpress\/plugins\/seo\/ -->\n<title>Super Skunk \u2013 INDOOR - Atypique Concept Store<\/title>\n<meta name=\"robots\" content=\"index, follow, max-snippet:-1, max-image-preview:large, max-video-preview:-1\" \/>\n<link rel=\"canonical\" href=\"https:\/\/atypique.brunotarhan.fr\/index.php\/produit\/super-skunk-indoor\/\" \/>\n<meta property=\"og:locale\" content=\"fr_FR\" \/>\n<meta property=\"og:type\" content=\"article\" \/>\n<meta property=\"og:title\" content=\"Super Skunk \u2013 INDOOR - Atypique Concept Store\" \/>\n<meta property=\"og:description\" content=\"Notre recherche continuelle de la meilleure qualit\u00e9 \u00e0 porter ces fruits, avec notre nouvelle vari\u00e9t\u00e9 la Super Skunk INDOOR, cette fleur cultiv\u00e9e en int\u00e9rieur provient d\u2019un petit producteur Suisse qui ne poss\u00e8de qu\u2019une fleur, cette fleur d\u2019excellence ! Elle poss\u00e8de une odeur incomparable ! Le m\u00e9lange parfait entre la puissance et l\u2019authenticit\u00e9.\" \/>\n<meta property=\"og:url\" content=\"https:\/\/atypique.brunotarhan.fr\/index.php\/produit\/super-skunk-indoor\/\" \/>\n<meta property=\"og:site_name\" content=\"Atypique Concept Store\" \/>\n<meta property=\"article:modified_time\" content=\"2022-04-18T15:10:26+00:00\" \/>\n<meta name=\"twitter:card\" content=\"summary_large_image\" \/>\n<meta name=\"twitter:label1\" content=\"Dur\u00e9e de lecture estim\u00e9e\" \/>\n\t<meta name=\"twitter:data1\" content=\"2 minutes\" \/>\n<script type=\"application\/ld+json\" class=\"yoast-schema-graph\">{\"@context\":\"https:\/\/schema.org\",\"@graph\":[{\"@type\":\"WebSite\",\"@id\":\"https:\/\/atypique.brunotarhan.fr\/#website\",\"url\":\"https:\/\/atypique.brunotarhan.fr\/\",\"name\":\"Atypique Concept Store\",\"description\":\"Just another WordPress site\",\"potentialAction\":[{\"@type\":\"SearchAction\",\"target\":{\"@type\":\"EntryPoint\",\"urlTemplate\":\"https:\/\/atypique.brunotarhan.fr\/?s={search_term_string}\"},\"query-input\":\"required name=search_term_string\"}],\"inLanguage\":\"fr-FR\"},{\"@type\":\"ImageObject\",\"@id\":\"https:\/\/atypique.brunotarhan.fr\/index.php\/produit\/super-skunk-indoor\/#primaryimage\",\"inLanguage\":\"fr-FR\",\"url\":\"https:\/\/atypique.brunotarhan.fr\/wp-content\/uploads\/2022\/04\/New-Super-Skunk-Full-gamme.png\",\"contentUrl\":\"https:\/\/atypique.brunotarhan.fr\/wp-content\/uploads\/2022\/04\/New-Super-Skunk-Full-gamme.png\",\"width\":1200,\"height\":1200},{\"@type\":\"WebPage\",\"@id\":\"https:\/\/atypique.brunotarhan.fr\/index.php\/produit\/super-skunk-indoor\/#webpage\",\"url\":\"https:\/\/atypique.brunotarhan.fr\/index.php\/produit\/super-skunk-indoor\/\",\"name\":\"Super Skunk \u2013 INDOOR - Atypique Concept Store\",\"isPartOf\":{\"@id\":\"https:\/\/atypique.brunotarhan.fr\/#website\"},\"primaryImageOfPage\":{\"@id\":\"https:\/\/atypique.brunotarhan.fr\/index.php\/produit\/super-skunk-indoor\/#primaryimage\"},\"datePublished\":\"2022-04-18T15:09:30+00:00\",\"dateModified\":\"2022-04-18T15:10:26+00:00\",\"breadcrumb\":{\"@id\":\"https:\/\/atypique.brunotarhan.fr\/index.php\/produit\/super-skunk-indoor\/#breadcrumb\"},\"inLanguage\":\"fr-FR\",\"potentialAction\":[{\"@type\":\"ReadAction\",\"target\":[\"https:\/\/atypique.brunotarhan.fr\/index.php\/produit\/super-skunk-indoor\/\"]}]},{\"@type\":\"BreadcrumbList\",\"@id\":\"https:\/\/atypique.brunotarhan.fr\/index.php\/produit\/super-skunk-indoor\/#breadcrumb\",\"itemListElement\":[{\"@type\":\"ListItem\",\"position\":1,\"name\":\"Accueil\",\"item\":\"https:\/\/atypique.brunotarhan.fr\/\"},{\"@type\":\"ListItem\",\"position\":2,\"name\":\"\"},{\"@type\":\"ListItem\",\"position\":3,\"name\":\"Super Skunk \u2013 INDOOR\"}]}]}<\/script>\n<!-- \/ Yoast SEO plugin. -->","yoast_head_json":{"title":"Super Skunk \u2013 INDOOR - Atypique Concept Store","robots":{"index":"index","follow":"follow","max-snippet":"max-snippet:-1","max-image-preview":"max-image-preview:large","max-video-preview":"max-video-preview:-1"},"canonical":"https:\/\/atypique.brunotarhan.fr\/index.php\/produit\/super-skunk-indoor\/","og_locale":"fr_FR","og_type":"article","og_title":"Super Skunk \u2013 INDOOR - Atypique Concept Store","og_description":"Notre recherche continuelle de la meilleure qualit\u00e9 \u00e0 porter ces fruits, avec notre nouvelle vari\u00e9t\u00e9 la Super Skunk INDOOR, cette fleur cultiv\u00e9e en int\u00e9rieur provient d\u2019un petit producteur Suisse qui ne poss\u00e8de qu\u2019une fleur, cette fleur d\u2019excellence ! Elle poss\u00e8de une odeur incomparable ! Le m\u00e9lange parfait entre la puissance et l\u2019authenticit\u00e9.","og_url":"https:\/\/atypique.brunotarhan.fr\/index.php\/produit\/super-skunk-indoor\/","og_site_name":"Atypique Concept Store","article_modified_time":"2022-04-18T15:10:26+00:00","twitter_card":"summary_large_image","twitter_misc":{"Dur\u00e9e de lecture estim\u00e9e":"2 minutes"},"schema":{"@context":"https:\/\/schema.org","@graph":[{"@type":"WebSite","@id":"https:\/\/atypique.brunotarhan.fr\/#website","url":"https:\/\/atypique.brunotarhan.fr\/","name":"Atypique Concept Store","description":"Just another WordPress site","potentialAction":[{"@type":"SearchAction","target":{"@type":"EntryPoint","urlTemplate":"https:\/\/atypique.brunotarhan.fr\/?s={search_term_string}"},"query-input":"required name=search_term_string"}],"inLanguage":"fr-FR"},{"@type":"ImageObject","@id":"https:\/\/atypique.brunotarhan.fr\/index.php\/produit\/super-skunk-indoor\/#primaryimage","inLanguage":"fr-FR","url":"https:\/\/atypique.brunotarhan.fr\/wp-content\/uploads\/2022\/04\/New-Super-Skunk-Full-gamme.png","contentUrl":"https:\/\/atypique.brunotarhan.fr\/wp-content\/uploads\/2022\/04\/New-Super-Skunk-Full-gamme.png","width":1200,"height":1200},{"@type":"WebPage","@id":"https:\/\/atypique.brunotarhan.fr\/index.php\/produit\/super-skunk-indoor\/#webpage","url":"https:\/\/atypique.brunotarhan.fr\/index.php\/produit\/super-skunk-indoor\/","name":"Super Skunk \u2013 INDOOR - Atypique Concept Store","isPartOf":{"@id":"https:\/\/atypique.brunotarhan.fr\/#website"},"primaryImageOfPage":{"@id":"https:\/\/atypique.brunotarhan.fr\/index.php\/produit\/super-skunk-indoor\/#primaryimage"},"datePublished":"2022-04-18T15:09:30+00:00","dateModified":"2022-04-18T15:10:26+00:00","breadcrumb":{"@id":"https:\/\/atypique.brunotarhan.fr\/index.php\/produit\/super-skunk-indoor\/#breadcrumb"},"inLanguage":"fr-FR","potentialAction":[{"@type":"ReadAction","target":["https:\/\/atypique.brunotarhan.fr\/index.php\/produit\/super-skunk-indoor\/"]}]},{"@type":"BreadcrumbList","@id":"https:\/\/atypique.brunotarhan.fr\/index.php\/produit\/super-skunk-indoor\/#breadcrumb","itemListElement":[{"@type":"ListItem","position":1,"name":"Accueil","item":"https:\/\/atypique.brunotarhan.fr\/"},{"@type":"ListItem","position":2,"name":""},{"@type":"ListItem","position":3,"name":"Super Skunk \u2013 INDOOR"}]}]}},"_links":{"self":[{"href":"https:\/\/atypique.brunotarhan.fr\/index.php\/wp-json\/wp\/v2\/product\/15595","targetHints":{"allow":["GET"]}}],"collection":[{"href":"https:\/\/atypique.brunotarhan.fr\/index.php\/wp-json\/wp\/v2\/product"}],"about":[{"href":"https:\/\/atypique.brunotarhan.fr\/index.php\/wp-json\/wp\/v2\/types\/product"}],"replies":[{"embeddable":true,"href":"https:\/\/atypique.brunotarhan.fr\/index.php\/wp-json\/wp\/v2\/comments?post=15595"}],"wp:featuredmedia":[{"embeddable":true,"href":"https:\/\/atypique.brunotarhan.fr\/index.php\/wp-json\/wp\/v2\/media\/14850"}],"wp:attachment":[{"href":"https:\/\/atypique.brunotarhan.fr\/index.php\/wp-json\/wp\/v2\/media?parent=15595"}],"wp:term":[{"taxonomy":"product_cat","embeddable":true,"href":"https:\/\/atypique.brunotarhan.fr\/index.php\/wp-json\/wp\/v2\/product_cat?post=15595"},{"taxonomy":"product_tag","embeddable":true,"href":"https:\/\/atypique.brunotarhan.fr\/index.php\/wp-json\/wp\/v2\/product_tag?post=15595"}],"curies":[{"name":"wp","href":"https:\/\/api.w.org\/{rel}","templated":true}]}}